{"id":110,"date":"2016-05-31T10:28:45","date_gmt":"2016-05-31T10:28:45","guid":{"rendered":"http:\/\/themes.wpstud.io\/seasons\/?page_id=110"},"modified":"2016-05-31T10:28:45","modified_gmt":"2016-05-31T10:28:45","slug":"spaltenklassen","status":"publish","type":"page","link":"https:\/\/decofoodshop.nl\/de\/column-classes\/","title":{"rendered":"Spaltenklassen"},"content":{"rendered":"<p>Nachfolgend finden Sie Beispiele f\u00fcr Spaltenklassen, die im Stylesheet von Genesis Framework verf\u00fcgbar sind.<\/p>\n<h3>Zwei Spalten<\/h3>\n<div class=\"one-half first\">\n<p>Dies ist ein Beispiel f\u00fcr einen WordPress-Beitrag. Sie k\u00f6nnen diesen bearbeiten, um Informationen \u00fcber sich selbst oder Ihre Website zu ver\u00f6ffentlichen, damit die Leser wissen, woher Sie kommen. Sie k\u00f6nnen so viele Beitr\u00e4ge erstellen, wie Sie m\u00f6chten, um mit Ihren Lesern zu teilen, was genau Sie besch\u00e4ftigt.<\/p>\n<\/div>\n<div class=\"one-half\">\n<p>Dies ist ein Beispiel f\u00fcr einen WordPress-Beitrag. Sie k\u00f6nnen diesen bearbeiten, um Informationen \u00fcber sich selbst oder Ihre Website zu ver\u00f6ffentlichen, damit die Leser wissen, woher Sie kommen. Sie k\u00f6nnen so viele Beitr\u00e4ge erstellen, wie Sie m\u00f6chten, um mit Ihren Lesern zu teilen, was genau Sie besch\u00e4ftigt.<\/p>\n<\/div>\n<hr>\n<h3>Drei Spalten<\/h3>\n<div class=\"one-third first\">\n<p>Dies ist ein Beispiel f\u00fcr einen WordPress-Beitrag. Sie k\u00f6nnen diesen bearbeiten, um Informationen \u00fcber sich selbst oder Ihre Website zu ver\u00f6ffentlichen, damit die Leser wissen, woher Sie kommen. Sie k\u00f6nnen so viele Beitr\u00e4ge erstellen, wie Sie m\u00f6chten, um mit Ihren Lesern zu teilen, was Sie besch\u00e4ftigt.<\/p>\n<\/div>\n<div class=\"one-third\">\n<p>Dies ist ein Beispiel f\u00fcr einen WordPress-Beitrag. Sie k\u00f6nnen diesen bearbeiten, um Informationen \u00fcber sich selbst oder Ihre Website zu ver\u00f6ffentlichen, damit die Leser wissen, woher Sie kommen. Sie k\u00f6nnen so viele Beitr\u00e4ge erstellen, wie Sie m\u00f6chten, um mit Ihren Lesern zu teilen, was Sie besch\u00e4ftigt.<\/p>\n<\/div>\n<div class=\"one-third\">\n<p>Dies ist ein Beispiel f\u00fcr einen WordPress-Beitrag. Sie k\u00f6nnen diesen bearbeiten, um Informationen \u00fcber sich selbst oder Ihre Website zu ver\u00f6ffentlichen, damit die Leser wissen, woher Sie kommen. Sie k\u00f6nnen so viele Beitr\u00e4ge erstellen, wie Sie m\u00f6chten, um mit Ihren Lesern zu teilen, was Sie besch\u00e4ftigt.<\/p>\n<\/div>\n<hr>\n<h3>Vier Spalten<\/h3>\n<div class=\"one-fourth first\">\n<p>Dies ist ein Beispiel f\u00fcr einen WordPress-Beitrag. Sie k\u00f6nnen diesen bearbeiten, um Informationen \u00fcber sich selbst oder Ihre Website zu ver\u00f6ffentlichen, damit die Leser wissen, woher Sie kommen. Sie k\u00f6nnen so viele Beitr\u00e4ge erstellen, wie Sie m\u00f6chten, um mit Ihren Lesern zu teilen, was genau Sie besch\u00e4ftigt.<\/p>\n<\/div>\n<div class=\"one-fourth\">\n<p>Dies ist ein Beispiel f\u00fcr einen WordPress-Beitrag. Sie k\u00f6nnen diesen bearbeiten, um Informationen \u00fcber sich selbst oder Ihre Website zu ver\u00f6ffentlichen, damit die Leser wissen, woher Sie kommen. Sie k\u00f6nnen so viele Beitr\u00e4ge erstellen, wie Sie m\u00f6chten, um mit Ihren Lesern zu teilen, was genau Sie besch\u00e4ftigt.<\/p>\n<\/div>\n<div class=\"one-fourth\">\n<p>Dies ist ein Beispiel f\u00fcr einen WordPress-Beitrag. Sie k\u00f6nnen diesen bearbeiten, um Informationen \u00fcber sich selbst oder Ihre Website zu ver\u00f6ffentlichen, damit die Leser wissen, woher Sie kommen. Sie k\u00f6nnen so viele Beitr\u00e4ge erstellen, wie Sie m\u00f6chten, um mit Ihren Lesern zu teilen, was genau Sie besch\u00e4ftigt.<\/p>\n<\/div>\n<div class=\"one-fourth\">\n<p>Dies ist ein Beispiel f\u00fcr einen WordPress-Beitrag. Sie k\u00f6nnen diesen bearbeiten, um Informationen \u00fcber sich selbst oder Ihre Website zu ver\u00f6ffentlichen, damit die Leser wissen, woher Sie kommen. Sie k\u00f6nnen so viele Beitr\u00e4ge erstellen, wie Sie m\u00f6chten, um mit Ihren Lesern zu teilen, was genau Sie besch\u00e4ftigt.<\/p>\n<\/div>\n<hr>\n<h3>Sechsspaltig<\/h3>\n<div class=\"one-sixth first\">\n<p>Dies ist ein Beispiel f\u00fcr einen WordPress-Beitrag. Sie k\u00f6nnen diesen bearbeiten, um Informationen \u00fcber sich selbst oder Ihre Website zu ver\u00f6ffentlichen, damit die Leser wissen, woher Sie kommen. Sie k\u00f6nnen so viele Beitr\u00e4ge erstellen, wie Sie m\u00f6chten, um mit Ihren Lesern zu teilen, was Sie besch\u00e4ftigt.<\/p>\n<\/div>\n<div class=\"one-sixth\">\n<p>Dies ist ein Beispiel f\u00fcr einen WordPress-Beitrag. Sie k\u00f6nnen diesen bearbeiten, um Informationen \u00fcber sich selbst oder Ihre Website zu ver\u00f6ffentlichen, damit die Leser wissen, woher Sie kommen. Sie k\u00f6nnen so viele Beitr\u00e4ge erstellen, wie Sie m\u00f6chten, um mit Ihren Lesern zu teilen, was Sie besch\u00e4ftigt.<\/p>\n<\/div>\n<div class=\"one-sixth\">\n<p>Dies ist ein Beispiel f\u00fcr einen WordPress-Beitrag. Sie k\u00f6nnen diesen bearbeiten, um Informationen \u00fcber sich selbst oder Ihre Website zu ver\u00f6ffentlichen, damit die Leser wissen, woher Sie kommen. Sie k\u00f6nnen so viele Beitr\u00e4ge erstellen, wie Sie m\u00f6chten, um mit Ihren Lesern zu teilen, was Sie besch\u00e4ftigt.<\/p>\n<\/div>\n<div class=\"one-sixth\">\n<p>Dies ist ein Beispiel f\u00fcr einen WordPress-Beitrag. Sie k\u00f6nnen diesen bearbeiten, um Informationen \u00fcber sich selbst oder Ihre Website zu ver\u00f6ffentlichen, damit die Leser wissen, woher Sie kommen. Sie k\u00f6nnen so viele Beitr\u00e4ge erstellen, wie Sie m\u00f6chten, um mit Ihren Lesern zu teilen, was Sie besch\u00e4ftigt.<\/p>\n<\/div>\n<div class=\"one-sixth\">\n<p>Dies ist ein Beispiel f\u00fcr einen WordPress-Beitrag. Sie k\u00f6nnen diesen bearbeiten, um Informationen \u00fcber sich selbst oder Ihre Website zu ver\u00f6ffentlichen, damit die Leser wissen, woher Sie kommen. Sie k\u00f6nnen so viele Beitr\u00e4ge erstellen, wie Sie m\u00f6chten, um mit Ihren Lesern zu teilen, was Sie besch\u00e4ftigt.<\/p>\n<\/div>\n<div class=\"one-sixth\">\n<p>Dies ist ein Beispiel f\u00fcr einen WordPress-Beitrag. Sie k\u00f6nnen diesen bearbeiten, um Informationen \u00fcber sich selbst oder Ihre Website zu ver\u00f6ffentlichen, damit die Leser wissen, woher Sie kommen. Sie k\u00f6nnen so viele Beitr\u00e4ge erstellen, wie Sie m\u00f6chten, um mit Ihren Lesern zu teilen, was Sie besch\u00e4ftigt.<\/p>\n<\/div>","protected":false},"excerpt":{"rendered":"<p>Below are examples of column classes that are available in the Genesis Framework style sheet. Two-Columns This is an example of a WordPress post, you could edit this to put information about yourself or your site so readers know where you are coming from. You can create as many posts as you like in order [&hellip;]<\/p>\n","protected":false},"author":1,"featured_media":0,"parent":0,"menu_order":0,"comment_status":"closed","ping_status":"closed","template":"","meta":{"_acf_changed":false,"_genesis_hide_title":false,"_genesis_hide_breadcrumbs":false,"_genesis_hide_singular_image":false,"_genesis_hide_footer_widgets":false,"_genesis_custom_body_class":"","_genesis_custom_post_class":"","_genesis_layout":"","footnotes":""},"class_list":{"0":"post-110","1":"page","2":"type-page","3":"status-publish","5":"entry"},"acf":[],"yoast_head":"<!-- This site is optimized with the Yoast SEO Premium plugin v27.5 (Yoast SEO v27.5) - https:\/\/yoast.com\/product\/yoast-seo-premium-wordpress\/ -->\n<title>Column Classes - Decofoodshop<\/title>\n<meta name=\"robots\" content=\"index, follow, max-snippet:-1, max-image-preview:large, max-video-preview:-1\" \/>\n<link rel=\"canonical\" href=\"https:\/\/decofoodshop.nl\/de\/spaltenklassen\/\" \/>\n<meta property=\"og:locale\" content=\"de_DE\" \/>\n<meta property=\"og:type\" content=\"article\" \/>\n<meta property=\"og:title\" content=\"Column Classes\" \/>\n<meta property=\"og:description\" content=\"Below are examples of column classes that are available in the Genesis Framework style sheet. Two-Columns This is an example of a WordPress post, you could edit this to put information about yourself or your site so readers know where you are coming from. You can create as many posts as you like in order [&hellip;]\" \/>\n<meta property=\"og:url\" content=\"https:\/\/decofoodshop.nl\/de\/spaltenklassen\/\" \/>\n<meta property=\"og:site_name\" content=\"Decofoodshop\" \/>\n<meta name=\"twitter:card\" content=\"summary_large_image\" \/>\n<meta name=\"twitter:label1\" content=\"Gesch\u00e4tzte Lesezeit\" \/>\n\t<meta name=\"twitter:data1\" content=\"4\u00a0Minuten\" \/>\n<script type=\"application\/ld+json\" class=\"yoast-schema-graph\">{\"@context\":\"https:\\\/\\\/schema.org\",\"@graph\":[{\"@type\":\"WebPage\",\"@id\":\"https:\\\/\\\/decofoodshop.nl\\\/column-classes\\\/\",\"url\":\"https:\\\/\\\/decofoodshop.nl\\\/column-classes\\\/\",\"name\":\"Column Classes - Decofoodshop\",\"isPartOf\":{\"@id\":\"https:\\\/\\\/decofoodshop.nl\\\/#website\"},\"datePublished\":\"2016-05-31T10:28:45+00:00\",\"breadcrumb\":{\"@id\":\"https:\\\/\\\/decofoodshop.nl\\\/column-classes\\\/#breadcrumb\"},\"inLanguage\":\"de\",\"potentialAction\":[{\"@type\":\"ReadAction\",\"target\":[\"https:\\\/\\\/decofoodshop.nl\\\/column-classes\\\/\"]}]},{\"@type\":\"BreadcrumbList\",\"@id\":\"https:\\\/\\\/decofoodshop.nl\\\/column-classes\\\/#breadcrumb\",\"itemListElement\":[{\"@type\":\"ListItem\",\"position\":1,\"name\":\"Home\",\"item\":\"https:\\\/\\\/decofoodshop.nl\\\/\"},{\"@type\":\"ListItem\",\"position\":2,\"name\":\"Column Classes\"}]},{\"@type\":\"WebSite\",\"@id\":\"https:\\\/\\\/decofoodshop.nl\\\/#website\",\"url\":\"https:\\\/\\\/decofoodshop.nl\\\/\",\"name\":\"Decofoodshop\",\"description\":\"\",\"potentialAction\":[{\"@type\":\"SearchAction\",\"target\":{\"@type\":\"EntryPoint\",\"urlTemplate\":\"https:\\\/\\\/decofoodshop.nl\\\/?s={search_term_string}\"},\"query-input\":{\"@type\":\"PropertyValueSpecification\",\"valueRequired\":true,\"valueName\":\"search_term_string\"}}],\"inLanguage\":\"de\"}]}<\/script>\n<!-- \/ Yoast SEO Premium plugin. -->","yoast_head_json":{"title":"Spaltenklassen - Decofoodshop","robots":{"index":"index","follow":"follow","max-snippet":"max-snippet:-1","max-image-preview":"max-image-preview:large","max-video-preview":"max-video-preview:-1"},"canonical":"https:\/\/decofoodshop.nl\/de\/spaltenklassen\/","og_locale":"de_DE","og_type":"article","og_title":"Column Classes","og_description":"Below are examples of column classes that are available in the Genesis Framework style sheet. Two-Columns This is an example of a WordPress post, you could edit this to put information about yourself or your site so readers know where you are coming from. You can create as many posts as you like in order [&hellip;]","og_url":"https:\/\/decofoodshop.nl\/de\/spaltenklassen\/","og_site_name":"Decofoodshop","twitter_card":"summary_large_image","twitter_misc":{"Gesch\u00e4tzte Lesezeit":"4\u00a0Minuten"},"schema":{"@context":"https:\/\/schema.org","@graph":[{"@type":"WebPage","@id":"https:\/\/decofoodshop.nl\/column-classes\/","url":"https:\/\/decofoodshop.nl\/column-classes\/","name":"Spaltenklassen - Decofoodshop","isPartOf":{"@id":"https:\/\/decofoodshop.nl\/#website"},"datePublished":"2016-05-31T10:28:45+00:00","breadcrumb":{"@id":"https:\/\/decofoodshop.nl\/column-classes\/#breadcrumb"},"inLanguage":"de","potentialAction":[{"@type":"ReadAction","target":["https:\/\/decofoodshop.nl\/column-classes\/"]}]},{"@type":"BreadcrumbList","@id":"https:\/\/decofoodshop.nl\/column-classes\/#breadcrumb","itemListElement":[{"@type":"ListItem","position":1,"name":"Home","item":"https:\/\/decofoodshop.nl\/"},{"@type":"ListItem","position":2,"name":"Column Classes"}]},{"@type":"WebSite","@id":"https:\/\/decofoodshop.nl\/#website","url":"https:\/\/decofoodshop.nl\/","name":"Dekofoodshop","description":"","potentialAction":[{"@type":"SearchAction","target":{"@type":"EntryPoint","urlTemplate":"https:\/\/decofoodshop.nl\/?s={search_term_string}"},"query-input":{"@type":"PropertyValueSpecification","valueRequired":true,"valueName":"search_term_string"}}],"inLanguage":"de"}]}},"_links":{"self":[{"href":"https:\/\/decofoodshop.nl\/de\/wp-json\/wp\/v2\/pages\/110","targetHints":{"allow":["GET"]}}],"collection":[{"href":"https:\/\/decofoodshop.nl\/de\/wp-json\/wp\/v2\/pages"}],"about":[{"href":"https:\/\/decofoodshop.nl\/de\/wp-json\/wp\/v2\/types\/page"}],"author":[{"embeddable":true,"href":"https:\/\/decofoodshop.nl\/de\/wp-json\/wp\/v2\/users\/1"}],"replies":[{"embeddable":true,"href":"https:\/\/decofoodshop.nl\/de\/wp-json\/wp\/v2\/comments?post=110"}],"version-history":[{"count":0,"href":"https:\/\/decofoodshop.nl\/de\/wp-json\/wp\/v2\/pages\/110\/revisions"}],"wp:attachment":[{"href":"https:\/\/decofoodshop.nl\/de\/wp-json\/wp\/v2\/media?parent=110"}],"curies":[{"name":"wp","href":"https:\/\/api.w.org\/{rel}","templated":true}]}}