{"id":2781,"date":"2020-03-13T11:50:00","date_gmt":"2020-03-13T11:50:00","guid":{"rendered":"https:\/\/decofoodshop.nl\/?page_id=2781"},"modified":"2021-04-03T15:30:40","modified_gmt":"2021-04-03T15:30:40","slug":"privatsphare","status":"publish","type":"page","link":"https:\/\/decofoodshop.nl\/de\/privacy\/","title":{"rendered":"Datenschutzrichtlinie Decofoodshop\u00a0"},"content":{"rendered":"<p><span style=\"font-weight: 400;\">Diese Seite wurde zuletzt ge\u00e4ndert<\/span><span style=\"font-weight: 400;\">tr am 3-4-2021.\u00a0<\/span><\/p>\n<p><span style=\"font-weight: 400;\">Wir sind uns bewusst, dass Sie uns Ihr Vertrauen schenken. Wir sehen es daher als unsere Verantwortung an, Ihre Privatsph\u00e4re zu sch\u00fctzen. Auf dieser Seite teilen wir Ihnen mit, welche Daten wir sammeln, wenn Sie unsere Website nutzen, warum wir diese Daten sammeln und wie wir sie verwenden, um Ihre Benutzererfahrung zu verbessern. So verstehen Sie genau, wie wir arbeiten.\u00a0<\/span><\/p>\n<p><span style=\"font-weight: 400;\">Diese Datenschutzerkl\u00e4rung gilt f\u00fcr die Dienste von <\/span><span style=\"color: #008000;\"><i><span style=\"font-weight: 400;\">Dekofoodshop<\/span><\/i><\/span><span style=\"font-weight: 400;\"><span style=\"color: #008000;\">.<\/span>\u00a0<\/span><\/p>\n<h3><span style=\"font-weight: 400; color: #008000;\">Von wem verarbeiten wir personenbezogene Daten:<\/span><\/h3>\n<p><span style=\"font-weight: 400;\">\u2013 Website-Besucher \u2013 Unsere Kunden und Gesch\u00e4ftspartner \u2013 Personen, deren Daten wir aufgrund einer Vereinbarung verarbeiten \u2013 Kontaktpersonen von Lieferanten, Kunden und Dritten, mit denen wir zusammenarbeiten \u2013 Personen, die sich mit Fragen oder Interesse an uns wenden.\u00a0<\/span><\/p>\n<h3><span style=\"font-weight: 400; color: #008000;\">Empf\u00e4nger Ihrer personenbezogenen Daten:<\/span><\/h3>\n<p><span style=\"font-weight: 400;\">\u2013 Unsere Lieferanten, soweit dies zur Lieferung der bestellten Ware erforderlich ist\u00a0<\/span><\/p>\n<p><span style=\"font-weight: 400;\">Produkt \u2013 Dritte, wenn dies erforderlich ist und wenn sich dies aus einer Vereinbarung ergibt, auf der Grundlage einer Erlaubnis oder auf der Grundlage des Gesetzes, wie z. B. ein Paketzusteller.\u00a0<\/span><\/p>\n<h3><span style=\"font-weight: 400; color: #008000;\">Von wem erhalten wir personenbezogene Daten:<\/span><\/h3>\n<p><span style=\"font-weight: 400;\">Wir erhalten personenbezogene Daten von Ihnen haupts\u00e4chlich, wenn Sie eine Bestellung aufgeben und Ihre Daten in das Bestellformular eingeben. Wenn Sie diese Informationen nicht bereitstellen, k\u00f6nnen wir Ihre Bestellung nicht bearbeiten und an Sie liefern. Es ist auch m\u00f6glich, dass ein Kunde\/Lieferant\/Dritter Ihre personenbezogenen Daten bereitstellt, beispielsweise wenn Sie ein Paket f\u00fcr eine andere Person annehmen und diese Person Ihre Adressdaten weitergegeben hat.\u00a0<\/span><\/p>\n<h3><span style=\"font-weight: 400; color: #008000;\">Zwecke und Verarbeitung personenbezogener Daten:<\/span><\/h3>\n<ol>\n<li>Wenn Sie uns kontaktieren, eine Bestellung aufgeben oder Ihr Konto \u00e4ndern, werden Ihre <span style=\"font-size: 16px;\">und Name, Firmenname, Adressdaten, E-Mail-Adresse, Telefonnummer und IP-Adresse verarbeitet, damit Ihre Bestellung oder Anfrage bearbeitet werden kann.<\/span><\/li>\n<li>Wenn Sie eine Kontaktperson f\u00fcr eine Organisation sind, werden Ihr Vor- und Nachname, Ihre Telefonnummer und Ihre E-Mail-Adresse verwendet, damit wir Sie kontaktieren und den Vertrag ausf\u00fchren k\u00f6nnen.<\/li>\n<li>Wenn Sie sich f\u00fcr unseren Newsletter anmelden, verarbeiten wir Ihren Namen und Ihre E-Mail-Adresse, um den Newsletter zu personalisieren und Ihnen per E-Mail zusenden zu k\u00f6nnen. Sie k\u00f6nnen den Newsletter jederzeit abbestellen. Wie das geht, erfahren Sie am Ende des Newsletters.<\/li>\n<li>Wenn Sie ein Konto f\u00fcr unseren Webshop erstellen, verarbeiten wir zus\u00e4tzlich zu den unter Punkt 1 und\/oder 2 genannten Daten auch Ihren Benutzernamen und das von Ihnen festgelegte Passwort. Wir behandeln diese vertraulich.<\/li>\n<li>Wir k\u00f6nnen \u00fcberpr\u00fcfen, was Besucher auf unserer Website \u00fcber Cookies, Google Analytics oder Google Ads und \u00e4hnliches tun. Auf diese Weise k\u00f6nnen wir unsere Website und Services verbessern und besser auf die W\u00fcnsche unserer Kunden und Besucher eingehen. Dazu verarbeiten wir Daten \u00fcber Ihre besuchten Seiten, Ihr Klick- und Surfverhalten und die Dauer Ihrer Sitzung.<\/li>\n<li><span style=\"font-weight: 400;\">Damit unsere Website so optimal wie m\u00f6glich funktioniert, registriert sich der Webserver bei <\/span>Fehlermeldungen beim Login oder Fehlermeldungen bei der Nutzung des Webshops, Ihre IP-Adresse, das Betriebssystem und den von Ihnen verwendeten Browser. Dies optimiert die Website und behebt und verhindert Fehler.<\/li>\n<li>Wir sind in den sozialen Medien aktiv. Wenn Sie uns \u00fcber soziale Medien kontaktieren, k\u00f6nnen wir Ihren Namen, Ihre E-Mail-Adresse oder Ihre soziale ID verarbeiten, damit wir Sie kontaktieren und Ihre Frage beantworten k\u00f6nnen.<\/li>\n<li>Zur Verwaltung und Rechnungsstellung k\u00f6nnen wir Angaben zu einem Ansprechpartner und ggf. Adressdaten eines Ansprechpartners verarbeiten.<\/li>\n<li>Wir verarbeiten Zahlungsdaten, damit wir Ihre Zahlungen in unserer Verwaltung abwickeln k\u00f6nnen.<\/li>\n<li>Ihre Daten k\u00f6nnen f\u00fcr Werbe- und Marketingzwecke verwendet und gegebenenfalls an Dritte weitergegeben werden.<\/li>\n<li>Es werden nicht mehr personenbezogene Daten erhoben, als im Rahmen der genannten Zwecke erforderlich sind. Wenn die Daten nicht f\u00fcr diese Zwecke aufbewahrt werden, k\u00f6nnen wir die Daten dennoch f\u00fcr Archivierungszwecke oder im Zusammenhang mit rechtlichen Angelegenheiten und Verj\u00e4hrungsfristen aufbewahren.<\/li>\n<\/ol>\n<h3><span style=\"font-weight: 400; color: #008000;\">Vorratsdatenspeicherung:\u00a0<\/span><\/h3>\n<p><span style=\"font-weight: 400;\">Decofoodshop speichert personenbezogene Daten w\u00e4hrend der Erbringung von Dienstleistungen oder so lange, wie es f\u00fcr die anderen Zwecke erforderlich ist. Die personenbezogenen Daten k\u00f6nnen nach Vertragsende im Zusammenhang mit steuerrechtlichen Aufbewahrungsfristen (Verwaltung 7 Jahre), gesetzlichen Verj\u00e4hrungsfristen (Geltendmachung von Anspr\u00fcchen innerhalb einer bestimmten Frist) oder weil Sie ein Konto bei uns haben und Bestellungen aufgeben, gespeichert werden Zukunft. .\u00a0<\/span><\/p>\n<h3><span style=\"font-weight: 400; color: #008000;\">Dritte:\u00a0<\/span><\/h3>\n<p><span style=\"font-weight: 400;\">Ihre personenbezogenen Daten werden ohne Ihre Zustimmung nicht an Dritte verkauft oder vermietet, es sei denn, dies ist f\u00fcr die Vertragsabwicklung erforderlich, wie z. B. die \u00dcbermittlung Ihrer Adressdaten an den Paketzusteller. In einigen F\u00e4llen k\u00f6nnen die Informationen intern geteilt werden. Unsere Mitarbeiter sind verpflichtet, die Vertraulichkeit Ihrer Daten zu wahren.\u00a0<\/span><\/p>\n<p><span style=\"font-weight: 400;\">Um den Zahlungsverkehr zwischen unseren Kunden und Decofoodshop durchzuf\u00fchren, arbeiten wir mit Zahlungsdienstleistern zusammen, die einen Gro\u00dfteil unserer Zahlungen \u00fcbernehmen, darunter Mollie.com. Wir stellen dieser Partei nur die Daten zur Verf\u00fcgung, die f\u00fcr die Durchf\u00fchrung des Vertrages und die administrative Abwicklung Ihrer Zahlung erforderlich sind. Dar\u00fcber hinaus arbeiten wir f\u00fcr die Korrespondenz mit unseren Kunden mit Postmark zusammen.\u00a0<\/span><\/p>\n<h3><span style=\"font-weight: 400; color: #008000;\">Sicherheit:\u00a0<\/span><\/h3>\n<p><span style=\"font-weight: 400;\">Decofoodshop ergreift ausreichende technische und organisatorische Ma\u00dfnahmen, um personenbezogene Daten vor Verlust oder jeglicher Form unrechtm\u00e4\u00dfiger Verarbeitung zu sch\u00fctzen. Diese Ma\u00dfnahmen bieten im Hinblick auf die mit der Verarbeitung verbundenen spezifischen Risiken und die Art der zu sch\u00fctzenden Daten unter Ber\u00fccksichtigung des Stands der Technik und der Kosten der Umsetzung ein angemessenes Sicherheitsniveau. Die Ma\u00dfnahmen zielen auch darauf ab, eine unn\u00f6tige Erhebung und Weiterverarbeitung personenbezogener Daten zu verhindern.\u00a0<\/span><\/p>\n<h3><span style=\"font-weight: 400; color: #008000;\">Deine Rechte:\u00a0<\/span><\/h3>\n<p><span style=\"font-weight: 400;\">Auf Anfrage k\u00f6nnen Sie Kenntnis von den personenbezogenen Daten nehmen, verlangen, dass sie entfernt, ge\u00e4ndert, vernichtet oder eingeschr\u00e4nkt werden. Sie k\u00f6nnen auch Ihre Einwilligung zur Weitergabe Ihrer Daten an Dritte widerrufen. Wir m\u00fcssen Ihrer Anfrage so schnell wie m\u00f6glich nachkommen, sp\u00e4testens jedoch innerhalb von 30 Tagen.\u00a0<\/span><\/p>\n<p><span style=\"font-weight: 400;\">Sie k\u00f6nnen der Verwendung Ihrer personenbezogenen Daten widersprechen, wenn diese Daten f\u00fcr andere als die in dieser Richtlinie vereinbarten oder angegebenen Zwecke verwendet werden. Sie haben auch das Recht, eine Beschwerde bei uns oder der niederl\u00e4ndischen Datenschutzbeh\u00f6rde einzureichen.\u00a0<\/span><\/p>\n<p><span style=\"font-weight: 400;\">Sie k\u00f6nnen Ihre Anfrage oder Beschwerde an unser B\u00fcro zu H\u00e4nden der Gesch\u00e4ftsleitung unter info@decofoodshop.nl richten\u00a0<\/span><\/p>\n<h3><span style=\"font-weight: 400; color: #008000;\">\u00c4nderungen:<\/span><\/h3>\n<p><span style=\"font-weight: 400;\">Unsere Datenschutzerkl\u00e4rung kann sich \u00e4ndern, wenn neue Entwicklungen dazu Anlass geben. Die aktuellste Richtlinie finden Sie immer auf unserer Website.\u00a0<\/span><\/p>\n<h3><span style=\"font-weight: 400; color: #008000;\">Fragen und Feedback:\u00a0<\/span><\/h3>\n<p><span style=\"font-weight: 400;\">Wir pr\u00fcfen regelm\u00e4\u00dfig, ob wir diese Datenschutzerkl\u00e4rung einhalten. Wenn Sie Fragen zu dieser Datenschutzerkl\u00e4rung haben, kontaktieren Sie uns bitte:\u00a0<\/span><\/p>\n<ul>\n<li><i><span style=\"font-weight: 400;\">Dekofoodladen Koningshoek 14<\/span><\/i><\/li>\n<li><i><span style=\"font-weight: 400;\"> 5094CD Niedrige Ant<\/span><\/i><\/li>\n<li>Die Niederlande<\/li>\n<li><i><span style=\"font-weight: 400;\"> info@decofoodshop.com<\/span><\/i><\/li>\n<\/ul>","protected":false},"excerpt":{"rendered":"<p>Deze pagina is voor het laatst aangepast op 3-4-2021.\u00a0 Wij zijn er van bewust dat u vertrouwen stelt in ons. Wij zien het dan ook als onze verantwoordelijkheid om uw privacy te beschermen. Op deze pagina laten we u weten welke gegevens we verzamelen als u onze website gebruikt, waarom we deze gegevens verzamelen en [&hellip;]<\/p>\n","protected":false},"author":2,"featured_media":0,"parent":0,"menu_order":0,"comment_status":"closed","ping_status":"closed","template":"","meta":{"_acf_changed":false,"_genesis_hide_title":false,"_genesis_hide_breadcrumbs":false,"_genesis_hide_singular_image":false,"_genesis_hide_footer_widgets":false,"_genesis_custom_body_class":"","_genesis_custom_post_class":"","_genesis_layout":"","footnotes":""},"class_list":{"0":"post-2781","1":"page","2":"type-page","3":"status-publish","5":"entry"},"acf":[],"yoast_head":"<!-- This site is optimized with the Yoast SEO Premium plugin v27.3 (Yoast SEO v27.3) - https:\/\/yoast.com\/product\/yoast-seo-premium-wordpress\/ -->\n<title>Privacybeleid Decofoodshop\u00a0 - Decofoodshop<\/title>\n<meta name=\"robots\" content=\"index, follow, max-snippet:-1, max-image-preview:large, max-video-preview:-1\" \/>\n<link rel=\"canonical\" href=\"https:\/\/decofoodshop.nl\/de\/privatsphare\/\" \/>\n<meta property=\"og:locale\" content=\"de_DE\" \/>\n<meta property=\"og:type\" content=\"article\" \/>\n<meta property=\"og:title\" content=\"Privacybeleid Decofoodshop\u00a0\" \/>\n<meta property=\"og:description\" content=\"Deze pagina is voor het laatst aangepast op 3-4-2021.\u00a0 Wij zijn er van bewust dat u vertrouwen stelt in ons. Wij zien het dan ook als onze verantwoordelijkheid om uw privacy te beschermen. Op deze pagina laten we u weten welke gegevens we verzamelen als u onze website gebruikt, waarom we deze gegevens verzamelen en [&hellip;]\" \/>\n<meta property=\"og:url\" content=\"https:\/\/decofoodshop.nl\/de\/privatsphare\/\" \/>\n<meta property=\"og:site_name\" content=\"Decofoodshop\" \/>\n<meta property=\"article:modified_time\" content=\"2021-04-03T15:30:40+00:00\" \/>\n<meta name=\"twitter:card\" content=\"summary_large_image\" \/>\n<meta name=\"twitter:label1\" content=\"Gesch\u00e4tzte Lesezeit\" \/>\n\t<meta name=\"twitter:data1\" content=\"5\u00a0Minuten\" \/>\n<script type=\"application\/ld+json\" class=\"yoast-schema-graph\">{\"@context\":\"https:\\\/\\\/schema.org\",\"@graph\":[{\"@type\":\"WebPage\",\"@id\":\"https:\\\/\\\/decofoodshop.nl\\\/privacy\\\/\",\"url\":\"https:\\\/\\\/decofoodshop.nl\\\/privacy\\\/\",\"name\":\"Privacybeleid Decofoodshop\u00a0 - Decofoodshop\",\"isPartOf\":{\"@id\":\"https:\\\/\\\/decofoodshop.nl\\\/#website\"},\"datePublished\":\"2020-03-13T11:50:00+00:00\",\"dateModified\":\"2021-04-03T15:30:40+00:00\",\"breadcrumb\":{\"@id\":\"https:\\\/\\\/decofoodshop.nl\\\/privacy\\\/#breadcrumb\"},\"inLanguage\":\"de\",\"potentialAction\":[{\"@type\":\"ReadAction\",\"target\":[\"https:\\\/\\\/decofoodshop.nl\\\/privacy\\\/\"]}]},{\"@type\":\"BreadcrumbList\",\"@id\":\"https:\\\/\\\/decofoodshop.nl\\\/privacy\\\/#breadcrumb\",\"itemListElement\":[{\"@type\":\"ListItem\",\"position\":1,\"name\":\"Home\",\"item\":\"https:\\\/\\\/decofoodshop.nl\\\/\"},{\"@type\":\"ListItem\",\"position\":2,\"name\":\"Privacybeleid Decofoodshop\u00a0\"}]},{\"@type\":\"WebSite\",\"@id\":\"https:\\\/\\\/decofoodshop.nl\\\/#website\",\"url\":\"https:\\\/\\\/decofoodshop.nl\\\/\",\"name\":\"Decofoodshop\",\"description\":\"\",\"potentialAction\":[{\"@type\":\"SearchAction\",\"target\":{\"@type\":\"EntryPoint\",\"urlTemplate\":\"https:\\\/\\\/decofoodshop.nl\\\/?s={search_term_string}\"},\"query-input\":{\"@type\":\"PropertyValueSpecification\",\"valueRequired\":true,\"valueName\":\"search_term_string\"}}],\"inLanguage\":\"de\"}]}<\/script>\n<!-- \/ Yoast SEO Premium plugin. -->","yoast_head_json":{"title":"Datenschutz Decofoodshop - Decofoodshop","robots":{"index":"index","follow":"follow","max-snippet":"max-snippet:-1","max-image-preview":"max-image-preview:large","max-video-preview":"max-video-preview:-1"},"canonical":"https:\/\/decofoodshop.nl\/de\/privatsphare\/","og_locale":"de_DE","og_type":"article","og_title":"Privacybeleid Decofoodshop\u00a0","og_description":"Deze pagina is voor het laatst aangepast op 3-4-2021.\u00a0 Wij zijn er van bewust dat u vertrouwen stelt in ons. Wij zien het dan ook als onze verantwoordelijkheid om uw privacy te beschermen. Op deze pagina laten we u weten welke gegevens we verzamelen als u onze website gebruikt, waarom we deze gegevens verzamelen en [&hellip;]","og_url":"https:\/\/decofoodshop.nl\/de\/privatsphare\/","og_site_name":"Decofoodshop","article_modified_time":"2021-04-03T15:30:40+00:00","twitter_card":"summary_large_image","twitter_misc":{"Gesch\u00e4tzte Lesezeit":"5\u00a0Minuten"},"schema":{"@context":"https:\/\/schema.org","@graph":[{"@type":"WebPage","@id":"https:\/\/decofoodshop.nl\/privacy\/","url":"https:\/\/decofoodshop.nl\/privacy\/","name":"Datenschutz Decofoodshop - Decofoodshop","isPartOf":{"@id":"https:\/\/decofoodshop.nl\/#website"},"datePublished":"2020-03-13T11:50:00+00:00","dateModified":"2021-04-03T15:30:40+00:00","breadcrumb":{"@id":"https:\/\/decofoodshop.nl\/privacy\/#breadcrumb"},"inLanguage":"de","potentialAction":[{"@type":"ReadAction","target":["https:\/\/decofoodshop.nl\/privacy\/"]}]},{"@type":"BreadcrumbList","@id":"https:\/\/decofoodshop.nl\/privacy\/#breadcrumb","itemListElement":[{"@type":"ListItem","position":1,"name":"Home","item":"https:\/\/decofoodshop.nl\/"},{"@type":"ListItem","position":2,"name":"Privacybeleid Decofoodshop\u00a0"}]},{"@type":"WebSite","@id":"https:\/\/decofoodshop.nl\/#website","url":"https:\/\/decofoodshop.nl\/","name":"Dekofoodshop","description":"","potentialAction":[{"@type":"SearchAction","target":{"@type":"EntryPoint","urlTemplate":"https:\/\/decofoodshop.nl\/?s={search_term_string}"},"query-input":{"@type":"PropertyValueSpecification","valueRequired":true,"valueName":"search_term_string"}}],"inLanguage":"de"}]}},"_links":{"self":[{"href":"https:\/\/decofoodshop.nl\/de\/wp-json\/wp\/v2\/pages\/2781","targetHints":{"allow":["GET"]}}],"collection":[{"href":"https:\/\/decofoodshop.nl\/de\/wp-json\/wp\/v2\/pages"}],"about":[{"href":"https:\/\/decofoodshop.nl\/de\/wp-json\/wp\/v2\/types\/page"}],"author":[{"embeddable":true,"href":"https:\/\/decofoodshop.nl\/de\/wp-json\/wp\/v2\/users\/2"}],"replies":[{"embeddable":true,"href":"https:\/\/decofoodshop.nl\/de\/wp-json\/wp\/v2\/comments?post=2781"}],"version-history":[{"count":0,"href":"https:\/\/decofoodshop.nl\/de\/wp-json\/wp\/v2\/pages\/2781\/revisions"}],"wp:attachment":[{"href":"https:\/\/decofoodshop.nl\/de\/wp-json\/wp\/v2\/media?parent=2781"}],"curies":[{"name":"wp","href":"https:\/\/api.w.org\/{rel}","templated":true}]}}