{"id":2798,"date":"2020-03-13T13:57:30","date_gmt":"2020-03-13T13:57:30","guid":{"rendered":"https:\/\/decofoodshop.nl\/?page_id=2798"},"modified":"2020-04-03T08:44:58","modified_gmt":"2020-04-03T08:44:58","slug":"zahlungsinformationen","status":"publish","type":"page","link":"https:\/\/decofoodshop.nl\/de\/betaalinformatie\/","title":{"rendered":"Zahlungsinformationen"},"content":{"rendered":"<h3><strong><span style=\"color: #008000;\">Wie kann ich bezahlen?<\/span><\/strong><\/h3>\n<p><span style=\"font-weight: 400;\">Dekofoodshop<\/span><span style=\"font-weight: 400;\"> verwendet verschiedene Zahlungsmethoden.<\/span><\/p>\n<p><span style=\"font-weight: 400;\">Nachfolgend finden Sie eine Zusammenfassung unserer Zahlungsm\u00f6glichkeiten pro Land:<\/span><\/p>\n<p><span style=\"color: #008000;\"><strong>Deutschland:<\/strong><\/span><\/p>\n<ul>\n<li style=\"font-weight: 400;\"><span style=\"font-weight: 400;\">Sofort\u00fcberweisung<\/span><\/li>\n<li style=\"font-weight: 400;\"><span style=\"font-weight: 400;\">Giropay<\/span><\/li>\n<li style=\"font-weight: 400;\"><span style=\"font-weight: 400;\">Paysafecard<\/span><\/li>\n<li style=\"font-weight: 400;\"><span style=\"font-weight: 400;\">Kreditkarte<\/span><\/li>\n<li style=\"font-weight: 400;\"><span style=\"font-weight: 400;\">Paypal<\/span><\/li>\n<li style=\"font-weight: 400;\"><span style=\"font-weight: 400;\">Klarna<\/span><\/li>\n<li style=\"font-weight: 400;\"><span style=\"font-weight: 400;\">AfterPay<\/span><\/li>\n<\/ul>\n<p><span style=\"color: #008000;\"><strong>Die Niederlande:<\/strong><\/span><\/p>\n<ul>\n<li style=\"font-weight: 400;\"><span style=\"font-weight: 400;\">Ideal<\/span><\/li>\n<li style=\"font-weight: 400;\"><span style=\"font-weight: 400;\">Kreditkarte<\/span><\/li>\n<li style=\"font-weight: 400;\"><span style=\"font-weight: 400;\">Bankontakt<\/span><\/li>\n<li style=\"font-weight: 400;\"><span style=\"font-weight: 400;\">Sofort\u00fcberweisung<\/span><\/li>\n<li style=\"font-weight: 400;\"><span style=\"font-weight: 400;\">\u00dcberbuchung<\/span><\/li>\n<li style=\"font-weight: 400;\"><span style=\"font-weight: 400;\">Pay-Pal<\/span><\/li>\n<li style=\"font-weight: 400;\"><span style=\"font-weight: 400;\">Klarna<\/span><\/li>\n<li style=\"font-weight: 400;\"><span style=\"font-weight: 400;\">AfterPay, hinterher bezahlen<\/span><\/li>\n<\/ul>\n<p><span style=\"color: #008000;\"><strong>Belgien:<\/strong><\/span><\/p>\n<ul>\n<li style=\"font-weight: 400;\"><span style=\"font-weight: 400;\">KBC\/CBC<\/span><\/li>\n<li style=\"font-weight: 400;\"><span style=\"font-weight: 400;\">Belfius direkt<\/span><\/li>\n<li style=\"font-weight: 400;\"><span style=\"font-weight: 400;\">Bankontakt<\/span><\/li>\n<li style=\"font-weight: 400;\"><span style=\"font-weight: 400;\">Sofort\u00fcberweisung<\/span><\/li>\n<li style=\"font-weight: 400;\"><span style=\"font-weight: 400;\">Kreditkarte<\/span><\/li>\n<li style=\"font-weight: 400;\"><span style=\"font-weight: 400;\">ING Home&#039;Pay<\/span><\/li>\n<li style=\"font-weight: 400;\"><span style=\"font-weight: 400;\">AfterPay, hinterher bezahlen<\/span><\/li>\n<\/ul>\n<p><span style=\"font-weight: 400;\">\u00a0<\/span><\/p>\n<h3><span style=\"color: #008000;\"><b>Kann ich danach bezahlen?<\/b><\/span><\/h3>\n<p><b>AfterPay \u2013 Nachtr\u00e4glich bezahlen<\/b><\/p>\n<p><span style=\"font-weight: 400;\">AfterPay f\u00fchrt f\u00fcr <\/span><span style=\"font-weight: 400;\">Dekofoodshop <\/span><span style=\"font-weight: 400;\">den gesamten Post-Payment-Prozess. Das bedeutet, dass Sie \u00fcber die eine AfterPay-Zahlungs\u00fcbersicht erhalten k\u00f6nnen <\/span><i><span style=\"font-weight: 400;\">AfterPay-App<\/span><\/i><span style=\"font-weight: 400;\"> ansehen und bezahlen k\u00f6nnen. Mit dem <\/span><i><span style=\"font-weight: 400;\">AfterPay-App<\/span><\/i><span style=\"font-weight: 400;\"> Sie k\u00f6nnen dies sicher und einfach auf Ihrem Smartphone tun. In der Online-Umgebung <\/span><i><span style=\"font-weight: 400;\">MyAfterPay<\/span><\/i><span style=\"font-weight: 400;\"> Sie k\u00f6nnen Ihre Zahlungsaufstellungen von Ihrem Computer oder Tablet aus verwalten. AfterPay h\u00e4lt Sie per Push-Benachrichtigungen und E-Mail auf dem Laufenden, wenn eine Zahlungs\u00fcbersicht f\u00fcr Sie bereitsteht. AfterPay f\u00fchrt eine Datenpr\u00fcfung durch, um Ihre Zahlungsanfrage anschlie\u00dfend zu genehmigen. AfterPay wendet eine strenge Datenschutzrichtlinie an, wie in seiner Datenschutzerkl\u00e4rung beschrieben. F\u00fcr den unwahrscheinlichen Fall, dass Ihre Zahlungsaufforderung mit AfterPay nicht autorisiert wird, k\u00f6nnen Sie Ihre Bestellung nat\u00fcrlich mit einer anderen Zahlungsmethode bezahlen. Bei Fragen k\u00f6nnen Sie sich jederzeit an AfterPay wenden. Weitere Informationen finden Sie unter <\/span><span style=\"color: #008000;\"><a style=\"color: #008000;\" href=\"https:\/\/www.afterpay.nl\/nl\/consumenten\/vraag-en-antwoord\/\"><b>AfterPay<\/b><\/a><b>.<\/b><\/span><\/p>","protected":false},"excerpt":{"rendered":"<p>Hoe kan ik betalen? Decofoodshop hanteert diverse betaalmethoden. Hieronder treft u een opsomming aan van onze betaalmogelijkheden per land: Duitsland: Sofort Banking Giropay Paysafecard Creditcard PayPal Klarna AfterPay Nederland: Ideal Creditcard Bancontact Sofort Banking Overboeking Pay-Pal Klarna AfterPay, achteraf betalen Belgi\u00eb: KBC\/CBC Belfius direct Bancontact Sofort Banking Creditcard ING Home\u2019Pay AfterPay, achteraf betalen \u00a0 Kan [&hellip;]<\/p>\n","protected":false},"author":2,"featured_media":0,"parent":0,"menu_order":0,"comment_status":"closed","ping_status":"closed","template":"","meta":{"_acf_changed":false,"_genesis_hide_title":false,"_genesis_hide_breadcrumbs":false,"_genesis_hide_singular_image":false,"_genesis_hide_footer_widgets":false,"_genesis_custom_body_class":"","_genesis_custom_post_class":"","_genesis_layout":"","footnotes":""},"class_list":{"0":"post-2798","1":"page","2":"type-page","3":"status-publish","5":"entry"},"acf":[],"yoast_head":"<!-- This site is optimized with the Yoast SEO Premium plugin v27.4 (Yoast SEO v27.4) - https:\/\/yoast.com\/product\/yoast-seo-premium-wordpress\/ -->\n<title>Betaalinformatie - Decofoodshop<\/title>\n<meta name=\"robots\" content=\"index, follow, max-snippet:-1, max-image-preview:large, max-video-preview:-1\" \/>\n<link rel=\"canonical\" href=\"https:\/\/decofoodshop.nl\/de\/zahlungsinformationen\/\" \/>\n<meta property=\"og:locale\" content=\"de_DE\" \/>\n<meta property=\"og:type\" content=\"article\" \/>\n<meta property=\"og:title\" content=\"Betaalinformatie\" \/>\n<meta property=\"og:description\" content=\"Hoe kan ik betalen? Decofoodshop hanteert diverse betaalmethoden. Hieronder treft u een opsomming aan van onze betaalmogelijkheden per land: Duitsland: Sofort Banking Giropay Paysafecard Creditcard PayPal Klarna AfterPay Nederland: Ideal Creditcard Bancontact Sofort Banking Overboeking Pay-Pal Klarna AfterPay, achteraf betalen Belgi\u00eb: KBC\/CBC Belfius direct Bancontact Sofort Banking Creditcard ING Home\u2019Pay AfterPay, achteraf betalen \u00a0 Kan [&hellip;]\" \/>\n<meta property=\"og:url\" content=\"https:\/\/decofoodshop.nl\/de\/zahlungsinformationen\/\" \/>\n<meta property=\"og:site_name\" content=\"Decofoodshop\" \/>\n<meta property=\"article:modified_time\" content=\"2020-04-03T08:44:58+00:00\" \/>\n<meta name=\"twitter:card\" content=\"summary_large_image\" \/>\n<meta name=\"twitter:label1\" content=\"Gesch\u00e4tzte Lesezeit\" \/>\n\t<meta name=\"twitter:data1\" content=\"1\u00a0Minute\" \/>\n<script type=\"application\/ld+json\" class=\"yoast-schema-graph\">{\"@context\":\"https:\\\/\\\/schema.org\",\"@graph\":[{\"@type\":\"WebPage\",\"@id\":\"https:\\\/\\\/decofoodshop.nl\\\/betaalinformatie\\\/\",\"url\":\"https:\\\/\\\/decofoodshop.nl\\\/betaalinformatie\\\/\",\"name\":\"Betaalinformatie - Decofoodshop\",\"isPartOf\":{\"@id\":\"https:\\\/\\\/decofoodshop.nl\\\/#website\"},\"datePublished\":\"2020-03-13T13:57:30+00:00\",\"dateModified\":\"2020-04-03T08:44:58+00:00\",\"breadcrumb\":{\"@id\":\"https:\\\/\\\/decofoodshop.nl\\\/betaalinformatie\\\/#breadcrumb\"},\"inLanguage\":\"de\",\"potentialAction\":[{\"@type\":\"ReadAction\",\"target\":[\"https:\\\/\\\/decofoodshop.nl\\\/betaalinformatie\\\/\"]}]},{\"@type\":\"BreadcrumbList\",\"@id\":\"https:\\\/\\\/decofoodshop.nl\\\/betaalinformatie\\\/#breadcrumb\",\"itemListElement\":[{\"@type\":\"ListItem\",\"position\":1,\"name\":\"Home\",\"item\":\"https:\\\/\\\/decofoodshop.nl\\\/\"},{\"@type\":\"ListItem\",\"position\":2,\"name\":\"Betaalinformatie\"}]},{\"@type\":\"WebSite\",\"@id\":\"https:\\\/\\\/decofoodshop.nl\\\/#website\",\"url\":\"https:\\\/\\\/decofoodshop.nl\\\/\",\"name\":\"Decofoodshop\",\"description\":\"\",\"potentialAction\":[{\"@type\":\"SearchAction\",\"target\":{\"@type\":\"EntryPoint\",\"urlTemplate\":\"https:\\\/\\\/decofoodshop.nl\\\/?s={search_term_string}\"},\"query-input\":{\"@type\":\"PropertyValueSpecification\",\"valueRequired\":true,\"valueName\":\"search_term_string\"}}],\"inLanguage\":\"de\"}]}<\/script>\n<!-- \/ Yoast SEO Premium plugin. -->","yoast_head_json":{"title":"Zahlungsinformationen - Decofoodshop","robots":{"index":"index","follow":"follow","max-snippet":"max-snippet:-1","max-image-preview":"max-image-preview:large","max-video-preview":"max-video-preview:-1"},"canonical":"https:\/\/decofoodshop.nl\/de\/zahlungsinformationen\/","og_locale":"de_DE","og_type":"article","og_title":"Betaalinformatie","og_description":"Hoe kan ik betalen? Decofoodshop hanteert diverse betaalmethoden. Hieronder treft u een opsomming aan van onze betaalmogelijkheden per land: Duitsland: Sofort Banking Giropay Paysafecard Creditcard PayPal Klarna AfterPay Nederland: Ideal Creditcard Bancontact Sofort Banking Overboeking Pay-Pal Klarna AfterPay, achteraf betalen Belgi\u00eb: KBC\/CBC Belfius direct Bancontact Sofort Banking Creditcard ING Home\u2019Pay AfterPay, achteraf betalen \u00a0 Kan [&hellip;]","og_url":"https:\/\/decofoodshop.nl\/de\/zahlungsinformationen\/","og_site_name":"Decofoodshop","article_modified_time":"2020-04-03T08:44:58+00:00","twitter_card":"summary_large_image","twitter_misc":{"Gesch\u00e4tzte Lesezeit":"1\u00a0Minute"},"schema":{"@context":"https:\/\/schema.org","@graph":[{"@type":"WebPage","@id":"https:\/\/decofoodshop.nl\/betaalinformatie\/","url":"https:\/\/decofoodshop.nl\/betaalinformatie\/","name":"Zahlungsinformationen - Decofoodshop","isPartOf":{"@id":"https:\/\/decofoodshop.nl\/#website"},"datePublished":"2020-03-13T13:57:30+00:00","dateModified":"2020-04-03T08:44:58+00:00","breadcrumb":{"@id":"https:\/\/decofoodshop.nl\/betaalinformatie\/#breadcrumb"},"inLanguage":"de","potentialAction":[{"@type":"ReadAction","target":["https:\/\/decofoodshop.nl\/betaalinformatie\/"]}]},{"@type":"BreadcrumbList","@id":"https:\/\/decofoodshop.nl\/betaalinformatie\/#breadcrumb","itemListElement":[{"@type":"ListItem","position":1,"name":"Home","item":"https:\/\/decofoodshop.nl\/"},{"@type":"ListItem","position":2,"name":"Betaalinformatie"}]},{"@type":"WebSite","@id":"https:\/\/decofoodshop.nl\/#website","url":"https:\/\/decofoodshop.nl\/","name":"Dekofoodshop","description":"","potentialAction":[{"@type":"SearchAction","target":{"@type":"EntryPoint","urlTemplate":"https:\/\/decofoodshop.nl\/?s={search_term_string}"},"query-input":{"@type":"PropertyValueSpecification","valueRequired":true,"valueName":"search_term_string"}}],"inLanguage":"de"}]}},"_links":{"self":[{"href":"https:\/\/decofoodshop.nl\/de\/wp-json\/wp\/v2\/pages\/2798","targetHints":{"allow":["GET"]}}],"collection":[{"href":"https:\/\/decofoodshop.nl\/de\/wp-json\/wp\/v2\/pages"}],"about":[{"href":"https:\/\/decofoodshop.nl\/de\/wp-json\/wp\/v2\/types\/page"}],"author":[{"embeddable":true,"href":"https:\/\/decofoodshop.nl\/de\/wp-json\/wp\/v2\/users\/2"}],"replies":[{"embeddable":true,"href":"https:\/\/decofoodshop.nl\/de\/wp-json\/wp\/v2\/comments?post=2798"}],"version-history":[{"count":0,"href":"https:\/\/decofoodshop.nl\/de\/wp-json\/wp\/v2\/pages\/2798\/revisions"}],"wp:attachment":[{"href":"https:\/\/decofoodshop.nl\/de\/wp-json\/wp\/v2\/media?parent=2798"}],"curies":[{"name":"wp","href":"https:\/\/api.w.org\/{rel}","templated":true}]}}