{"id":2809,"date":"2020-03-17T11:50:58","date_gmt":"2020-03-17T11:50:58","guid":{"rendered":"https:\/\/decofoodshop.nl\/?page_id=2809"},"modified":"2020-10-27T10:06:17","modified_gmt":"2020-10-27T10:06:17","slug":"allgemeine-fragen","status":"publish","type":"page","link":"https:\/\/decofoodshop.nl\/de\/algemene-vragen\/","title":{"rendered":"Allgemeine Fragen"},"content":{"rendered":"<h3><span style=\"color: #008000;\"><strong>Verpackung:<\/strong><\/span><\/h3>\n<p><em><span style=\"color: #008000;\"><strong>Wie werden die Produkte geliefert?<\/strong><\/span><\/em><\/p>\n<p>Alle unsere Produkte werden gut verpackt und von einem unserer Stammlieferanten an Sie geliefert.<\/p>\n<p>Decofood-Materialien werden einzeln oder zu mehreren St\u00fcck zusammen in Kartons verpackt.<\/p>\n<p>Sie sind mit F\u00fcllmaterial wie Papier, Polsterfolie oder extra Karton versehen.<\/p>\n<p>Wir k\u00f6nnen mehrere Kartons f\u00fcr gro\u00dfe Bestellungen oder Produkte versenden.<\/p>\n<p>&nbsp;<\/p>\n<h3><span style=\"color: #008000;\"><strong>Produkte:<\/strong><\/span><\/h3>\n<p><em><span style=\"color: #008000;\"><strong>Sind Decofood-Produkte f\u00fcr Kinder geeignet?<\/strong><\/span><\/em><\/p>\n<p>Alle Decofood-Produkte sind zur Dekoration bestimmt. Die gef\u00e4lschten Lebensmittel riechen, sehen aus und f\u00fchlen sich sehr echt an. Sie sind daher ausdr\u00fccklich <span style=\"color: #008000;\"><strong>nicht als Kinderspielzeug geeignet<\/strong><\/span>\u2020 Wir empfehlen Ihnen, die Dekorationsnahrung immer au\u00dferhalb der Reichweite von Kindern aufzubewahren. Diese Decofood-Produkte enthalten Kleinteile, die echtem Essen \u00e4hneln.<\/p>\n<p>Decofoodshop \u00fcbernimmt keine Haftung, wenn unsere Produkte auf andere Weise als zur Dekoration verwendet werden. Siehe auch Artikel 12 Absatz 2 unserer Allgemeinen Gesch\u00e4ftsbedingungen.<\/p>\n<p>&nbsp;<\/p>\n<p><span style=\"color: #008000;\"><em><strong>Wie echt sehen Decofood-Produkte aus?<\/strong><\/em><\/span><\/p>\n<p>Neben einem sehr breiten Angebot an Imitaten zeichnet sich Decofoodshop auch durch die sehr gute Qualit\u00e4t unserer Produkte aus. Alle Produkte sind F\u00e4lschungen nach dem Vorbild echter Lebensmittel.<\/p>\n<p>Sowohl die Gr\u00f6\u00dfe als auch die Farbe sind sehr nat\u00fcrlich und in den meisten F\u00e4llen kaum von der Realit\u00e4t zu unterscheiden.<\/p>\n<p>Auch das Gewicht und die Oberfl\u00e4che unserer Decofood-Produkte entsprechen weitestgehend denen echter Lebensmittel. Wir nennen die nat\u00fcrliche Oberfl\u00e4che und Haptik der Produkte: \u201e<span style=\"color: #008000;\"><strong>nat\u00fcrliche Ber\u00fchrung<\/strong><\/span>\u2020 Diese wird auch bei den jeweiligen Produkten angezeigt.<\/p>\n<p>&nbsp;<\/p>\n<p><span style=\"color: #008000;\"><em><strong>Aus welchem Material bestehen die Decofood-Produkte?<\/strong><\/em><\/span><\/p>\n<p>Die Zusammensetzung der gef\u00e4lschten Lebensmittel ist sehr vielf\u00e4ltig. Unter anderem werden folgende Materialien verwendet: Kunststoff, Metall, Polystyrolschaum\/Tempex (= Polystyrol), M\u00f6rtel, Kalk, Papier, Textil, Sisal, Kokos, Leim, Farbstoffe, Sand, Samen, Quarz und Gummi.<\/p>\n<p>&nbsp;<\/p>\n<p><em><span style=\"color: #008000;\"><strong>K\u00f6nnen Decofood-Produkte im Freien verwendet werden?<\/strong><\/span><\/em><\/p>\n<p>Decofood-Produkte wurden nicht speziell f\u00fcr Au\u00dfenanwendungen entwickelt. Ein Gro\u00dfteil des Sortiments ist sehr robust und hochwertig verarbeitet. Die Lebensdauer f\u00fcr den Au\u00dfenbereich kann jedoch je nach Produkt unterschiedlich sein.<\/p>\n<p>In der Regel empfehlen wir, die Produkte vor\u00fcbergehend, aber nicht dauerhaft im Freien zu verwenden.<\/p>\n<p>Wir k\u00f6nnen die Qualit\u00e4t und Lebensdauer f\u00fcr den Einsatz im Freien nicht garantieren.<\/p>\n<p>&nbsp;<\/p>\n<h3><span style=\"color: #008000;\"><strong>Preise und Rabatte:<\/strong><\/span><\/h3>\n<p>Decofoodshop zeigt f\u00fcr alle Produkte den Preis mit und ohne Mehrwertsteuer an.<\/p>\n<p>&nbsp;<\/p>\n<p><span style=\"color: #008000;\"><em><strong>Wann erhalte ich einen Rabatt?<\/strong><\/em><\/span><\/p>\n<p>Rabatte werden im Webshop von Decofoodshop automatisch berechnet.<\/p>\n<p>Alle Standardrabatte sind neben dem jeweiligen Produkt aufgef\u00fchrt.<\/p>\n<p>Au\u00dferdem finden Sie Sonderaktionen auf unserer Homepage oder \u00fcber den Newsletter.<\/p>\n<p>&nbsp;<\/p>\n<p><em><span style=\"color: #008000;\"><strong>Unternehmen<\/strong>:<\/span><\/em><\/p>\n<p>In einigen F\u00e4llen ist es f\u00fcr Unternehmen innerhalb der EU m\u00f6glich, die Mehrwertsteuer abzuf\u00fchren.<\/p>\n<p>Dies tun Sie, indem Sie an der Kasse Ihre Firmendaten und die Umsatzsteuer-Identifikationsnummer angeben.<\/p>\n<p>Decofoodshop \u00fcberpr\u00fcft diese Daten umgehend.<\/p>\n<p>Sie erhalten umgehend Ihre Auftragsbest\u00e4tigung und sp\u00e4ter Rechnung per E-Mail.<\/p>\n<p>&nbsp;<\/p>\n<h3><span style=\"color: #008000;\"><strong>Garantie:<\/strong><\/span><\/h3>\n<p><span style=\"color: #008000;\"><em><strong>Habe ich Anspruch auf eine Garantie?<\/strong><\/em><\/span><\/p>\n<p>Ja, Ihnen steht wie jedem Verbraucher eine Garantie zu.<\/p>\n<p>Alle Garantiebedingungen finden Sie eindeutig und \u00fcbersichtlich in unseren Allgemeinen Gesch\u00e4ftsbedingungen.<\/p>\n<p>Dar\u00fcber hinaus garantieren wir die korrekte Bearbeitung von Reklamationen.<\/p>\n<p>&nbsp;<\/p>\n<h3><span style=\"color: #008000;\"><strong>Zitate:<\/strong><\/span><\/h3>\n<p><span style=\"color: #008000;\"><em><strong>Kann ich ein Angebot erhalten?<\/strong><\/em><\/span><\/p>\n<p>F\u00fcr Unternehmen kann es sinnvoll sein, sich zun\u00e4chst einen \u00dcberblick \u00fcber die zu erwartenden Kosten zu verschaffen.<\/p>\n<p>Hierzu erstellen wir Ihnen kostenlos und unverbindlich ein Angebot. Diese erhalten Sie von uns per E-Mail.<\/p>\n<p>Sie k\u00f6nnen jederzeit Fragen \u00fcber das Kontaktformular oder eine E-Mail an info@decofoodshop.nl stellen<\/p>\n<p>&nbsp;<\/p>\n<h3><span style=\"color: #008000;\"><strong>Besuch:<\/strong><\/span><\/h3>\n<p><span style=\"color: #008000;\"><em><strong>Ist es m\u00f6glich, die Produkte anzusehen?<\/strong><\/em><\/span><\/p>\n<p>Leider hat Decofoodshoop kein physisches Gesch\u00e4ft. Wir empfangen Gesch\u00e4ftskunden in unserem Lager nach Terminvereinbarung, um Produkte zu beurteilen und Bestellungen zu besprechen.<\/p>\n<p>Vertreten Sie ein Unternehmen und m\u00f6chten Sie einen Besichtigungstermin vereinbaren, senden Sie bitte eine E-Mail an <a href=\"mailto:info@decofoodshop.com\">info@decofoodshop.com<\/a><\/p>\n<p>&nbsp;<\/p>\n<p>&nbsp;<\/p>\n<p>&nbsp;<\/p>\n<p>&nbsp;<\/p>","protected":false},"excerpt":{"rendered":"<p>Verpakking: Hoe worden de producten bezorgd? Al onze producten worden goed verpakt bij u bezorgd door \u00e9\u00e9n van onze vaste leveranciers. Decofood materialen worden per \u00e9\u00e9n of met meerdere stuks samen verpakt in kartonnen dozen. Daarbij worden ze voorzien van vulmateriaal zoals papier, kussenfolie of extra karton. Bij grote bestellingen of producten kunnen we meerdere [&hellip;]<\/p>\n","protected":false},"author":2,"featured_media":0,"parent":0,"menu_order":0,"comment_status":"closed","ping_status":"closed","template":"","meta":{"_acf_changed":false,"_genesis_hide_title":false,"_genesis_hide_breadcrumbs":false,"_genesis_hide_singular_image":false,"_genesis_hide_footer_widgets":false,"_genesis_custom_body_class":"","_genesis_custom_post_class":"","_genesis_layout":"","footnotes":""},"class_list":{"0":"post-2809","1":"page","2":"type-page","3":"status-publish","5":"entry"},"acf":[],"yoast_head":"<!-- This site is optimized with the Yoast SEO Premium plugin v27.3 (Yoast SEO v27.4) - https:\/\/yoast.com\/product\/yoast-seo-premium-wordpress\/ -->\n<title>Algemene Vragen - Decofoodshop<\/title>\n<meta name=\"robots\" content=\"index, follow, max-snippet:-1, max-image-preview:large, max-video-preview:-1\" \/>\n<link rel=\"canonical\" href=\"https:\/\/decofoodshop.nl\/de\/allgemeine-fragen\/\" \/>\n<meta property=\"og:locale\" content=\"de_DE\" \/>\n<meta property=\"og:type\" content=\"article\" \/>\n<meta property=\"og:title\" content=\"Algemene Vragen\" \/>\n<meta property=\"og:description\" content=\"Verpakking: Hoe worden de producten bezorgd? Al onze producten worden goed verpakt bij u bezorgd door \u00e9\u00e9n van onze vaste leveranciers. Decofood materialen worden per \u00e9\u00e9n of met meerdere stuks samen verpakt in kartonnen dozen. Daarbij worden ze voorzien van vulmateriaal zoals papier, kussenfolie of extra karton. Bij grote bestellingen of producten kunnen we meerdere [&hellip;]\" \/>\n<meta property=\"og:url\" content=\"https:\/\/decofoodshop.nl\/de\/allgemeine-fragen\/\" \/>\n<meta property=\"og:site_name\" content=\"Decofoodshop\" \/>\n<meta property=\"article:modified_time\" content=\"2020-10-27T10:06:17+00:00\" \/>\n<meta name=\"twitter:card\" content=\"summary_large_image\" \/>\n<meta name=\"twitter:label1\" content=\"Gesch\u00e4tzte Lesezeit\" \/>\n\t<meta name=\"twitter:data1\" content=\"3\u00a0Minuten\" \/>\n<script type=\"application\/ld+json\" class=\"yoast-schema-graph\">{\"@context\":\"https:\\\/\\\/schema.org\",\"@graph\":[{\"@type\":\"WebPage\",\"@id\":\"https:\\\/\\\/decofoodshop.nl\\\/algemene-vragen\\\/\",\"url\":\"https:\\\/\\\/decofoodshop.nl\\\/algemene-vragen\\\/\",\"name\":\"Algemene Vragen - Decofoodshop\",\"isPartOf\":{\"@id\":\"https:\\\/\\\/decofoodshop.nl\\\/#website\"},\"datePublished\":\"2020-03-17T11:50:58+00:00\",\"dateModified\":\"2020-10-27T10:06:17+00:00\",\"breadcrumb\":{\"@id\":\"https:\\\/\\\/decofoodshop.nl\\\/algemene-vragen\\\/#breadcrumb\"},\"inLanguage\":\"de\",\"potentialAction\":[{\"@type\":\"ReadAction\",\"target\":[\"https:\\\/\\\/decofoodshop.nl\\\/algemene-vragen\\\/\"]}]},{\"@type\":\"BreadcrumbList\",\"@id\":\"https:\\\/\\\/decofoodshop.nl\\\/algemene-vragen\\\/#breadcrumb\",\"itemListElement\":[{\"@type\":\"ListItem\",\"position\":1,\"name\":\"Home\",\"item\":\"https:\\\/\\\/decofoodshop.nl\\\/\"},{\"@type\":\"ListItem\",\"position\":2,\"name\":\"Algemene Vragen\"}]},{\"@type\":\"WebSite\",\"@id\":\"https:\\\/\\\/decofoodshop.nl\\\/#website\",\"url\":\"https:\\\/\\\/decofoodshop.nl\\\/\",\"name\":\"Decofoodshop\",\"description\":\"\",\"potentialAction\":[{\"@type\":\"SearchAction\",\"target\":{\"@type\":\"EntryPoint\",\"urlTemplate\":\"https:\\\/\\\/decofoodshop.nl\\\/?s={search_term_string}\"},\"query-input\":{\"@type\":\"PropertyValueSpecification\",\"valueRequired\":true,\"valueName\":\"search_term_string\"}}],\"inLanguage\":\"de\"}]}<\/script>\n<!-- \/ Yoast SEO Premium plugin. -->","yoast_head_json":{"title":"Allgemeine Fragen - Decofoodshop","robots":{"index":"index","follow":"follow","max-snippet":"max-snippet:-1","max-image-preview":"max-image-preview:large","max-video-preview":"max-video-preview:-1"},"canonical":"https:\/\/decofoodshop.nl\/de\/allgemeine-fragen\/","og_locale":"de_DE","og_type":"article","og_title":"Algemene Vragen","og_description":"Verpakking: Hoe worden de producten bezorgd? Al onze producten worden goed verpakt bij u bezorgd door \u00e9\u00e9n van onze vaste leveranciers. Decofood materialen worden per \u00e9\u00e9n of met meerdere stuks samen verpakt in kartonnen dozen. Daarbij worden ze voorzien van vulmateriaal zoals papier, kussenfolie of extra karton. Bij grote bestellingen of producten kunnen we meerdere [&hellip;]","og_url":"https:\/\/decofoodshop.nl\/de\/allgemeine-fragen\/","og_site_name":"Decofoodshop","article_modified_time":"2020-10-27T10:06:17+00:00","twitter_card":"summary_large_image","twitter_misc":{"Gesch\u00e4tzte Lesezeit":"3\u00a0Minuten"},"schema":{"@context":"https:\/\/schema.org","@graph":[{"@type":"WebPage","@id":"https:\/\/decofoodshop.nl\/algemene-vragen\/","url":"https:\/\/decofoodshop.nl\/algemene-vragen\/","name":"Allgemeine Fragen - Decofoodshop","isPartOf":{"@id":"https:\/\/decofoodshop.nl\/#website"},"datePublished":"2020-03-17T11:50:58+00:00","dateModified":"2020-10-27T10:06:17+00:00","breadcrumb":{"@id":"https:\/\/decofoodshop.nl\/algemene-vragen\/#breadcrumb"},"inLanguage":"de","potentialAction":[{"@type":"ReadAction","target":["https:\/\/decofoodshop.nl\/algemene-vragen\/"]}]},{"@type":"BreadcrumbList","@id":"https:\/\/decofoodshop.nl\/algemene-vragen\/#breadcrumb","itemListElement":[{"@type":"ListItem","position":1,"name":"Home","item":"https:\/\/decofoodshop.nl\/"},{"@type":"ListItem","position":2,"name":"Algemene Vragen"}]},{"@type":"WebSite","@id":"https:\/\/decofoodshop.nl\/#website","url":"https:\/\/decofoodshop.nl\/","name":"Dekofoodshop","description":"","potentialAction":[{"@type":"SearchAction","target":{"@type":"EntryPoint","urlTemplate":"https:\/\/decofoodshop.nl\/?s={search_term_string}"},"query-input":{"@type":"PropertyValueSpecification","valueRequired":true,"valueName":"search_term_string"}}],"inLanguage":"de"}]}},"_links":{"self":[{"href":"https:\/\/decofoodshop.nl\/de\/wp-json\/wp\/v2\/pages\/2809","targetHints":{"allow":["GET"]}}],"collection":[{"href":"https:\/\/decofoodshop.nl\/de\/wp-json\/wp\/v2\/pages"}],"about":[{"href":"https:\/\/decofoodshop.nl\/de\/wp-json\/wp\/v2\/types\/page"}],"author":[{"embeddable":true,"href":"https:\/\/decofoodshop.nl\/de\/wp-json\/wp\/v2\/users\/2"}],"replies":[{"embeddable":true,"href":"https:\/\/decofoodshop.nl\/de\/wp-json\/wp\/v2\/comments?post=2809"}],"version-history":[{"count":0,"href":"https:\/\/decofoodshop.nl\/de\/wp-json\/wp\/v2\/pages\/2809\/revisions"}],"wp:attachment":[{"href":"https:\/\/decofoodshop.nl\/de\/wp-json\/wp\/v2\/media?parent=2809"}],"curies":[{"name":"wp","href":"https:\/\/api.w.org\/{rel}","templated":true}]}}