{"id":2813,"date":"2020-03-17T11:51:42","date_gmt":"2020-03-17T11:51:42","guid":{"rendered":"https:\/\/decofoodshop.nl\/?page_id=2813"},"modified":"2020-03-26T12:45:16","modified_gmt":"2020-03-26T12:45:16","slug":"anpassung","status":"publish","type":"page","link":"https:\/\/decofoodshop.nl\/de\/maatwerk\/","title":{"rendered":"Anpassung"},"content":{"rendered":"<p>Regelm\u00e4\u00dfig erreichen uns konkrete Anfragen und Auftr\u00e4ge unserer Kunden.<\/p>\n<p>Diese Fragen sind vielf\u00e4ltiger Natur. Wo es m\u00f6glich ist, versuchen wir eine L\u00f6sung zu finden.<\/p>\n<p>Denken Sie an verschiedene und zusammengesetzte Produkte. Zum Beispiel in Gr\u00f6\u00dfe, Farbe oder Gewicht. Oft ist eine Frist einzuhalten.<\/p>\n<h4><span style=\"color: #008000;\"><strong>Gro\u00dfe Anzahl von:<\/strong><\/span><\/h4>\n<p>Hin und wieder werden auch sehr gro\u00dfe St\u00fcckzahlen eines oder mehrerer Produkte nachgefragt.<\/p>\n<p>In solchen F\u00e4llen k\u00f6nnen wir uns mit unseren Produktionsst\u00e4tten abstimmen und je nach Machbarkeit eines Projekts einen Vorschlag unterbreiten.<\/p>\n<p>Dieser Vorschlag und die Kosten werden Ihnen in einem Kostenvoranschlag pr\u00e4sentiert.<\/p>\n<p>Fragen k\u00f6nnen Sie jederzeit \u00fcber das Kontaktformular oder eine E-Mail an stellen <strong><em><span style=\"color: #008000;\">info@decofoodshop.nl<\/span><\/em><\/strong><\/p>","protected":false},"excerpt":{"rendered":"<p>Geregeld krijgen wij specifieke vragen en opdrachten van onze klanten. Deze vragen zijn uiteenlopend van aard. Waar mogelijk proberen wij een oplossing te bedenken. Denk hierbij aan afwijkende en samengestelde producten. Bijvoorbeeld in formaat, kleur of gewicht. Vaak ook is er een deadline te halen. Grote aantallen: Ook is er zo nu en dan vraag [&hellip;]<\/p>\n","protected":false},"author":2,"featured_media":0,"parent":0,"menu_order":0,"comment_status":"closed","ping_status":"closed","template":"","meta":{"_acf_changed":false,"_genesis_hide_title":false,"_genesis_hide_breadcrumbs":false,"_genesis_hide_singular_image":false,"_genesis_hide_footer_widgets":false,"_genesis_custom_body_class":"","_genesis_custom_post_class":"","_genesis_layout":"","footnotes":""},"class_list":{"0":"post-2813","1":"page","2":"type-page","3":"status-publish","5":"entry"},"acf":[],"yoast_head":"<!-- This site is optimized with the Yoast SEO Premium plugin v27.3 (Yoast SEO v27.3) - https:\/\/yoast.com\/product\/yoast-seo-premium-wordpress\/ -->\n<title>Maatwerk - Decofoodshop<\/title>\n<meta name=\"robots\" content=\"index, follow, max-snippet:-1, max-image-preview:large, max-video-preview:-1\" \/>\n<link rel=\"canonical\" href=\"https:\/\/decofoodshop.nl\/de\/anpassung\/\" \/>\n<meta property=\"og:locale\" content=\"de_DE\" \/>\n<meta property=\"og:type\" content=\"article\" \/>\n<meta property=\"og:title\" content=\"Maatwerk\" \/>\n<meta property=\"og:description\" content=\"Geregeld krijgen wij specifieke vragen en opdrachten van onze klanten. Deze vragen zijn uiteenlopend van aard. Waar mogelijk proberen wij een oplossing te bedenken. Denk hierbij aan afwijkende en samengestelde producten. Bijvoorbeeld in formaat, kleur of gewicht. Vaak ook is er een deadline te halen. Grote aantallen: Ook is er zo nu en dan vraag [&hellip;]\" \/>\n<meta property=\"og:url\" content=\"https:\/\/decofoodshop.nl\/de\/anpassung\/\" \/>\n<meta property=\"og:site_name\" content=\"Decofoodshop\" \/>\n<meta property=\"article:modified_time\" content=\"2020-03-26T12:45:16+00:00\" \/>\n<meta name=\"twitter:card\" content=\"summary_large_image\" \/>\n<meta name=\"twitter:label1\" content=\"Gesch\u00e4tzte Lesezeit\" \/>\n\t<meta name=\"twitter:data1\" content=\"1\u00a0Minute\" \/>\n<script type=\"application\/ld+json\" class=\"yoast-schema-graph\">{\"@context\":\"https:\\\/\\\/schema.org\",\"@graph\":[{\"@type\":\"WebPage\",\"@id\":\"https:\\\/\\\/decofoodshop.nl\\\/maatwerk\\\/\",\"url\":\"https:\\\/\\\/decofoodshop.nl\\\/maatwerk\\\/\",\"name\":\"Maatwerk - Decofoodshop\",\"isPartOf\":{\"@id\":\"https:\\\/\\\/decofoodshop.nl\\\/#website\"},\"datePublished\":\"2020-03-17T11:51:42+00:00\",\"dateModified\":\"2020-03-26T12:45:16+00:00\",\"breadcrumb\":{\"@id\":\"https:\\\/\\\/decofoodshop.nl\\\/maatwerk\\\/#breadcrumb\"},\"inLanguage\":\"de\",\"potentialAction\":[{\"@type\":\"ReadAction\",\"target\":[\"https:\\\/\\\/decofoodshop.nl\\\/maatwerk\\\/\"]}]},{\"@type\":\"BreadcrumbList\",\"@id\":\"https:\\\/\\\/decofoodshop.nl\\\/maatwerk\\\/#breadcrumb\",\"itemListElement\":[{\"@type\":\"ListItem\",\"position\":1,\"name\":\"Home\",\"item\":\"https:\\\/\\\/decofoodshop.nl\\\/\"},{\"@type\":\"ListItem\",\"position\":2,\"name\":\"Maatwerk\"}]},{\"@type\":\"WebSite\",\"@id\":\"https:\\\/\\\/decofoodshop.nl\\\/#website\",\"url\":\"https:\\\/\\\/decofoodshop.nl\\\/\",\"name\":\"Decofoodshop\",\"description\":\"\",\"potentialAction\":[{\"@type\":\"SearchAction\",\"target\":{\"@type\":\"EntryPoint\",\"urlTemplate\":\"https:\\\/\\\/decofoodshop.nl\\\/?s={search_term_string}\"},\"query-input\":{\"@type\":\"PropertyValueSpecification\",\"valueRequired\":true,\"valueName\":\"search_term_string\"}}],\"inLanguage\":\"de\"}]}<\/script>\n<!-- \/ Yoast SEO Premium plugin. -->","yoast_head_json":{"title":"Personalisierung - Decofoodshop","robots":{"index":"index","follow":"follow","max-snippet":"max-snippet:-1","max-image-preview":"max-image-preview:large","max-video-preview":"max-video-preview:-1"},"canonical":"https:\/\/decofoodshop.nl\/de\/anpassung\/","og_locale":"de_DE","og_type":"article","og_title":"Maatwerk","og_description":"Geregeld krijgen wij specifieke vragen en opdrachten van onze klanten. Deze vragen zijn uiteenlopend van aard. Waar mogelijk proberen wij een oplossing te bedenken. Denk hierbij aan afwijkende en samengestelde producten. Bijvoorbeeld in formaat, kleur of gewicht. Vaak ook is er een deadline te halen. Grote aantallen: Ook is er zo nu en dan vraag [&hellip;]","og_url":"https:\/\/decofoodshop.nl\/de\/anpassung\/","og_site_name":"Decofoodshop","article_modified_time":"2020-03-26T12:45:16+00:00","twitter_card":"summary_large_image","twitter_misc":{"Gesch\u00e4tzte Lesezeit":"1\u00a0Minute"},"schema":{"@context":"https:\/\/schema.org","@graph":[{"@type":"WebPage","@id":"https:\/\/decofoodshop.nl\/maatwerk\/","url":"https:\/\/decofoodshop.nl\/maatwerk\/","name":"Personalisierung - Decofoodshop","isPartOf":{"@id":"https:\/\/decofoodshop.nl\/#website"},"datePublished":"2020-03-17T11:51:42+00:00","dateModified":"2020-03-26T12:45:16+00:00","breadcrumb":{"@id":"https:\/\/decofoodshop.nl\/maatwerk\/#breadcrumb"},"inLanguage":"de","potentialAction":[{"@type":"ReadAction","target":["https:\/\/decofoodshop.nl\/maatwerk\/"]}]},{"@type":"BreadcrumbList","@id":"https:\/\/decofoodshop.nl\/maatwerk\/#breadcrumb","itemListElement":[{"@type":"ListItem","position":1,"name":"Home","item":"https:\/\/decofoodshop.nl\/"},{"@type":"ListItem","position":2,"name":"Maatwerk"}]},{"@type":"WebSite","@id":"https:\/\/decofoodshop.nl\/#website","url":"https:\/\/decofoodshop.nl\/","name":"Dekofoodshop","description":"","potentialAction":[{"@type":"SearchAction","target":{"@type":"EntryPoint","urlTemplate":"https:\/\/decofoodshop.nl\/?s={search_term_string}"},"query-input":{"@type":"PropertyValueSpecification","valueRequired":true,"valueName":"search_term_string"}}],"inLanguage":"de"}]}},"_links":{"self":[{"href":"https:\/\/decofoodshop.nl\/de\/wp-json\/wp\/v2\/pages\/2813","targetHints":{"allow":["GET"]}}],"collection":[{"href":"https:\/\/decofoodshop.nl\/de\/wp-json\/wp\/v2\/pages"}],"about":[{"href":"https:\/\/decofoodshop.nl\/de\/wp-json\/wp\/v2\/types\/page"}],"author":[{"embeddable":true,"href":"https:\/\/decofoodshop.nl\/de\/wp-json\/wp\/v2\/users\/2"}],"replies":[{"embeddable":true,"href":"https:\/\/decofoodshop.nl\/de\/wp-json\/wp\/v2\/comments?post=2813"}],"version-history":[{"count":0,"href":"https:\/\/decofoodshop.nl\/de\/wp-json\/wp\/v2\/pages\/2813\/revisions"}],"wp:attachment":[{"href":"https:\/\/decofoodshop.nl\/de\/wp-json\/wp\/v2\/media?parent=2813"}],"curies":[{"name":"wp","href":"https:\/\/api.w.org\/{rel}","templated":true}]}}