{"id":2827,"date":"2020-03-17T12:32:37","date_gmt":"2020-03-17T12:32:37","guid":{"rendered":"https:\/\/decofoodshop.nl\/?page_id=2827"},"modified":"2024-01-11T15:25:02","modified_gmt":"2024-01-11T14:25:02","slug":"ruckkehr-2","status":"publish","type":"page","link":"https:\/\/decofoodshop.nl\/de\/retourneren-2\/","title":{"rendered":"Zur\u00fcckkehren"},"content":{"rendered":"<p><span style=\"color: #008000;\"><strong>Kehrt zur\u00fcck:<\/strong><\/span><\/p>\n<ul>\n<li>Sie sind nicht zufrieden? Oder ist das Produkt nicht das, was es sein soll?<\/li>\n<\/ul>\n<ul>\n<li>Sie haben als Verbraucher eine Bestellung aufgegeben. (nichtkommerzieller Auftrag).<\/li>\n<\/ul>\n<ul>\n<li>Keine Bange! Biene\u00a0<span style=\"color: #008000;\"><strong>Dekofoodshop<\/strong><\/span>\u00a0wir verstehen das. Und so k\u00f6nnen Sie jederzeit innerhalb von 14 Tagen nach Erhalt Ihrer Bestellung melden, dass Sie das Produkt zur\u00fccksenden m\u00f6chten.<\/li>\n<\/ul>\n<ul>\n<li>Sie haben eine Widerrufsfrist von 14 Tagen, um das Produkt ohne Angabe von Gr\u00fcnden zur\u00fcckzugeben, beginnend mit dem Tag des Erhalts des Produkts. Das Produkt kann nur unbenutzt und m\u00f6glichst in der Originalverpackung zur\u00fcckgegeben werden. F\u00fcr die R\u00fccksendung der Bestellung gehen die R\u00fccksendekosten zu Ihren Lasten.<\/li>\n<\/ul>\n<ul>\n<li>Wir schreiben den Betrag innerhalb von 14 Tagen gut. Sie k\u00f6nnen auch das Musterformular verwenden (siehe Ende der AGB oder Formular unten auf dieser Seite herunterladen).<\/li>\n<\/ul>\n<ul>\n<li>Bitte befolgen Sie die folgenden Schritte:<\/li>\n<\/ul>\n<ol>\n<li>Bitte senden Sie eine E-Mail an info@decofoodshop.com und geben Sie an, dass Sie das Produkt zur\u00fccksenden m\u00f6chten. Bitte geben Sie Ihren Namen und Ihre Rechnungs- oder Bestellnummer an.<\/li>\n<li>Am einfachsten ist es, den Transport selbst zu organisieren. In diesem Fall bitten wir Sie, das Paket an folgende Adresse zu senden: Betreff: \u201eR\u00fccksendung Decofoodshop\u201c.\n<ul>\n<li>Stra\u00dfe: Copernicusstraat 5<\/li>\n<li>Postleitzahl: 6604 CR<\/li>\n<li>Stadt: Wijchen<\/li>\n<li>Land Niederlande<\/li>\n<\/ul>\n<\/li>\n<li>Sie k\u00f6nnen Decofoodshop auch bitten, den Transport f\u00fcr Sie zu organisieren. Bitte geben Sie Ihren Wunschtermin (Mo-Fr) an, an dem die Abholung erfolgen soll. Decofoodshop wird dann einen Spediteur veranlassen, das Paket an diesem Tag abzuholen. Bitte beachten Sie. In diesem Fall werden die tats\u00e4chlichen R\u00fccksendekosten vom zu erstattenden Betrag abgezogen. Diese Versandkosten k\u00f6nnen h\u00f6her sein als die Kosten, die Sie f\u00fcr Ihre Sendung bezahlt haben.<\/li>\n<li>Bitte lesen Sie auch den folgenden Text sorgf\u00e4ltig durch. Dies betrifft die Kosten und die Erstattung Ihrer Zahlung.<\/li>\n<\/ol>\n<p><span style=\"color: #008000;\"><strong>Kosten und R\u00fcckerstattungen:<\/strong><\/span><\/p>\n<ul>\n<li>Decofoodshop erstattet alle Zahlungen des Verbrauchers, einschlie\u00dflich etwaiger Lieferkosten, die Decofoodshop f\u00fcr das zur\u00fcckgegebene Produkt in Rechnung stellt, unverz\u00fcglich, jedoch innerhalb von 14 Tagen nach dem Tag, an dem der Verbraucher den Widerruf meldet. Sofern der Verbraucher nicht anbietet, das Produkt selbst abzuholen, kann Decofoodshop die Zahlung zur\u00fcckhalten, bis es das Produkt erhalten hat. Decofoodshoop verwendet dieselbe Zahlungsmethode, die der Verbraucher f\u00fcr die R\u00fcckerstattung verwendet hat, es sei denn, der Verbraucher stimmt einer anderen Methode zu. Die R\u00fcckzahlung ist f\u00fcr den Verbraucher kostenfrei.<\/li>\n<li>Die R\u00fccksendekosten gehen immer zu Lasten des K\u00e4ufers, Decofoodshop ist f\u00fcr die Transportkosten eines Ersatzprodukts im Falle einer Besch\u00e4digung bei der Lieferung verantwortlich.<\/li>\n<li>Wenn wir das Produkt zur\u00fcckerhalten haben, pr\u00fcfen wir es auf Gebrauchsspuren und Besch\u00e4digungen. Nach dieser Pr\u00fcfung erstatten wir Ihnen den Kaufbetrag abz\u00fcglich etwaiger R\u00fccksendekosten unverz\u00fcglich, sp\u00e4testens innerhalb von 14 Tagen nach Erhalt, auf Ihr Konto zur\u00fcck.<\/li>\n<li>Alle Kosten beziehen sich auf die tats\u00e4chlichen Transportkosten. Decofoodshop hat diesbez\u00fcglich kein Gewinnziel.<\/li>\n<\/ul>\n<p><span style=\"color: #008000;\"><strong>Anforderungen:<\/strong><\/span><\/p>\n<ul>\n<li>W\u00e4hrend der Untersuchungsfrist wird der Verbraucher das Produkt und die Verpackung pfleglich behandeln. Er wird das Produkt nur in dem Umfang auspacken, der erforderlich ist, um zu beurteilen, ob er das Produkt behalten m\u00f6chte.<\/li>\n<li>Wenn der Verbraucher von seinem Widerrufsrecht Gebrauch macht, wird der Verbraucher das Produkt mit s\u00e4mtlichem mitgelieferten Zubeh\u00f6r und \u2013 wenn vern\u00fcnftigerweise m\u00f6glich \u2013 im Originalzustand und in der Originalverpackung an Decofoodshop zur\u00fccksenden.<\/li>\n<li>Decofoodshop pr\u00fcft unverz\u00fcglich nach Erhalt der zur\u00fcckgesendeten Ware, ob diese in einwandfreiem Zustand zur\u00fcckgesandt wurde.<\/li>\n<\/ul>\n<p><span style=\"color: #008000;\"><a style=\"color: #008000;\" href=\"https:\/\/decofoodshop.nl\/wp-content\/uploads\/2024\/01\/Modelformulier-voor-herroeping-goederen-Decofoodshop.pdf\">Widerruf der Ware Decofoodshop<\/a><\/span><\/p>\n<p>&nbsp;<\/p>","protected":false},"excerpt":{"rendered":"<p>Retourneren: U bent niet tevreden? Of het product is toch niet wat het moet zijn? U plaatste een bestelling als consument. (niet bedrijfsmatige bestelling). Geen zorgen! Bij\u00a0Decofoodshop\u00a0begrijpen we dat. En dus kunt u altijd binnen 14 dagen na de dag van ontvangst van uw bestelling melden dat u het product wilt retourneren. U heeft een [&hellip;]<\/p>\n","protected":false},"author":2,"featured_media":0,"parent":0,"menu_order":0,"comment_status":"closed","ping_status":"closed","template":"","meta":{"_acf_changed":false,"_genesis_hide_title":false,"_genesis_hide_breadcrumbs":false,"_genesis_hide_singular_image":false,"_genesis_hide_footer_widgets":false,"_genesis_custom_body_class":"","_genesis_custom_post_class":"","_genesis_layout":"","footnotes":""},"class_list":{"0":"post-2827","1":"page","2":"type-page","3":"status-publish","5":"entry"},"acf":[],"yoast_head":"<!-- This site is optimized with the Yoast SEO Premium plugin v27.3 (Yoast SEO v27.3) - https:\/\/yoast.com\/product\/yoast-seo-premium-wordpress\/ -->\n<title>Retour - Decofoodshop<\/title>\n<meta name=\"robots\" content=\"index, follow, max-snippet:-1, max-image-preview:large, max-video-preview:-1\" \/>\n<link rel=\"canonical\" href=\"https:\/\/decofoodshop.nl\/de\/ruckkehr-2\/\" \/>\n<meta property=\"og:locale\" content=\"de_DE\" \/>\n<meta property=\"og:type\" content=\"article\" \/>\n<meta property=\"og:title\" content=\"Retour\" \/>\n<meta property=\"og:description\" content=\"Retourneren: U bent niet tevreden? Of het product is toch niet wat het moet zijn? U plaatste een bestelling als consument. (niet bedrijfsmatige bestelling). Geen zorgen! Bij\u00a0Decofoodshop\u00a0begrijpen we dat. En dus kunt u altijd binnen 14 dagen na de dag van ontvangst van uw bestelling melden dat u het product wilt retourneren. U heeft een [&hellip;]\" \/>\n<meta property=\"og:url\" content=\"https:\/\/decofoodshop.nl\/de\/ruckkehr-2\/\" \/>\n<meta property=\"og:site_name\" content=\"Decofoodshop\" \/>\n<meta property=\"article:modified_time\" content=\"2024-01-11T14:25:02+00:00\" \/>\n<meta name=\"twitter:card\" content=\"summary_large_image\" \/>\n<meta name=\"twitter:label1\" content=\"Gesch\u00e4tzte Lesezeit\" \/>\n\t<meta name=\"twitter:data1\" content=\"3\u00a0Minuten\" \/>\n<script type=\"application\/ld+json\" class=\"yoast-schema-graph\">{\"@context\":\"https:\\\/\\\/schema.org\",\"@graph\":[{\"@type\":\"WebPage\",\"@id\":\"https:\\\/\\\/decofoodshop.nl\\\/retourneren-2\\\/\",\"url\":\"https:\\\/\\\/decofoodshop.nl\\\/retourneren-2\\\/\",\"name\":\"Retour - Decofoodshop\",\"isPartOf\":{\"@id\":\"https:\\\/\\\/decofoodshop.nl\\\/#website\"},\"datePublished\":\"2020-03-17T12:32:37+00:00\",\"dateModified\":\"2024-01-11T14:25:02+00:00\",\"breadcrumb\":{\"@id\":\"https:\\\/\\\/decofoodshop.nl\\\/retourneren-2\\\/#breadcrumb\"},\"inLanguage\":\"de\",\"potentialAction\":[{\"@type\":\"ReadAction\",\"target\":[\"https:\\\/\\\/decofoodshop.nl\\\/retourneren-2\\\/\"]}]},{\"@type\":\"BreadcrumbList\",\"@id\":\"https:\\\/\\\/decofoodshop.nl\\\/retourneren-2\\\/#breadcrumb\",\"itemListElement\":[{\"@type\":\"ListItem\",\"position\":1,\"name\":\"Home\",\"item\":\"https:\\\/\\\/decofoodshop.nl\\\/\"},{\"@type\":\"ListItem\",\"position\":2,\"name\":\"Retour\"}]},{\"@type\":\"WebSite\",\"@id\":\"https:\\\/\\\/decofoodshop.nl\\\/#website\",\"url\":\"https:\\\/\\\/decofoodshop.nl\\\/\",\"name\":\"Decofoodshop\",\"description\":\"\",\"potentialAction\":[{\"@type\":\"SearchAction\",\"target\":{\"@type\":\"EntryPoint\",\"urlTemplate\":\"https:\\\/\\\/decofoodshop.nl\\\/?s={search_term_string}\"},\"query-input\":{\"@type\":\"PropertyValueSpecification\",\"valueRequired\":true,\"valueName\":\"search_term_string\"}}],\"inLanguage\":\"de\"}]}<\/script>\n<!-- \/ Yoast SEO Premium plugin. -->","yoast_head_json":{"title":"R\u00fcckgabe - Decofoodshop","robots":{"index":"index","follow":"follow","max-snippet":"max-snippet:-1","max-image-preview":"max-image-preview:large","max-video-preview":"max-video-preview:-1"},"canonical":"https:\/\/decofoodshop.nl\/de\/ruckkehr-2\/","og_locale":"de_DE","og_type":"article","og_title":"Retour","og_description":"Retourneren: U bent niet tevreden? Of het product is toch niet wat het moet zijn? U plaatste een bestelling als consument. (niet bedrijfsmatige bestelling). Geen zorgen! Bij\u00a0Decofoodshop\u00a0begrijpen we dat. En dus kunt u altijd binnen 14 dagen na de dag van ontvangst van uw bestelling melden dat u het product wilt retourneren. U heeft een [&hellip;]","og_url":"https:\/\/decofoodshop.nl\/de\/ruckkehr-2\/","og_site_name":"Decofoodshop","article_modified_time":"2024-01-11T14:25:02+00:00","twitter_card":"summary_large_image","twitter_misc":{"Gesch\u00e4tzte Lesezeit":"3\u00a0Minuten"},"schema":{"@context":"https:\/\/schema.org","@graph":[{"@type":"WebPage","@id":"https:\/\/decofoodshop.nl\/retourneren-2\/","url":"https:\/\/decofoodshop.nl\/retourneren-2\/","name":"R\u00fcckgabe - Decofoodshop","isPartOf":{"@id":"https:\/\/decofoodshop.nl\/#website"},"datePublished":"2020-03-17T12:32:37+00:00","dateModified":"2024-01-11T14:25:02+00:00","breadcrumb":{"@id":"https:\/\/decofoodshop.nl\/retourneren-2\/#breadcrumb"},"inLanguage":"de","potentialAction":[{"@type":"ReadAction","target":["https:\/\/decofoodshop.nl\/retourneren-2\/"]}]},{"@type":"BreadcrumbList","@id":"https:\/\/decofoodshop.nl\/retourneren-2\/#breadcrumb","itemListElement":[{"@type":"ListItem","position":1,"name":"Home","item":"https:\/\/decofoodshop.nl\/"},{"@type":"ListItem","position":2,"name":"Retour"}]},{"@type":"WebSite","@id":"https:\/\/decofoodshop.nl\/#website","url":"https:\/\/decofoodshop.nl\/","name":"Dekofoodshop","description":"","potentialAction":[{"@type":"SearchAction","target":{"@type":"EntryPoint","urlTemplate":"https:\/\/decofoodshop.nl\/?s={search_term_string}"},"query-input":{"@type":"PropertyValueSpecification","valueRequired":true,"valueName":"search_term_string"}}],"inLanguage":"de"}]}},"_links":{"self":[{"href":"https:\/\/decofoodshop.nl\/de\/wp-json\/wp\/v2\/pages\/2827","targetHints":{"allow":["GET"]}}],"collection":[{"href":"https:\/\/decofoodshop.nl\/de\/wp-json\/wp\/v2\/pages"}],"about":[{"href":"https:\/\/decofoodshop.nl\/de\/wp-json\/wp\/v2\/types\/page"}],"author":[{"embeddable":true,"href":"https:\/\/decofoodshop.nl\/de\/wp-json\/wp\/v2\/users\/2"}],"replies":[{"embeddable":true,"href":"https:\/\/decofoodshop.nl\/de\/wp-json\/wp\/v2\/comments?post=2827"}],"version-history":[{"count":4,"href":"https:\/\/decofoodshop.nl\/de\/wp-json\/wp\/v2\/pages\/2827\/revisions"}],"predecessor-version":[{"id":9470,"href":"https:\/\/decofoodshop.nl\/de\/wp-json\/wp\/v2\/pages\/2827\/revisions\/9470"}],"wp:attachment":[{"href":"https:\/\/decofoodshop.nl\/de\/wp-json\/wp\/v2\/media?parent=2827"}],"curies":[{"name":"wp","href":"https:\/\/api.w.org\/{rel}","templated":true}]}}