{"id":2852,"date":"2020-04-02T12:27:14","date_gmt":"2020-04-02T12:27:14","guid":{"rendered":"https:\/\/decofoodshop.nl\/?page_id=2852"},"modified":"2020-05-08T17:23:53","modified_gmt":"2020-05-08T17:23:53","slug":"haftungsausschluss","status":"publish","type":"page","link":"https:\/\/decofoodshop.nl\/de\/disclaimer\/","title":{"rendered":"Haftungsausschluss"},"content":{"rendered":"<p><span style=\"font-weight: 400;\">Die folgenden Nutzungsbedingungen gelten f\u00fcr die Nutzung dieser Website (www.decofoodshop.nl). Durch die Nutzung dieser Website gelten die Nutzungsbedingungen als gelesen und akzeptiert.<\/span><\/p>\n<p><span style=\"font-weight: 400;\">\u00a0<\/span><b>Verwendung von Informationen<\/b><\/p>\n<p><span style=\"font-weight: 400;\">www.decofoodshop.nl ist bestrebt, auf dieser Website stets korrekte und aktuelle Informationen anzubieten. Obwohl diese Informationen mit gr\u00f6\u00dftm\u00f6glicher Sorgfalt zusammengestellt wurden, garantiert www.decofoodshop.nl nicht die Vollst\u00e4ndigkeit, Richtigkeit oder Aktualit\u00e4t der Informationen. Die rechtlichen Informationen auf der Website sind allgemeiner Art und k\u00f6nnen nicht als Ersatz f\u00fcr eine Rechtsberatung angesehen werden.<\/span><\/p>\n<p><span style=\"font-weight: 400;\">\u00a0<\/span><span style=\"font-weight: 400;\">Aus den Informationen k\u00f6nnen keine Rechte abgeleitet werden. www.decofoodshop.nl \u00fcbernimmt keine Haftung f\u00fcr Sch\u00e4den, die sich aus der Nutzung der Informationen oder der Website ergeben, noch f\u00fcr die Fehlfunktion der Website.<\/span><\/p>\n<p><span style=\"font-weight: 400;\">Aufgrund des Sendens und Empfangens von Informationen \u00fcber die Website oder per E-Mail kann nicht automatisch eine Beziehung zwischen www.decofoodshop.nl und dem Benutzer der Website entstehen.<\/span><\/p>\n<p><span style=\"font-weight: 400;\">\u00a0<\/span><b>Email<\/b><\/p>\n<p><span style=\"font-weight: 400;\">www.decofoodshop.nl garantiert nicht, dass an sie gesendete E-Mails (p\u00fcnktlich) empfangen oder bearbeitet werden, da der rechtzeitige Erhalt von E-Mails nicht garantiert werden kann. Auch die Sicherheit des E-Mail-Verkehrs kann aufgrund der damit verbundenen Sicherheitsrisiken nicht vollst\u00e4ndig gew\u00e4hrleistet werden. Indem Sie mit www.decofoodshop.nl per E-Mail ohne Verschl\u00fcsselung oder Passwortschutz korrespondieren, akzeptieren Sie dieses Risiko.<\/span><\/p>\n<p><span style=\"font-weight: 400;\">\u00a0<\/span><b>Hyperlinks<\/b><\/p>\n<p><span style=\"font-weight: 400;\">Diese Website kann Hyperlinks zu Websites Dritter enthalten. www.decofoodshop.nl hat keinen Einfluss auf Websites Dritter und ist nicht verantwortlich f\u00fcr deren Verf\u00fcgbarkeit oder Inhalt. www.decofoodshop.nl \u00fcbernimmt daher keine Haftung f\u00fcr Sch\u00e4den, die sich aus der Nutzung von Websites Dritter ergeben.<\/span><\/p>","protected":false},"excerpt":{"rendered":"<p>Op het gebruik van deze website (www.decofoodshop.nl) zijn onderstaande gebruiksvoorwaarden van toepassing. Door gebruik te maken van deze website, wordt u geacht kennis te hebben genomen van de gebruiksvoorwaarden en deze te hebben aanvaard. \u00a0Gebruik van informatie www.decofoodshop.nl streeft ernaar op deze website altijd juiste en actuele informatie aan te bieden. Hoewel deze informatie met [&hellip;]<\/p>\n","protected":false},"author":2,"featured_media":0,"parent":0,"menu_order":0,"comment_status":"closed","ping_status":"closed","template":"","meta":{"_acf_changed":false,"_genesis_hide_title":false,"_genesis_hide_breadcrumbs":false,"_genesis_hide_singular_image":false,"_genesis_hide_footer_widgets":false,"_genesis_custom_body_class":"","_genesis_custom_post_class":"","_genesis_layout":"","footnotes":""},"class_list":{"0":"post-2852","1":"page","2":"type-page","3":"status-publish","5":"entry"},"acf":[],"yoast_head":"<!-- This site is optimized with the Yoast SEO Premium plugin v27.3 (Yoast SEO v27.3) - https:\/\/yoast.com\/product\/yoast-seo-premium-wordpress\/ -->\n<title>Disclaimer - Decofoodshop<\/title>\n<meta name=\"robots\" content=\"index, follow, max-snippet:-1, max-image-preview:large, max-video-preview:-1\" \/>\n<link rel=\"canonical\" href=\"https:\/\/decofoodshop.nl\/de\/haftungsausschluss\/\" \/>\n<meta property=\"og:locale\" content=\"de_DE\" \/>\n<meta property=\"og:type\" content=\"article\" \/>\n<meta property=\"og:title\" content=\"Disclaimer\" \/>\n<meta property=\"og:description\" content=\"Op het gebruik van deze website (www.decofoodshop.nl) zijn onderstaande gebruiksvoorwaarden van toepassing. Door gebruik te maken van deze website, wordt u geacht kennis te hebben genomen van de gebruiksvoorwaarden en deze te hebben aanvaard. \u00a0Gebruik van informatie www.decofoodshop.nl streeft ernaar op deze website altijd juiste en actuele informatie aan te bieden. Hoewel deze informatie met [&hellip;]\" \/>\n<meta property=\"og:url\" content=\"https:\/\/decofoodshop.nl\/de\/haftungsausschluss\/\" \/>\n<meta property=\"og:site_name\" content=\"Decofoodshop\" \/>\n<meta property=\"article:modified_time\" content=\"2020-05-08T17:23:53+00:00\" \/>\n<meta name=\"twitter:card\" content=\"summary_large_image\" \/>\n<meta name=\"twitter:label1\" content=\"Gesch\u00e4tzte Lesezeit\" \/>\n\t<meta name=\"twitter:data1\" content=\"1\u00a0Minute\" \/>\n<script type=\"application\/ld+json\" class=\"yoast-schema-graph\">{\"@context\":\"https:\\\/\\\/schema.org\",\"@graph\":[{\"@type\":\"WebPage\",\"@id\":\"https:\\\/\\\/decofoodshop.nl\\\/disclaimer\\\/\",\"url\":\"https:\\\/\\\/decofoodshop.nl\\\/disclaimer\\\/\",\"name\":\"Disclaimer - Decofoodshop\",\"isPartOf\":{\"@id\":\"https:\\\/\\\/decofoodshop.nl\\\/#website\"},\"datePublished\":\"2020-04-02T12:27:14+00:00\",\"dateModified\":\"2020-05-08T17:23:53+00:00\",\"breadcrumb\":{\"@id\":\"https:\\\/\\\/decofoodshop.nl\\\/disclaimer\\\/#breadcrumb\"},\"inLanguage\":\"de\",\"potentialAction\":[{\"@type\":\"ReadAction\",\"target\":[\"https:\\\/\\\/decofoodshop.nl\\\/disclaimer\\\/\"]}]},{\"@type\":\"BreadcrumbList\",\"@id\":\"https:\\\/\\\/decofoodshop.nl\\\/disclaimer\\\/#breadcrumb\",\"itemListElement\":[{\"@type\":\"ListItem\",\"position\":1,\"name\":\"Home\",\"item\":\"https:\\\/\\\/decofoodshop.nl\\\/\"},{\"@type\":\"ListItem\",\"position\":2,\"name\":\"Disclaimer\"}]},{\"@type\":\"WebSite\",\"@id\":\"https:\\\/\\\/decofoodshop.nl\\\/#website\",\"url\":\"https:\\\/\\\/decofoodshop.nl\\\/\",\"name\":\"Decofoodshop\",\"description\":\"\",\"potentialAction\":[{\"@type\":\"SearchAction\",\"target\":{\"@type\":\"EntryPoint\",\"urlTemplate\":\"https:\\\/\\\/decofoodshop.nl\\\/?s={search_term_string}\"},\"query-input\":{\"@type\":\"PropertyValueSpecification\",\"valueRequired\":true,\"valueName\":\"search_term_string\"}}],\"inLanguage\":\"de\"}]}<\/script>\n<!-- \/ Yoast SEO Premium plugin. -->","yoast_head_json":{"title":"Haftungsausschluss - Dekofoodshop","robots":{"index":"index","follow":"follow","max-snippet":"max-snippet:-1","max-image-preview":"max-image-preview:large","max-video-preview":"max-video-preview:-1"},"canonical":"https:\/\/decofoodshop.nl\/de\/haftungsausschluss\/","og_locale":"de_DE","og_type":"article","og_title":"Disclaimer","og_description":"Op het gebruik van deze website (www.decofoodshop.nl) zijn onderstaande gebruiksvoorwaarden van toepassing. Door gebruik te maken van deze website, wordt u geacht kennis te hebben genomen van de gebruiksvoorwaarden en deze te hebben aanvaard. \u00a0Gebruik van informatie www.decofoodshop.nl streeft ernaar op deze website altijd juiste en actuele informatie aan te bieden. Hoewel deze informatie met [&hellip;]","og_url":"https:\/\/decofoodshop.nl\/de\/haftungsausschluss\/","og_site_name":"Decofoodshop","article_modified_time":"2020-05-08T17:23:53+00:00","twitter_card":"summary_large_image","twitter_misc":{"Gesch\u00e4tzte Lesezeit":"1\u00a0Minute"},"schema":{"@context":"https:\/\/schema.org","@graph":[{"@type":"WebPage","@id":"https:\/\/decofoodshop.nl\/disclaimer\/","url":"https:\/\/decofoodshop.nl\/disclaimer\/","name":"Haftungsausschluss - Dekofoodshop","isPartOf":{"@id":"https:\/\/decofoodshop.nl\/#website"},"datePublished":"2020-04-02T12:27:14+00:00","dateModified":"2020-05-08T17:23:53+00:00","breadcrumb":{"@id":"https:\/\/decofoodshop.nl\/disclaimer\/#breadcrumb"},"inLanguage":"de","potentialAction":[{"@type":"ReadAction","target":["https:\/\/decofoodshop.nl\/disclaimer\/"]}]},{"@type":"BreadcrumbList","@id":"https:\/\/decofoodshop.nl\/disclaimer\/#breadcrumb","itemListElement":[{"@type":"ListItem","position":1,"name":"Home","item":"https:\/\/decofoodshop.nl\/"},{"@type":"ListItem","position":2,"name":"Disclaimer"}]},{"@type":"WebSite","@id":"https:\/\/decofoodshop.nl\/#website","url":"https:\/\/decofoodshop.nl\/","name":"Dekofoodshop","description":"","potentialAction":[{"@type":"SearchAction","target":{"@type":"EntryPoint","urlTemplate":"https:\/\/decofoodshop.nl\/?s={search_term_string}"},"query-input":{"@type":"PropertyValueSpecification","valueRequired":true,"valueName":"search_term_string"}}],"inLanguage":"de"}]}},"_links":{"self":[{"href":"https:\/\/decofoodshop.nl\/de\/wp-json\/wp\/v2\/pages\/2852","targetHints":{"allow":["GET"]}}],"collection":[{"href":"https:\/\/decofoodshop.nl\/de\/wp-json\/wp\/v2\/pages"}],"about":[{"href":"https:\/\/decofoodshop.nl\/de\/wp-json\/wp\/v2\/types\/page"}],"author":[{"embeddable":true,"href":"https:\/\/decofoodshop.nl\/de\/wp-json\/wp\/v2\/users\/2"}],"replies":[{"embeddable":true,"href":"https:\/\/decofoodshop.nl\/de\/wp-json\/wp\/v2\/comments?post=2852"}],"version-history":[{"count":0,"href":"https:\/\/decofoodshop.nl\/de\/wp-json\/wp\/v2\/pages\/2852\/revisions"}],"wp:attachment":[{"href":"https:\/\/decofoodshop.nl\/de\/wp-json\/wp\/v2\/media?parent=2852"}],"curies":[{"name":"wp","href":"https:\/\/api.w.org\/{rel}","templated":true}]}}