{"id":5176,"date":"2021-12-01T16:52:55","date_gmt":"2021-12-01T15:52:55","guid":{"rendered":"https:\/\/decofoodshop.nl\/decofoodshop-privacy-policy\/"},"modified":"2021-12-01T16:52:55","modified_gmt":"2021-12-01T15:52:55","slug":"decofoodshop-datenschutzrichtlinie","status":"publish","type":"page","link":"https:\/\/decofoodshop.nl\/de\/decofoodshop-privacy-policy\/","title":{"rendered":"Decofoodshop-Datenschutzrichtlinie"},"content":{"rendered":"<p>|||UNTRANSLATED_CONTENT_START|||<br \/>\n            <span style=\"font-weight: 400;\">Diese Seite wurde zuletzt ge\u00e4ndert<\/span><span style=\"font-weight: 400;\">tr am 3-4-2021. <\/span>|||UNTRANSLATED_CONTENT_END||| <\/p>\n<p><span style=\"font-weight: 400;\">Wir wissen es zu sch\u00e4tzen, dass Sie uns Ihr Vertrauen schenken. Wir sehen es daher als unsere Verantwortung an, Ihre Privatsph\u00e4re zu sch\u00fctzen. Auf dieser Seite erkl\u00e4ren wir, welche Daten wir sammeln, wenn Sie unsere Website nutzen, warum wir diese Daten sammeln und wie wir sie verwenden, um das Benutzererlebnis zu verbessern. Auf diese Weise k\u00f6nnen wir unseren Ansatz vollst\u00e4ndig transparent machen. <\/span><\/p>\n<p><span style=\"font-weight: 400;\">Diese Datenschutzerkl\u00e4rung gilt f\u00fcr die Dienste von <\/span>. <span style=\"color: #008000;\"><i><span style=\"font-weight: 400;\">Dekofoodshop<\/span><\/i>.<br \/>\n <\/span><span style=\"font-weight: 400;\"><span style=\"color: #008000;\">.<\/span> <\/span> <\/p>\n<h3><span style=\"font-weight: 400; color: #008000;\">Zu den Personen, von denen wir personenbezogene Daten verarbeiten, geh\u00f6ren:<\/span><\/h3>\n<p><span style=\"font-weight: 400;\">\u2013 Website-Besucher \u2013 Unsere Kunden und Gesch\u00e4ftspartner \u2013 Personen, deren Daten wir aufgrund einer Vereinbarung verarbeiten \u2013 Kontaktpersonen von Lieferanten, Kunden und Dritten, mit denen wir zusammenarbeiten \u2013 Personen, die sich mit Fragen oder Interesse an uns wenden. <\/span><\/p>\n<h3><span style=\"font-weight: 400; color: #008000;\">Zu den Parteien, die Ihre personenbezogenen Daten erhalten, geh\u00f6ren:<\/span><\/h3>\n<p><span style=\"font-weight: 400;\">\u2013 Unsere Lieferanten, sofern dies zur Lieferung der von Ihnen bestellten Waren erforderlich ist <\/span><\/p>\n<p><span style=\"font-weight: 400;\">\u2013 Dritte, falls dies erforderlich ist und sich aus einer Vereinbarung, einer Einwilligung oder aus dem Gesetz ergibt, wie z. B. ein Paketzustellunternehmen. <\/span><\/p>\n<h3><span style=\"font-weight: 400; color: #008000;\">Zu den Parteien, von denen wir personenbezogene Daten erhalten, geh\u00f6ren:<\/span><\/h3>\n<p><span style=\"font-weight: 400;\">Personenbezogene Daten erhalten wir haupts\u00e4chlich von Ihnen als Kunde. Zum Beispiel, wenn Sie eine Bestellung aufgeben und Ihre Daten in das Bestellformular eintragen. Wenn Sie diese Informationen nicht bereitstellen, k\u00f6nnen wir Ihre Bestellung nicht bearbeiten und an Sie liefern. Es ist auch m\u00f6glich, dass ein Kunde\/Lieferant\/Dritter Ihre personenbezogenen Daten bereitstellt. Zum Beispiel, wenn Sie ein Paket f\u00fcr eine andere Person annehmen und diese Person Ihre Adressdaten angegeben hat. <\/span><\/p>\n<h3><span style=\"font-weight: 400; color: #008000;\">Zwecke und Verarbeitung personenbezogener Daten:<\/span><\/h3>\n<ol>\n<li>Wenn Sie uns kontaktieren, eine Bestellung aufgeben oder Ihr Konto \u00e4ndern, <span style=\"font-size: 16px;\">Ihr Vor- und Nachname, Firmenname, Adresse, E-Mail-Adresse, Telefonnummer und IP-Adresse werden verarbeitet, um Ihre Bestellung vorzubereiten oder Ihre Frage(n) zu beantworten.<\/span><\/li>\n<li>Wenn Sie Kontaktperson f\u00fcr eine Organisation sind, werden Ihr Vor- und Nachname, Ihre Telefonnummer und Ihre E-Mail-Adresse verwendet, damit wir Sie kontaktieren und die Vereinbarung durchf\u00fchren k\u00f6nnen.<\/li>\n<li>Wenn Sie sich f\u00fcr unseren Newsletter anmelden, verarbeiten wir Ihren Namen und Ihre E-Mail-Adresse, um den Newsletter zu personalisieren und Ihnen per E-Mail zuzusenden. Sie k\u00f6nnen den Newsletter jederzeit abbestellen. Unten im Newsletter wird erkl\u00e4rt, wie das geht.<\/li>\n<li>Bei der Erstellung eines Accounts f\u00fcr unseren Webshop verarbeiten wir zus\u00e4tzlich zu den unter 1. und\/oder 2. genannten Daten auch den von Ihnen gesetzten Benutzernamen und das Passwort. Wir werden diese Daten stets vertraulich behandeln.<\/li>\n<li>Cookies, Google Analytics oder Google Ads und \u00e4hnliches erm\u00f6glichen uns zu verfolgen, wie Besucher unsere Website nutzen. Dies erm\u00f6glicht es uns, unsere Website und Dienstleistungen zu verbessern und besser auf die Bed\u00fcrfnisse unserer Kunden und Besucher einzugehen. Zu diesem Zweck verarbeiten wir Daten \u00fcber die von Ihnen besuchten Seiten, Ihr Klick- und Surfverhalten sowie die Dauer Ihrer Sitzung.<\/li>\n<li><span style=\"font-weight: 400;\">Um sicherzustellen, dass unsere Website optimal funktioniert, verwenden unsere <\/span>Webserver erfasst Ihre IP-Adresse, Ihr Betriebssystem und Ihren Browser im Falle von Fehlermeldungen, wenn Sie sich anmelden oder unseren Webshop nutzen. Dies erm\u00f6glicht uns, unsere Website zu optimieren und Fehler zu beheben und zu verhindern.<\/li>\n<li>Wir sind in den sozialen Medien aktiv. Wenn Sie uns \u00fcber soziale Medien kontaktieren, k\u00f6nnen wir Ihren Namen, Ihre E-Mail-Adresse oder Ihre soziale ID verarbeiten, damit wir Sie kontaktieren und Ihre Frage(n) beantworten k\u00f6nnen.<\/li>\n<li>Zu Verwaltungs- und Abrechnungszwecken k\u00f6nnen wir die Daten von Ansprechpartnern und ggf. deren Adressdaten verarbeiten.<\/li>\n<li>Wir verarbeiten Zahlungsdaten, damit wir Ihre Zahlungen in unserer Verwaltung abwickeln k\u00f6nnen.<\/li>\n<li>Ihre Daten k\u00f6nnen f\u00fcr Werbe- und Marketingzwecke verwendet und gegebenenfalls an Dritte weitergegeben werden.<\/li>\n<li>Es werden nicht mehr personenbezogene Daten erhoben, als f\u00fcr die genannten Zwecke erforderlich sind. Wenn die Daten nicht f\u00fcr diese Zwecke aufbewahrt werden, k\u00f6nnen wir sie dennoch f\u00fcr Archivzwecke oder im Zusammenhang mit rechtlichen Angelegenheiten und Verj\u00e4hrungsfristen aufbewahren.<\/li>\n<\/ol>\n<h3><span style=\"font-weight: 400; color: #008000;\">Speicherung von Daten: <\/span><\/h3>\n<p><span style=\"font-weight: 400;\">Decofoodshop speichert personenbezogene Daten f\u00fcr die Dauer des Dienstes oder so lange, wie es f\u00fcr andere Zwecke erforderlich ist. Personenbezogene Daten k\u00f6nnen nach Ablauf der Vertragslaufzeit, im Zusammenhang mit steuerrechtlichen Aufbewahrungsfristen (Verwaltung von 7 Jahren), gesetzlichen Verj\u00e4hrungsfristen (Reklamation innerhalb einer bestimmten Frist) oder weil Sie ein Konto bei uns haben und Bestellungen aufgeben, gespeichert werden die Zukunft. <\/span><\/p>\n<h3><span style=\"font-weight: 400; color: #008000;\">Dritte: <\/span><\/h3>\n<p><span style=\"font-weight: 400;\">Ihre personenbezogenen Daten werden ohne Ihre Zustimmung nicht an Dritte verkauft oder vermietet, es sei denn, dies ist f\u00fcr die Vertragserf\u00fcllung erforderlich, wie z. B. die \u00dcbermittlung Ihrer Adressdaten an den Paketzusteller. In einigen F\u00e4llen k\u00f6nnen Informationen intern geteilt werden. Unsere Mitarbeiter sind verpflichtet, jederzeit die Vertraulichkeit Ihrer Daten zu wahren. <\/span><\/p>\n<p><span style=\"font-weight: 400;\">Um den Zahlungsverkehr zwischen unseren Kunden und Decofoodshop durchzuf\u00fchren, arbeiten wir mit Zahlungsdienstleistern zusammen, die einen Gro\u00dfteil unserer Zahlungen abwickeln, darunter Mollie.com. Wir stellen diesen Parteien nur die Daten zur Verf\u00fcgung, die f\u00fcr die Durchf\u00fchrung des Vertrags und die administrative Abwicklung Ihrer Zahlung erforderlich sind. Dar\u00fcber hinaus arbeiten wir mit Postmark zusammen, um die Korrespondenz mit unseren Kunden zu f\u00fchren. <\/span><\/p>\n<h3><span style=\"font-weight: 400; color: #008000;\">Sicherheit: <\/span><\/h3>\n<p><span style=\"font-weight: 400;\">Decofoodshop ergreift ausreichende technische und organisatorische Ma\u00dfnahmen, um personenbezogene Daten vor Verlust oder jeglicher Form von rechtswidriger Verarbeitung zu sch\u00fctzen. Diese Ma\u00dfnahmen m\u00fcssen im Hinblick auf die konkreten Risiken der Verarbeitung und die Art der zu sch\u00fctzenden Daten unter Ber\u00fccksichtigung des Stands der Technik und der Umsetzungskosten ein angemessenes Sicherheitsniveau bieten. Die Ma\u00dfnahmen zielen auch darauf ab, eine unn\u00f6tige Erhebung und Weiterverarbeitung personenbezogener Daten zu verhindern. <\/span><\/p>\n<h3><span style=\"font-weight: 400; color: #008000;\">Deine Rechte: <\/span><\/h3>\n<p><span style=\"font-weight: 400;\">Sie k\u00f6nnen die personenbezogenen Daten auf Anfrage einsehen, l\u00f6schen, \u00e4ndern, vernichten oder einschr\u00e4nken. Sie k\u00f6nnen auch Ihre Einwilligung zur Weitergabe Ihrer Daten an Dritte widerrufen. Wir werden Ihrer Anfrage so schnell wie m\u00f6glich nachkommen, sp\u00e4testens jedoch innerhalb von 30 Tagen. <\/span><\/p>\n<p><span style=\"font-weight: 400;\">Sie k\u00f6nnen der Verwendung Ihrer personenbezogenen Daten widersprechen, wenn sie f\u00fcr andere als die in dieser Richtlinie vereinbarten oder angegebenen Zwecke verwendet werden. Sie haben auch das Recht, eine Beschwerde bei uns oder bei der Beh\u00f6rde f\u00fcr personenbezogene Daten einzureichen. <\/span><\/p>\n<p><span style=\"font-weight: 400;\">Sie k\u00f6nnen Ihre Anfrage oder Beschwerde an unser B\u00fcro zu H\u00e4nden der Gesch\u00e4ftsleitung unter info@ decofoodshop.nl richten <\/span><\/p>\n<h3><span style=\"font-weight: 400; color: #008000;\">\u00c4nderungen:<\/span><\/h3>\n<p><span style=\"font-weight: 400;\">Unsere Datenschutzerkl\u00e4rung kann sich \u00e4ndern, wenn neue Entwicklungen dazu Anlass geben. Auf unserer Website finden Sie immer die aktuellste Richtlinie. <\/span><\/p>\n<h3><span style=\"font-weight: 400; color: #008000;\">Fragen und Feedback: <\/span><\/h3>\n<p><span style=\"font-weight: 400;\">Wir \u00fcberpr\u00fcfen regelm\u00e4\u00dfig die Einhaltung dieser Datenschutzerkl\u00e4rung. Wenn Sie Fragen zu dieser Datenschutzerkl\u00e4rung haben, z\u00f6gern Sie bitte nicht, uns zu kontaktieren: <\/span><\/p>\n<ul>\n<li><i><span style=\"font-weight: 400;\">Dekofoodladen Koningshoek 14<\/span><\/i><\/li>\n<li><i><span style=\"font-weight: 400;\"> 5094CD Niedrige Ant<\/span><\/i><\/li>\n<li>Niederlande<\/li>\n<li><i><span style=\"font-weight: 400;\"> info@decofoodshop.com<\/span><\/i><\/li>\n<\/ul>","protected":false},"excerpt":{"rendered":"<p>|||UNTRANSLATED_CONTENT_START||| Deze pagina is voor het laatst aangepast op 3-4-2021. |||UNTRANSLATED_CONTENT_END||| We appreciate that you place your trust in us. We therefore consider it our responsibility to protect your privacy. On this page we will explain what data we collect when you use our website, why we collect these data and how we use them [&hellip;]<\/p>\n","protected":false},"author":2,"featured_media":0,"parent":0,"menu_order":0,"comment_status":"closed","ping_status":"closed","template":"","meta":{"_acf_changed":false,"_genesis_hide_title":false,"_genesis_hide_breadcrumbs":false,"_genesis_hide_singular_image":false,"_genesis_hide_footer_widgets":false,"_genesis_custom_body_class":"","_genesis_custom_post_class":"","_genesis_layout":"","footnotes":""},"class_list":{"0":"post-5176","1":"page","2":"type-page","3":"status-publish","5":"entry"},"acf":[],"yoast_head":"<!-- This site is optimized with the Yoast SEO Premium plugin v27.5 (Yoast SEO v27.5) - https:\/\/yoast.com\/product\/yoast-seo-premium-wordpress\/ -->\n<title>Decofoodshop Privacy Policy - Decofoodshop<\/title>\n<meta name=\"robots\" content=\"index, follow, max-snippet:-1, max-image-preview:large, max-video-preview:-1\" \/>\n<link rel=\"canonical\" href=\"https:\/\/www.decofoodshop.com\/decofoodshop-privacy-policy\/\" \/>\n<meta property=\"og:locale\" content=\"de_DE\" \/>\n<meta property=\"og:type\" content=\"article\" \/>\n<meta property=\"og:title\" content=\"Decofoodshop Privacy Policy\" \/>\n<meta property=\"og:description\" content=\"|||UNTRANSLATED_CONTENT_START||| Deze pagina is voor het laatst aangepast op 3-4-2021. |||UNTRANSLATED_CONTENT_END||| We appreciate that you place your trust in us. We therefore consider it our responsibility to protect your privacy. On this page we will explain what data we collect when you use our website, why we collect these data and how we use them [&hellip;]\" \/>\n<meta property=\"og:url\" content=\"https:\/\/www.decofoodshop.com\/decofoodshop-privacy-policy\/\" \/>\n<meta property=\"og:site_name\" content=\"Decofoodshop\" \/>\n<meta name=\"twitter:card\" content=\"summary_large_image\" \/>\n<meta name=\"twitter:label1\" content=\"Gesch\u00e4tzte Lesezeit\" \/>\n\t<meta name=\"twitter:data1\" content=\"5\u00a0Minuten\" \/>\n<script type=\"application\/ld+json\" class=\"yoast-schema-graph\">{\"@context\":\"https:\\\/\\\/schema.org\",\"@graph\":[{\"@type\":\"WebPage\",\"@id\":\"https:\\\/\\\/www.decofoodshop.com\\\/decofoodshop-privacy-policy\\\/\",\"url\":\"https:\\\/\\\/www.decofoodshop.com\\\/decofoodshop-privacy-policy\\\/\",\"name\":\"Decofoodshop Privacy Policy - Decofoodshop\",\"isPartOf\":{\"@id\":\"https:\\\/\\\/decofoodshop.nl\\\/#website\"},\"datePublished\":\"2021-12-01T15:52:55+00:00\",\"breadcrumb\":{\"@id\":\"https:\\\/\\\/www.decofoodshop.com\\\/decofoodshop-privacy-policy\\\/#breadcrumb\"},\"inLanguage\":\"de\",\"potentialAction\":[{\"@type\":\"ReadAction\",\"target\":[\"https:\\\/\\\/www.decofoodshop.com\\\/decofoodshop-privacy-policy\\\/\"]}]},{\"@type\":\"BreadcrumbList\",\"@id\":\"https:\\\/\\\/www.decofoodshop.com\\\/decofoodshop-privacy-policy\\\/#breadcrumb\",\"itemListElement\":[{\"@type\":\"ListItem\",\"position\":1,\"name\":\"Home\",\"item\":\"https:\\\/\\\/decofoodshop.nl\\\/\"},{\"@type\":\"ListItem\",\"position\":2,\"name\":\"Decofoodshop Privacy Policy\"}]},{\"@type\":\"WebSite\",\"@id\":\"https:\\\/\\\/decofoodshop.nl\\\/#website\",\"url\":\"https:\\\/\\\/decofoodshop.nl\\\/\",\"name\":\"Decofoodshop\",\"description\":\"\",\"potentialAction\":[{\"@type\":\"SearchAction\",\"target\":{\"@type\":\"EntryPoint\",\"urlTemplate\":\"https:\\\/\\\/decofoodshop.nl\\\/?s={search_term_string}\"},\"query-input\":{\"@type\":\"PropertyValueSpecification\",\"valueRequired\":true,\"valueName\":\"search_term_string\"}}],\"inLanguage\":\"de\"}]}<\/script>\n<!-- \/ Yoast SEO Premium plugin. -->","yoast_head_json":{"title":"Datenschutzrichtlinie von Decofoodshop - Decofoodshop","robots":{"index":"index","follow":"follow","max-snippet":"max-snippet:-1","max-image-preview":"max-image-preview:large","max-video-preview":"max-video-preview:-1"},"canonical":"https:\/\/www.decofoodshop.com\/decofoodshop-privacy-policy\/","og_locale":"de_DE","og_type":"article","og_title":"Decofoodshop Privacy Policy","og_description":"|||UNTRANSLATED_CONTENT_START||| Deze pagina is voor het laatst aangepast op 3-4-2021. |||UNTRANSLATED_CONTENT_END||| We appreciate that you place your trust in us. We therefore consider it our responsibility to protect your privacy. On this page we will explain what data we collect when you use our website, why we collect these data and how we use them [&hellip;]","og_url":"https:\/\/www.decofoodshop.com\/decofoodshop-privacy-policy\/","og_site_name":"Decofoodshop","twitter_card":"summary_large_image","twitter_misc":{"Gesch\u00e4tzte Lesezeit":"5\u00a0Minuten"},"schema":{"@context":"https:\/\/schema.org","@graph":[{"@type":"WebPage","@id":"https:\/\/www.decofoodshop.com\/decofoodshop-privacy-policy\/","url":"https:\/\/www.decofoodshop.com\/decofoodshop-privacy-policy\/","name":"Datenschutzrichtlinie von Decofoodshop - Decofoodshop","isPartOf":{"@id":"https:\/\/decofoodshop.nl\/#website"},"datePublished":"2021-12-01T15:52:55+00:00","breadcrumb":{"@id":"https:\/\/www.decofoodshop.com\/decofoodshop-privacy-policy\/#breadcrumb"},"inLanguage":"de","potentialAction":[{"@type":"ReadAction","target":["https:\/\/www.decofoodshop.com\/decofoodshop-privacy-policy\/"]}]},{"@type":"BreadcrumbList","@id":"https:\/\/www.decofoodshop.com\/decofoodshop-privacy-policy\/#breadcrumb","itemListElement":[{"@type":"ListItem","position":1,"name":"Home","item":"https:\/\/decofoodshop.nl\/"},{"@type":"ListItem","position":2,"name":"Decofoodshop Privacy Policy"}]},{"@type":"WebSite","@id":"https:\/\/decofoodshop.nl\/#website","url":"https:\/\/decofoodshop.nl\/","name":"Dekofoodshop","description":"","potentialAction":[{"@type":"SearchAction","target":{"@type":"EntryPoint","urlTemplate":"https:\/\/decofoodshop.nl\/?s={search_term_string}"},"query-input":{"@type":"PropertyValueSpecification","valueRequired":true,"valueName":"search_term_string"}}],"inLanguage":"de"}]}},"_links":{"self":[{"href":"https:\/\/decofoodshop.nl\/de\/wp-json\/wp\/v2\/pages\/5176","targetHints":{"allow":["GET"]}}],"collection":[{"href":"https:\/\/decofoodshop.nl\/de\/wp-json\/wp\/v2\/pages"}],"about":[{"href":"https:\/\/decofoodshop.nl\/de\/wp-json\/wp\/v2\/types\/page"}],"author":[{"embeddable":true,"href":"https:\/\/decofoodshop.nl\/de\/wp-json\/wp\/v2\/users\/2"}],"replies":[{"embeddable":true,"href":"https:\/\/decofoodshop.nl\/de\/wp-json\/wp\/v2\/comments?post=5176"}],"version-history":[{"count":0,"href":"https:\/\/decofoodshop.nl\/de\/wp-json\/wp\/v2\/pages\/5176\/revisions"}],"wp:attachment":[{"href":"https:\/\/decofoodshop.nl\/de\/wp-json\/wp\/v2\/media?parent=5176"}],"curies":[{"name":"wp","href":"https:\/\/api.w.org\/{rel}","templated":true}]}}