{"id":10061,"date":"2024-04-10T20:25:31","date_gmt":"2024-04-10T18:25:31","guid":{"rendered":"https:\/\/decofoodshop.nl\/?post_type=product&#038;p=10061"},"modified":"2026-03-02T11:58:19","modified_gmt":"2026-03-02T10:58:19","slug":"set-mit-gefalschten-sushi-bechern","status":"publish","type":"product","link":"https:\/\/decofoodshop.nl\/de\/product\/nep-sushi-cups-set\/","title":{"rendered":"Gef\u00e4lschtes Sushi-Tassen-Set"},"content":{"rendered":"<p>Sehr dekoratives Fake-Sushi-Becher-Set bestehend aus vier Teilen.<\/p>\n<p>Diese gef\u00e4lschten Sushi-Becher sind genau wie die echten.<\/p>\n<p>Alle vier Tassen bestehen aus kleinen schwarzen Schalen.<\/p>\n<p>Die gef\u00e4lschten Sushi-Schalen enthalten wei\u00dfen Kunstreis in Originalgr\u00f6\u00dfe.<\/p>\n<p>Auf jedes St\u00fcck Kunstreis wird ein St\u00fcck Kunstfisch gelegt.<\/p>\n<p>Eine Sch\u00fcssel mit k\u00fcnstlichem Lachs, eine mit k\u00fcnstlichem Thunfisch, eine mit k\u00fcnstlichem Felchen und eine mit k\u00fcnstlichen Fischeiern.<\/p>\n<p>Alle vier Schalen werden mit einem lebendigen Topping abgerundet.<\/p>\n<p>\u00c4u\u00dferst dekorativ und wie echt.<\/p>\n<p>Das Fake Sushi Cups Set ist au\u00dferdem besonders stabil.<\/p>\n<p>Sehr gut geeignet als Dekoration f\u00fcr Restaurants, Foodtrucks, Werbe- und Schaufenster.<\/p>\n<p>Weitere dekorative Lebensmittel finden Sie auch in der Kategorie mit \u201e<a href=\"https:\/\/decofoodshop.nl\/de\/produktkategorie-2\/andere\/\"><span style=\"color: #008000;\"><strong>Andere<\/strong><\/span><\/a>&#8220;.<\/p>","protected":false},"excerpt":{"rendered":"<p>Bijzonder decoratieve Nep Sushi Cups Set van vier stuks. Deze nepsushi cupjes zijn net echt. Alle vier de cups bestaan uit kleine zwarte schaaltjes. In de namaak sushi schaaltjes zit witte namaak rijst op waar formaat. Op de neprijst is telkens een stukje nepvis aangebracht. \u00c9en schaaltje met nepzalm, \u00e9\u00e9n met neptonijn, \u00e9\u00e9n met nepwitvis [&hellip;]<\/p>\n","protected":false},"featured_media":10064,"template":"","meta":{"_acf_changed":false,"_genesis_hide_title":false,"_genesis_hide_breadcrumbs":false,"_genesis_hide_singular_image":false,"_genesis_hide_footer_widgets":false,"_genesis_custom_body_class":"","_genesis_custom_post_class":"","_genesis_layout":""},"product_brand":[],"product_cat":[50,51],"product_tag":[],"class_list":{"0":"post-10061","1":"product","2":"type-product","3":"status-publish","4":"has-post-thumbnail","6":"product_cat-namaak-vis-en-vlees","7":"product_cat-overige","8":"entry","9":"wpx-has-gallery","11":"first","12":"instock","13":"taxable","14":"shipping-taxable","15":"purchasable","16":"product-type-simple"},"acf":[],"yoast_head":"<!-- This site is optimized with the Yoast SEO Premium plugin v27.3 (Yoast SEO v27.3) - https:\/\/yoast.com\/product\/yoast-seo-premium-wordpress\/ -->\n<title>Nep Sushi Cups Set - Decofoodshop<\/title>\n<meta name=\"description\" content=\"Nep Sushi Cups Set en meer namaak sushi bestellen bij Decofoodshop.nl Diverse soorten zeer fraaie kwaliteit kunst sushi props en namaak vis direct bezorgd.\" \/>\n<meta name=\"robots\" content=\"index, follow, max-snippet:-1, max-image-preview:large, max-video-preview:-1\" \/>\n<link rel=\"canonical\" href=\"https:\/\/decofoodshop.nl\/de\/produkt\/set-mit-gefalschten-sushi-bechern\/\" \/>\n<meta property=\"og:locale\" content=\"de_DE\" \/>\n<meta property=\"og:type\" content=\"article\" \/>\n<meta property=\"og:title\" content=\"Nep Sushi Cups Set\" \/>\n<meta property=\"og:description\" content=\"Nep Sushi Cups Set en meer namaak sushi bestellen bij Decofoodshop.nl Diverse soorten zeer fraaie kwaliteit kunst sushi props en namaak vis direct bezorgd.\" \/>\n<meta property=\"og:url\" content=\"https:\/\/decofoodshop.nl\/de\/produkt\/set-mit-gefalschten-sushi-bechern\/\" \/>\n<meta property=\"og:site_name\" content=\"Decofoodshop\" \/>\n<meta property=\"article:modified_time\" content=\"2026-03-02T10:58:19+00:00\" \/>\n<meta property=\"og:image\" content=\"https:\/\/decofoodshop.nl\/wp-content\/uploads\/2024\/04\/Sushi-Cups-set.jpg\" \/>\n\t<meta property=\"og:image:width\" content=\"1500\" \/>\n\t<meta property=\"og:image:height\" content=\"1500\" \/>\n\t<meta property=\"og:image:type\" content=\"image\/jpeg\" \/>\n<meta name=\"twitter:card\" content=\"summary_large_image\" \/>\n<meta name=\"twitter:label1\" content=\"Gesch\u00e4tzte Lesezeit\" \/>\n\t<meta name=\"twitter:data1\" content=\"1\u00a0Minute\" \/>\n<script type=\"application\/ld+json\" class=\"yoast-schema-graph\">{\"@context\":\"https:\\\/\\\/schema.org\",\"@graph\":[{\"@type\":\"WebPage\",\"@id\":\"https:\\\/\\\/decofoodshop.nl\\\/product\\\/nep-sushi-cups-set\\\/\",\"url\":\"https:\\\/\\\/decofoodshop.nl\\\/product\\\/nep-sushi-cups-set\\\/\",\"name\":\"Nep Sushi Cups Set - Decofoodshop\",\"isPartOf\":{\"@id\":\"https:\\\/\\\/decofoodshop.nl\\\/#website\"},\"primaryImageOfPage\":{\"@id\":\"https:\\\/\\\/decofoodshop.nl\\\/product\\\/nep-sushi-cups-set\\\/#primaryimage\"},\"image\":{\"@id\":\"https:\\\/\\\/decofoodshop.nl\\\/product\\\/nep-sushi-cups-set\\\/#primaryimage\"},\"thumbnailUrl\":\"https:\\\/\\\/decofoodshop.nl\\\/wp-content\\\/uploads\\\/2024\\\/04\\\/Sushi-Cups-set.jpg\",\"datePublished\":\"2024-04-10T18:25:31+00:00\",\"dateModified\":\"2026-03-02T10:58:19+00:00\",\"description\":\"Nep Sushi Cups Set en meer namaak sushi bestellen bij Decofoodshop.nl Diverse soorten zeer fraaie kwaliteit kunst sushi props en namaak vis direct bezorgd.\",\"breadcrumb\":{\"@id\":\"https:\\\/\\\/decofoodshop.nl\\\/product\\\/nep-sushi-cups-set\\\/#breadcrumb\"},\"inLanguage\":\"de\",\"potentialAction\":[{\"@type\":\"ReadAction\",\"target\":[\"https:\\\/\\\/decofoodshop.nl\\\/product\\\/nep-sushi-cups-set\\\/\"]}]},{\"@type\":\"ImageObject\",\"inLanguage\":\"de\",\"@id\":\"https:\\\/\\\/decofoodshop.nl\\\/product\\\/nep-sushi-cups-set\\\/#primaryimage\",\"url\":\"https:\\\/\\\/decofoodshop.nl\\\/wp-content\\\/uploads\\\/2024\\\/04\\\/Sushi-Cups-set.jpg\",\"contentUrl\":\"https:\\\/\\\/decofoodshop.nl\\\/wp-content\\\/uploads\\\/2024\\\/04\\\/Sushi-Cups-set.jpg\",\"width\":1500,\"height\":1500,\"caption\":\"Nep Sushi Cups Set enb meer fake sushi van Decofoodshop.nl\"},{\"@type\":\"BreadcrumbList\",\"@id\":\"https:\\\/\\\/decofoodshop.nl\\\/product\\\/nep-sushi-cups-set\\\/#breadcrumb\",\"itemListElement\":[{\"@type\":\"ListItem\",\"position\":1,\"name\":\"Home\",\"item\":\"https:\\\/\\\/decofoodshop.nl\\\/\"},{\"@type\":\"ListItem\",\"position\":2,\"name\":\"Winkel\",\"item\":\"https:\\\/\\\/decofoodshop.nl\\\/winkel\\\/\"},{\"@type\":\"ListItem\",\"position\":3,\"name\":\"Nep Sushi Cups Set\"}]},{\"@type\":\"WebSite\",\"@id\":\"https:\\\/\\\/decofoodshop.nl\\\/#website\",\"url\":\"https:\\\/\\\/decofoodshop.nl\\\/\",\"name\":\"Decofoodshop\",\"description\":\"\",\"potentialAction\":[{\"@type\":\"SearchAction\",\"target\":{\"@type\":\"EntryPoint\",\"urlTemplate\":\"https:\\\/\\\/decofoodshop.nl\\\/?s={search_term_string}\"},\"query-input\":{\"@type\":\"PropertyValueSpecification\",\"valueRequired\":true,\"valueName\":\"search_term_string\"}}],\"inLanguage\":\"de\"}]}<\/script>\n<!-- \/ Yoast SEO Premium plugin. -->","yoast_head_json":{"title":"Set mit gef\u00e4lschten Sushi-Bechern - Decofoodshop","description":"Bestellen Sie gef\u00e4lschte Sushi-Tassen und mehr gef\u00e4lschtes Sushi bei Decofoodshop.nl. Verschiedene Arten von Kunst-Sushi-Requisiten und gef\u00e4lschten Fischen in sehr sch\u00f6ner Qualit\u00e4t werden sofort geliefert.","robots":{"index":"index","follow":"follow","max-snippet":"max-snippet:-1","max-image-preview":"max-image-preview:large","max-video-preview":"max-video-preview:-1"},"canonical":"https:\/\/decofoodshop.nl\/de\/produkt\/set-mit-gefalschten-sushi-bechern\/","og_locale":"de_DE","og_type":"article","og_title":"Nep Sushi Cups Set","og_description":"Nep Sushi Cups Set en meer namaak sushi bestellen bij Decofoodshop.nl Diverse soorten zeer fraaie kwaliteit kunst sushi props en namaak vis direct bezorgd.","og_url":"https:\/\/decofoodshop.nl\/de\/produkt\/set-mit-gefalschten-sushi-bechern\/","og_site_name":"Decofoodshop","article_modified_time":"2026-03-02T10:58:19+00:00","og_image":[{"width":1500,"height":1500,"url":"https:\/\/decofoodshop.nl\/wp-content\/uploads\/2024\/04\/Sushi-Cups-set.jpg","type":"image\/jpeg"}],"twitter_card":"summary_large_image","twitter_misc":{"Gesch\u00e4tzte Lesezeit":"1\u00a0Minute"},"schema":{"@context":"https:\/\/schema.org","@graph":[{"@type":"WebPage","@id":"https:\/\/decofoodshop.nl\/product\/nep-sushi-cups-set\/","url":"https:\/\/decofoodshop.nl\/product\/nep-sushi-cups-set\/","name":"Set mit gef\u00e4lschten Sushi-Bechern - Decofoodshop","isPartOf":{"@id":"https:\/\/decofoodshop.nl\/#website"},"primaryImageOfPage":{"@id":"https:\/\/decofoodshop.nl\/product\/nep-sushi-cups-set\/#primaryimage"},"image":{"@id":"https:\/\/decofoodshop.nl\/product\/nep-sushi-cups-set\/#primaryimage"},"thumbnailUrl":"https:\/\/decofoodshop.nl\/wp-content\/uploads\/2024\/04\/Sushi-Cups-set.jpg","datePublished":"2024-04-10T18:25:31+00:00","dateModified":"2026-03-02T10:58:19+00:00","description":"Bestellen Sie gef\u00e4lschte Sushi-Tassen und mehr gef\u00e4lschtes Sushi bei Decofoodshop.nl. Verschiedene Arten von Kunst-Sushi-Requisiten und gef\u00e4lschten Fischen in sehr sch\u00f6ner Qualit\u00e4t werden sofort geliefert.","breadcrumb":{"@id":"https:\/\/decofoodshop.nl\/product\/nep-sushi-cups-set\/#breadcrumb"},"inLanguage":"de","potentialAction":[{"@type":"ReadAction","target":["https:\/\/decofoodshop.nl\/product\/nep-sushi-cups-set\/"]}]},{"@type":"ImageObject","inLanguage":"de","@id":"https:\/\/decofoodshop.nl\/product\/nep-sushi-cups-set\/#primaryimage","url":"https:\/\/decofoodshop.nl\/wp-content\/uploads\/2024\/04\/Sushi-Cups-set.jpg","contentUrl":"https:\/\/decofoodshop.nl\/wp-content\/uploads\/2024\/04\/Sushi-Cups-set.jpg","width":1500,"height":1500,"caption":"Nep Sushi Cups Set enb meer fake sushi van Decofoodshop.nl"},{"@type":"BreadcrumbList","@id":"https:\/\/decofoodshop.nl\/product\/nep-sushi-cups-set\/#breadcrumb","itemListElement":[{"@type":"ListItem","position":1,"name":"Home","item":"https:\/\/decofoodshop.nl\/"},{"@type":"ListItem","position":2,"name":"Winkel","item":"https:\/\/decofoodshop.nl\/winkel\/"},{"@type":"ListItem","position":3,"name":"Nep Sushi Cups Set"}]},{"@type":"WebSite","@id":"https:\/\/decofoodshop.nl\/#website","url":"https:\/\/decofoodshop.nl\/","name":"Dekofoodshop","description":"","potentialAction":[{"@type":"SearchAction","target":{"@type":"EntryPoint","urlTemplate":"https:\/\/decofoodshop.nl\/?s={search_term_string}"},"query-input":{"@type":"PropertyValueSpecification","valueRequired":true,"valueName":"search_term_string"}}],"inLanguage":"de"}]}},"_links":{"self":[{"href":"https:\/\/decofoodshop.nl\/de\/wp-json\/wp\/v2\/product\/10061","targetHints":{"allow":["GET"]}}],"collection":[{"href":"https:\/\/decofoodshop.nl\/de\/wp-json\/wp\/v2\/product"}],"about":[{"href":"https:\/\/decofoodshop.nl\/de\/wp-json\/wp\/v2\/types\/product"}],"wp:featuredmedia":[{"embeddable":true,"href":"https:\/\/decofoodshop.nl\/de\/wp-json\/wp\/v2\/media\/10064"}],"wp:attachment":[{"href":"https:\/\/decofoodshop.nl\/de\/wp-json\/wp\/v2\/media?parent=10061"}],"wp:term":[{"taxonomy":"product_brand","embeddable":true,"href":"https:\/\/decofoodshop.nl\/de\/wp-json\/wp\/v2\/product_brand?post=10061"},{"taxonomy":"product_cat","embeddable":true,"href":"https:\/\/decofoodshop.nl\/de\/wp-json\/wp\/v2\/product_cat?post=10061"},{"taxonomy":"product_tag","embeddable":true,"href":"https:\/\/decofoodshop.nl\/de\/wp-json\/wp\/v2\/product_tag?post=10061"}],"curies":[{"name":"wp","href":"https:\/\/api.w.org\/{rel}","templated":true}]}}