{"id":1015,"date":"2019-09-25T14:53:17","date_gmt":"2019-09-25T14:53:17","guid":{"rendered":"https:\/\/decofoodshop.nl\/?post_type=product&#038;p=1015"},"modified":"2026-03-02T15:11:45","modified_gmt":"2026-03-02T14:11:45","slug":"falsches-avocadobraun","status":"publish","type":"product","link":"https:\/\/decofoodshop.nl\/de\/product\/namaak-avocado-bruin\/","title":{"rendered":"Gef\u00e4lschtes Avocado-Braun"},"content":{"rendered":"<p>Diese k\u00fcnstliche Avocado ist kaum von der echten zu unterscheiden.<\/p>\n<p>Die Farbe ist dunkelbraun mit sch\u00f6nen \u00dcberg\u00e4ngen f\u00fcr einen realistischen Effekt.<\/p>\n<p>Die k\u00fcnstliche Frucht hat ein nat\u00fcrliches Format.<\/p>\n<p>Diesen bieten wir auch in einer gr\u00fcn-braunen Variante an.<\/p>\n<p>Suchen Sie hier nach mehr gef\u00e4lschtem Gem\u00fcse: <strong><span style=\"color: #008000;\">&#8220;<a style=\"color: #008000;\" href=\"https:\/\/decofoodshop.nl\/de\/produktkategorie-2\/kunstliches-gemuse\/\">k\u00fcnstliches Gem\u00fcse<\/a>&#8220;<\/span>.<\/strong><\/p>\n<p>&nbsp;<\/p>\n<p>&nbsp;<\/p>","protected":false},"excerpt":{"rendered":"<p>Diese k\u00fcnstliche Avocado ist kaum von der echten zu unterscheiden. Die Farbe ist dunkelbraun mit sch\u00f6nen \u00dcberg\u00e4ngen f\u00fcr einen realistischen Effekt. Die k\u00fcnstliche Frucht hat ein nat\u00fcrliches Format. Wir bieten dies auch in einer gr\u00fcn-braunen Variante an. Weitere gef\u00e4lschte Gem\u00fcsesorten finden Sie hier: \u201eKunstgem\u00fcse\u201c. &nbsp; &nbsp;<\/p>","protected":false},"featured_media":1436,"template":"","meta":{"_acf_changed":false,"_genesis_hide_title":false,"_genesis_hide_breadcrumbs":false,"_genesis_hide_singular_image":false,"_genesis_hide_footer_widgets":false,"_genesis_custom_body_class":"","_genesis_custom_post_class":"","_genesis_layout":""},"product_brand":[],"product_cat":[48],"product_tag":[],"class_list":{"0":"post-1015","1":"product","2":"type-product","3":"status-publish","4":"has-post-thumbnail","6":"product_cat-kunstgroenten","7":"entry","8":"wpx-has-gallery","10":"first","11":"instock","12":"taxable","13":"shipping-taxable","14":"purchasable","15":"product-type-simple"},"acf":[],"yoast_head":"<!-- This site is optimized with the Yoast SEO Premium plugin v27.3 (Yoast SEO v27.4) - https:\/\/yoast.com\/product\/yoast-seo-premium-wordpress\/ -->\n<title>Namaak Avocado Bruin - en meer nepvoedsel bij Decofoodshop<\/title>\n<meta name=\"description\" content=\"Decofoodshop verkoop alle soorten namaak groenten en nepgroenten.Ook deze fraaie Namaak Avocado Bruin. Niet van echt te onderscheiden!\" \/>\n<meta name=\"robots\" content=\"index, follow, max-snippet:-1, max-image-preview:large, max-video-preview:-1\" \/>\n<link rel=\"canonical\" href=\"https:\/\/decofoodshop.nl\/de\/produkt\/falsches-avocadobraun\/\" \/>\n<meta property=\"og:locale\" content=\"de_DE\" \/>\n<meta property=\"og:type\" content=\"article\" \/>\n<meta property=\"og:title\" content=\"Namaak Avocado Bruin\" \/>\n<meta property=\"og:description\" content=\"Decofoodshop verkoop alle soorten namaak groenten en nepgroenten.Ook deze fraaie Namaak Avocado Bruin. Niet van echt te onderscheiden!\" \/>\n<meta property=\"og:url\" content=\"https:\/\/decofoodshop.nl\/de\/produkt\/falsches-avocadobraun\/\" \/>\n<meta property=\"og:site_name\" content=\"Decofoodshop\" \/>\n<meta property=\"article:modified_time\" content=\"2026-03-02T14:11:45+00:00\" \/>\n<meta property=\"og:image\" content=\"https:\/\/decofoodshop.nl\/wp-content\/uploads\/2019\/09\/Namaak-Avocado-Bruin-9cm-2.jpg\" \/>\n\t<meta property=\"og:image:width\" content=\"600\" \/>\n\t<meta property=\"og:image:height\" content=\"601\" \/>\n\t<meta property=\"og:image:type\" content=\"image\/jpeg\" \/>\n<meta name=\"twitter:card\" content=\"summary_large_image\" \/>\n<meta name=\"twitter:label1\" content=\"Gesch\u00e4tzte Lesezeit\" \/>\n\t<meta name=\"twitter:data1\" content=\"1\u00a0Minute\" \/>\n<script type=\"application\/ld+json\" class=\"yoast-schema-graph\">{\"@context\":\"https:\\\/\\\/schema.org\",\"@graph\":[{\"@type\":\"WebPage\",\"@id\":\"https:\\\/\\\/decofoodshop.nl\\\/product\\\/namaak-avocado-bruin\\\/\",\"url\":\"https:\\\/\\\/decofoodshop.nl\\\/product\\\/namaak-avocado-bruin\\\/\",\"name\":\"Namaak Avocado Bruin - en meer nepvoedsel bij Decofoodshop\",\"isPartOf\":{\"@id\":\"https:\\\/\\\/decofoodshop.nl\\\/#website\"},\"primaryImageOfPage\":{\"@id\":\"https:\\\/\\\/decofoodshop.nl\\\/product\\\/namaak-avocado-bruin\\\/#primaryimage\"},\"image\":{\"@id\":\"https:\\\/\\\/decofoodshop.nl\\\/product\\\/namaak-avocado-bruin\\\/#primaryimage\"},\"thumbnailUrl\":\"https:\\\/\\\/decofoodshop.nl\\\/wp-content\\\/uploads\\\/2019\\\/09\\\/Namaak-Avocado-Bruin-9cm-2.jpg\",\"datePublished\":\"2019-09-25T14:53:17+00:00\",\"dateModified\":\"2026-03-02T14:11:45+00:00\",\"description\":\"Decofoodshop verkoop alle soorten namaak groenten en nepgroenten.Ook deze fraaie Namaak Avocado Bruin. Niet van echt te onderscheiden!\",\"breadcrumb\":{\"@id\":\"https:\\\/\\\/decofoodshop.nl\\\/product\\\/namaak-avocado-bruin\\\/#breadcrumb\"},\"inLanguage\":\"de\",\"potentialAction\":[{\"@type\":\"ReadAction\",\"target\":[\"https:\\\/\\\/decofoodshop.nl\\\/product\\\/namaak-avocado-bruin\\\/\"]}]},{\"@type\":\"ImageObject\",\"inLanguage\":\"de\",\"@id\":\"https:\\\/\\\/decofoodshop.nl\\\/product\\\/namaak-avocado-bruin\\\/#primaryimage\",\"url\":\"https:\\\/\\\/decofoodshop.nl\\\/wp-content\\\/uploads\\\/2019\\\/09\\\/Namaak-Avocado-Bruin-9cm-2.jpg\",\"contentUrl\":\"https:\\\/\\\/decofoodshop.nl\\\/wp-content\\\/uploads\\\/2019\\\/09\\\/Namaak-Avocado-Bruin-9cm-2.jpg\",\"width\":600,\"height\":601,\"caption\":\"Namaak Avocado Bruin 9cm\"},{\"@type\":\"BreadcrumbList\",\"@id\":\"https:\\\/\\\/decofoodshop.nl\\\/product\\\/namaak-avocado-bruin\\\/#breadcrumb\",\"itemListElement\":[{\"@type\":\"ListItem\",\"position\":1,\"name\":\"Home\",\"item\":\"https:\\\/\\\/decofoodshop.nl\\\/\"},{\"@type\":\"ListItem\",\"position\":2,\"name\":\"Winkel\",\"item\":\"https:\\\/\\\/decofoodshop.nl\\\/winkel\\\/\"},{\"@type\":\"ListItem\",\"position\":3,\"name\":\"Namaak Avocado Bruin\"}]},{\"@type\":\"WebSite\",\"@id\":\"https:\\\/\\\/decofoodshop.nl\\\/#website\",\"url\":\"https:\\\/\\\/decofoodshop.nl\\\/\",\"name\":\"Decofoodshop\",\"description\":\"\",\"potentialAction\":[{\"@type\":\"SearchAction\",\"target\":{\"@type\":\"EntryPoint\",\"urlTemplate\":\"https:\\\/\\\/decofoodshop.nl\\\/?s={search_term_string}\"},\"query-input\":{\"@type\":\"PropertyValueSpecification\",\"valueRequired\":true,\"valueName\":\"search_term_string\"}}],\"inLanguage\":\"de\"}]}<\/script>\n<!-- \/ Yoast SEO Premium plugin. -->","yoast_head_json":{"title":"Fake Avocado Brown - und mehr Fake Food bei Decofoodshop","description":"Decofoodshop verkauft alle Arten von gef\u00e4lschtem Gem\u00fcse und gef\u00e4lschtem Gem\u00fcse, darunter auch dieses sch\u00f6ne Fake Avocado Brown. Von der Realit\u00e4t nicht zu unterscheiden!","robots":{"index":"index","follow":"follow","max-snippet":"max-snippet:-1","max-image-preview":"max-image-preview:large","max-video-preview":"max-video-preview:-1"},"canonical":"https:\/\/decofoodshop.nl\/de\/produkt\/falsches-avocadobraun\/","og_locale":"de_DE","og_type":"article","og_title":"Namaak Avocado Bruin","og_description":"Decofoodshop verkoop alle soorten namaak groenten en nepgroenten.Ook deze fraaie Namaak Avocado Bruin. Niet van echt te onderscheiden!","og_url":"https:\/\/decofoodshop.nl\/de\/produkt\/falsches-avocadobraun\/","og_site_name":"Decofoodshop","article_modified_time":"2026-03-02T14:11:45+00:00","og_image":[{"width":600,"height":601,"url":"https:\/\/decofoodshop.nl\/wp-content\/uploads\/2019\/09\/Namaak-Avocado-Bruin-9cm-2.jpg","type":"image\/jpeg"}],"twitter_card":"summary_large_image","twitter_misc":{"Gesch\u00e4tzte Lesezeit":"1\u00a0Minute"},"schema":{"@context":"https:\/\/schema.org","@graph":[{"@type":"WebPage","@id":"https:\/\/decofoodshop.nl\/product\/namaak-avocado-bruin\/","url":"https:\/\/decofoodshop.nl\/product\/namaak-avocado-bruin\/","name":"Fake Avocado Brown - und mehr Fake Food bei Decofoodshop","isPartOf":{"@id":"https:\/\/decofoodshop.nl\/#website"},"primaryImageOfPage":{"@id":"https:\/\/decofoodshop.nl\/product\/namaak-avocado-bruin\/#primaryimage"},"image":{"@id":"https:\/\/decofoodshop.nl\/product\/namaak-avocado-bruin\/#primaryimage"},"thumbnailUrl":"https:\/\/decofoodshop.nl\/wp-content\/uploads\/2019\/09\/Namaak-Avocado-Bruin-9cm-2.jpg","datePublished":"2019-09-25T14:53:17+00:00","dateModified":"2026-03-02T14:11:45+00:00","description":"Decofoodshop verkauft alle Arten von gef\u00e4lschtem Gem\u00fcse und gef\u00e4lschtem Gem\u00fcse, darunter auch dieses sch\u00f6ne Fake Avocado Brown. Von der Realit\u00e4t nicht zu unterscheiden!","breadcrumb":{"@id":"https:\/\/decofoodshop.nl\/product\/namaak-avocado-bruin\/#breadcrumb"},"inLanguage":"de","potentialAction":[{"@type":"ReadAction","target":["https:\/\/decofoodshop.nl\/product\/namaak-avocado-bruin\/"]}]},{"@type":"ImageObject","inLanguage":"de","@id":"https:\/\/decofoodshop.nl\/product\/namaak-avocado-bruin\/#primaryimage","url":"https:\/\/decofoodshop.nl\/wp-content\/uploads\/2019\/09\/Namaak-Avocado-Bruin-9cm-2.jpg","contentUrl":"https:\/\/decofoodshop.nl\/wp-content\/uploads\/2019\/09\/Namaak-Avocado-Bruin-9cm-2.jpg","width":600,"height":601,"caption":"Namaak Avocado Bruin 9cm"},{"@type":"BreadcrumbList","@id":"https:\/\/decofoodshop.nl\/product\/namaak-avocado-bruin\/#breadcrumb","itemListElement":[{"@type":"ListItem","position":1,"name":"Home","item":"https:\/\/decofoodshop.nl\/"},{"@type":"ListItem","position":2,"name":"Winkel","item":"https:\/\/decofoodshop.nl\/winkel\/"},{"@type":"ListItem","position":3,"name":"Namaak Avocado Bruin"}]},{"@type":"WebSite","@id":"https:\/\/decofoodshop.nl\/#website","url":"https:\/\/decofoodshop.nl\/","name":"Dekofoodshop","description":"","potentialAction":[{"@type":"SearchAction","target":{"@type":"EntryPoint","urlTemplate":"https:\/\/decofoodshop.nl\/?s={search_term_string}"},"query-input":{"@type":"PropertyValueSpecification","valueRequired":true,"valueName":"search_term_string"}}],"inLanguage":"de"}]}},"_links":{"self":[{"href":"https:\/\/decofoodshop.nl\/de\/wp-json\/wp\/v2\/product\/1015","targetHints":{"allow":["GET"]}}],"collection":[{"href":"https:\/\/decofoodshop.nl\/de\/wp-json\/wp\/v2\/product"}],"about":[{"href":"https:\/\/decofoodshop.nl\/de\/wp-json\/wp\/v2\/types\/product"}],"wp:featuredmedia":[{"embeddable":true,"href":"https:\/\/decofoodshop.nl\/de\/wp-json\/wp\/v2\/media\/1436"}],"wp:attachment":[{"href":"https:\/\/decofoodshop.nl\/de\/wp-json\/wp\/v2\/media?parent=1015"}],"wp:term":[{"taxonomy":"product_brand","embeddable":true,"href":"https:\/\/decofoodshop.nl\/de\/wp-json\/wp\/v2\/product_brand?post=1015"},{"taxonomy":"product_cat","embeddable":true,"href":"https:\/\/decofoodshop.nl\/de\/wp-json\/wp\/v2\/product_cat?post=1015"},{"taxonomy":"product_tag","embeddable":true,"href":"https:\/\/decofoodshop.nl\/de\/wp-json\/wp\/v2\/product_tag?post=1015"}],"curies":[{"name":"wp","href":"https:\/\/api.w.org\/{rel}","templated":true}]}}