{"id":1032,"date":"2019-09-26T11:56:09","date_gmt":"2019-09-26T09:56:09","guid":{"rendered":"https:\/\/decofoodshop.nl\/?post_type=product&#038;p=1032"},"modified":"2026-03-22T21:10:29","modified_gmt":"2026-03-22T20:10:29","slug":"falsche-gurke","status":"publish","type":"product","link":"https:\/\/decofoodshop.nl\/de\/product\/namaak-komkommer\/","title":{"rendered":"Falsche Gurke"},"content":{"rendered":"<p>Diese naturgetreue k\u00fcnstliche Gurke ist von hoher Qualit\u00e4t.<\/p>\n<p>Kennzeichnet die nat\u00fcrliche Beschaffenheit.<\/p>\n<p>Die Farbe verl\u00e4uft flie\u00dfend von hell bis dunkelgr\u00fcn.<\/p>\n<p>Mit kleinem Henkel und einer Gesamtl\u00e4nge von 24 cm.<\/p>\n<p>Kurz gesagt, eine sehr realistische gef\u00e4lschte Gurke.<\/p>\n<p>Suchen Sie nach mehr gef\u00e4lschtem Gem\u00fcse <strong><span style=\"color: #008000;\"><a style=\"color: #008000;\" href=\"https:\/\/decofoodshop.nl\/de\/produktkategorie-2\/kunstliches-gemuse\/\">k\u00fcnstliches Gem\u00fcse<\/a>.<\/span><\/strong><\/p>\n<p>&nbsp;<\/p>","protected":false},"excerpt":{"rendered":"<p>Diese naturgetreue k\u00fcnstliche Gurke ist von hoher Qualit\u00e4t. Kennzeichnet die nat\u00fcrliche Beschaffenheit. Die Farbe verl\u00e4uft flie\u00dfend von hell bis dunkelgr\u00fcn. Mit kleinem Henkel und einer Gesamtl\u00e4nge von 24 cm. Kurz gesagt, eine sehr realistische gef\u00e4lschte Gurke. F\u00fcr mehr gef\u00e4lschtes Gem\u00fcse schauen Sie sich k\u00fcnstliches Gem\u00fcse an. &nbsp;<\/p>","protected":false},"featured_media":2532,"template":"","meta":{"_acf_changed":false,"_genesis_hide_title":false,"_genesis_hide_breadcrumbs":false,"_genesis_hide_singular_image":false,"_genesis_hide_footer_widgets":false,"_genesis_custom_body_class":"","_genesis_custom_post_class":"","_genesis_layout":""},"product_brand":[],"product_cat":[48],"product_tag":[],"class_list":{"0":"post-1032","1":"product","2":"type-product","3":"status-publish","4":"has-post-thumbnail","6":"product_cat-kunstgroenten","7":"entry","8":"wpx-has-gallery","10":"first","11":"instock","12":"taxable","13":"shipping-taxable","14":"purchasable","15":"product-type-simple"},"acf":[],"yoast_head":"<!-- This site is optimized with the Yoast SEO Premium plugin v27.3 (Yoast SEO v27.4) - https:\/\/yoast.com\/product\/yoast-seo-premium-wordpress\/ -->\n<title>Namaak Komkommer - en meer nepgroenten bij Decofoodshop<\/title>\n<meta name=\"description\" content=\"Decofoodshop voor alle soorten kunstgroenten en kunstfruit. Ook deze Namaak Komkommer is direct leverbaar. Makkelijk en snel bezorgd!\" \/>\n<meta name=\"robots\" content=\"index, follow, max-snippet:-1, max-image-preview:large, max-video-preview:-1\" \/>\n<link rel=\"canonical\" href=\"https:\/\/decofoodshop.nl\/de\/produkt\/falsche-gurke\/\" \/>\n<meta property=\"og:locale\" content=\"de_DE\" \/>\n<meta property=\"og:type\" content=\"article\" \/>\n<meta property=\"og:title\" content=\"Namaak Komkommer\" \/>\n<meta property=\"og:description\" content=\"Decofoodshop voor alle soorten kunstgroenten en kunstfruit. Ook deze Namaak Komkommer is direct leverbaar. Makkelijk en snel bezorgd!\" \/>\n<meta property=\"og:url\" content=\"https:\/\/decofoodshop.nl\/de\/produkt\/falsche-gurke\/\" \/>\n<meta property=\"og:site_name\" content=\"Decofoodshop\" \/>\n<meta property=\"article:modified_time\" content=\"2026-03-22T20:10:29+00:00\" \/>\n<meta property=\"og:image\" content=\"https:\/\/decofoodshop.nl\/wp-content\/uploads\/2019\/09\/komkommer-2-1.png\" \/>\n\t<meta property=\"og:image:width\" content=\"1022\" \/>\n\t<meta property=\"og:image:height\" content=\"1022\" \/>\n\t<meta property=\"og:image:type\" content=\"image\/png\" \/>\n<meta name=\"twitter:card\" content=\"summary_large_image\" \/>\n<meta name=\"twitter:label1\" content=\"Gesch\u00e4tzte Lesezeit\" \/>\n\t<meta name=\"twitter:data1\" content=\"1\u00a0Minute\" \/>\n<script type=\"application\/ld+json\" class=\"yoast-schema-graph\">{\"@context\":\"https:\\\/\\\/schema.org\",\"@graph\":[{\"@type\":\"WebPage\",\"@id\":\"https:\\\/\\\/decofoodshop.nl\\\/product\\\/namaak-komkommer\\\/\",\"url\":\"https:\\\/\\\/decofoodshop.nl\\\/product\\\/namaak-komkommer\\\/\",\"name\":\"Namaak Komkommer - en meer nepgroenten bij Decofoodshop\",\"isPartOf\":{\"@id\":\"https:\\\/\\\/decofoodshop.nl\\\/#website\"},\"primaryImageOfPage\":{\"@id\":\"https:\\\/\\\/decofoodshop.nl\\\/product\\\/namaak-komkommer\\\/#primaryimage\"},\"image\":{\"@id\":\"https:\\\/\\\/decofoodshop.nl\\\/product\\\/namaak-komkommer\\\/#primaryimage\"},\"thumbnailUrl\":\"https:\\\/\\\/decofoodshop.nl\\\/wp-content\\\/uploads\\\/2019\\\/09\\\/komkommer-2-1.png\",\"datePublished\":\"2019-09-26T09:56:09+00:00\",\"dateModified\":\"2026-03-22T20:10:29+00:00\",\"description\":\"Decofoodshop voor alle soorten kunstgroenten en kunstfruit. Ook deze Namaak Komkommer is direct leverbaar. Makkelijk en snel bezorgd!\",\"breadcrumb\":{\"@id\":\"https:\\\/\\\/decofoodshop.nl\\\/product\\\/namaak-komkommer\\\/#breadcrumb\"},\"inLanguage\":\"de\",\"potentialAction\":[{\"@type\":\"ReadAction\",\"target\":[\"https:\\\/\\\/decofoodshop.nl\\\/product\\\/namaak-komkommer\\\/\"]}]},{\"@type\":\"ImageObject\",\"inLanguage\":\"de\",\"@id\":\"https:\\\/\\\/decofoodshop.nl\\\/product\\\/namaak-komkommer\\\/#primaryimage\",\"url\":\"https:\\\/\\\/decofoodshop.nl\\\/wp-content\\\/uploads\\\/2019\\\/09\\\/komkommer-2-1.png\",\"contentUrl\":\"https:\\\/\\\/decofoodshop.nl\\\/wp-content\\\/uploads\\\/2019\\\/09\\\/komkommer-2-1.png\",\"width\":1022,\"height\":1022,\"caption\":\"Namaak Komkommer\"},{\"@type\":\"BreadcrumbList\",\"@id\":\"https:\\\/\\\/decofoodshop.nl\\\/product\\\/namaak-komkommer\\\/#breadcrumb\",\"itemListElement\":[{\"@type\":\"ListItem\",\"position\":1,\"name\":\"Home\",\"item\":\"https:\\\/\\\/decofoodshop.nl\\\/\"},{\"@type\":\"ListItem\",\"position\":2,\"name\":\"Winkel\",\"item\":\"https:\\\/\\\/decofoodshop.nl\\\/winkel\\\/\"},{\"@type\":\"ListItem\",\"position\":3,\"name\":\"Namaak Komkommer\"}]},{\"@type\":\"WebSite\",\"@id\":\"https:\\\/\\\/decofoodshop.nl\\\/#website\",\"url\":\"https:\\\/\\\/decofoodshop.nl\\\/\",\"name\":\"Decofoodshop\",\"description\":\"\",\"potentialAction\":[{\"@type\":\"SearchAction\",\"target\":{\"@type\":\"EntryPoint\",\"urlTemplate\":\"https:\\\/\\\/decofoodshop.nl\\\/?s={search_term_string}\"},\"query-input\":{\"@type\":\"PropertyValueSpecification\",\"valueRequired\":true,\"valueName\":\"search_term_string\"}}],\"inLanguage\":\"de\"}]}<\/script>\n<!-- \/ Yoast SEO Premium plugin. -->","yoast_head_json":{"title":"Falsche Gurke - und noch mehr falsches Gem\u00fcse bei Decofoodshop","description":"Decofoodshop f\u00fcr alle Arten von k\u00fcnstlichem Gem\u00fcse und Obst. Diese gef\u00e4lschte Gurke ist auch sofort verf\u00fcgbar. Einfache und schnelle Lieferung!","robots":{"index":"index","follow":"follow","max-snippet":"max-snippet:-1","max-image-preview":"max-image-preview:large","max-video-preview":"max-video-preview:-1"},"canonical":"https:\/\/decofoodshop.nl\/de\/produkt\/falsche-gurke\/","og_locale":"de_DE","og_type":"article","og_title":"Namaak Komkommer","og_description":"Decofoodshop voor alle soorten kunstgroenten en kunstfruit. Ook deze Namaak Komkommer is direct leverbaar. Makkelijk en snel bezorgd!","og_url":"https:\/\/decofoodshop.nl\/de\/produkt\/falsche-gurke\/","og_site_name":"Decofoodshop","article_modified_time":"2026-03-22T20:10:29+00:00","og_image":[{"width":1022,"height":1022,"url":"https:\/\/decofoodshop.nl\/wp-content\/uploads\/2019\/09\/komkommer-2-1.png","type":"image\/png"}],"twitter_card":"summary_large_image","twitter_misc":{"Gesch\u00e4tzte Lesezeit":"1\u00a0Minute"},"schema":{"@context":"https:\/\/schema.org","@graph":[{"@type":"WebPage","@id":"https:\/\/decofoodshop.nl\/product\/namaak-komkommer\/","url":"https:\/\/decofoodshop.nl\/product\/namaak-komkommer\/","name":"Falsche Gurke - und noch mehr falsches Gem\u00fcse bei Decofoodshop","isPartOf":{"@id":"https:\/\/decofoodshop.nl\/#website"},"primaryImageOfPage":{"@id":"https:\/\/decofoodshop.nl\/product\/namaak-komkommer\/#primaryimage"},"image":{"@id":"https:\/\/decofoodshop.nl\/product\/namaak-komkommer\/#primaryimage"},"thumbnailUrl":"https:\/\/decofoodshop.nl\/wp-content\/uploads\/2019\/09\/komkommer-2-1.png","datePublished":"2019-09-26T09:56:09+00:00","dateModified":"2026-03-22T20:10:29+00:00","description":"Decofoodshop f\u00fcr alle Arten von k\u00fcnstlichem Gem\u00fcse und Obst. Diese gef\u00e4lschte Gurke ist auch sofort verf\u00fcgbar. Einfache und schnelle Lieferung!","breadcrumb":{"@id":"https:\/\/decofoodshop.nl\/product\/namaak-komkommer\/#breadcrumb"},"inLanguage":"de","potentialAction":[{"@type":"ReadAction","target":["https:\/\/decofoodshop.nl\/product\/namaak-komkommer\/"]}]},{"@type":"ImageObject","inLanguage":"de","@id":"https:\/\/decofoodshop.nl\/product\/namaak-komkommer\/#primaryimage","url":"https:\/\/decofoodshop.nl\/wp-content\/uploads\/2019\/09\/komkommer-2-1.png","contentUrl":"https:\/\/decofoodshop.nl\/wp-content\/uploads\/2019\/09\/komkommer-2-1.png","width":1022,"height":1022,"caption":"Namaak Komkommer"},{"@type":"BreadcrumbList","@id":"https:\/\/decofoodshop.nl\/product\/namaak-komkommer\/#breadcrumb","itemListElement":[{"@type":"ListItem","position":1,"name":"Home","item":"https:\/\/decofoodshop.nl\/"},{"@type":"ListItem","position":2,"name":"Winkel","item":"https:\/\/decofoodshop.nl\/winkel\/"},{"@type":"ListItem","position":3,"name":"Namaak Komkommer"}]},{"@type":"WebSite","@id":"https:\/\/decofoodshop.nl\/#website","url":"https:\/\/decofoodshop.nl\/","name":"Dekofoodshop","description":"","potentialAction":[{"@type":"SearchAction","target":{"@type":"EntryPoint","urlTemplate":"https:\/\/decofoodshop.nl\/?s={search_term_string}"},"query-input":{"@type":"PropertyValueSpecification","valueRequired":true,"valueName":"search_term_string"}}],"inLanguage":"de"}]}},"_links":{"self":[{"href":"https:\/\/decofoodshop.nl\/de\/wp-json\/wp\/v2\/product\/1032","targetHints":{"allow":["GET"]}}],"collection":[{"href":"https:\/\/decofoodshop.nl\/de\/wp-json\/wp\/v2\/product"}],"about":[{"href":"https:\/\/decofoodshop.nl\/de\/wp-json\/wp\/v2\/types\/product"}],"wp:featuredmedia":[{"embeddable":true,"href":"https:\/\/decofoodshop.nl\/de\/wp-json\/wp\/v2\/media\/2532"}],"wp:attachment":[{"href":"https:\/\/decofoodshop.nl\/de\/wp-json\/wp\/v2\/media?parent=1032"}],"wp:term":[{"taxonomy":"product_brand","embeddable":true,"href":"https:\/\/decofoodshop.nl\/de\/wp-json\/wp\/v2\/product_brand?post=1032"},{"taxonomy":"product_cat","embeddable":true,"href":"https:\/\/decofoodshop.nl\/de\/wp-json\/wp\/v2\/product_cat?post=1032"},{"taxonomy":"product_tag","embeddable":true,"href":"https:\/\/decofoodshop.nl\/de\/wp-json\/wp\/v2\/product_tag?post=1032"}],"curies":[{"name":"wp","href":"https:\/\/api.w.org\/{rel}","templated":true}]}}