{"id":10374,"date":"2024-05-28T10:15:14","date_gmt":"2024-05-28T08:15:14","guid":{"rendered":"https:\/\/decofoodshop.nl\/?post_type=product&#038;p=10374"},"modified":"2026-02-28T14:54:44","modified_gmt":"2026-02-28T13:54:44","slug":"fake-bananenbundel-47cm","status":"publish","type":"product","link":"https:\/\/decofoodshop.nl\/de\/product\/nep-bananentros-47cm\/","title":{"rendered":"Gef\u00e4lschter Bananenb\u00fcndel 47cm"},"content":{"rendered":"<p>Dieser gro\u00dfe Fake-Bananen-Strau\u00df 47 cm enth\u00e4lt nicht weniger als 67 Fake-Bananen.<\/p>\n<p>Dies ist ein lebensechter und robuster k\u00fcnstlicher Bananenstrau\u00df.<\/p>\n<p>Die Form des gef\u00e4lschten Bananenb\u00fcndels 47 cm \u00e4hnelt der eines echten Bananenb\u00fcndels.<\/p>\n<p>Leicht gebogen mit einer braunen Bl\u00fctenknospe an der Unterseite.<\/p>\n<p>Der gesamte Strau\u00df ist etwa 47 cm lang.<\/p>\n<p>Die k\u00fcnstlichen Bananen sind jeweils etwa 6 bis 7 cm lang.<\/p>\n<p>Die k\u00fcnstlichen Bananen haben eine gelbe Farbe mit etwas Gr\u00fcn an den Enden.<\/p>\n<p>Alle k\u00fcnstlichen Bananen in dieser Bananenb\u00fcndel-Attrappe sind gut am B\u00fcndel befestigt.<\/p>\n<p>Der Strau\u00df k\u00fcnstlicher Bananen ist au\u00dferdem mit einem praktischen Haken und einer \u00d6se zum Aufh\u00e4ngen ausgestattet.<\/p>\n<p>Auf jeden Fall ein sehr dekorativer und naturgetreuer Strau\u00df k\u00fcnstlicher Bananen.<\/p>\n<p>Wundersch\u00f6n als Dekoration in einer k\u00fcnstlichen Bananenstaude, in einer tropischen Bar oder bei einer Veranstaltung.<\/p>\n<p>F\u00fcr wundersch\u00f6ne k\u00fcnstliche Bananenb\u00e4ume schauen Sie sich unseren anderen Webshop an <span style=\"color: #008000;\"><strong><a style=\"color: #008000;\" href=\"https:\/\/kunstpalm.nl\/kunstplanten\/kunstbananenbomen\/\">Kunstpalm.nl<\/a><\/strong><\/span><\/p>\n<p>Auch bei Decofoodshop erh\u00e4ltlich, Abladen <span style=\"color: #008000;\"><strong><a style=\"color: #008000;\" href=\"https:\/\/decofoodshop.nl\/de\/produkt\/gefalschte-banane\/\">gef\u00e4lschte Bananen<\/a><\/strong><\/span>.<\/p>","protected":false},"excerpt":{"rendered":"<p>Aan deze grote Nep Bananentros 47cm zitten maar liefst 67 stuks nepbanaantjes. Het betreft een levensechte en stevige kunst bananentros. De vorm van de nep bananentros 47cm is zoals die van een echte tros bananen. Licht gekormd met onderaan een bruine bloemknop. De hele tros is zo&#8217;n 47cm lang. De nepbanaantjes zijn elk zo&#8217;n 6 [&hellip;]<\/p>\n","protected":false},"featured_media":10378,"template":"","meta":{"_acf_changed":false,"_genesis_hide_title":false,"_genesis_hide_breadcrumbs":false,"_genesis_hide_singular_image":false,"_genesis_hide_footer_widgets":false,"_genesis_custom_body_class":"","_genesis_custom_post_class":"","_genesis_layout":""},"product_brand":[],"product_cat":[47],"product_tag":[],"class_list":{"0":"post-10374","1":"product","2":"type-product","3":"status-publish","4":"has-post-thumbnail","6":"product_cat-kunstfruit","7":"entry","8":"wpx-has-gallery","10":"first","11":"instock","12":"taxable","13":"shipping-taxable","14":"purchasable","15":"product-type-simple"},"acf":[],"yoast_head":"<!-- This site is optimized with the Yoast SEO Premium plugin v27.3 (Yoast SEO v27.3) - https:\/\/yoast.com\/product\/yoast-seo-premium-wordpress\/ -->\n<title>Nep Bananentros 47cm - Decofoodshop<\/title>\n<meta name=\"description\" content=\"Nep Bananentros 47cm en meer kunst banaantrossen van Decofoodshop.nl Veel soorten kunstfruit uit voorraad leverbaar. Voor particulier en professional.\" \/>\n<meta name=\"robots\" content=\"index, follow, max-snippet:-1, max-image-preview:large, max-video-preview:-1\" \/>\n<link rel=\"canonical\" href=\"https:\/\/decofoodshop.nl\/de\/produkt\/fake-bananenbundel-47cm\/\" \/>\n<meta property=\"og:locale\" content=\"de_DE\" \/>\n<meta property=\"og:type\" content=\"article\" \/>\n<meta property=\"og:title\" content=\"Nep Bananentros 47cm\" \/>\n<meta property=\"og:description\" content=\"Nep Bananentros 47cm en meer kunst banaantrossen van Decofoodshop.nl Veel soorten kunstfruit uit voorraad leverbaar. Voor particulier en professional.\" \/>\n<meta property=\"og:url\" content=\"https:\/\/decofoodshop.nl\/de\/produkt\/fake-bananenbundel-47cm\/\" \/>\n<meta property=\"og:site_name\" content=\"Decofoodshop\" \/>\n<meta property=\"article:modified_time\" content=\"2026-02-28T13:54:44+00:00\" \/>\n<meta property=\"og:image\" content=\"https:\/\/decofoodshop.nl\/wp-content\/uploads\/2024\/05\/Nep-Bananentros-47cm.jpg\" \/>\n\t<meta property=\"og:image:width\" content=\"1500\" \/>\n\t<meta property=\"og:image:height\" content=\"2000\" \/>\n\t<meta property=\"og:image:type\" content=\"image\/jpeg\" \/>\n<meta name=\"twitter:card\" content=\"summary_large_image\" \/>\n<meta name=\"twitter:label1\" content=\"Gesch\u00e4tzte Lesezeit\" \/>\n\t<meta name=\"twitter:data1\" content=\"1\u00a0Minute\" \/>\n<script type=\"application\/ld+json\" class=\"yoast-schema-graph\">{\"@context\":\"https:\\\/\\\/schema.org\",\"@graph\":[{\"@type\":\"WebPage\",\"@id\":\"https:\\\/\\\/decofoodshop.nl\\\/product\\\/nep-bananentros-47cm\\\/\",\"url\":\"https:\\\/\\\/decofoodshop.nl\\\/product\\\/nep-bananentros-47cm\\\/\",\"name\":\"Nep Bananentros 47cm - Decofoodshop\",\"isPartOf\":{\"@id\":\"https:\\\/\\\/decofoodshop.nl\\\/#website\"},\"primaryImageOfPage\":{\"@id\":\"https:\\\/\\\/decofoodshop.nl\\\/product\\\/nep-bananentros-47cm\\\/#primaryimage\"},\"image\":{\"@id\":\"https:\\\/\\\/decofoodshop.nl\\\/product\\\/nep-bananentros-47cm\\\/#primaryimage\"},\"thumbnailUrl\":\"https:\\\/\\\/decofoodshop.nl\\\/wp-content\\\/uploads\\\/2024\\\/05\\\/Nep-Bananentros-47cm.jpg\",\"datePublished\":\"2024-05-28T08:15:14+00:00\",\"dateModified\":\"2026-02-28T13:54:44+00:00\",\"description\":\"Nep Bananentros 47cm en meer kunst banaantrossen van Decofoodshop.nl Veel soorten kunstfruit uit voorraad leverbaar. Voor particulier en professional.\",\"breadcrumb\":{\"@id\":\"https:\\\/\\\/decofoodshop.nl\\\/product\\\/nep-bananentros-47cm\\\/#breadcrumb\"},\"inLanguage\":\"de\",\"potentialAction\":[{\"@type\":\"ReadAction\",\"target\":[\"https:\\\/\\\/decofoodshop.nl\\\/product\\\/nep-bananentros-47cm\\\/\"]}]},{\"@type\":\"ImageObject\",\"inLanguage\":\"de\",\"@id\":\"https:\\\/\\\/decofoodshop.nl\\\/product\\\/nep-bananentros-47cm\\\/#primaryimage\",\"url\":\"https:\\\/\\\/decofoodshop.nl\\\/wp-content\\\/uploads\\\/2024\\\/05\\\/Nep-Bananentros-47cm.jpg\",\"contentUrl\":\"https:\\\/\\\/decofoodshop.nl\\\/wp-content\\\/uploads\\\/2024\\\/05\\\/Nep-Bananentros-47cm.jpg\",\"width\":1500,\"height\":2000,\"caption\":\"Nep Bananentros 47cm van Decofoodshop.nl\"},{\"@type\":\"BreadcrumbList\",\"@id\":\"https:\\\/\\\/decofoodshop.nl\\\/product\\\/nep-bananentros-47cm\\\/#breadcrumb\",\"itemListElement\":[{\"@type\":\"ListItem\",\"position\":1,\"name\":\"Home\",\"item\":\"https:\\\/\\\/decofoodshop.nl\\\/\"},{\"@type\":\"ListItem\",\"position\":2,\"name\":\"Winkel\",\"item\":\"https:\\\/\\\/decofoodshop.nl\\\/winkel\\\/\"},{\"@type\":\"ListItem\",\"position\":3,\"name\":\"Nep Bananentros 47cm\"}]},{\"@type\":\"WebSite\",\"@id\":\"https:\\\/\\\/decofoodshop.nl\\\/#website\",\"url\":\"https:\\\/\\\/decofoodshop.nl\\\/\",\"name\":\"Decofoodshop\",\"description\":\"\",\"potentialAction\":[{\"@type\":\"SearchAction\",\"target\":{\"@type\":\"EntryPoint\",\"urlTemplate\":\"https:\\\/\\\/decofoodshop.nl\\\/?s={search_term_string}\"},\"query-input\":{\"@type\":\"PropertyValueSpecification\",\"valueRequired\":true,\"valueName\":\"search_term_string\"}}],\"inLanguage\":\"de\"}]}<\/script>\n<!-- \/ Yoast SEO Premium plugin. -->","yoast_head_json":{"title":"K\u00fcnstlicher Bananenb\u00fcndel 47 cm - Decofoodshop","description":"Gef\u00e4lschter Bananenb\u00fcndel 47 cm und mehr k\u00fcnstliche Bananenb\u00fcndel von Decofoodshop.nl Viele Arten von k\u00fcnstlichen Fr\u00fcchten ab Lager verf\u00fcgbar. F\u00fcr Privatpersonen und Profis.","robots":{"index":"index","follow":"follow","max-snippet":"max-snippet:-1","max-image-preview":"max-image-preview:large","max-video-preview":"max-video-preview:-1"},"canonical":"https:\/\/decofoodshop.nl\/de\/produkt\/fake-bananenbundel-47cm\/","og_locale":"de_DE","og_type":"article","og_title":"Nep Bananentros 47cm","og_description":"Nep Bananentros 47cm en meer kunst banaantrossen van Decofoodshop.nl Veel soorten kunstfruit uit voorraad leverbaar. Voor particulier en professional.","og_url":"https:\/\/decofoodshop.nl\/de\/produkt\/fake-bananenbundel-47cm\/","og_site_name":"Decofoodshop","article_modified_time":"2026-02-28T13:54:44+00:00","og_image":[{"width":1500,"height":2000,"url":"https:\/\/decofoodshop.nl\/wp-content\/uploads\/2024\/05\/Nep-Bananentros-47cm.jpg","type":"image\/jpeg"}],"twitter_card":"summary_large_image","twitter_misc":{"Gesch\u00e4tzte Lesezeit":"1\u00a0Minute"},"schema":{"@context":"https:\/\/schema.org","@graph":[{"@type":"WebPage","@id":"https:\/\/decofoodshop.nl\/product\/nep-bananentros-47cm\/","url":"https:\/\/decofoodshop.nl\/product\/nep-bananentros-47cm\/","name":"K\u00fcnstlicher Bananenb\u00fcndel 47 cm - Decofoodshop","isPartOf":{"@id":"https:\/\/decofoodshop.nl\/#website"},"primaryImageOfPage":{"@id":"https:\/\/decofoodshop.nl\/product\/nep-bananentros-47cm\/#primaryimage"},"image":{"@id":"https:\/\/decofoodshop.nl\/product\/nep-bananentros-47cm\/#primaryimage"},"thumbnailUrl":"https:\/\/decofoodshop.nl\/wp-content\/uploads\/2024\/05\/Nep-Bananentros-47cm.jpg","datePublished":"2024-05-28T08:15:14+00:00","dateModified":"2026-02-28T13:54:44+00:00","description":"Gef\u00e4lschter Bananenb\u00fcndel 47 cm und mehr k\u00fcnstliche Bananenb\u00fcndel von Decofoodshop.nl Viele Arten von k\u00fcnstlichen Fr\u00fcchten ab Lager verf\u00fcgbar. F\u00fcr Privatpersonen und Profis.","breadcrumb":{"@id":"https:\/\/decofoodshop.nl\/product\/nep-bananentros-47cm\/#breadcrumb"},"inLanguage":"de","potentialAction":[{"@type":"ReadAction","target":["https:\/\/decofoodshop.nl\/product\/nep-bananentros-47cm\/"]}]},{"@type":"ImageObject","inLanguage":"de","@id":"https:\/\/decofoodshop.nl\/product\/nep-bananentros-47cm\/#primaryimage","url":"https:\/\/decofoodshop.nl\/wp-content\/uploads\/2024\/05\/Nep-Bananentros-47cm.jpg","contentUrl":"https:\/\/decofoodshop.nl\/wp-content\/uploads\/2024\/05\/Nep-Bananentros-47cm.jpg","width":1500,"height":2000,"caption":"Nep Bananentros 47cm van Decofoodshop.nl"},{"@type":"BreadcrumbList","@id":"https:\/\/decofoodshop.nl\/product\/nep-bananentros-47cm\/#breadcrumb","itemListElement":[{"@type":"ListItem","position":1,"name":"Home","item":"https:\/\/decofoodshop.nl\/"},{"@type":"ListItem","position":2,"name":"Winkel","item":"https:\/\/decofoodshop.nl\/winkel\/"},{"@type":"ListItem","position":3,"name":"Nep Bananentros 47cm"}]},{"@type":"WebSite","@id":"https:\/\/decofoodshop.nl\/#website","url":"https:\/\/decofoodshop.nl\/","name":"Dekofoodshop","description":"","potentialAction":[{"@type":"SearchAction","target":{"@type":"EntryPoint","urlTemplate":"https:\/\/decofoodshop.nl\/?s={search_term_string}"},"query-input":{"@type":"PropertyValueSpecification","valueRequired":true,"valueName":"search_term_string"}}],"inLanguage":"de"}]}},"_links":{"self":[{"href":"https:\/\/decofoodshop.nl\/de\/wp-json\/wp\/v2\/product\/10374","targetHints":{"allow":["GET"]}}],"collection":[{"href":"https:\/\/decofoodshop.nl\/de\/wp-json\/wp\/v2\/product"}],"about":[{"href":"https:\/\/decofoodshop.nl\/de\/wp-json\/wp\/v2\/types\/product"}],"wp:featuredmedia":[{"embeddable":true,"href":"https:\/\/decofoodshop.nl\/de\/wp-json\/wp\/v2\/media\/10378"}],"wp:attachment":[{"href":"https:\/\/decofoodshop.nl\/de\/wp-json\/wp\/v2\/media?parent=10374"}],"wp:term":[{"taxonomy":"product_brand","embeddable":true,"href":"https:\/\/decofoodshop.nl\/de\/wp-json\/wp\/v2\/product_brand?post=10374"},{"taxonomy":"product_cat","embeddable":true,"href":"https:\/\/decofoodshop.nl\/de\/wp-json\/wp\/v2\/product_cat?post=10374"},{"taxonomy":"product_tag","embeddable":true,"href":"https:\/\/decofoodshop.nl\/de\/wp-json\/wp\/v2\/product_tag?post=10374"}],"curies":[{"name":"wp","href":"https:\/\/api.w.org\/{rel}","templated":true}]}}