{"id":1045,"date":"2019-10-03T12:57:13","date_gmt":"2019-10-03T10:57:13","guid":{"rendered":"https:\/\/decofoodshop.nl\/?post_type=product&#038;p=1045"},"modified":"2026-03-04T23:21:47","modified_gmt":"2026-03-04T22:21:47","slug":"gefalschte-waldzwiebeln","status":"publish","type":"product","link":"https:\/\/decofoodshop.nl\/de\/product\/namaak-bos-uitjes\/","title":{"rendered":"Gef\u00e4lschte Waldausfl\u00fcge"},"content":{"rendered":"<p>Sehr nat\u00fcrliches Set aus 4 Fr\u00fchlingszwiebeln.<\/p>\n<p>Mit einem sch\u00f6nen realistischen Farb\u00fcbergang von Wei\u00df zu Hell- und Dunkelgr\u00fcn.<\/p>\n<p>Versehen mit nat\u00fcrlichem Laub und Karotten.<\/p>\n<p>Aus flexiblem, gummiartigem Material.<\/p>\n<p>Die Fr\u00fchlingszwiebeln sind in Originalgr\u00f6\u00dfe.<\/p>\n<p>Suchen Sie nach vielen weiteren gef\u00e4lschten Gem\u00fcseprodukten in unserem <span style=\"color: #008000;\"><strong><a style=\"color: #008000;\" href=\"https:\/\/decofoodshop.nl\/de\/produktkategorie-2\/kunstliches-gemuse\/\">K\u00fcnstliches Gem\u00fcse<\/a>.<\/strong><\/span><\/p>","protected":false},"excerpt":{"rendered":"<p>Sehr nat\u00fcrliches Set aus 4 Fr\u00fchlingszwiebeln. Mit einem sch\u00f6nen realistischen Farb\u00fcbergang von Wei\u00df zu Hell- und Dunkelgr\u00fcn. Versehen mit nat\u00fcrlichem Laub und Karotten. Aus flexiblem, gummiartigem Material. Die Fr\u00fchlingszwiebeln sind in Originalgr\u00f6\u00dfe. Suchen Sie nach vielen weiteren gef\u00e4lschten Gem\u00fcseprodukten bei unserem k\u00fcnstlichen Gem\u00fcse.<\/p>","protected":false},"featured_media":1448,"template":"","meta":{"_acf_changed":false,"_genesis_hide_title":false,"_genesis_hide_breadcrumbs":false,"_genesis_hide_singular_image":false,"_genesis_hide_footer_widgets":false,"_genesis_custom_body_class":"","_genesis_custom_post_class":"","_genesis_layout":""},"product_brand":[],"product_cat":[48],"product_tag":[],"class_list":{"0":"post-1045","1":"product","2":"type-product","3":"status-publish","4":"has-post-thumbnail","6":"product_cat-kunstgroenten","7":"entry","8":"wpx-has-gallery","10":"first","11":"instock","12":"taxable","13":"shipping-taxable","14":"purchasable","15":"product-type-simple"},"acf":[],"yoast_head":"<!-- This site is optimized with the Yoast SEO Premium plugin v27.3 (Yoast SEO v27.3) - https:\/\/yoast.com\/product\/yoast-seo-premium-wordpress\/ -->\n<title>Namaak Bos Uitjes - kunstgroenten bestellen bij Decofoodshop<\/title>\n<meta name=\"description\" content=\"Voor alle soorten kunst groenten, kijk bij: Decofoodshop. Ook deze namaak bosuitjes kunt u bij ons terecht. Altijd op vooraad en snel bezorgd.\" \/>\n<meta name=\"robots\" content=\"index, follow, max-snippet:-1, max-image-preview:large, max-video-preview:-1\" \/>\n<link rel=\"canonical\" href=\"https:\/\/decofoodshop.nl\/de\/produkt\/gefalschte-waldzwiebeln\/\" \/>\n<meta property=\"og:locale\" content=\"de_DE\" \/>\n<meta property=\"og:type\" content=\"article\" \/>\n<meta property=\"og:title\" content=\"Namaak Bos Uitjes\" \/>\n<meta property=\"og:description\" content=\"Voor alle soorten kunst groenten, kijk bij: Decofoodshop. Ook deze namaak bosuitjes kunt u bij ons terecht. Altijd op vooraad en snel bezorgd.\" \/>\n<meta property=\"og:url\" content=\"https:\/\/decofoodshop.nl\/de\/produkt\/gefalschte-waldzwiebeln\/\" \/>\n<meta property=\"og:site_name\" content=\"Decofoodshop\" \/>\n<meta property=\"article:modified_time\" content=\"2026-03-04T22:21:47+00:00\" \/>\n<meta property=\"og:image\" content=\"https:\/\/decofoodshop.nl\/wp-content\/uploads\/2019\/10\/Namaak-Bos-Uitjes-30cm-goed-1.jpg\" \/>\n\t<meta property=\"og:image:width\" content=\"1154\" \/>\n\t<meta property=\"og:image:height\" content=\"1156\" \/>\n\t<meta property=\"og:image:type\" content=\"image\/jpeg\" \/>\n<meta name=\"twitter:card\" content=\"summary_large_image\" \/>\n<meta name=\"twitter:label1\" content=\"Gesch\u00e4tzte Lesezeit\" \/>\n\t<meta name=\"twitter:data1\" content=\"1\u00a0Minute\" \/>\n<script type=\"application\/ld+json\" class=\"yoast-schema-graph\">{\"@context\":\"https:\\\/\\\/schema.org\",\"@graph\":[{\"@type\":\"WebPage\",\"@id\":\"https:\\\/\\\/decofoodshop.nl\\\/product\\\/namaak-bos-uitjes\\\/\",\"url\":\"https:\\\/\\\/decofoodshop.nl\\\/product\\\/namaak-bos-uitjes\\\/\",\"name\":\"Namaak Bos Uitjes - kunstgroenten bestellen bij Decofoodshop\",\"isPartOf\":{\"@id\":\"https:\\\/\\\/decofoodshop.nl\\\/#website\"},\"primaryImageOfPage\":{\"@id\":\"https:\\\/\\\/decofoodshop.nl\\\/product\\\/namaak-bos-uitjes\\\/#primaryimage\"},\"image\":{\"@id\":\"https:\\\/\\\/decofoodshop.nl\\\/product\\\/namaak-bos-uitjes\\\/#primaryimage\"},\"thumbnailUrl\":\"https:\\\/\\\/decofoodshop.nl\\\/wp-content\\\/uploads\\\/2019\\\/10\\\/Namaak-Bos-Uitjes-30cm-goed-1.jpg\",\"datePublished\":\"2019-10-03T10:57:13+00:00\",\"dateModified\":\"2026-03-04T22:21:47+00:00\",\"description\":\"Voor alle soorten kunst groenten, kijk bij: Decofoodshop. Ook deze namaak bosuitjes kunt u bij ons terecht. Altijd op vooraad en snel bezorgd.\",\"breadcrumb\":{\"@id\":\"https:\\\/\\\/decofoodshop.nl\\\/product\\\/namaak-bos-uitjes\\\/#breadcrumb\"},\"inLanguage\":\"de\",\"potentialAction\":[{\"@type\":\"ReadAction\",\"target\":[\"https:\\\/\\\/decofoodshop.nl\\\/product\\\/namaak-bos-uitjes\\\/\"]}]},{\"@type\":\"ImageObject\",\"inLanguage\":\"de\",\"@id\":\"https:\\\/\\\/decofoodshop.nl\\\/product\\\/namaak-bos-uitjes\\\/#primaryimage\",\"url\":\"https:\\\/\\\/decofoodshop.nl\\\/wp-content\\\/uploads\\\/2019\\\/10\\\/Namaak-Bos-Uitjes-30cm-goed-1.jpg\",\"contentUrl\":\"https:\\\/\\\/decofoodshop.nl\\\/wp-content\\\/uploads\\\/2019\\\/10\\\/Namaak-Bos-Uitjes-30cm-goed-1.jpg\",\"width\":1154,\"height\":1156,\"caption\":\"Namaak bos uitjes\"},{\"@type\":\"BreadcrumbList\",\"@id\":\"https:\\\/\\\/decofoodshop.nl\\\/product\\\/namaak-bos-uitjes\\\/#breadcrumb\",\"itemListElement\":[{\"@type\":\"ListItem\",\"position\":1,\"name\":\"Home\",\"item\":\"https:\\\/\\\/decofoodshop.nl\\\/\"},{\"@type\":\"ListItem\",\"position\":2,\"name\":\"Winkel\",\"item\":\"https:\\\/\\\/decofoodshop.nl\\\/winkel\\\/\"},{\"@type\":\"ListItem\",\"position\":3,\"name\":\"Namaak Bos Uitjes\"}]},{\"@type\":\"WebSite\",\"@id\":\"https:\\\/\\\/decofoodshop.nl\\\/#website\",\"url\":\"https:\\\/\\\/decofoodshop.nl\\\/\",\"name\":\"Decofoodshop\",\"description\":\"\",\"potentialAction\":[{\"@type\":\"SearchAction\",\"target\":{\"@type\":\"EntryPoint\",\"urlTemplate\":\"https:\\\/\\\/decofoodshop.nl\\\/?s={search_term_string}\"},\"query-input\":{\"@type\":\"PropertyValueSpecification\",\"valueRequired\":true,\"valueName\":\"search_term_string\"}}],\"inLanguage\":\"de\"}]}<\/script>\n<!-- \/ Yoast SEO Premium plugin. -->","yoast_head_json":{"title":"Gef\u00e4lschte Waldzwiebeln - Kunstgem\u00fcse bei Decofoodshop bestellen","description":"Alle Arten von k\u00fcnstlichem Gem\u00fcse finden Sie unter: Decofoodshop. Auch f\u00fcr diese gef\u00e4lschten Fr\u00fchlingszwiebeln k\u00f6nnen Sie uns kontaktieren. Immer auf Lager und schnell geliefert.","robots":{"index":"index","follow":"follow","max-snippet":"max-snippet:-1","max-image-preview":"max-image-preview:large","max-video-preview":"max-video-preview:-1"},"canonical":"https:\/\/decofoodshop.nl\/de\/produkt\/gefalschte-waldzwiebeln\/","og_locale":"de_DE","og_type":"article","og_title":"Namaak Bos Uitjes","og_description":"Voor alle soorten kunst groenten, kijk bij: Decofoodshop. Ook deze namaak bosuitjes kunt u bij ons terecht. Altijd op vooraad en snel bezorgd.","og_url":"https:\/\/decofoodshop.nl\/de\/produkt\/gefalschte-waldzwiebeln\/","og_site_name":"Decofoodshop","article_modified_time":"2026-03-04T22:21:47+00:00","og_image":[{"width":1154,"height":1156,"url":"https:\/\/decofoodshop.nl\/wp-content\/uploads\/2019\/10\/Namaak-Bos-Uitjes-30cm-goed-1.jpg","type":"image\/jpeg"}],"twitter_card":"summary_large_image","twitter_misc":{"Gesch\u00e4tzte Lesezeit":"1\u00a0Minute"},"schema":{"@context":"https:\/\/schema.org","@graph":[{"@type":"WebPage","@id":"https:\/\/decofoodshop.nl\/product\/namaak-bos-uitjes\/","url":"https:\/\/decofoodshop.nl\/product\/namaak-bos-uitjes\/","name":"Gef\u00e4lschte Waldzwiebeln - Kunstgem\u00fcse bei Decofoodshop bestellen","isPartOf":{"@id":"https:\/\/decofoodshop.nl\/#website"},"primaryImageOfPage":{"@id":"https:\/\/decofoodshop.nl\/product\/namaak-bos-uitjes\/#primaryimage"},"image":{"@id":"https:\/\/decofoodshop.nl\/product\/namaak-bos-uitjes\/#primaryimage"},"thumbnailUrl":"https:\/\/decofoodshop.nl\/wp-content\/uploads\/2019\/10\/Namaak-Bos-Uitjes-30cm-goed-1.jpg","datePublished":"2019-10-03T10:57:13+00:00","dateModified":"2026-03-04T22:21:47+00:00","description":"Alle Arten von k\u00fcnstlichem Gem\u00fcse finden Sie unter: Decofoodshop. Auch f\u00fcr diese gef\u00e4lschten Fr\u00fchlingszwiebeln k\u00f6nnen Sie uns kontaktieren. Immer auf Lager und schnell geliefert.","breadcrumb":{"@id":"https:\/\/decofoodshop.nl\/product\/namaak-bos-uitjes\/#breadcrumb"},"inLanguage":"de","potentialAction":[{"@type":"ReadAction","target":["https:\/\/decofoodshop.nl\/product\/namaak-bos-uitjes\/"]}]},{"@type":"ImageObject","inLanguage":"de","@id":"https:\/\/decofoodshop.nl\/product\/namaak-bos-uitjes\/#primaryimage","url":"https:\/\/decofoodshop.nl\/wp-content\/uploads\/2019\/10\/Namaak-Bos-Uitjes-30cm-goed-1.jpg","contentUrl":"https:\/\/decofoodshop.nl\/wp-content\/uploads\/2019\/10\/Namaak-Bos-Uitjes-30cm-goed-1.jpg","width":1154,"height":1156,"caption":"Namaak bos uitjes"},{"@type":"BreadcrumbList","@id":"https:\/\/decofoodshop.nl\/product\/namaak-bos-uitjes\/#breadcrumb","itemListElement":[{"@type":"ListItem","position":1,"name":"Home","item":"https:\/\/decofoodshop.nl\/"},{"@type":"ListItem","position":2,"name":"Winkel","item":"https:\/\/decofoodshop.nl\/winkel\/"},{"@type":"ListItem","position":3,"name":"Namaak Bos Uitjes"}]},{"@type":"WebSite","@id":"https:\/\/decofoodshop.nl\/#website","url":"https:\/\/decofoodshop.nl\/","name":"Dekofoodshop","description":"","potentialAction":[{"@type":"SearchAction","target":{"@type":"EntryPoint","urlTemplate":"https:\/\/decofoodshop.nl\/?s={search_term_string}"},"query-input":{"@type":"PropertyValueSpecification","valueRequired":true,"valueName":"search_term_string"}}],"inLanguage":"de"}]}},"_links":{"self":[{"href":"https:\/\/decofoodshop.nl\/de\/wp-json\/wp\/v2\/product\/1045","targetHints":{"allow":["GET"]}}],"collection":[{"href":"https:\/\/decofoodshop.nl\/de\/wp-json\/wp\/v2\/product"}],"about":[{"href":"https:\/\/decofoodshop.nl\/de\/wp-json\/wp\/v2\/types\/product"}],"wp:featuredmedia":[{"embeddable":true,"href":"https:\/\/decofoodshop.nl\/de\/wp-json\/wp\/v2\/media\/1448"}],"wp:attachment":[{"href":"https:\/\/decofoodshop.nl\/de\/wp-json\/wp\/v2\/media?parent=1045"}],"wp:term":[{"taxonomy":"product_brand","embeddable":true,"href":"https:\/\/decofoodshop.nl\/de\/wp-json\/wp\/v2\/product_brand?post=1045"},{"taxonomy":"product_cat","embeddable":true,"href":"https:\/\/decofoodshop.nl\/de\/wp-json\/wp\/v2\/product_cat?post=1045"},{"taxonomy":"product_tag","embeddable":true,"href":"https:\/\/decofoodshop.nl\/de\/wp-json\/wp\/v2\/product_tag?post=1045"}],"curies":[{"name":"wp","href":"https:\/\/api.w.org\/{rel}","templated":true}]}}