{"id":1049,"date":"2019-10-03T13:32:06","date_gmt":"2019-10-03T13:32:06","guid":{"rendered":"https:\/\/decofoodshop.nl\/?post_type=product&#038;p=1049"},"modified":"2026-03-02T15:06:28","modified_gmt":"2026-03-02T14:06:28","slug":"falsches-rotes-fruhlingszwiebelbundel","status":"publish","type":"product","link":"https:\/\/decofoodshop.nl\/de\/product\/namaak-rode-bosuitjes-bundel\/","title":{"rendered":"Gef\u00e4lschte rote Fr\u00fchlingszwiebeln B\u00fcndel"},"content":{"rendered":"<p>Sch\u00f6ne rote k\u00fcnstliche Fr\u00fchlingszwiebeln mit lebensechter Form.<\/p>\n<p>Nat\u00fcrliche Farbe, die von rosa-rot \u00fcber hell- bis dunkelgr\u00fcn wechselt.<\/p>\n<p>Die k\u00fcnstlichen Zwiebeln sind biegsam und liegen schwer in der Hand.<\/p>\n<p>Durch die naturgetreuen Wurzeln wirken diese Fr\u00fchlingszwiebelimitate noch nat\u00fcrlicher.<\/p>\n<p>Verpackt in B\u00fcndeln mit 4 Fr\u00fchlingszwiebeln.<\/p>\n<p>Sie k\u00f6nnen sich auch an uns wenden<span style=\"color: #008000;\"> <a style=\"color: #008000;\" href=\"https:\/\/decofoodshop.nl\/de\/produktkategorie-2\/kunstliche-fruchte\/\">k\u00fcnstliche Fr\u00fcchte<\/a> <\/span>f\u00fcr alle Arten von gef\u00e4lschten Fr\u00fcchten.<\/p>","protected":false},"excerpt":{"rendered":"<p>Prachtige rode nep bosuitjes met levens echte vorm. Natuurlijke kleur die overloopt van roze-rood naar licht tot donkergroen. De kunst uien liggen flexibel en zwaar in de hand. Door de levensechte wortels komen deze imitatie bosuitjes nog natuurlijker over. Verpakt in bundels van 4 bosuitjes. U kunt ook terecht bij Kunstfruit voor allerlei soorten namaak [&hellip;]<\/p>\n","protected":false},"featured_media":1430,"template":"","meta":{"_acf_changed":false,"_genesis_hide_title":false,"_genesis_hide_breadcrumbs":false,"_genesis_hide_singular_image":false,"_genesis_hide_footer_widgets":false,"_genesis_custom_body_class":"","_genesis_custom_post_class":"","_genesis_layout":""},"product_brand":[],"product_cat":[48],"product_tag":[],"class_list":{"0":"post-1049","1":"product","2":"type-product","3":"status-publish","4":"has-post-thumbnail","6":"product_cat-kunstgroenten","7":"entry","8":"wpx-has-gallery","10":"first","11":"instock","12":"taxable","13":"shipping-taxable","14":"purchasable","15":"product-type-simple"},"acf":[],"yoast_head":"<!-- This site is optimized with the Yoast SEO Premium plugin v27.3 (Yoast SEO v27.3) - https:\/\/yoast.com\/product\/yoast-seo-premium-wordpress\/ -->\n<title>Namaak Rode Bosuitjes Bundel - en groente dummy&#039;s bij Decofoodshop<\/title>\n<meta name=\"description\" content=\"Voor een breed asortiment aan namaak en nepgroenten kunt u terecht bij Decofoodshop. Zo ook voor deze Namaak Rode Bosuitjes Bundel.\" \/>\n<meta name=\"robots\" content=\"index, follow, max-snippet:-1, max-image-preview:large, max-video-preview:-1\" \/>\n<link rel=\"canonical\" href=\"https:\/\/decofoodshop.nl\/de\/produkt\/falsches-rotes-fruhlingszwiebelbundel\/\" \/>\n<meta property=\"og:locale\" content=\"de_DE\" \/>\n<meta property=\"og:type\" content=\"article\" \/>\n<meta property=\"og:title\" content=\"Namaak Rode Bosuitjes Bundel\" \/>\n<meta property=\"og:description\" content=\"Voor een breed asortiment aan namaak en nepgroenten kunt u terecht bij Decofoodshop. Zo ook voor deze Namaak Rode Bosuitjes Bundel.\" \/>\n<meta property=\"og:url\" content=\"https:\/\/decofoodshop.nl\/de\/produkt\/falsches-rotes-fruhlingszwiebelbundel\/\" \/>\n<meta property=\"og:site_name\" content=\"Decofoodshop\" \/>\n<meta property=\"article:modified_time\" content=\"2026-03-02T14:06:28+00:00\" \/>\n<meta property=\"og:image\" content=\"https:\/\/decofoodshop.nl\/wp-content\/uploads\/2019\/10\/Namaak-Rode-Bosuitjes-Bundel-30cm-1.jpg\" \/>\n\t<meta property=\"og:image:width\" content=\"964\" \/>\n\t<meta property=\"og:image:height\" content=\"962\" \/>\n\t<meta property=\"og:image:type\" content=\"image\/jpeg\" \/>\n<meta name=\"twitter:card\" content=\"summary_large_image\" \/>\n<meta name=\"twitter:label1\" content=\"Gesch\u00e4tzte Lesezeit\" \/>\n\t<meta name=\"twitter:data1\" content=\"1\u00a0Minute\" \/>\n<script type=\"application\/ld+json\" class=\"yoast-schema-graph\">{\"@context\":\"https:\\\/\\\/schema.org\",\"@graph\":[{\"@type\":\"WebPage\",\"@id\":\"https:\\\/\\\/decofoodshop.nl\\\/product\\\/namaak-rode-bosuitjes-bundel\\\/\",\"url\":\"https:\\\/\\\/decofoodshop.nl\\\/product\\\/namaak-rode-bosuitjes-bundel\\\/\",\"name\":\"Namaak Rode Bosuitjes Bundel - en groente dummy's bij Decofoodshop\",\"isPartOf\":{\"@id\":\"https:\\\/\\\/decofoodshop.nl\\\/#website\"},\"primaryImageOfPage\":{\"@id\":\"https:\\\/\\\/decofoodshop.nl\\\/product\\\/namaak-rode-bosuitjes-bundel\\\/#primaryimage\"},\"image\":{\"@id\":\"https:\\\/\\\/decofoodshop.nl\\\/product\\\/namaak-rode-bosuitjes-bundel\\\/#primaryimage\"},\"thumbnailUrl\":\"https:\\\/\\\/decofoodshop.nl\\\/wp-content\\\/uploads\\\/2019\\\/10\\\/Namaak-Rode-Bosuitjes-Bundel-30cm-1.jpg\",\"datePublished\":\"2019-10-03T13:32:06+00:00\",\"dateModified\":\"2026-03-02T14:06:28+00:00\",\"description\":\"Voor een breed asortiment aan namaak en nepgroenten kunt u terecht bij Decofoodshop. Zo ook voor deze Namaak Rode Bosuitjes Bundel.\",\"breadcrumb\":{\"@id\":\"https:\\\/\\\/decofoodshop.nl\\\/product\\\/namaak-rode-bosuitjes-bundel\\\/#breadcrumb\"},\"inLanguage\":\"de\",\"potentialAction\":[{\"@type\":\"ReadAction\",\"target\":[\"https:\\\/\\\/decofoodshop.nl\\\/product\\\/namaak-rode-bosuitjes-bundel\\\/\"]}]},{\"@type\":\"ImageObject\",\"inLanguage\":\"de\",\"@id\":\"https:\\\/\\\/decofoodshop.nl\\\/product\\\/namaak-rode-bosuitjes-bundel\\\/#primaryimage\",\"url\":\"https:\\\/\\\/decofoodshop.nl\\\/wp-content\\\/uploads\\\/2019\\\/10\\\/Namaak-Rode-Bosuitjes-Bundel-30cm-1.jpg\",\"contentUrl\":\"https:\\\/\\\/decofoodshop.nl\\\/wp-content\\\/uploads\\\/2019\\\/10\\\/Namaak-Rode-Bosuitjes-Bundel-30cm-1.jpg\",\"width\":964,\"height\":962,\"caption\":\"Namaak Rode Bosuitjes Bundel\"},{\"@type\":\"BreadcrumbList\",\"@id\":\"https:\\\/\\\/decofoodshop.nl\\\/product\\\/namaak-rode-bosuitjes-bundel\\\/#breadcrumb\",\"itemListElement\":[{\"@type\":\"ListItem\",\"position\":1,\"name\":\"Home\",\"item\":\"https:\\\/\\\/decofoodshop.nl\\\/\"},{\"@type\":\"ListItem\",\"position\":2,\"name\":\"Winkel\",\"item\":\"https:\\\/\\\/decofoodshop.nl\\\/winkel\\\/\"},{\"@type\":\"ListItem\",\"position\":3,\"name\":\"Namaak Rode Bosuitjes Bundel\"}]},{\"@type\":\"WebSite\",\"@id\":\"https:\\\/\\\/decofoodshop.nl\\\/#website\",\"url\":\"https:\\\/\\\/decofoodshop.nl\\\/\",\"name\":\"Decofoodshop\",\"description\":\"\",\"potentialAction\":[{\"@type\":\"SearchAction\",\"target\":{\"@type\":\"EntryPoint\",\"urlTemplate\":\"https:\\\/\\\/decofoodshop.nl\\\/?s={search_term_string}\"},\"query-input\":{\"@type\":\"PropertyValueSpecification\",\"valueRequired\":true,\"valueName\":\"search_term_string\"}}],\"inLanguage\":\"de\"}]}<\/script>\n<!-- \/ Yoast SEO Premium plugin. -->","yoast_head_json":{"title":"Gef\u00e4lschte Rote Fr\u00fchlingszwiebeln B\u00fcndel - und Gem\u00fcseattrappen bei Decofoodshop","description":"Bei Decofoodshop finden Sie eine gro\u00dfe Auswahl an gef\u00e4lschtem und gef\u00e4lschtem Gem\u00fcse. Dasselbe gilt f\u00fcr dieses Paket mit gef\u00e4lschten roten Fr\u00fchlingszwiebeln.","robots":{"index":"index","follow":"follow","max-snippet":"max-snippet:-1","max-image-preview":"max-image-preview:large","max-video-preview":"max-video-preview:-1"},"canonical":"https:\/\/decofoodshop.nl\/de\/produkt\/falsches-rotes-fruhlingszwiebelbundel\/","og_locale":"de_DE","og_type":"article","og_title":"Namaak Rode Bosuitjes Bundel","og_description":"Voor een breed asortiment aan namaak en nepgroenten kunt u terecht bij Decofoodshop. Zo ook voor deze Namaak Rode Bosuitjes Bundel.","og_url":"https:\/\/decofoodshop.nl\/de\/produkt\/falsches-rotes-fruhlingszwiebelbundel\/","og_site_name":"Decofoodshop","article_modified_time":"2026-03-02T14:06:28+00:00","og_image":[{"width":964,"height":962,"url":"https:\/\/decofoodshop.nl\/wp-content\/uploads\/2019\/10\/Namaak-Rode-Bosuitjes-Bundel-30cm-1.jpg","type":"image\/jpeg"}],"twitter_card":"summary_large_image","twitter_misc":{"Gesch\u00e4tzte Lesezeit":"1\u00a0Minute"},"schema":{"@context":"https:\/\/schema.org","@graph":[{"@type":"WebPage","@id":"https:\/\/decofoodshop.nl\/product\/namaak-rode-bosuitjes-bundel\/","url":"https:\/\/decofoodshop.nl\/product\/namaak-rode-bosuitjes-bundel\/","name":"Gef\u00e4lschte Rote Fr\u00fchlingszwiebeln B\u00fcndel - und Gem\u00fcseattrappen bei Decofoodshop","isPartOf":{"@id":"https:\/\/decofoodshop.nl\/#website"},"primaryImageOfPage":{"@id":"https:\/\/decofoodshop.nl\/product\/namaak-rode-bosuitjes-bundel\/#primaryimage"},"image":{"@id":"https:\/\/decofoodshop.nl\/product\/namaak-rode-bosuitjes-bundel\/#primaryimage"},"thumbnailUrl":"https:\/\/decofoodshop.nl\/wp-content\/uploads\/2019\/10\/Namaak-Rode-Bosuitjes-Bundel-30cm-1.jpg","datePublished":"2019-10-03T13:32:06+00:00","dateModified":"2026-03-02T14:06:28+00:00","description":"Bei Decofoodshop finden Sie eine gro\u00dfe Auswahl an gef\u00e4lschtem und gef\u00e4lschtem Gem\u00fcse. Dasselbe gilt f\u00fcr dieses Paket mit gef\u00e4lschten roten Fr\u00fchlingszwiebeln.","breadcrumb":{"@id":"https:\/\/decofoodshop.nl\/product\/namaak-rode-bosuitjes-bundel\/#breadcrumb"},"inLanguage":"de","potentialAction":[{"@type":"ReadAction","target":["https:\/\/decofoodshop.nl\/product\/namaak-rode-bosuitjes-bundel\/"]}]},{"@type":"ImageObject","inLanguage":"de","@id":"https:\/\/decofoodshop.nl\/product\/namaak-rode-bosuitjes-bundel\/#primaryimage","url":"https:\/\/decofoodshop.nl\/wp-content\/uploads\/2019\/10\/Namaak-Rode-Bosuitjes-Bundel-30cm-1.jpg","contentUrl":"https:\/\/decofoodshop.nl\/wp-content\/uploads\/2019\/10\/Namaak-Rode-Bosuitjes-Bundel-30cm-1.jpg","width":964,"height":962,"caption":"Namaak Rode Bosuitjes Bundel"},{"@type":"BreadcrumbList","@id":"https:\/\/decofoodshop.nl\/product\/namaak-rode-bosuitjes-bundel\/#breadcrumb","itemListElement":[{"@type":"ListItem","position":1,"name":"Home","item":"https:\/\/decofoodshop.nl\/"},{"@type":"ListItem","position":2,"name":"Winkel","item":"https:\/\/decofoodshop.nl\/winkel\/"},{"@type":"ListItem","position":3,"name":"Namaak Rode Bosuitjes Bundel"}]},{"@type":"WebSite","@id":"https:\/\/decofoodshop.nl\/#website","url":"https:\/\/decofoodshop.nl\/","name":"Dekofoodshop","description":"","potentialAction":[{"@type":"SearchAction","target":{"@type":"EntryPoint","urlTemplate":"https:\/\/decofoodshop.nl\/?s={search_term_string}"},"query-input":{"@type":"PropertyValueSpecification","valueRequired":true,"valueName":"search_term_string"}}],"inLanguage":"de"}]}},"_links":{"self":[{"href":"https:\/\/decofoodshop.nl\/de\/wp-json\/wp\/v2\/product\/1049","targetHints":{"allow":["GET"]}}],"collection":[{"href":"https:\/\/decofoodshop.nl\/de\/wp-json\/wp\/v2\/product"}],"about":[{"href":"https:\/\/decofoodshop.nl\/de\/wp-json\/wp\/v2\/types\/product"}],"wp:featuredmedia":[{"embeddable":true,"href":"https:\/\/decofoodshop.nl\/de\/wp-json\/wp\/v2\/media\/1430"}],"wp:attachment":[{"href":"https:\/\/decofoodshop.nl\/de\/wp-json\/wp\/v2\/media?parent=1049"}],"wp:term":[{"taxonomy":"product_brand","embeddable":true,"href":"https:\/\/decofoodshop.nl\/de\/wp-json\/wp\/v2\/product_brand?post=1049"},{"taxonomy":"product_cat","embeddable":true,"href":"https:\/\/decofoodshop.nl\/de\/wp-json\/wp\/v2\/product_cat?post=1049"},{"taxonomy":"product_tag","embeddable":true,"href":"https:\/\/decofoodshop.nl\/de\/wp-json\/wp\/v2\/product_tag?post=1049"}],"curies":[{"name":"wp","href":"https:\/\/api.w.org\/{rel}","templated":true}]}}