{"id":10552,"date":"2024-06-23T22:27:26","date_gmt":"2024-06-23T20:27:26","guid":{"rendered":"https:\/\/decofoodshop.nl\/?post_type=product&#038;p=10552"},"modified":"2026-04-08T17:39:22","modified_gmt":"2026-04-08T15:39:22","slug":"gefalschte-karotte-2","status":"publish","type":"product","link":"https:\/\/decofoodshop.nl\/de\/product\/nep-wortel\/","title":{"rendered":"Gef\u00e4lschte Karotte"},"content":{"rendered":"<p>Besonders naturgetreue Kunstkarotte.<\/p>\n<p>Diese k\u00fcnstliche Karotte ist inklusive gr\u00fcnem Blattwerk 30 cm lang.<\/p>\n<p>Sowohl die Farbe der Wurzel als auch des Blattwerks stimmen mit dem Original \u00fcberein.<\/p>\n<p>Ausgestattet mit einer leicht unebenen Oberfl\u00e4che wie echte Karotten<\/p>\n<p>Nat\u00fcrliche Gr\u00f6\u00dfe und sehr stabile Qualit\u00e4t.<\/p>\n<p>Mit viel frischem gr\u00fcnem Laub.<\/p>\n<p>Absolut professionelle Qualit\u00e4t.<\/p>\n<p>Decofoodshop ist Lieferant aller Arten von k\u00fcnstlichem Gem\u00fcse.<\/p>\n<p>K\u00fcnstliche Wurzeln in professioneller Qualit\u00e4t sofort geliefert.<\/p>\n<p>Werfen Sie auch einen Blick auf das Sortiment verschiedener Typen<span style=\"color: #008000;\">\u00a0<a style=\"color: #008000;\" href=\"https:\/\/decofoodshop.nl\/de\/produktkategorie-2\/kunstliche-fruchte\/\">&#8216;<strong>k\u00fcnstliche Fr\u00fcchte<\/strong>&#8216;<\/a>.<\/span><\/p>","protected":false},"excerpt":{"rendered":"<p>Bijzonder natuurgetrouwe nep wortel. Deze nepwortel is wel 30cm lang inclusief groen loof. Zowel de kleur van de wortel als van het loof zijn net echt. Voorzien van licht ongelijk oppervlak zoals bij echte wortels Natuurlijk formaat en zeer stevige kwaliteit. Met veel fris groen loof. Absoluut professionele kwaliteit. Decofoodshop is leverancier van alles soorten [&hellip;]<\/p>\n","protected":false},"featured_media":10554,"template":"","meta":{"_acf_changed":false,"_genesis_hide_title":false,"_genesis_hide_breadcrumbs":false,"_genesis_hide_singular_image":false,"_genesis_hide_footer_widgets":false,"_genesis_custom_body_class":"","_genesis_custom_post_class":"","_genesis_layout":""},"product_brand":[],"product_cat":[48],"product_tag":[],"class_list":{"0":"post-10552","1":"product","2":"type-product","3":"status-publish","4":"has-post-thumbnail","6":"product_cat-kunstgroenten","7":"entry","8":"wpx-has-gallery","10":"first","11":"instock","12":"taxable","13":"shipping-taxable","14":"purchasable","15":"product-type-simple"},"acf":[],"yoast_head":"<!-- This site is optimized with the Yoast SEO Premium plugin v27.3 (Yoast SEO v27.4) - https:\/\/yoast.com\/product\/yoast-seo-premium-wordpress\/ -->\n<title>Nep Wortel - Decofoodshop<\/title>\n<meta name=\"description\" content=\"Deze nep wortel en veel meer nepgroenten en nepfruit van professionele kwaliteit direct leverbaar bij Decofoodshop.nl Kijk hier voor het hele assortiment.\" \/>\n<meta name=\"robots\" content=\"index, follow, max-snippet:-1, max-image-preview:large, max-video-preview:-1\" \/>\n<link rel=\"canonical\" href=\"https:\/\/decofoodshop.nl\/de\/produktkategorie-2\/kunstliches-gemuse\/\" \/>\n<meta property=\"og:locale\" content=\"de_DE\" \/>\n<meta property=\"og:type\" content=\"article\" \/>\n<meta property=\"og:title\" content=\"Nep Wortel\" \/>\n<meta property=\"og:description\" content=\"Deze nep wortel en veel meer nepgroenten en nepfruit van professionele kwaliteit direct leverbaar bij Decofoodshop.nl Kijk hier voor het hele assortiment.\" \/>\n<meta property=\"og:url\" content=\"https:\/\/decofoodshop.nl\/de\/produktkategorie-2\/kunstliches-gemuse\/\" \/>\n<meta property=\"og:site_name\" content=\"Decofoodshop\" \/>\n<meta property=\"article:modified_time\" content=\"2026-04-08T15:39:22+00:00\" \/>\n<meta property=\"og:image\" content=\"https:\/\/decofoodshop.nl\/wp-content\/uploads\/2024\/06\/Nepwortel-30cm-incl-loof_01.jpg\" \/>\n\t<meta property=\"og:image:width\" content=\"2000\" \/>\n\t<meta property=\"og:image:height\" content=\"2000\" \/>\n\t<meta property=\"og:image:type\" content=\"image\/jpeg\" \/>\n<meta name=\"twitter:card\" content=\"summary_large_image\" \/>\n<meta name=\"twitter:label1\" content=\"Gesch\u00e4tzte Lesezeit\" \/>\n\t<meta name=\"twitter:data1\" content=\"1\u00a0Minute\" \/>\n<script type=\"application\/ld+json\" class=\"yoast-schema-graph\">{\"@context\":\"https:\\\/\\\/schema.org\",\"@graph\":[{\"@type\":\"WebPage\",\"@id\":\"https:\\\/\\\/decofoodshop.nl\\\/product\\\/nep-wortel\\\/\",\"url\":\"https:\\\/\\\/decofoodshop.nl\\\/product-categorie\\\/kunstgroenten\\\/\",\"name\":\"Nep Wortel - Decofoodshop\",\"isPartOf\":{\"@id\":\"https:\\\/\\\/decofoodshop.nl\\\/#website\"},\"primaryImageOfPage\":{\"@id\":\"https:\\\/\\\/decofoodshop.nl\\\/product-categorie\\\/kunstgroenten\\\/#primaryimage\"},\"image\":{\"@id\":\"https:\\\/\\\/decofoodshop.nl\\\/product-categorie\\\/kunstgroenten\\\/#primaryimage\"},\"thumbnailUrl\":\"https:\\\/\\\/decofoodshop.nl\\\/wp-content\\\/uploads\\\/2024\\\/06\\\/Nepwortel-30cm-incl-loof_01.jpg\",\"datePublished\":\"2024-06-23T20:27:26+00:00\",\"dateModified\":\"2026-04-08T15:39:22+00:00\",\"description\":\"Deze nep wortel en veel meer nepgroenten en nepfruit van professionele kwaliteit direct leverbaar bij Decofoodshop.nl Kijk hier voor het hele assortiment.\",\"breadcrumb\":{\"@id\":\"https:\\\/\\\/decofoodshop.nl\\\/product-categorie\\\/kunstgroenten\\\/#breadcrumb\"},\"inLanguage\":\"de\",\"potentialAction\":[{\"@type\":\"ReadAction\",\"target\":[\"https:\\\/\\\/decofoodshop.nl\\\/product-categorie\\\/kunstgroenten\\\/\"]}]},{\"@type\":\"ImageObject\",\"inLanguage\":\"de\",\"@id\":\"https:\\\/\\\/decofoodshop.nl\\\/product-categorie\\\/kunstgroenten\\\/#primaryimage\",\"url\":\"https:\\\/\\\/decofoodshop.nl\\\/wp-content\\\/uploads\\\/2024\\\/06\\\/Nepwortel-30cm-incl-loof_01.jpg\",\"contentUrl\":\"https:\\\/\\\/decofoodshop.nl\\\/wp-content\\\/uploads\\\/2024\\\/06\\\/Nepwortel-30cm-incl-loof_01.jpg\",\"width\":2000,\"height\":2000,\"caption\":\"nep wortel van Decofoodshop.nl\"},{\"@type\":\"BreadcrumbList\",\"@id\":\"https:\\\/\\\/decofoodshop.nl\\\/product-categorie\\\/kunstgroenten\\\/#breadcrumb\",\"itemListElement\":[{\"@type\":\"ListItem\",\"position\":1,\"name\":\"Home\",\"item\":\"https:\\\/\\\/decofoodshop.nl\\\/\"},{\"@type\":\"ListItem\",\"position\":2,\"name\":\"Winkel\",\"item\":\"https:\\\/\\\/decofoodshop.nl\\\/winkel\\\/\"},{\"@type\":\"ListItem\",\"position\":3,\"name\":\"Nep Wortel\"}]},{\"@type\":\"WebSite\",\"@id\":\"https:\\\/\\\/decofoodshop.nl\\\/#website\",\"url\":\"https:\\\/\\\/decofoodshop.nl\\\/\",\"name\":\"Decofoodshop\",\"description\":\"\",\"potentialAction\":[{\"@type\":\"SearchAction\",\"target\":{\"@type\":\"EntryPoint\",\"urlTemplate\":\"https:\\\/\\\/decofoodshop.nl\\\/?s={search_term_string}\"},\"query-input\":{\"@type\":\"PropertyValueSpecification\",\"valueRequired\":true,\"valueName\":\"search_term_string\"}}],\"inLanguage\":\"de\"}]}<\/script>\n<!-- \/ Yoast SEO Premium plugin. -->","yoast_head_json":{"title":"K\u00fcnstliche Karotte - Decofoodshop","description":"Diese k\u00fcnstliche Karotte und viele weitere k\u00fcnstliche Gem\u00fcse- und Obstsorten in Profiqualit\u00e4t sind direkt bei Decofoodshop.nl erh\u00e4ltlich. Klicken Sie hier f\u00fcr das gesamte Sortiment.","robots":{"index":"index","follow":"follow","max-snippet":"max-snippet:-1","max-image-preview":"max-image-preview:large","max-video-preview":"max-video-preview:-1"},"canonical":"https:\/\/decofoodshop.nl\/de\/produktkategorie-2\/kunstliches-gemuse\/","og_locale":"de_DE","og_type":"article","og_title":"Nep Wortel","og_description":"Deze nep wortel en veel meer nepgroenten en nepfruit van professionele kwaliteit direct leverbaar bij Decofoodshop.nl Kijk hier voor het hele assortiment.","og_url":"https:\/\/decofoodshop.nl\/de\/produktkategorie-2\/kunstliches-gemuse\/","og_site_name":"Decofoodshop","article_modified_time":"2026-04-08T15:39:22+00:00","og_image":[{"width":2000,"height":2000,"url":"https:\/\/decofoodshop.nl\/wp-content\/uploads\/2024\/06\/Nepwortel-30cm-incl-loof_01.jpg","type":"image\/jpeg"}],"twitter_card":"summary_large_image","twitter_misc":{"Gesch\u00e4tzte Lesezeit":"1\u00a0Minute"},"schema":{"@context":"https:\/\/schema.org","@graph":[{"@type":"WebPage","@id":"https:\/\/decofoodshop.nl\/product\/nep-wortel\/","url":"https:\/\/decofoodshop.nl\/product-categorie\/kunstgroenten\/","name":"K\u00fcnstliche Karotte - Decofoodshop","isPartOf":{"@id":"https:\/\/decofoodshop.nl\/#website"},"primaryImageOfPage":{"@id":"https:\/\/decofoodshop.nl\/product-categorie\/kunstgroenten\/#primaryimage"},"image":{"@id":"https:\/\/decofoodshop.nl\/product-categorie\/kunstgroenten\/#primaryimage"},"thumbnailUrl":"https:\/\/decofoodshop.nl\/wp-content\/uploads\/2024\/06\/Nepwortel-30cm-incl-loof_01.jpg","datePublished":"2024-06-23T20:27:26+00:00","dateModified":"2026-04-08T15:39:22+00:00","description":"Diese k\u00fcnstliche Karotte und viele weitere k\u00fcnstliche Gem\u00fcse- und Obstsorten in Profiqualit\u00e4t sind direkt bei Decofoodshop.nl erh\u00e4ltlich. Klicken Sie hier f\u00fcr das gesamte Sortiment.","breadcrumb":{"@id":"https:\/\/decofoodshop.nl\/product-categorie\/kunstgroenten\/#breadcrumb"},"inLanguage":"de","potentialAction":[{"@type":"ReadAction","target":["https:\/\/decofoodshop.nl\/product-categorie\/kunstgroenten\/"]}]},{"@type":"ImageObject","inLanguage":"de","@id":"https:\/\/decofoodshop.nl\/product-categorie\/kunstgroenten\/#primaryimage","url":"https:\/\/decofoodshop.nl\/wp-content\/uploads\/2024\/06\/Nepwortel-30cm-incl-loof_01.jpg","contentUrl":"https:\/\/decofoodshop.nl\/wp-content\/uploads\/2024\/06\/Nepwortel-30cm-incl-loof_01.jpg","width":2000,"height":2000,"caption":"nep wortel van Decofoodshop.nl"},{"@type":"BreadcrumbList","@id":"https:\/\/decofoodshop.nl\/product-categorie\/kunstgroenten\/#breadcrumb","itemListElement":[{"@type":"ListItem","position":1,"name":"Home","item":"https:\/\/decofoodshop.nl\/"},{"@type":"ListItem","position":2,"name":"Winkel","item":"https:\/\/decofoodshop.nl\/winkel\/"},{"@type":"ListItem","position":3,"name":"Nep Wortel"}]},{"@type":"WebSite","@id":"https:\/\/decofoodshop.nl\/#website","url":"https:\/\/decofoodshop.nl\/","name":"Dekofoodshop","description":"","potentialAction":[{"@type":"SearchAction","target":{"@type":"EntryPoint","urlTemplate":"https:\/\/decofoodshop.nl\/?s={search_term_string}"},"query-input":{"@type":"PropertyValueSpecification","valueRequired":true,"valueName":"search_term_string"}}],"inLanguage":"de"}]}},"_links":{"self":[{"href":"https:\/\/decofoodshop.nl\/de\/wp-json\/wp\/v2\/product\/10552","targetHints":{"allow":["GET"]}}],"collection":[{"href":"https:\/\/decofoodshop.nl\/de\/wp-json\/wp\/v2\/product"}],"about":[{"href":"https:\/\/decofoodshop.nl\/de\/wp-json\/wp\/v2\/types\/product"}],"wp:featuredmedia":[{"embeddable":true,"href":"https:\/\/decofoodshop.nl\/de\/wp-json\/wp\/v2\/media\/10554"}],"wp:attachment":[{"href":"https:\/\/decofoodshop.nl\/de\/wp-json\/wp\/v2\/media?parent=10552"}],"wp:term":[{"taxonomy":"product_brand","embeddable":true,"href":"https:\/\/decofoodshop.nl\/de\/wp-json\/wp\/v2\/product_brand?post=10552"},{"taxonomy":"product_cat","embeddable":true,"href":"https:\/\/decofoodshop.nl\/de\/wp-json\/wp\/v2\/product_cat?post=10552"},{"taxonomy":"product_tag","embeddable":true,"href":"https:\/\/decofoodshop.nl\/de\/wp-json\/wp\/v2\/product_tag?post=10552"}],"curies":[{"name":"wp","href":"https:\/\/api.w.org\/{rel}","templated":true}]}}