{"id":10579,"date":"2024-06-27T14:22:01","date_gmt":"2024-06-27T12:22:01","guid":{"rendered":"https:\/\/decofoodshop.nl\/?post_type=product&#038;p=10579"},"modified":"2026-03-27T15:30:06","modified_gmt":"2026-03-27T14:30:06","slug":"kunstliche-weintraube-mittelblau","status":"publish","type":"product","link":"https:\/\/decofoodshop.nl\/de\/product\/kunstdruiventros-middel-blauw\/","title":{"rendered":"K\u00fcnstliche Weintraube Mittelblau"},"content":{"rendered":"<p>Nat\u00fcrliche k\u00fcnstliche Weintraube Mittelblau.<\/p>\n<p>Mit zwei Weinbl\u00e4ttern und einer \u00d6se zum Aufh\u00e4ngen.<\/p>\n<p>Die blaue k\u00fcnstliche Weintraube ist flexibel und passt immer gut.<\/p>\n<p>Mit einer L\u00e4nge von 25 cm und 60 lebensechten blauen k\u00fcnstlichen Weintrauben.<\/p>\n<p>Auch die k\u00fcnstlichen Weintrauben sind fest und sch\u00f6n voll.<\/p>\n<p>Neben dieser mittelgro\u00dfen Traubenimitation gibt es auch andere Gr\u00f6\u00dfen.<\/p>\n<p>Decofoodshop.nl verkauft auch kleine und gro\u00dfe k\u00fcnstliche Weintrauben.<\/p>\n<p>Alles in verschiedenen Farben erh\u00e4ltlich.<\/p>\n<p>Weitere gef\u00e4lschte Lebensmittel finden Sie in der Kategorie mit <span style=\"color: #008000;\"><strong><a style=\"color: #008000;\" href=\"https:\/\/decofoodshop.nl\/de\/produktkategorie-2\/kunstliches-gemuse\/\">K\u00fcnstliches Gem\u00fcse<\/a><\/strong><\/span>.<\/p>\n<p>&nbsp;<\/p>","protected":false},"excerpt":{"rendered":"<p>Natuurlijke Kunstdruiventros Middel Blauw. Met twee druivenbladeren en oogje om op te hangen. De blauwe nepdruiventros is flexibel en valt altijd goed in model. Met een lengte van 25cm en wel 60 levensechte blauwe kunstdruiven. De trossen kunstdruiven zijn ook stevig en mooi vol. Behalve dit middelgrote formaat namaak druiven zijn er ook andere formaten. [&hellip;]<\/p>\n","protected":false},"featured_media":10582,"template":"","meta":{"_acf_changed":false,"_genesis_hide_title":false,"_genesis_hide_breadcrumbs":false,"_genesis_hide_singular_image":false,"_genesis_hide_footer_widgets":false,"_genesis_custom_body_class":"","_genesis_custom_post_class":"","_genesis_layout":""},"product_brand":[],"product_cat":[47],"product_tag":[],"class_list":{"0":"post-10579","1":"product","2":"type-product","3":"status-publish","4":"has-post-thumbnail","6":"product_cat-kunstfruit","7":"entry","8":"wpx-has-gallery","10":"first","11":"instock","12":"taxable","13":"shipping-taxable","14":"purchasable","15":"product-type-simple"},"acf":[],"yoast_head":"<!-- This site is optimized with the Yoast SEO Premium plugin v27.3 (Yoast SEO v27.3) - https:\/\/yoast.com\/product\/yoast-seo-premium-wordpress\/ -->\n<title>Kunstdruiventros Middel Blauw - Decofoodshop<\/title>\n<meta name=\"description\" content=\"Kunstdruiventros Middel Blauw en veel meer soorte nepdruiven trossen kopen bij Decofoodshop.nl D\u00e8 leverancier van kunstvoeding en allles direct leverbaar.\" \/>\n<meta name=\"robots\" content=\"index, follow, max-snippet:-1, max-image-preview:large, max-video-preview:-1\" \/>\n<link rel=\"canonical\" href=\"https:\/\/decofoodshop.nl\/de\/produktkategorie-2\/kunstliche-fruchte\/\" \/>\n<meta property=\"og:locale\" content=\"de_DE\" \/>\n<meta property=\"og:type\" content=\"article\" \/>\n<meta property=\"og:title\" content=\"Kunstdruiventros Middel Blauw\" \/>\n<meta property=\"og:description\" content=\"Kunstdruiventros Middel Blauw en veel meer soorte nepdruiven trossen kopen bij Decofoodshop.nl D\u00e8 leverancier van kunstvoeding en allles direct leverbaar.\" \/>\n<meta property=\"og:url\" content=\"https:\/\/decofoodshop.nl\/de\/produktkategorie-2\/kunstliche-fruchte\/\" \/>\n<meta property=\"og:site_name\" content=\"Decofoodshop\" \/>\n<meta property=\"article:modified_time\" content=\"2026-03-27T14:30:06+00:00\" \/>\n<meta property=\"og:image\" content=\"https:\/\/decofoodshop.nl\/wp-content\/uploads\/2024\/06\/Kunstdruiventros-Blauw-Middel-25cm.jpg\" \/>\n\t<meta property=\"og:image:width\" content=\"2000\" \/>\n\t<meta property=\"og:image:height\" content=\"2000\" \/>\n\t<meta property=\"og:image:type\" content=\"image\/jpeg\" \/>\n<meta name=\"twitter:card\" content=\"summary_large_image\" \/>\n<meta name=\"twitter:label1\" content=\"Gesch\u00e4tzte Lesezeit\" \/>\n\t<meta name=\"twitter:data1\" content=\"1\u00a0Minute\" \/>\n<script type=\"application\/ld+json\" class=\"yoast-schema-graph\">{\"@context\":\"https:\\\/\\\/schema.org\",\"@graph\":[{\"@type\":\"WebPage\",\"@id\":\"https:\\\/\\\/decofoodshop.nl\\\/product\\\/kunstdruiventros-middel-blauw\\\/\",\"url\":\"https:\\\/\\\/decofoodshop.nl\\\/product-categorie\\\/kunstfruit\\\/\",\"name\":\"Kunstdruiventros Middel Blauw - Decofoodshop\",\"isPartOf\":{\"@id\":\"https:\\\/\\\/decofoodshop.nl\\\/#website\"},\"primaryImageOfPage\":{\"@id\":\"https:\\\/\\\/decofoodshop.nl\\\/product-categorie\\\/kunstfruit\\\/#primaryimage\"},\"image\":{\"@id\":\"https:\\\/\\\/decofoodshop.nl\\\/product-categorie\\\/kunstfruit\\\/#primaryimage\"},\"thumbnailUrl\":\"https:\\\/\\\/decofoodshop.nl\\\/wp-content\\\/uploads\\\/2024\\\/06\\\/Kunstdruiventros-Blauw-Middel-25cm.jpg\",\"datePublished\":\"2024-06-27T12:22:01+00:00\",\"dateModified\":\"2026-03-27T14:30:06+00:00\",\"description\":\"Kunstdruiventros Middel Blauw en veel meer soorte nepdruiven trossen kopen bij Decofoodshop.nl D\u00e8 leverancier van kunstvoeding en allles direct leverbaar.\",\"breadcrumb\":{\"@id\":\"https:\\\/\\\/decofoodshop.nl\\\/product-categorie\\\/kunstfruit\\\/#breadcrumb\"},\"inLanguage\":\"de\",\"potentialAction\":[{\"@type\":\"ReadAction\",\"target\":[\"https:\\\/\\\/decofoodshop.nl\\\/product-categorie\\\/kunstfruit\\\/\"]}]},{\"@type\":\"ImageObject\",\"inLanguage\":\"de\",\"@id\":\"https:\\\/\\\/decofoodshop.nl\\\/product-categorie\\\/kunstfruit\\\/#primaryimage\",\"url\":\"https:\\\/\\\/decofoodshop.nl\\\/wp-content\\\/uploads\\\/2024\\\/06\\\/Kunstdruiventros-Blauw-Middel-25cm.jpg\",\"contentUrl\":\"https:\\\/\\\/decofoodshop.nl\\\/wp-content\\\/uploads\\\/2024\\\/06\\\/Kunstdruiventros-Blauw-Middel-25cm.jpg\",\"width\":2000,\"height\":2000,\"caption\":\"Kunstdruiventros Middel Blauw\"},{\"@type\":\"BreadcrumbList\",\"@id\":\"https:\\\/\\\/decofoodshop.nl\\\/product-categorie\\\/kunstfruit\\\/#breadcrumb\",\"itemListElement\":[{\"@type\":\"ListItem\",\"position\":1,\"name\":\"Home\",\"item\":\"https:\\\/\\\/decofoodshop.nl\\\/\"},{\"@type\":\"ListItem\",\"position\":2,\"name\":\"Winkel\",\"item\":\"https:\\\/\\\/decofoodshop.nl\\\/winkel\\\/\"},{\"@type\":\"ListItem\",\"position\":3,\"name\":\"Kunstdruiventros Middel Blauw\"}]},{\"@type\":\"WebSite\",\"@id\":\"https:\\\/\\\/decofoodshop.nl\\\/#website\",\"url\":\"https:\\\/\\\/decofoodshop.nl\\\/\",\"name\":\"Decofoodshop\",\"description\":\"\",\"potentialAction\":[{\"@type\":\"SearchAction\",\"target\":{\"@type\":\"EntryPoint\",\"urlTemplate\":\"https:\\\/\\\/decofoodshop.nl\\\/?s={search_term_string}\"},\"query-input\":{\"@type\":\"PropertyValueSpecification\",\"valueRequired\":true,\"valueName\":\"search_term_string\"}}],\"inLanguage\":\"de\"}]}<\/script>\n<!-- \/ Yoast SEO Premium plugin. -->","yoast_head_json":{"title":"K\u00fcnstliche Weintraube Mittelblau - Decofoodshop","description":"Kaufen Sie k\u00fcnstliche Weintrauben Medium Blue und viele weitere Arten von k\u00fcnstlichen Weintrauben bei Decofoodshop.nl, dem Anbieter von k\u00fcnstlichen Lebensmitteln und allem, was sofort verf\u00fcgbar ist.","robots":{"index":"index","follow":"follow","max-snippet":"max-snippet:-1","max-image-preview":"max-image-preview:large","max-video-preview":"max-video-preview:-1"},"canonical":"https:\/\/decofoodshop.nl\/de\/produktkategorie-2\/kunstliche-fruchte\/","og_locale":"de_DE","og_type":"article","og_title":"Kunstdruiventros Middel Blauw","og_description":"Kunstdruiventros Middel Blauw en veel meer soorte nepdruiven trossen kopen bij Decofoodshop.nl D\u00e8 leverancier van kunstvoeding en allles direct leverbaar.","og_url":"https:\/\/decofoodshop.nl\/de\/produktkategorie-2\/kunstliche-fruchte\/","og_site_name":"Decofoodshop","article_modified_time":"2026-03-27T14:30:06+00:00","og_image":[{"width":2000,"height":2000,"url":"https:\/\/decofoodshop.nl\/wp-content\/uploads\/2024\/06\/Kunstdruiventros-Blauw-Middel-25cm.jpg","type":"image\/jpeg"}],"twitter_card":"summary_large_image","twitter_misc":{"Gesch\u00e4tzte Lesezeit":"1\u00a0Minute"},"schema":{"@context":"https:\/\/schema.org","@graph":[{"@type":"WebPage","@id":"https:\/\/decofoodshop.nl\/product\/kunstdruiventros-middel-blauw\/","url":"https:\/\/decofoodshop.nl\/product-categorie\/kunstfruit\/","name":"K\u00fcnstliche Weintraube Mittelblau - Decofoodshop","isPartOf":{"@id":"https:\/\/decofoodshop.nl\/#website"},"primaryImageOfPage":{"@id":"https:\/\/decofoodshop.nl\/product-categorie\/kunstfruit\/#primaryimage"},"image":{"@id":"https:\/\/decofoodshop.nl\/product-categorie\/kunstfruit\/#primaryimage"},"thumbnailUrl":"https:\/\/decofoodshop.nl\/wp-content\/uploads\/2024\/06\/Kunstdruiventros-Blauw-Middel-25cm.jpg","datePublished":"2024-06-27T12:22:01+00:00","dateModified":"2026-03-27T14:30:06+00:00","description":"Kaufen Sie k\u00fcnstliche Weintrauben Medium Blue und viele weitere Arten von k\u00fcnstlichen Weintrauben bei Decofoodshop.nl, dem Anbieter von k\u00fcnstlichen Lebensmitteln und allem, was sofort verf\u00fcgbar ist.","breadcrumb":{"@id":"https:\/\/decofoodshop.nl\/product-categorie\/kunstfruit\/#breadcrumb"},"inLanguage":"de","potentialAction":[{"@type":"ReadAction","target":["https:\/\/decofoodshop.nl\/product-categorie\/kunstfruit\/"]}]},{"@type":"ImageObject","inLanguage":"de","@id":"https:\/\/decofoodshop.nl\/product-categorie\/kunstfruit\/#primaryimage","url":"https:\/\/decofoodshop.nl\/wp-content\/uploads\/2024\/06\/Kunstdruiventros-Blauw-Middel-25cm.jpg","contentUrl":"https:\/\/decofoodshop.nl\/wp-content\/uploads\/2024\/06\/Kunstdruiventros-Blauw-Middel-25cm.jpg","width":2000,"height":2000,"caption":"Kunstdruiventros Middel Blauw"},{"@type":"BreadcrumbList","@id":"https:\/\/decofoodshop.nl\/product-categorie\/kunstfruit\/#breadcrumb","itemListElement":[{"@type":"ListItem","position":1,"name":"Home","item":"https:\/\/decofoodshop.nl\/"},{"@type":"ListItem","position":2,"name":"Winkel","item":"https:\/\/decofoodshop.nl\/winkel\/"},{"@type":"ListItem","position":3,"name":"Kunstdruiventros Middel Blauw"}]},{"@type":"WebSite","@id":"https:\/\/decofoodshop.nl\/#website","url":"https:\/\/decofoodshop.nl\/","name":"Dekofoodshop","description":"","potentialAction":[{"@type":"SearchAction","target":{"@type":"EntryPoint","urlTemplate":"https:\/\/decofoodshop.nl\/?s={search_term_string}"},"query-input":{"@type":"PropertyValueSpecification","valueRequired":true,"valueName":"search_term_string"}}],"inLanguage":"de"}]}},"_links":{"self":[{"href":"https:\/\/decofoodshop.nl\/de\/wp-json\/wp\/v2\/product\/10579","targetHints":{"allow":["GET"]}}],"collection":[{"href":"https:\/\/decofoodshop.nl\/de\/wp-json\/wp\/v2\/product"}],"about":[{"href":"https:\/\/decofoodshop.nl\/de\/wp-json\/wp\/v2\/types\/product"}],"wp:featuredmedia":[{"embeddable":true,"href":"https:\/\/decofoodshop.nl\/de\/wp-json\/wp\/v2\/media\/10582"}],"wp:attachment":[{"href":"https:\/\/decofoodshop.nl\/de\/wp-json\/wp\/v2\/media?parent=10579"}],"wp:term":[{"taxonomy":"product_brand","embeddable":true,"href":"https:\/\/decofoodshop.nl\/de\/wp-json\/wp\/v2\/product_brand?post=10579"},{"taxonomy":"product_cat","embeddable":true,"href":"https:\/\/decofoodshop.nl\/de\/wp-json\/wp\/v2\/product_cat?post=10579"},{"taxonomy":"product_tag","embeddable":true,"href":"https:\/\/decofoodshop.nl\/de\/wp-json\/wp\/v2\/product_tag?post=10579"}],"curies":[{"name":"wp","href":"https:\/\/api.w.org\/{rel}","templated":true}]}}