{"id":1058,"date":"2019-10-07T07:41:24","date_gmt":"2019-10-07T05:41:24","guid":{"rendered":"https:\/\/decofoodshop.nl\/?post_type=product&#038;p=1058"},"modified":"2026-04-07T16:09:58","modified_gmt":"2026-04-07T14:09:58","slug":"gefalschte-aubergine","status":"publish","type":"product","link":"https:\/\/decofoodshop.nl\/de\/product\/namaak-aubergine\/","title":{"rendered":"Gef\u00e4lschte Aubergine"},"content":{"rendered":"<p>Sch\u00f6ne und nat\u00fcrliche gef\u00e4lschte Aubergine.<\/p>\n<p>Die Farbe und das gepflegte Finish lassen die gef\u00e4lschte Aubergine echt aussehen.<\/p>\n<p>Mit einer L\u00e4nge von 18 cm ist diese k\u00fcnstliche Aubergine absolut nicht von der echten zu unterscheiden.<\/p>\n<p>Ausgestattet mit realistischem Vorbau.<\/p>\n<p>Weitere k\u00fcnstliche Gem\u00fcsesorten finden Sie unter <span style=\"color: #008000;\"><strong><a style=\"color: #008000;\" href=\"https:\/\/decofoodshop.nl\/de\/produktkategorie-2\/kunstliches-gemuse\/\">K\u00fcnstliches Gem\u00fcse<\/a><\/strong>.<\/span><\/p>\n<p>Sie k\u00f6nnen uns auch f\u00fcr Pakete kontaktieren! Klicken <span style=\"color: #008000;\"><strong><a style=\"color: #008000;\" href=\"https:\/\/decofoodshop.nl\/de\/produktkategorie-2\/pakete\/\">Hier<\/a> <\/strong><\/span>f\u00fcr Pakete.<\/p>","protected":false},"excerpt":{"rendered":"<p>Sch\u00f6ne und nat\u00fcrliche k\u00fcnstliche Aubergine. Aufgrund der Farbe und der gepflegten Verarbeitung sieht die k\u00fcnstliche Aubergine genauso aus wie die echte. Mit einer L\u00e4nge von 18 cm ist diese k\u00fcnstliche Aubergine kaum von einer echten zu unterscheiden. Ausgestattet mit realistischem Vorbau. Weitere k\u00fcnstliche Gem\u00fcsesorten finden Sie unter K\u00fcnstliches Gem\u00fcse. Sie k\u00f6nnen uns auch f\u00fcr Pakete kontaktieren! Klicken Sie hier f\u00fcr Pakete.<\/p>","protected":false},"featured_media":1427,"template":"","meta":{"_acf_changed":false,"_genesis_hide_title":false,"_genesis_hide_breadcrumbs":false,"_genesis_hide_singular_image":false,"_genesis_hide_footer_widgets":false,"_genesis_custom_body_class":"","_genesis_custom_post_class":"","_genesis_layout":""},"product_brand":[],"product_cat":[48],"product_tag":[],"class_list":{"0":"post-1058","1":"product","2":"type-product","3":"status-publish","4":"has-post-thumbnail","6":"product_cat-kunstgroenten","7":"entry","8":"wpx-has-gallery","10":"first","11":"instock","12":"taxable","13":"shipping-taxable","14":"purchasable","15":"product-type-simple"},"acf":[],"yoast_head":"<!-- This site is optimized with the Yoast SEO Premium plugin v27.3 (Yoast SEO v27.3) - https:\/\/yoast.com\/product\/yoast-seo-premium-wordpress\/ -->\n<title>Namaak Aubergine en meer nepgroenten - Decofoodshop<\/title>\n<meta name=\"description\" content=\"voor deze prachtige nep Aubergine en nog veel meer andere soorten kunstgroenten en ook kunstgroente pakketten kunt u terecht bij Decofoodshop.\" \/>\n<meta name=\"robots\" content=\"index, follow, max-snippet:-1, max-image-preview:large, max-video-preview:-1\" \/>\n<link rel=\"canonical\" href=\"https:\/\/decofoodshop.nl\/de\/produkt\/gefalschte-aubergine\/\" \/>\n<meta property=\"og:locale\" content=\"de_DE\" \/>\n<meta property=\"og:type\" content=\"article\" \/>\n<meta property=\"og:title\" content=\"Namaak Aubergine\" \/>\n<meta property=\"og:description\" content=\"voor deze prachtige nep Aubergine en nog veel meer andere soorten kunstgroenten en ook kunstgroente pakketten kunt u terecht bij Decofoodshop.\" \/>\n<meta property=\"og:url\" content=\"https:\/\/decofoodshop.nl\/de\/produkt\/gefalschte-aubergine\/\" \/>\n<meta property=\"og:site_name\" content=\"Decofoodshop\" \/>\n<meta property=\"article:modified_time\" content=\"2026-04-07T14:09:58+00:00\" \/>\n<meta property=\"og:image\" content=\"https:\/\/decofoodshop.nl\/wp-content\/uploads\/2019\/10\/Namaak-Aubergine-17cm-2-1.jpg\" \/>\n\t<meta property=\"og:image:width\" content=\"1208\" \/>\n\t<meta property=\"og:image:height\" content=\"1206\" \/>\n\t<meta property=\"og:image:type\" content=\"image\/jpeg\" \/>\n<meta name=\"twitter:card\" content=\"summary_large_image\" \/>\n<meta name=\"twitter:label1\" content=\"Gesch\u00e4tzte Lesezeit\" \/>\n\t<meta name=\"twitter:data1\" content=\"1\u00a0Minute\" \/>\n<script type=\"application\/ld+json\" class=\"yoast-schema-graph\">{\"@context\":\"https:\\\/\\\/schema.org\",\"@graph\":[{\"@type\":\"WebPage\",\"@id\":\"https:\\\/\\\/decofoodshop.nl\\\/product\\\/namaak-aubergine\\\/\",\"url\":\"https:\\\/\\\/decofoodshop.nl\\\/product\\\/namaak-aubergine\\\/\",\"name\":\"Namaak Aubergine en meer nepgroenten - Decofoodshop\",\"isPartOf\":{\"@id\":\"https:\\\/\\\/decofoodshop.nl\\\/#website\"},\"primaryImageOfPage\":{\"@id\":\"https:\\\/\\\/decofoodshop.nl\\\/product\\\/namaak-aubergine\\\/#primaryimage\"},\"image\":{\"@id\":\"https:\\\/\\\/decofoodshop.nl\\\/product\\\/namaak-aubergine\\\/#primaryimage\"},\"thumbnailUrl\":\"https:\\\/\\\/decofoodshop.nl\\\/wp-content\\\/uploads\\\/2019\\\/10\\\/Namaak-Aubergine-17cm-2-1.jpg\",\"datePublished\":\"2019-10-07T05:41:24+00:00\",\"dateModified\":\"2026-04-07T14:09:58+00:00\",\"description\":\"voor deze prachtige nep Aubergine en nog veel meer andere soorten kunstgroenten en ook kunstgroente pakketten kunt u terecht bij Decofoodshop.\",\"breadcrumb\":{\"@id\":\"https:\\\/\\\/decofoodshop.nl\\\/product\\\/namaak-aubergine\\\/#breadcrumb\"},\"inLanguage\":\"de\",\"potentialAction\":[{\"@type\":\"ReadAction\",\"target\":[\"https:\\\/\\\/decofoodshop.nl\\\/product\\\/namaak-aubergine\\\/\"]}]},{\"@type\":\"ImageObject\",\"inLanguage\":\"de\",\"@id\":\"https:\\\/\\\/decofoodshop.nl\\\/product\\\/namaak-aubergine\\\/#primaryimage\",\"url\":\"https:\\\/\\\/decofoodshop.nl\\\/wp-content\\\/uploads\\\/2019\\\/10\\\/Namaak-Aubergine-17cm-2-1.jpg\",\"contentUrl\":\"https:\\\/\\\/decofoodshop.nl\\\/wp-content\\\/uploads\\\/2019\\\/10\\\/Namaak-Aubergine-17cm-2-1.jpg\",\"width\":1208,\"height\":1206,\"caption\":\"Namaak Aubergine 17cm (2)\"},{\"@type\":\"BreadcrumbList\",\"@id\":\"https:\\\/\\\/decofoodshop.nl\\\/product\\\/namaak-aubergine\\\/#breadcrumb\",\"itemListElement\":[{\"@type\":\"ListItem\",\"position\":1,\"name\":\"Home\",\"item\":\"https:\\\/\\\/decofoodshop.nl\\\/\"},{\"@type\":\"ListItem\",\"position\":2,\"name\":\"Winkel\",\"item\":\"https:\\\/\\\/decofoodshop.nl\\\/winkel\\\/\"},{\"@type\":\"ListItem\",\"position\":3,\"name\":\"Namaak Aubergine\"}]},{\"@type\":\"WebSite\",\"@id\":\"https:\\\/\\\/decofoodshop.nl\\\/#website\",\"url\":\"https:\\\/\\\/decofoodshop.nl\\\/\",\"name\":\"Decofoodshop\",\"description\":\"\",\"potentialAction\":[{\"@type\":\"SearchAction\",\"target\":{\"@type\":\"EntryPoint\",\"urlTemplate\":\"https:\\\/\\\/decofoodshop.nl\\\/?s={search_term_string}\"},\"query-input\":{\"@type\":\"PropertyValueSpecification\",\"valueRequired\":true,\"valueName\":\"search_term_string\"}}],\"inLanguage\":\"de\"}]}<\/script>\n<!-- \/ Yoast SEO Premium plugin. -->","yoast_head_json":{"title":"Gef\u00e4lschte Auberginen und mehr k\u00fcnstliches Gem\u00fcse - Decofoodshop","description":"F\u00fcr diese sch\u00f6ne k\u00fcnstliche Aubergine und viele andere Arten von k\u00fcnstlichem Gem\u00fcse und auch k\u00fcnstliche Gem\u00fcseverpackungen k\u00f6nnen Sie zu Decofoodshop gehen.","robots":{"index":"index","follow":"follow","max-snippet":"max-snippet:-1","max-image-preview":"max-image-preview:large","max-video-preview":"max-video-preview:-1"},"canonical":"https:\/\/decofoodshop.nl\/de\/produkt\/gefalschte-aubergine\/","og_locale":"de_DE","og_type":"article","og_title":"Namaak Aubergine","og_description":"voor deze prachtige nep Aubergine en nog veel meer andere soorten kunstgroenten en ook kunstgroente pakketten kunt u terecht bij Decofoodshop.","og_url":"https:\/\/decofoodshop.nl\/de\/produkt\/gefalschte-aubergine\/","og_site_name":"Decofoodshop","article_modified_time":"2026-04-07T14:09:58+00:00","og_image":[{"width":1208,"height":1206,"url":"https:\/\/decofoodshop.nl\/wp-content\/uploads\/2019\/10\/Namaak-Aubergine-17cm-2-1.jpg","type":"image\/jpeg"}],"twitter_card":"summary_large_image","twitter_misc":{"Gesch\u00e4tzte Lesezeit":"1\u00a0Minute"},"schema":{"@context":"https:\/\/schema.org","@graph":[{"@type":"WebPage","@id":"https:\/\/decofoodshop.nl\/product\/namaak-aubergine\/","url":"https:\/\/decofoodshop.nl\/product\/namaak-aubergine\/","name":"Gef\u00e4lschte Auberginen und mehr k\u00fcnstliches Gem\u00fcse - Decofoodshop","isPartOf":{"@id":"https:\/\/decofoodshop.nl\/#website"},"primaryImageOfPage":{"@id":"https:\/\/decofoodshop.nl\/product\/namaak-aubergine\/#primaryimage"},"image":{"@id":"https:\/\/decofoodshop.nl\/product\/namaak-aubergine\/#primaryimage"},"thumbnailUrl":"https:\/\/decofoodshop.nl\/wp-content\/uploads\/2019\/10\/Namaak-Aubergine-17cm-2-1.jpg","datePublished":"2019-10-07T05:41:24+00:00","dateModified":"2026-04-07T14:09:58+00:00","description":"F\u00fcr diese sch\u00f6ne k\u00fcnstliche Aubergine und viele andere Arten von k\u00fcnstlichem Gem\u00fcse und auch k\u00fcnstliche Gem\u00fcseverpackungen k\u00f6nnen Sie zu Decofoodshop gehen.","breadcrumb":{"@id":"https:\/\/decofoodshop.nl\/product\/namaak-aubergine\/#breadcrumb"},"inLanguage":"de","potentialAction":[{"@type":"ReadAction","target":["https:\/\/decofoodshop.nl\/product\/namaak-aubergine\/"]}]},{"@type":"ImageObject","inLanguage":"de","@id":"https:\/\/decofoodshop.nl\/product\/namaak-aubergine\/#primaryimage","url":"https:\/\/decofoodshop.nl\/wp-content\/uploads\/2019\/10\/Namaak-Aubergine-17cm-2-1.jpg","contentUrl":"https:\/\/decofoodshop.nl\/wp-content\/uploads\/2019\/10\/Namaak-Aubergine-17cm-2-1.jpg","width":1208,"height":1206,"caption":"Namaak Aubergine 17cm (2)"},{"@type":"BreadcrumbList","@id":"https:\/\/decofoodshop.nl\/product\/namaak-aubergine\/#breadcrumb","itemListElement":[{"@type":"ListItem","position":1,"name":"Home","item":"https:\/\/decofoodshop.nl\/"},{"@type":"ListItem","position":2,"name":"Winkel","item":"https:\/\/decofoodshop.nl\/winkel\/"},{"@type":"ListItem","position":3,"name":"Namaak Aubergine"}]},{"@type":"WebSite","@id":"https:\/\/decofoodshop.nl\/#website","url":"https:\/\/decofoodshop.nl\/","name":"Dekofoodshop","description":"","potentialAction":[{"@type":"SearchAction","target":{"@type":"EntryPoint","urlTemplate":"https:\/\/decofoodshop.nl\/?s={search_term_string}"},"query-input":{"@type":"PropertyValueSpecification","valueRequired":true,"valueName":"search_term_string"}}],"inLanguage":"de"}]}},"_links":{"self":[{"href":"https:\/\/decofoodshop.nl\/de\/wp-json\/wp\/v2\/product\/1058","targetHints":{"allow":["GET"]}}],"collection":[{"href":"https:\/\/decofoodshop.nl\/de\/wp-json\/wp\/v2\/product"}],"about":[{"href":"https:\/\/decofoodshop.nl\/de\/wp-json\/wp\/v2\/types\/product"}],"wp:featuredmedia":[{"embeddable":true,"href":"https:\/\/decofoodshop.nl\/de\/wp-json\/wp\/v2\/media\/1427"}],"wp:attachment":[{"href":"https:\/\/decofoodshop.nl\/de\/wp-json\/wp\/v2\/media?parent=1058"}],"wp:term":[{"taxonomy":"product_brand","embeddable":true,"href":"https:\/\/decofoodshop.nl\/de\/wp-json\/wp\/v2\/product_brand?post=1058"},{"taxonomy":"product_cat","embeddable":true,"href":"https:\/\/decofoodshop.nl\/de\/wp-json\/wp\/v2\/product_cat?post=1058"},{"taxonomy":"product_tag","embeddable":true,"href":"https:\/\/decofoodshop.nl\/de\/wp-json\/wp\/v2\/product_tag?post=1058"}],"curies":[{"name":"wp","href":"https:\/\/api.w.org\/{rel}","templated":true}]}}