{"id":10593,"date":"2024-06-27T14:58:19","date_gmt":"2024-06-27T12:58:19","guid":{"rendered":"https:\/\/decofoodshop.nl\/?post_type=product&#038;p=10593"},"modified":"2026-03-23T21:35:33","modified_gmt":"2026-03-23T20:35:33","slug":"gefalschte-weintraube-gelb-gros","status":"publish","type":"product","link":"https:\/\/decofoodshop.nl\/de\/product\/namaak-druiventros-geel-groot\/","title":{"rendered":"Nachgemachte Weintraube Gelb Gro\u00df"},"content":{"rendered":"<p>Diese gef\u00e4lschte Weintraube gelb gro\u00df ist genau wie das Original.<\/p>\n<p>Mit ihrer sehr vollen Traube aus gelben k\u00fcnstlichen Weintrauben ist diese k\u00fcnstliche Weintraube besonders dekorativ.<\/p>\n<p>Ausgestattet mit zwei naturgr\u00fcnen Weinbl\u00e4ttern mit hellgr\u00fcner Ader.<\/p>\n<p>Alle k\u00fcnstlichen Weintrauben haben am Stiel eine kleine \u00d6se, an der die Weintraube aufgeh\u00e4ngt werden kann.<\/p>\n<p>Wenn die Str\u00e4u\u00dfe ausgelegt werden, nehmen sie sofort eine sch\u00f6ne Form an.<\/p>\n<p>Diese gro\u00dfen Weintrauben aus Kunststoff haben eine nat\u00fcrliche und leicht gelbgr\u00fcne Farbe.<\/p>\n<p>Einige k\u00fcnstliche Weintrauben haben auch einen roten Akzent auf der Traube, als ob sie reif w\u00e4ren.<\/p>\n<p>Die gelben Kunsttauben auf diesem Strau\u00df sind leicht verl\u00e4ngert und 3,5 cm lang.<\/p>\n<p>Decofoodshop verkauft Traubenattrappen in verschiedenen Farben und Gr\u00f6\u00dfen.<\/p>\n<p>Alles, was Sie bestellen, ist sofort verf\u00fcgbar und wird jeden Werktag verpackt und versendet.<\/p>\n<p>Decofoodshop.nl bietet neben gelben k\u00fcnstlichen Weintrauben auch eine gro\u00dfe Auswahl an Fertiggerichten<strong><span style=\"color: #008000;\"> <a style=\"color: #008000;\" href=\"https:\/\/decofoodshop.nl\/de\/produktkategorie-2\/pakete\/\">&#039;Pakete&#039;<\/a>.<\/span><\/strong><\/p>\n<p>Zus\u00e4tzlich zu dieser gef\u00e4lschten Weintraube gelb gro\u00df verkaufen wir auch wundersch\u00f6ne gr\u00fcne <span style=\"color: #008000;\"><strong><a style=\"color: #008000;\" href=\"https:\/\/decofoodshop.nl\/de\/produkt\/weinblatt-girlande-mit-seitenzweigen\/\">Weinblattgirlanden<\/a><\/strong><\/span>.<\/p>","protected":false},"excerpt":{"rendered":"<p>Deze Namaak Druiventros Geel Groot is net echt. Met zijn zeer volle tros gele kunstdruiven is deze nepdruiventros bijzonder decoratief. Voorzien van twee natuurlijke groene druivenbladeren met een licht groene nerf. Alle nep druiftrossen hebben een klein oogje aan de steel om de tros aan op te hangen. Wanneer de trossen worden neergelegd vallen ze [&hellip;]<\/p>\n","protected":false},"featured_media":10594,"template":"","meta":{"_acf_changed":false,"_genesis_hide_title":false,"_genesis_hide_breadcrumbs":false,"_genesis_hide_singular_image":false,"_genesis_hide_footer_widgets":false,"_genesis_custom_body_class":"","_genesis_custom_post_class":"","_genesis_layout":""},"product_brand":[],"product_cat":[47],"product_tag":[],"class_list":{"0":"post-10593","1":"product","2":"type-product","3":"status-publish","4":"has-post-thumbnail","6":"product_cat-kunstfruit","7":"entry","8":"wpx-has-gallery","10":"first","11":"instock","12":"taxable","13":"shipping-taxable","14":"purchasable","15":"product-type-simple"},"acf":[],"yoast_head":"<!-- This site is optimized with the Yoast SEO Premium plugin v27.3 (Yoast SEO v27.4) - https:\/\/yoast.com\/product\/yoast-seo-premium-wordpress\/ -->\n<title>Namaak Druiventros Geel Groot - Decofoodshop<\/title>\n<meta name=\"description\" content=\"Namaak Druiventros Geel Groot en nog veel meer kleuren plastic druiventrossen en druiventros dummies direct leverbaar bij Decofoodshop.nl\" \/>\n<meta name=\"robots\" content=\"index, follow, max-snippet:-1, max-image-preview:large, max-video-preview:-1\" \/>\n<link rel=\"canonical\" href=\"https:\/\/decofoodshop.nl\/de\/produktkategorie-2\/kunstliche-fruchte\/\" \/>\n<meta property=\"og:locale\" content=\"de_DE\" \/>\n<meta property=\"og:type\" content=\"article\" \/>\n<meta property=\"og:title\" content=\"Namaak Druiventros Geel Groot\" \/>\n<meta property=\"og:description\" content=\"Namaak Druiventros Geel Groot en nog veel meer kleuren plastic druiventrossen en druiventros dummies direct leverbaar bij Decofoodshop.nl\" \/>\n<meta property=\"og:url\" content=\"https:\/\/decofoodshop.nl\/de\/produktkategorie-2\/kunstliche-fruchte\/\" \/>\n<meta property=\"og:site_name\" content=\"Decofoodshop\" \/>\n<meta property=\"article:modified_time\" content=\"2026-03-23T20:35:33+00:00\" \/>\n<meta property=\"og:image\" content=\"https:\/\/decofoodshop.nl\/wp-content\/uploads\/2024\/06\/Namaak-Druiventros-Geel-Groot_05.jpg\" \/>\n\t<meta property=\"og:image:width\" content=\"2000\" \/>\n\t<meta property=\"og:image:height\" content=\"2000\" \/>\n\t<meta property=\"og:image:type\" content=\"image\/jpeg\" \/>\n<meta name=\"twitter:card\" content=\"summary_large_image\" \/>\n<meta name=\"twitter:label1\" content=\"Gesch\u00e4tzte Lesezeit\" \/>\n\t<meta name=\"twitter:data1\" content=\"2\u00a0Minuten\" \/>\n<script type=\"application\/ld+json\" class=\"yoast-schema-graph\">{\"@context\":\"https:\\\/\\\/schema.org\",\"@graph\":[{\"@type\":\"WebPage\",\"@id\":\"https:\\\/\\\/decofoodshop.nl\\\/product\\\/namaak-druiventros-geel-groot\\\/\",\"url\":\"https:\\\/\\\/decofoodshop.nl\\\/product-categorie\\\/kunstfruit\\\/\",\"name\":\"Namaak Druiventros Geel Groot - Decofoodshop\",\"isPartOf\":{\"@id\":\"https:\\\/\\\/decofoodshop.nl\\\/#website\"},\"primaryImageOfPage\":{\"@id\":\"https:\\\/\\\/decofoodshop.nl\\\/product-categorie\\\/kunstfruit\\\/#primaryimage\"},\"image\":{\"@id\":\"https:\\\/\\\/decofoodshop.nl\\\/product-categorie\\\/kunstfruit\\\/#primaryimage\"},\"thumbnailUrl\":\"https:\\\/\\\/decofoodshop.nl\\\/wp-content\\\/uploads\\\/2024\\\/06\\\/Namaak-Druiventros-Geel-Groot_05.jpg\",\"datePublished\":\"2024-06-27T12:58:19+00:00\",\"dateModified\":\"2026-03-23T20:35:33+00:00\",\"description\":\"Namaak Druiventros Geel Groot en nog veel meer kleuren plastic druiventrossen en druiventros dummies direct leverbaar bij Decofoodshop.nl\",\"breadcrumb\":{\"@id\":\"https:\\\/\\\/decofoodshop.nl\\\/product-categorie\\\/kunstfruit\\\/#breadcrumb\"},\"inLanguage\":\"de\",\"potentialAction\":[{\"@type\":\"ReadAction\",\"target\":[\"https:\\\/\\\/decofoodshop.nl\\\/product-categorie\\\/kunstfruit\\\/\"]}]},{\"@type\":\"ImageObject\",\"inLanguage\":\"de\",\"@id\":\"https:\\\/\\\/decofoodshop.nl\\\/product-categorie\\\/kunstfruit\\\/#primaryimage\",\"url\":\"https:\\\/\\\/decofoodshop.nl\\\/wp-content\\\/uploads\\\/2024\\\/06\\\/Namaak-Druiventros-Geel-Groot_05.jpg\",\"contentUrl\":\"https:\\\/\\\/decofoodshop.nl\\\/wp-content\\\/uploads\\\/2024\\\/06\\\/Namaak-Druiventros-Geel-Groot_05.jpg\",\"width\":2000,\"height\":2000,\"caption\":\"Namaak Druiventros Geel Groot van Decofoodshop.nl\"},{\"@type\":\"BreadcrumbList\",\"@id\":\"https:\\\/\\\/decofoodshop.nl\\\/product-categorie\\\/kunstfruit\\\/#breadcrumb\",\"itemListElement\":[{\"@type\":\"ListItem\",\"position\":1,\"name\":\"Home\",\"item\":\"https:\\\/\\\/decofoodshop.nl\\\/\"},{\"@type\":\"ListItem\",\"position\":2,\"name\":\"Winkel\",\"item\":\"https:\\\/\\\/decofoodshop.nl\\\/winkel\\\/\"},{\"@type\":\"ListItem\",\"position\":3,\"name\":\"Namaak Druiventros Geel Groot\"}]},{\"@type\":\"WebSite\",\"@id\":\"https:\\\/\\\/decofoodshop.nl\\\/#website\",\"url\":\"https:\\\/\\\/decofoodshop.nl\\\/\",\"name\":\"Decofoodshop\",\"description\":\"\",\"potentialAction\":[{\"@type\":\"SearchAction\",\"target\":{\"@type\":\"EntryPoint\",\"urlTemplate\":\"https:\\\/\\\/decofoodshop.nl\\\/?s={search_term_string}\"},\"query-input\":{\"@type\":\"PropertyValueSpecification\",\"valueRequired\":true,\"valueName\":\"search_term_string\"}}],\"inLanguage\":\"de\"}]}<\/script>\n<!-- \/ Yoast SEO Premium plugin. -->","yoast_head_json":{"title":"K\u00fcnstliche Weintrauben Gelb Gro\u00df - Decofoodshop","description":"Gef\u00e4lschte Weintrauben Gelb Gro\u00df und viele weitere Farben von Kunststoff-Weintrauben und Weintrauben-Attrappen sind sofort bei Decofoodshop.nl erh\u00e4ltlich","robots":{"index":"index","follow":"follow","max-snippet":"max-snippet:-1","max-image-preview":"max-image-preview:large","max-video-preview":"max-video-preview:-1"},"canonical":"https:\/\/decofoodshop.nl\/de\/produktkategorie-2\/kunstliche-fruchte\/","og_locale":"de_DE","og_type":"article","og_title":"Namaak Druiventros Geel Groot","og_description":"Namaak Druiventros Geel Groot en nog veel meer kleuren plastic druiventrossen en druiventros dummies direct leverbaar bij Decofoodshop.nl","og_url":"https:\/\/decofoodshop.nl\/de\/produktkategorie-2\/kunstliche-fruchte\/","og_site_name":"Decofoodshop","article_modified_time":"2026-03-23T20:35:33+00:00","og_image":[{"width":2000,"height":2000,"url":"https:\/\/decofoodshop.nl\/wp-content\/uploads\/2024\/06\/Namaak-Druiventros-Geel-Groot_05.jpg","type":"image\/jpeg"}],"twitter_card":"summary_large_image","twitter_misc":{"Gesch\u00e4tzte Lesezeit":"2\u00a0Minuten"},"schema":{"@context":"https:\/\/schema.org","@graph":[{"@type":"WebPage","@id":"https:\/\/decofoodshop.nl\/product\/namaak-druiventros-geel-groot\/","url":"https:\/\/decofoodshop.nl\/product-categorie\/kunstfruit\/","name":"K\u00fcnstliche Weintrauben Gelb Gro\u00df - Decofoodshop","isPartOf":{"@id":"https:\/\/decofoodshop.nl\/#website"},"primaryImageOfPage":{"@id":"https:\/\/decofoodshop.nl\/product-categorie\/kunstfruit\/#primaryimage"},"image":{"@id":"https:\/\/decofoodshop.nl\/product-categorie\/kunstfruit\/#primaryimage"},"thumbnailUrl":"https:\/\/decofoodshop.nl\/wp-content\/uploads\/2024\/06\/Namaak-Druiventros-Geel-Groot_05.jpg","datePublished":"2024-06-27T12:58:19+00:00","dateModified":"2026-03-23T20:35:33+00:00","description":"Gef\u00e4lschte Weintrauben Gelb Gro\u00df und viele weitere Farben von Kunststoff-Weintrauben und Weintrauben-Attrappen sind sofort bei Decofoodshop.nl erh\u00e4ltlich","breadcrumb":{"@id":"https:\/\/decofoodshop.nl\/product-categorie\/kunstfruit\/#breadcrumb"},"inLanguage":"de","potentialAction":[{"@type":"ReadAction","target":["https:\/\/decofoodshop.nl\/product-categorie\/kunstfruit\/"]}]},{"@type":"ImageObject","inLanguage":"de","@id":"https:\/\/decofoodshop.nl\/product-categorie\/kunstfruit\/#primaryimage","url":"https:\/\/decofoodshop.nl\/wp-content\/uploads\/2024\/06\/Namaak-Druiventros-Geel-Groot_05.jpg","contentUrl":"https:\/\/decofoodshop.nl\/wp-content\/uploads\/2024\/06\/Namaak-Druiventros-Geel-Groot_05.jpg","width":2000,"height":2000,"caption":"Namaak Druiventros Geel Groot van Decofoodshop.nl"},{"@type":"BreadcrumbList","@id":"https:\/\/decofoodshop.nl\/product-categorie\/kunstfruit\/#breadcrumb","itemListElement":[{"@type":"ListItem","position":1,"name":"Home","item":"https:\/\/decofoodshop.nl\/"},{"@type":"ListItem","position":2,"name":"Winkel","item":"https:\/\/decofoodshop.nl\/winkel\/"},{"@type":"ListItem","position":3,"name":"Namaak Druiventros Geel Groot"}]},{"@type":"WebSite","@id":"https:\/\/decofoodshop.nl\/#website","url":"https:\/\/decofoodshop.nl\/","name":"Dekofoodshop","description":"","potentialAction":[{"@type":"SearchAction","target":{"@type":"EntryPoint","urlTemplate":"https:\/\/decofoodshop.nl\/?s={search_term_string}"},"query-input":{"@type":"PropertyValueSpecification","valueRequired":true,"valueName":"search_term_string"}}],"inLanguage":"de"}]}},"_links":{"self":[{"href":"https:\/\/decofoodshop.nl\/de\/wp-json\/wp\/v2\/product\/10593","targetHints":{"allow":["GET"]}}],"collection":[{"href":"https:\/\/decofoodshop.nl\/de\/wp-json\/wp\/v2\/product"}],"about":[{"href":"https:\/\/decofoodshop.nl\/de\/wp-json\/wp\/v2\/types\/product"}],"wp:featuredmedia":[{"embeddable":true,"href":"https:\/\/decofoodshop.nl\/de\/wp-json\/wp\/v2\/media\/10594"}],"wp:attachment":[{"href":"https:\/\/decofoodshop.nl\/de\/wp-json\/wp\/v2\/media?parent=10593"}],"wp:term":[{"taxonomy":"product_brand","embeddable":true,"href":"https:\/\/decofoodshop.nl\/de\/wp-json\/wp\/v2\/product_brand?post=10593"},{"taxonomy":"product_cat","embeddable":true,"href":"https:\/\/decofoodshop.nl\/de\/wp-json\/wp\/v2\/product_cat?post=10593"},{"taxonomy":"product_tag","embeddable":true,"href":"https:\/\/decofoodshop.nl\/de\/wp-json\/wp\/v2\/product_tag?post=10593"}],"curies":[{"name":"wp","href":"https:\/\/api.w.org\/{rel}","templated":true}]}}