{"id":1065,"date":"2019-10-08T08:25:45","date_gmt":"2019-10-08T08:25:45","guid":{"rendered":"https:\/\/decofoodshop.nl\/?post_type=product&#038;p=1065"},"modified":"2026-03-02T15:03:06","modified_gmt":"2026-03-02T14:03:06","slug":"set-fake-bambussprossen","status":"publish","type":"product","link":"https:\/\/decofoodshop.nl\/de\/product\/set-nep-bamboescheuten\/","title":{"rendered":"Stellen Sie gef\u00e4lschte Bambussprossen ein"},"content":{"rendered":"<p><span data-sheets-value=\"{&quot;1&quot;:2,&quot;2&quot;:&quot;Set Nep Bamboescheuten &quot;}\" data-sheets-userformat=\"{&quot;2&quot;:11261,&quot;3&quot;:{&quot;1&quot;:0},&quot;5&quot;:{&quot;1&quot;:[{&quot;1&quot;:2,&quot;2&quot;:0,&quot;5&quot;:[null,2,13421772]},{&quot;1&quot;:0,&quot;2&quot;:0,&quot;3&quot;:3},{&quot;1&quot;:1,&quot;2&quot;:0,&quot;4&quot;:2}]},&quot;6&quot;:{&quot;1&quot;:[{&quot;1&quot;:2,&quot;2&quot;:0,&quot;5&quot;:[null,2,13421772]},{&quot;1&quot;:0,&quot;2&quot;:0,&quot;3&quot;:3},{&quot;1&quot;:1,&quot;2&quot;:0,&quot;4&quot;:2}]},&quot;7&quot;:{&quot;1&quot;:[{&quot;1&quot;:2,&quot;2&quot;:0,&quot;5&quot;:[null,2,13421772]},{&quot;1&quot;:0,&quot;2&quot;:0,&quot;3&quot;:3},{&quot;1&quot;:1,&quot;2&quot;:0,&quot;4&quot;:2}]},&quot;8&quot;:{&quot;1&quot;:[{&quot;1&quot;:2,&quot;2&quot;:0,&quot;5&quot;:[null,2,13421772]},{&quot;1&quot;:0,&quot;2&quot;:0,&quot;3&quot;:3},{&quot;1&quot;:1,&quot;2&quot;:0,&quot;4&quot;:2}]},&quot;9&quot;:1,&quot;10&quot;:1,&quot;11&quot;:4,&quot;12&quot;:0,&quot;14&quot;:[null,2,0],&quot;16&quot;:11}\">Set nep bamboescheuten <\/span>van 3 per set en 24 centimeter lengte.<\/p>\n<p>Deze lichtgewicht kunst bamboescheuten hebben een frisse, groene kleur.<\/p>\n<p>Ze hebben een glad oppervlak met wat oneffenheden voor een realistische uitstraling.<\/p>\n<p>Goed te gebruiken voor decoratieve doeleinden.<\/p>\n<p>Voor meer namaak groenten ga naar: <span style=\"color: #008000;\"><a style=\"color: #008000;\" href=\"https:\/\/decofoodshop.nl\/product-categorie\/kunstgroenten\/\">Kunstgroenten<\/a><\/span><\/p>\n<p>Ook voor nep brood en gebak kunt u bij ons terecht. Klik <span style=\"color: #008000;\"><a style=\"color: #008000;\" href=\"https:\/\/decofoodshop.nl\/product-categorie\/broodengebak\/\">Hier<\/a><\/span> voor kunst brood en gebak.<\/p>\n","protected":false},"excerpt":{"rendered":"<p>Set nep bamboescheuten van 3 per set en 24 centimeter lengte. Deze lichtgewicht kunst bamboescheuten hebben een frisse, groene kleur. Ze hebben een glad oppervlak met wat oneffenheden voor een realistische uitstraling. Goed te gebruiken voor decoratieve doeleinden. Voor meer namaak groenten ga naar: Kunstgroenten Ook voor nep brood en gebak kunt u bij ons [&hellip;]<\/p>\n","protected":false},"featured_media":1424,"template":"","meta":{"_acf_changed":false,"_genesis_hide_title":false,"_genesis_hide_breadcrumbs":false,"_genesis_hide_singular_image":false,"_genesis_hide_footer_widgets":false,"_genesis_custom_body_class":"","_genesis_custom_post_class":"","_genesis_layout":""},"product_brand":[],"product_cat":[48],"product_tag":[],"class_list":{"0":"post-1065","1":"product","2":"type-product","3":"status-publish","4":"has-post-thumbnail","6":"product_cat-kunstgroenten","7":"entry","8":"wpx-has-gallery","10":"first","11":"instock","12":"taxable","13":"shipping-taxable","14":"purchasable","15":"product-type-simple"},"acf":[],"yoast_head":"<!-- This site is optimized with the Yoast SEO Premium plugin v27.4 (Yoast SEO v27.4) - https:\/\/yoast.com\/product\/yoast-seo-premium-wordpress\/ -->\n<title>Set Nep Bamboescheuten nu te koop bij - Decofoodshop<\/title>\n<meta name=\"description\" content=\"Voor de mooiste set nep bamboescheuten kunt u kijken op onze webwinkel Decofoodshop. Ook voor Namaak brood en kunst fruit kunt u bij ons terecht.\" \/>\n<meta name=\"robots\" content=\"index, follow, max-snippet:-1, max-image-preview:large, max-video-preview:-1\" \/>\n<link rel=\"canonical\" href=\"https:\/\/decofoodshop.nl\/de\/produkt\/set-fake-bambussprossen\/\" \/>\n<meta property=\"og:locale\" content=\"de_DE\" \/>\n<meta property=\"og:type\" content=\"article\" \/>\n<meta property=\"og:title\" content=\"Set Nep Bamboescheuten\" \/>\n<meta property=\"og:description\" content=\"Voor de mooiste set nep bamboescheuten kunt u kijken op onze webwinkel Decofoodshop. Ook voor Namaak brood en kunst fruit kunt u bij ons terecht.\" \/>\n<meta property=\"og:url\" content=\"https:\/\/decofoodshop.nl\/de\/produkt\/set-fake-bambussprossen\/\" \/>\n<meta property=\"og:site_name\" content=\"Decofoodshop\" \/>\n<meta property=\"article:modified_time\" content=\"2026-03-02T14:03:06+00:00\" \/>\n<meta property=\"og:image\" content=\"https:\/\/decofoodshop.nl\/wp-content\/uploads\/2019\/10\/Set-Groene-Namaak-Asperges-22cm-1.jpg\" \/>\n\t<meta property=\"og:image:width\" content=\"483\" \/>\n\t<meta property=\"og:image:height\" content=\"484\" \/>\n\t<meta property=\"og:image:type\" content=\"image\/jpeg\" \/>\n<meta name=\"twitter:card\" content=\"summary_large_image\" \/>\n<meta name=\"twitter:label1\" content=\"Gesch\u00e4tzte Lesezeit\" \/>\n\t<meta name=\"twitter:data1\" content=\"1\u00a0Minute\" \/>\n<script type=\"application\/ld+json\" class=\"yoast-schema-graph\">{\"@context\":\"https:\\\/\\\/schema.org\",\"@graph\":[{\"@type\":\"WebPage\",\"@id\":\"https:\\\/\\\/decofoodshop.nl\\\/product\\\/set-nep-bamboescheuten\\\/\",\"url\":\"https:\\\/\\\/decofoodshop.nl\\\/product\\\/set-nep-bamboescheuten\\\/\",\"name\":\"Set Nep Bamboescheuten nu te koop bij - Decofoodshop\",\"isPartOf\":{\"@id\":\"https:\\\/\\\/decofoodshop.nl\\\/#website\"},\"primaryImageOfPage\":{\"@id\":\"https:\\\/\\\/decofoodshop.nl\\\/product\\\/set-nep-bamboescheuten\\\/#primaryimage\"},\"image\":{\"@id\":\"https:\\\/\\\/decofoodshop.nl\\\/product\\\/set-nep-bamboescheuten\\\/#primaryimage\"},\"thumbnailUrl\":\"https:\\\/\\\/decofoodshop.nl\\\/wp-content\\\/uploads\\\/2019\\\/10\\\/Set-Groene-Namaak-Asperges-22cm-1.jpg\",\"datePublished\":\"2019-10-08T08:25:45+00:00\",\"dateModified\":\"2026-03-02T14:03:06+00:00\",\"description\":\"Voor de mooiste set nep bamboescheuten kunt u kijken op onze webwinkel Decofoodshop. Ook voor Namaak brood en kunst fruit kunt u bij ons terecht.\",\"breadcrumb\":{\"@id\":\"https:\\\/\\\/decofoodshop.nl\\\/product\\\/set-nep-bamboescheuten\\\/#breadcrumb\"},\"inLanguage\":\"de\",\"potentialAction\":[{\"@type\":\"ReadAction\",\"target\":[\"https:\\\/\\\/decofoodshop.nl\\\/product\\\/set-nep-bamboescheuten\\\/\"]}]},{\"@type\":\"ImageObject\",\"inLanguage\":\"de\",\"@id\":\"https:\\\/\\\/decofoodshop.nl\\\/product\\\/set-nep-bamboescheuten\\\/#primaryimage\",\"url\":\"https:\\\/\\\/decofoodshop.nl\\\/wp-content\\\/uploads\\\/2019\\\/10\\\/Set-Groene-Namaak-Asperges-22cm-1.jpg\",\"contentUrl\":\"https:\\\/\\\/decofoodshop.nl\\\/wp-content\\\/uploads\\\/2019\\\/10\\\/Set-Groene-Namaak-Asperges-22cm-1.jpg\",\"width\":483,\"height\":484,\"caption\":\"Set Nep Bamboescheuten\"},{\"@type\":\"BreadcrumbList\",\"@id\":\"https:\\\/\\\/decofoodshop.nl\\\/product\\\/set-nep-bamboescheuten\\\/#breadcrumb\",\"itemListElement\":[{\"@type\":\"ListItem\",\"position\":1,\"name\":\"Home\",\"item\":\"https:\\\/\\\/decofoodshop.nl\\\/\"},{\"@type\":\"ListItem\",\"position\":2,\"name\":\"Winkel\",\"item\":\"https:\\\/\\\/decofoodshop.nl\\\/winkel\\\/\"},{\"@type\":\"ListItem\",\"position\":3,\"name\":\"Set Nep Bamboescheuten\"}]},{\"@type\":\"WebSite\",\"@id\":\"https:\\\/\\\/decofoodshop.nl\\\/#website\",\"url\":\"https:\\\/\\\/decofoodshop.nl\\\/\",\"name\":\"Decofoodshop\",\"description\":\"\",\"potentialAction\":[{\"@type\":\"SearchAction\",\"target\":{\"@type\":\"EntryPoint\",\"urlTemplate\":\"https:\\\/\\\/decofoodshop.nl\\\/?s={search_term_string}\"},\"query-input\":{\"@type\":\"PropertyValueSpecification\",\"valueRequired\":true,\"valueName\":\"search_term_string\"}}],\"inLanguage\":\"de\"}]}<\/script>\n<!-- \/ Yoast SEO Premium plugin. -->","yoast_head_json":{"title":"Set mit k\u00fcnstlichen Bambussprossen jetzt zum Verkauf bei - Decofoodshop","description":"F\u00fcr das sch\u00f6nste Set an k\u00fcnstlichen Bambussprossen besuchen Sie bitte unseren Webshop Decofoodshop. Sie k\u00f6nnen uns auch f\u00fcr gef\u00e4lschtes Brot und k\u00fcnstliches Obst kontaktieren.","robots":{"index":"index","follow":"follow","max-snippet":"max-snippet:-1","max-image-preview":"max-image-preview:large","max-video-preview":"max-video-preview:-1"},"canonical":"https:\/\/decofoodshop.nl\/de\/produkt\/set-fake-bambussprossen\/","og_locale":"de_DE","og_type":"article","og_title":"Set Nep Bamboescheuten","og_description":"Voor de mooiste set nep bamboescheuten kunt u kijken op onze webwinkel Decofoodshop. Ook voor Namaak brood en kunst fruit kunt u bij ons terecht.","og_url":"https:\/\/decofoodshop.nl\/de\/produkt\/set-fake-bambussprossen\/","og_site_name":"Decofoodshop","article_modified_time":"2026-03-02T14:03:06+00:00","og_image":[{"width":483,"height":484,"url":"https:\/\/decofoodshop.nl\/wp-content\/uploads\/2019\/10\/Set-Groene-Namaak-Asperges-22cm-1.jpg","type":"image\/jpeg"}],"twitter_card":"summary_large_image","twitter_misc":{"Gesch\u00e4tzte Lesezeit":"1\u00a0Minute"},"schema":{"@context":"https:\/\/schema.org","@graph":[{"@type":"WebPage","@id":"https:\/\/decofoodshop.nl\/product\/set-nep-bamboescheuten\/","url":"https:\/\/decofoodshop.nl\/product\/set-nep-bamboescheuten\/","name":"Set mit k\u00fcnstlichen Bambussprossen jetzt zum Verkauf bei - Decofoodshop","isPartOf":{"@id":"https:\/\/decofoodshop.nl\/#website"},"primaryImageOfPage":{"@id":"https:\/\/decofoodshop.nl\/product\/set-nep-bamboescheuten\/#primaryimage"},"image":{"@id":"https:\/\/decofoodshop.nl\/product\/set-nep-bamboescheuten\/#primaryimage"},"thumbnailUrl":"https:\/\/decofoodshop.nl\/wp-content\/uploads\/2019\/10\/Set-Groene-Namaak-Asperges-22cm-1.jpg","datePublished":"2019-10-08T08:25:45+00:00","dateModified":"2026-03-02T14:03:06+00:00","description":"F\u00fcr das sch\u00f6nste Set an k\u00fcnstlichen Bambussprossen besuchen Sie bitte unseren Webshop Decofoodshop. Sie k\u00f6nnen uns auch f\u00fcr gef\u00e4lschtes Brot und k\u00fcnstliches Obst kontaktieren.","breadcrumb":{"@id":"https:\/\/decofoodshop.nl\/product\/set-nep-bamboescheuten\/#breadcrumb"},"inLanguage":"de","potentialAction":[{"@type":"ReadAction","target":["https:\/\/decofoodshop.nl\/product\/set-nep-bamboescheuten\/"]}]},{"@type":"ImageObject","inLanguage":"de","@id":"https:\/\/decofoodshop.nl\/product\/set-nep-bamboescheuten\/#primaryimage","url":"https:\/\/decofoodshop.nl\/wp-content\/uploads\/2019\/10\/Set-Groene-Namaak-Asperges-22cm-1.jpg","contentUrl":"https:\/\/decofoodshop.nl\/wp-content\/uploads\/2019\/10\/Set-Groene-Namaak-Asperges-22cm-1.jpg","width":483,"height":484,"caption":"Set Nep Bamboescheuten"},{"@type":"BreadcrumbList","@id":"https:\/\/decofoodshop.nl\/product\/set-nep-bamboescheuten\/#breadcrumb","itemListElement":[{"@type":"ListItem","position":1,"name":"Home","item":"https:\/\/decofoodshop.nl\/"},{"@type":"ListItem","position":2,"name":"Winkel","item":"https:\/\/decofoodshop.nl\/winkel\/"},{"@type":"ListItem","position":3,"name":"Set Nep Bamboescheuten"}]},{"@type":"WebSite","@id":"https:\/\/decofoodshop.nl\/#website","url":"https:\/\/decofoodshop.nl\/","name":"Dekofoodshop","description":"","potentialAction":[{"@type":"SearchAction","target":{"@type":"EntryPoint","urlTemplate":"https:\/\/decofoodshop.nl\/?s={search_term_string}"},"query-input":{"@type":"PropertyValueSpecification","valueRequired":true,"valueName":"search_term_string"}}],"inLanguage":"de"}]}},"_links":{"self":[{"href":"https:\/\/decofoodshop.nl\/de\/wp-json\/wp\/v2\/product\/1065","targetHints":{"allow":["GET"]}}],"collection":[{"href":"https:\/\/decofoodshop.nl\/de\/wp-json\/wp\/v2\/product"}],"about":[{"href":"https:\/\/decofoodshop.nl\/de\/wp-json\/wp\/v2\/types\/product"}],"wp:featuredmedia":[{"embeddable":true,"href":"https:\/\/decofoodshop.nl\/de\/wp-json\/wp\/v2\/media\/1424"}],"wp:attachment":[{"href":"https:\/\/decofoodshop.nl\/de\/wp-json\/wp\/v2\/media?parent=1065"}],"wp:term":[{"taxonomy":"product_brand","embeddable":true,"href":"https:\/\/decofoodshop.nl\/de\/wp-json\/wp\/v2\/product_brand?post=1065"},{"taxonomy":"product_cat","embeddable":true,"href":"https:\/\/decofoodshop.nl\/de\/wp-json\/wp\/v2\/product_cat?post=1065"},{"taxonomy":"product_tag","embeddable":true,"href":"https:\/\/decofoodshop.nl\/de\/wp-json\/wp\/v2\/product_tag?post=1065"}],"curies":[{"name":"wp","href":"https:\/\/api.w.org\/{rel}","templated":true}]}}