{"id":10655,"date":"2024-07-07T22:41:32","date_gmt":"2024-07-07T20:41:32","guid":{"rendered":"https:\/\/decofoodshop.nl\/?post_type=product&#038;p=10655"},"modified":"2026-03-02T11:55:28","modified_gmt":"2026-03-02T10:55:28","slug":"fake-puddingbrotchen-set-6-teilig","status":"publish","type":"product","link":"https:\/\/decofoodshop.nl\/de\/product\/nep-puddingbroodjes-set-6-stuks\/","title":{"rendered":"Fake-Puddingbr\u00f6tchen-Set 6-teilig"},"content":{"rendered":"<p>K\u00fcnstliches Puddingbr\u00f6tchen-Set 6-teilig von Decofoodshop.nl<\/p>\n<p>Lebensechte und dekorative Kunstpuddingrollen.<\/p>\n<p>Wie echt mit Schlagsahnef\u00fcllung.<\/p>\n<p>Sechs St\u00fcck pro Set.<\/p>\n<p>Die Oberseite ist mit k\u00fcnstlichem Puderzucker versehen.<\/p>\n<p>Die Pudding-Brotattrappen sind 10 cm lang und 6 cm breit.<\/p>\n<p>Die H\u00f6he betr\u00e4gt 5cm.<\/p>\n<p>Alle sechs Fake-Br\u00f6tchen mit Puddingf\u00fcllung befinden sich in einem dekorativen Pappbecher.<\/p>\n<p>Aus weichem, komprimierbarem Schaumstoff.<\/p>\n<p>Sehr robust und h\u00e4lt St\u00fcrzen, Quetschungen usw. stand.<\/p>\n<p>Wundersch\u00f6n verarbeitetes Set gef\u00e4lschter Puddingbr\u00f6tchen.<\/p>\n<p>Der Preis gilt pro Set mit sechs St\u00fcck.<\/p>\n<p>Weitere dekorative Lebensmittel- und Brotattrappen finden Sie in der Kategorie mit <strong><a href=\"https:\/\/decofoodshop.nl\/de\/produktkategorie-2\/pakete\/\"><span style=\"color: #008000;\">Pakete<\/span><\/a><\/strong>.<\/p>\n<p>Decofoodshop.nl verkauft verschiedene Arten von Geb\u00e4ckattrappen und Geb\u00e4ckimitationen.<\/p>","protected":false},"excerpt":{"rendered":"<p>Nep Puddingbroodjes Set 6 Stuks van Decofoodshop.nl Levensechte en decoratieve kunst puddingbroodjes. Net echt met slagroomvulling. Zes stuks per set. De bovenkant is afgewerkt met neppoedersuiker. De puddingbrood dummies zijn 10cm lang en 6cm breed. De hoogte bedraag 5cm. Alle zes de nepbroodjes met pudding vulling zitten in een decoratief papieren cupje. Gemaakt van zacht [&hellip;]<\/p>\n","protected":false},"featured_media":10656,"template":"","meta":{"_acf_changed":false,"_genesis_hide_title":false,"_genesis_hide_breadcrumbs":false,"_genesis_hide_singular_image":false,"_genesis_hide_footer_widgets":false,"_genesis_custom_body_class":"","_genesis_custom_post_class":"","_genesis_layout":""},"product_brand":[],"product_cat":[46],"product_tag":[],"class_list":{"0":"post-10655","1":"product","2":"type-product","3":"status-publish","4":"has-post-thumbnail","6":"product_cat-broodengebak","7":"entry","8":"wpx-has-gallery","10":"first","11":"instock","12":"taxable","13":"shipping-taxable","14":"purchasable","15":"product-type-simple"},"acf":[],"yoast_head":"<!-- This site is optimized with the Yoast SEO Premium plugin v27.4 (Yoast SEO v27.4) - https:\/\/yoast.com\/product\/yoast-seo-premium-wordpress\/ -->\n<title>Nep Puddingbroodjes Set 6 Stuks - Decofoodshop<\/title>\n<meta name=\"description\" content=\"Nep Puddingbroodjes Set 6 Stuks en meer decoratieve siergebak en gebaksdummies bij Decofoodshop.nl Heel veel keuzen en direct leverbaar.\" \/>\n<meta name=\"robots\" content=\"index, follow, max-snippet:-1, max-image-preview:large, max-video-preview:-1\" \/>\n<link rel=\"canonical\" href=\"https:\/\/decofoodshop.nl\/de\/produkt\/fake-puddingbrotchen-set-6-teilig\/\" \/>\n<meta property=\"og:locale\" content=\"de_DE\" \/>\n<meta property=\"og:type\" content=\"article\" \/>\n<meta property=\"og:title\" content=\"Nep Puddingbroodjes Set 6 Stuks\" \/>\n<meta property=\"og:description\" content=\"Nep Puddingbroodjes Set 6 Stuks en meer decoratieve siergebak en gebaksdummies bij Decofoodshop.nl Heel veel keuzen en direct leverbaar.\" \/>\n<meta property=\"og:url\" content=\"https:\/\/decofoodshop.nl\/de\/produkt\/fake-puddingbrotchen-set-6-teilig\/\" \/>\n<meta property=\"og:site_name\" content=\"Decofoodshop\" \/>\n<meta property=\"article:modified_time\" content=\"2026-03-02T10:55:28+00:00\" \/>\n<meta property=\"og:image\" content=\"https:\/\/decofoodshop.nl\/wp-content\/uploads\/2024\/07\/Nep-Puddingbroodjes-Set-6-Stuks_06.jpg\" \/>\n\t<meta property=\"og:image:width\" content=\"2000\" \/>\n\t<meta property=\"og:image:height\" content=\"2000\" \/>\n\t<meta property=\"og:image:type\" content=\"image\/jpeg\" \/>\n<meta name=\"twitter:card\" content=\"summary_large_image\" \/>\n<meta name=\"twitter:label1\" content=\"Gesch\u00e4tzte Lesezeit\" \/>\n\t<meta name=\"twitter:data1\" content=\"1\u00a0Minute\" \/>\n<script type=\"application\/ld+json\" class=\"yoast-schema-graph\">{\"@context\":\"https:\\\/\\\/schema.org\",\"@graph\":[{\"@type\":\"WebPage\",\"@id\":\"https:\\\/\\\/decofoodshop.nl\\\/product\\\/nep-puddingbroodjes-set-6-stuks\\\/\",\"url\":\"https:\\\/\\\/decofoodshop.nl\\\/product\\\/nep-puddingbroodjes-set-6-stuks\\\/\",\"name\":\"Nep Puddingbroodjes Set 6 Stuks - Decofoodshop\",\"isPartOf\":{\"@id\":\"https:\\\/\\\/decofoodshop.nl\\\/#website\"},\"primaryImageOfPage\":{\"@id\":\"https:\\\/\\\/decofoodshop.nl\\\/product\\\/nep-puddingbroodjes-set-6-stuks\\\/#primaryimage\"},\"image\":{\"@id\":\"https:\\\/\\\/decofoodshop.nl\\\/product\\\/nep-puddingbroodjes-set-6-stuks\\\/#primaryimage\"},\"thumbnailUrl\":\"https:\\\/\\\/decofoodshop.nl\\\/wp-content\\\/uploads\\\/2024\\\/07\\\/Nep-Puddingbroodjes-Set-6-Stuks_06.jpg\",\"datePublished\":\"2024-07-07T20:41:32+00:00\",\"dateModified\":\"2026-03-02T10:55:28+00:00\",\"description\":\"Nep Puddingbroodjes Set 6 Stuks en meer decoratieve siergebak en gebaksdummies bij Decofoodshop.nl Heel veel keuzen en direct leverbaar.\",\"breadcrumb\":{\"@id\":\"https:\\\/\\\/decofoodshop.nl\\\/product\\\/nep-puddingbroodjes-set-6-stuks\\\/#breadcrumb\"},\"inLanguage\":\"de\",\"potentialAction\":[{\"@type\":\"ReadAction\",\"target\":[\"https:\\\/\\\/decofoodshop.nl\\\/product\\\/nep-puddingbroodjes-set-6-stuks\\\/\"]}]},{\"@type\":\"ImageObject\",\"inLanguage\":\"de\",\"@id\":\"https:\\\/\\\/decofoodshop.nl\\\/product\\\/nep-puddingbroodjes-set-6-stuks\\\/#primaryimage\",\"url\":\"https:\\\/\\\/decofoodshop.nl\\\/wp-content\\\/uploads\\\/2024\\\/07\\\/Nep-Puddingbroodjes-Set-6-Stuks_06.jpg\",\"contentUrl\":\"https:\\\/\\\/decofoodshop.nl\\\/wp-content\\\/uploads\\\/2024\\\/07\\\/Nep-Puddingbroodjes-Set-6-Stuks_06.jpg\",\"width\":2000,\"height\":2000,\"caption\":\"Nep Puddingbroodjes Set 6 Stuks\"},{\"@type\":\"BreadcrumbList\",\"@id\":\"https:\\\/\\\/decofoodshop.nl\\\/product\\\/nep-puddingbroodjes-set-6-stuks\\\/#breadcrumb\",\"itemListElement\":[{\"@type\":\"ListItem\",\"position\":1,\"name\":\"Home\",\"item\":\"https:\\\/\\\/decofoodshop.nl\\\/\"},{\"@type\":\"ListItem\",\"position\":2,\"name\":\"Winkel\",\"item\":\"https:\\\/\\\/decofoodshop.nl\\\/winkel\\\/\"},{\"@type\":\"ListItem\",\"position\":3,\"name\":\"Nep Puddingbroodjes Set 6 Stuks\"}]},{\"@type\":\"WebSite\",\"@id\":\"https:\\\/\\\/decofoodshop.nl\\\/#website\",\"url\":\"https:\\\/\\\/decofoodshop.nl\\\/\",\"name\":\"Decofoodshop\",\"description\":\"\",\"potentialAction\":[{\"@type\":\"SearchAction\",\"target\":{\"@type\":\"EntryPoint\",\"urlTemplate\":\"https:\\\/\\\/decofoodshop.nl\\\/?s={search_term_string}\"},\"query-input\":{\"@type\":\"PropertyValueSpecification\",\"valueRequired\":true,\"valueName\":\"search_term_string\"}}],\"inLanguage\":\"de\"}]}<\/script>\n<!-- \/ Yoast SEO Premium plugin. -->","yoast_head_json":{"title":"Fake-Puddingbr\u00f6tchen-Set 6-teilig - Decofoodshop","description":"Gef\u00e4lschtes Puddingbr\u00f6tchen-Set 6-teilig und mehr dekoratives Geb\u00e4ck und Geb\u00e4ckattrappen bei Decofoodshop.nl. Gro\u00dfe Auswahl und sofort verf\u00fcgbar.","robots":{"index":"index","follow":"follow","max-snippet":"max-snippet:-1","max-image-preview":"max-image-preview:large","max-video-preview":"max-video-preview:-1"},"canonical":"https:\/\/decofoodshop.nl\/de\/produkt\/fake-puddingbrotchen-set-6-teilig\/","og_locale":"de_DE","og_type":"article","og_title":"Nep Puddingbroodjes Set 6 Stuks","og_description":"Nep Puddingbroodjes Set 6 Stuks en meer decoratieve siergebak en gebaksdummies bij Decofoodshop.nl Heel veel keuzen en direct leverbaar.","og_url":"https:\/\/decofoodshop.nl\/de\/produkt\/fake-puddingbrotchen-set-6-teilig\/","og_site_name":"Decofoodshop","article_modified_time":"2026-03-02T10:55:28+00:00","og_image":[{"width":2000,"height":2000,"url":"https:\/\/decofoodshop.nl\/wp-content\/uploads\/2024\/07\/Nep-Puddingbroodjes-Set-6-Stuks_06.jpg","type":"image\/jpeg"}],"twitter_card":"summary_large_image","twitter_misc":{"Gesch\u00e4tzte Lesezeit":"1\u00a0Minute"},"schema":{"@context":"https:\/\/schema.org","@graph":[{"@type":"WebPage","@id":"https:\/\/decofoodshop.nl\/product\/nep-puddingbroodjes-set-6-stuks\/","url":"https:\/\/decofoodshop.nl\/product\/nep-puddingbroodjes-set-6-stuks\/","name":"Fake-Puddingbr\u00f6tchen-Set 6-teilig - Decofoodshop","isPartOf":{"@id":"https:\/\/decofoodshop.nl\/#website"},"primaryImageOfPage":{"@id":"https:\/\/decofoodshop.nl\/product\/nep-puddingbroodjes-set-6-stuks\/#primaryimage"},"image":{"@id":"https:\/\/decofoodshop.nl\/product\/nep-puddingbroodjes-set-6-stuks\/#primaryimage"},"thumbnailUrl":"https:\/\/decofoodshop.nl\/wp-content\/uploads\/2024\/07\/Nep-Puddingbroodjes-Set-6-Stuks_06.jpg","datePublished":"2024-07-07T20:41:32+00:00","dateModified":"2026-03-02T10:55:28+00:00","description":"Gef\u00e4lschtes Puddingbr\u00f6tchen-Set 6-teilig und mehr dekoratives Geb\u00e4ck und Geb\u00e4ckattrappen bei Decofoodshop.nl. Gro\u00dfe Auswahl und sofort verf\u00fcgbar.","breadcrumb":{"@id":"https:\/\/decofoodshop.nl\/product\/nep-puddingbroodjes-set-6-stuks\/#breadcrumb"},"inLanguage":"de","potentialAction":[{"@type":"ReadAction","target":["https:\/\/decofoodshop.nl\/product\/nep-puddingbroodjes-set-6-stuks\/"]}]},{"@type":"ImageObject","inLanguage":"de","@id":"https:\/\/decofoodshop.nl\/product\/nep-puddingbroodjes-set-6-stuks\/#primaryimage","url":"https:\/\/decofoodshop.nl\/wp-content\/uploads\/2024\/07\/Nep-Puddingbroodjes-Set-6-Stuks_06.jpg","contentUrl":"https:\/\/decofoodshop.nl\/wp-content\/uploads\/2024\/07\/Nep-Puddingbroodjes-Set-6-Stuks_06.jpg","width":2000,"height":2000,"caption":"Nep Puddingbroodjes Set 6 Stuks"},{"@type":"BreadcrumbList","@id":"https:\/\/decofoodshop.nl\/product\/nep-puddingbroodjes-set-6-stuks\/#breadcrumb","itemListElement":[{"@type":"ListItem","position":1,"name":"Home","item":"https:\/\/decofoodshop.nl\/"},{"@type":"ListItem","position":2,"name":"Winkel","item":"https:\/\/decofoodshop.nl\/winkel\/"},{"@type":"ListItem","position":3,"name":"Nep Puddingbroodjes Set 6 Stuks"}]},{"@type":"WebSite","@id":"https:\/\/decofoodshop.nl\/#website","url":"https:\/\/decofoodshop.nl\/","name":"Dekofoodshop","description":"","potentialAction":[{"@type":"SearchAction","target":{"@type":"EntryPoint","urlTemplate":"https:\/\/decofoodshop.nl\/?s={search_term_string}"},"query-input":{"@type":"PropertyValueSpecification","valueRequired":true,"valueName":"search_term_string"}}],"inLanguage":"de"}]}},"_links":{"self":[{"href":"https:\/\/decofoodshop.nl\/de\/wp-json\/wp\/v2\/product\/10655","targetHints":{"allow":["GET"]}}],"collection":[{"href":"https:\/\/decofoodshop.nl\/de\/wp-json\/wp\/v2\/product"}],"about":[{"href":"https:\/\/decofoodshop.nl\/de\/wp-json\/wp\/v2\/types\/product"}],"wp:featuredmedia":[{"embeddable":true,"href":"https:\/\/decofoodshop.nl\/de\/wp-json\/wp\/v2\/media\/10656"}],"wp:attachment":[{"href":"https:\/\/decofoodshop.nl\/de\/wp-json\/wp\/v2\/media?parent=10655"}],"wp:term":[{"taxonomy":"product_brand","embeddable":true,"href":"https:\/\/decofoodshop.nl\/de\/wp-json\/wp\/v2\/product_brand?post=10655"},{"taxonomy":"product_cat","embeddable":true,"href":"https:\/\/decofoodshop.nl\/de\/wp-json\/wp\/v2\/product_cat?post=10655"},{"taxonomy":"product_tag","embeddable":true,"href":"https:\/\/decofoodshop.nl\/de\/wp-json\/wp\/v2\/product_tag?post=10655"}],"curies":[{"name":"wp","href":"https:\/\/api.w.org\/{rel}","templated":true}]}}