{"id":10671,"date":"2024-07-09T14:40:17","date_gmt":"2024-07-09T12:40:17","guid":{"rendered":"https:\/\/decofoodshop.nl\/?post_type=product&#038;p=10671"},"modified":"2026-03-02T11:54:31","modified_gmt":"2026-03-02T10:54:31","slug":"imitat-von-spareribs","status":"publish","type":"product","link":"https:\/\/decofoodshop.nl\/de\/product\/namaak-sparerib\/","title":{"rendered":"Falsche Spareribs"},"content":{"rendered":"<p>Gro\u00dfe k\u00fcnstliche Spareribs.<\/p>\n<p>Robustes und realistisches St\u00fcck k\u00fcnstliches Grillfleisch.<\/p>\n<p>31 cm lang und 12 cm breit.<\/p>\n<p>Lebensechte und supersch\u00f6ne Kunstfleischdekoration.<\/p>\n<p>L\u00e4sst sich gut mit anderen Kunstfleischst\u00fccken kombinieren.<\/p>\n<p>Feste und nat\u00fcrliche R\u00f6stung \u2013 Grillfarbe.<\/p>\n<p>Weitere sch\u00f6ne Fleischattrappen finden Sie hier.<\/p>\n<p>Auch sch\u00f6n in Kombination mit <span style=\"color: #008000;\"><strong><a style=\"color: #008000;\" href=\"https:\/\/decofoodshop.nl\/de\/produktkategorie-2\/kunstliches-gemuse\/\">k\u00fcnstliches Gem\u00fcse<\/a>.<\/strong><\/span><\/p>","protected":false},"excerpt":{"rendered":"<p>Groot formaat kunst sparerib. Stevig en realistisch stuk nep BBQ vlees. Wel 31cm lang en 12cm breed. Levensecht en super fraai nepvlees decoratie. Goed te combineren met andere stukken kunstvlees. Stevig en natuurlijke braad &#8211; barbeque kleur. Kijk hier voor meer fraaie vleesdummies. Ook leuk in combinatie met kunstgroenten.<\/p>","protected":false},"featured_media":10672,"template":"","meta":{"_acf_changed":false,"_genesis_hide_title":false,"_genesis_hide_breadcrumbs":false,"_genesis_hide_singular_image":false,"_genesis_hide_footer_widgets":false,"_genesis_custom_body_class":"","_genesis_custom_post_class":"","_genesis_layout":""},"product_brand":[],"product_cat":[50],"product_tag":[],"class_list":{"0":"post-10671","1":"product","2":"type-product","3":"status-publish","4":"has-post-thumbnail","6":"product_cat-namaak-vis-en-vlees","7":"entry","8":"wpx-has-gallery","10":"first","11":"instock","12":"taxable","13":"shipping-taxable","14":"purchasable","15":"product-type-simple"},"acf":[],"yoast_head":"<!-- This site is optimized with the Yoast SEO Premium plugin v27.3 (Yoast SEO v27.4) - https:\/\/yoast.com\/product\/yoast-seo-premium-wordpress\/ -->\n<title>Namaak Sparerib - Decofoodshop<\/title>\n<meta name=\"description\" content=\"Namaak Sparerib en veel meer nep bbq vlees en nepvlees dummy&#039;s direct leverbaar bij Decofoodshop.nl Hoge kwaliteit en de volgende dag bezorgd.\" \/>\n<meta name=\"robots\" content=\"index, follow, max-snippet:-1, max-image-preview:large, max-video-preview:-1\" \/>\n<link rel=\"canonical\" href=\"https:\/\/decofoodshop.nl\/de\/produktkategorie-2\/gefalschter-fisch-und-fleisch\/\" \/>\n<meta property=\"og:locale\" content=\"de_DE\" \/>\n<meta property=\"og:type\" content=\"article\" \/>\n<meta property=\"og:title\" content=\"Namaak Sparerib\" \/>\n<meta property=\"og:description\" content=\"Namaak Sparerib en veel meer nep bbq vlees en nepvlees dummy&#039;s direct leverbaar bij Decofoodshop.nl Hoge kwaliteit en de volgende dag bezorgd.\" \/>\n<meta property=\"og:url\" content=\"https:\/\/decofoodshop.nl\/de\/produktkategorie-2\/gefalschter-fisch-und-fleisch\/\" \/>\n<meta property=\"og:site_name\" content=\"Decofoodshop\" \/>\n<meta property=\"article:modified_time\" content=\"2026-03-02T10:54:31+00:00\" \/>\n<meta property=\"og:image\" content=\"https:\/\/decofoodshop.nl\/wp-content\/uploads\/2024\/07\/Namaak-Sparerib_02.jpg\" \/>\n\t<meta property=\"og:image:width\" content=\"1500\" \/>\n\t<meta property=\"og:image:height\" content=\"1500\" \/>\n\t<meta property=\"og:image:type\" content=\"image\/jpeg\" \/>\n<meta name=\"twitter:card\" content=\"summary_large_image\" \/>\n<meta name=\"twitter:label1\" content=\"Gesch\u00e4tzte Lesezeit\" \/>\n\t<meta name=\"twitter:data1\" content=\"1\u00a0Minute\" \/>\n<script type=\"application\/ld+json\" class=\"yoast-schema-graph\">{\"@context\":\"https:\\\/\\\/schema.org\",\"@graph\":[{\"@type\":\"WebPage\",\"@id\":\"https:\\\/\\\/decofoodshop.nl\\\/product\\\/namaak-sparerib\\\/\",\"url\":\"https:\\\/\\\/decofoodshop.nl\\\/product-categorie\\\/namaak-vis-en-vlees\\\/\",\"name\":\"Namaak Sparerib - Decofoodshop\",\"isPartOf\":{\"@id\":\"https:\\\/\\\/decofoodshop.nl\\\/#website\"},\"primaryImageOfPage\":{\"@id\":\"https:\\\/\\\/decofoodshop.nl\\\/product-categorie\\\/namaak-vis-en-vlees\\\/#primaryimage\"},\"image\":{\"@id\":\"https:\\\/\\\/decofoodshop.nl\\\/product-categorie\\\/namaak-vis-en-vlees\\\/#primaryimage\"},\"thumbnailUrl\":\"https:\\\/\\\/decofoodshop.nl\\\/wp-content\\\/uploads\\\/2024\\\/07\\\/Namaak-Sparerib_02.jpg\",\"datePublished\":\"2024-07-09T12:40:17+00:00\",\"dateModified\":\"2026-03-02T10:54:31+00:00\",\"description\":\"Namaak Sparerib en veel meer nep bbq vlees en nepvlees dummy's direct leverbaar bij Decofoodshop.nl Hoge kwaliteit en de volgende dag bezorgd.\",\"breadcrumb\":{\"@id\":\"https:\\\/\\\/decofoodshop.nl\\\/product-categorie\\\/namaak-vis-en-vlees\\\/#breadcrumb\"},\"inLanguage\":\"de\",\"potentialAction\":[{\"@type\":\"ReadAction\",\"target\":[\"https:\\\/\\\/decofoodshop.nl\\\/product-categorie\\\/namaak-vis-en-vlees\\\/\"]}]},{\"@type\":\"ImageObject\",\"inLanguage\":\"de\",\"@id\":\"https:\\\/\\\/decofoodshop.nl\\\/product-categorie\\\/namaak-vis-en-vlees\\\/#primaryimage\",\"url\":\"https:\\\/\\\/decofoodshop.nl\\\/wp-content\\\/uploads\\\/2024\\\/07\\\/Namaak-Sparerib_02.jpg\",\"contentUrl\":\"https:\\\/\\\/decofoodshop.nl\\\/wp-content\\\/uploads\\\/2024\\\/07\\\/Namaak-Sparerib_02.jpg\",\"width\":1500,\"height\":1500,\"caption\":\"Namaak Sparerib van Decofoodshop.nl\"},{\"@type\":\"BreadcrumbList\",\"@id\":\"https:\\\/\\\/decofoodshop.nl\\\/product-categorie\\\/namaak-vis-en-vlees\\\/#breadcrumb\",\"itemListElement\":[{\"@type\":\"ListItem\",\"position\":1,\"name\":\"Home\",\"item\":\"https:\\\/\\\/decofoodshop.nl\\\/\"},{\"@type\":\"ListItem\",\"position\":2,\"name\":\"Winkel\",\"item\":\"https:\\\/\\\/decofoodshop.nl\\\/winkel\\\/\"},{\"@type\":\"ListItem\",\"position\":3,\"name\":\"Namaak Sparerib\"}]},{\"@type\":\"WebSite\",\"@id\":\"https:\\\/\\\/decofoodshop.nl\\\/#website\",\"url\":\"https:\\\/\\\/decofoodshop.nl\\\/\",\"name\":\"Decofoodshop\",\"description\":\"\",\"potentialAction\":[{\"@type\":\"SearchAction\",\"target\":{\"@type\":\"EntryPoint\",\"urlTemplate\":\"https:\\\/\\\/decofoodshop.nl\\\/?s={search_term_string}\"},\"query-input\":{\"@type\":\"PropertyValueSpecification\",\"valueRequired\":true,\"valueName\":\"search_term_string\"}}],\"inLanguage\":\"de\"}]}<\/script>\n<!-- \/ Yoast SEO Premium plugin. -->","yoast_head_json":{"title":"Gef\u00e4lschte Spareribs - Decofoodshop","description":"Gef\u00e4lschte Spareribs und viele weitere gef\u00e4lschte BBQ-Fleisch und k\u00fcnstliche Fleischattrappen sind sofort bei Decofoodshop.nl erh\u00e4ltlich. Hohe Qualit\u00e4t und am n\u00e4chsten Tag geliefert.","robots":{"index":"index","follow":"follow","max-snippet":"max-snippet:-1","max-image-preview":"max-image-preview:large","max-video-preview":"max-video-preview:-1"},"canonical":"https:\/\/decofoodshop.nl\/de\/produktkategorie-2\/gefalschter-fisch-und-fleisch\/","og_locale":"de_DE","og_type":"article","og_title":"Namaak Sparerib","og_description":"Namaak Sparerib en veel meer nep bbq vlees en nepvlees dummy's direct leverbaar bij Decofoodshop.nl Hoge kwaliteit en de volgende dag bezorgd.","og_url":"https:\/\/decofoodshop.nl\/de\/produktkategorie-2\/gefalschter-fisch-und-fleisch\/","og_site_name":"Decofoodshop","article_modified_time":"2026-03-02T10:54:31+00:00","og_image":[{"width":1500,"height":1500,"url":"https:\/\/decofoodshop.nl\/wp-content\/uploads\/2024\/07\/Namaak-Sparerib_02.jpg","type":"image\/jpeg"}],"twitter_card":"summary_large_image","twitter_misc":{"Gesch\u00e4tzte Lesezeit":"1\u00a0Minute"},"schema":{"@context":"https:\/\/schema.org","@graph":[{"@type":"WebPage","@id":"https:\/\/decofoodshop.nl\/product\/namaak-sparerib\/","url":"https:\/\/decofoodshop.nl\/product-categorie\/namaak-vis-en-vlees\/","name":"Gef\u00e4lschte Spareribs - Decofoodshop","isPartOf":{"@id":"https:\/\/decofoodshop.nl\/#website"},"primaryImageOfPage":{"@id":"https:\/\/decofoodshop.nl\/product-categorie\/namaak-vis-en-vlees\/#primaryimage"},"image":{"@id":"https:\/\/decofoodshop.nl\/product-categorie\/namaak-vis-en-vlees\/#primaryimage"},"thumbnailUrl":"https:\/\/decofoodshop.nl\/wp-content\/uploads\/2024\/07\/Namaak-Sparerib_02.jpg","datePublished":"2024-07-09T12:40:17+00:00","dateModified":"2026-03-02T10:54:31+00:00","description":"Gef\u00e4lschte Spareribs und viele weitere gef\u00e4lschte BBQ-Fleisch und k\u00fcnstliche Fleischattrappen sind sofort bei Decofoodshop.nl erh\u00e4ltlich. Hohe Qualit\u00e4t und am n\u00e4chsten Tag geliefert.","breadcrumb":{"@id":"https:\/\/decofoodshop.nl\/product-categorie\/namaak-vis-en-vlees\/#breadcrumb"},"inLanguage":"de","potentialAction":[{"@type":"ReadAction","target":["https:\/\/decofoodshop.nl\/product-categorie\/namaak-vis-en-vlees\/"]}]},{"@type":"ImageObject","inLanguage":"de","@id":"https:\/\/decofoodshop.nl\/product-categorie\/namaak-vis-en-vlees\/#primaryimage","url":"https:\/\/decofoodshop.nl\/wp-content\/uploads\/2024\/07\/Namaak-Sparerib_02.jpg","contentUrl":"https:\/\/decofoodshop.nl\/wp-content\/uploads\/2024\/07\/Namaak-Sparerib_02.jpg","width":1500,"height":1500,"caption":"Namaak Sparerib van Decofoodshop.nl"},{"@type":"BreadcrumbList","@id":"https:\/\/decofoodshop.nl\/product-categorie\/namaak-vis-en-vlees\/#breadcrumb","itemListElement":[{"@type":"ListItem","position":1,"name":"Home","item":"https:\/\/decofoodshop.nl\/"},{"@type":"ListItem","position":2,"name":"Winkel","item":"https:\/\/decofoodshop.nl\/winkel\/"},{"@type":"ListItem","position":3,"name":"Namaak Sparerib"}]},{"@type":"WebSite","@id":"https:\/\/decofoodshop.nl\/#website","url":"https:\/\/decofoodshop.nl\/","name":"Dekofoodshop","description":"","potentialAction":[{"@type":"SearchAction","target":{"@type":"EntryPoint","urlTemplate":"https:\/\/decofoodshop.nl\/?s={search_term_string}"},"query-input":{"@type":"PropertyValueSpecification","valueRequired":true,"valueName":"search_term_string"}}],"inLanguage":"de"}]}},"_links":{"self":[{"href":"https:\/\/decofoodshop.nl\/de\/wp-json\/wp\/v2\/product\/10671","targetHints":{"allow":["GET"]}}],"collection":[{"href":"https:\/\/decofoodshop.nl\/de\/wp-json\/wp\/v2\/product"}],"about":[{"href":"https:\/\/decofoodshop.nl\/de\/wp-json\/wp\/v2\/types\/product"}],"wp:featuredmedia":[{"embeddable":true,"href":"https:\/\/decofoodshop.nl\/de\/wp-json\/wp\/v2\/media\/10672"}],"wp:attachment":[{"href":"https:\/\/decofoodshop.nl\/de\/wp-json\/wp\/v2\/media?parent=10671"}],"wp:term":[{"taxonomy":"product_brand","embeddable":true,"href":"https:\/\/decofoodshop.nl\/de\/wp-json\/wp\/v2\/product_brand?post=10671"},{"taxonomy":"product_cat","embeddable":true,"href":"https:\/\/decofoodshop.nl\/de\/wp-json\/wp\/v2\/product_cat?post=10671"},{"taxonomy":"product_tag","embeddable":true,"href":"https:\/\/decofoodshop.nl\/de\/wp-json\/wp\/v2\/product_tag?post=10671"}],"curies":[{"name":"wp","href":"https:\/\/api.w.org\/{rel}","templated":true}]}}