{"id":10684,"date":"2024-07-09T15:25:18","date_gmt":"2024-07-09T13:25:18","guid":{"rendered":"https:\/\/decofoodshop.nl\/?post_type=product&#038;p=10684"},"modified":"2026-03-02T11:54:05","modified_gmt":"2026-03-02T10:54:05","slug":"geraucherte-makrelenimitation","status":"publish","type":"product","link":"https:\/\/decofoodshop.nl\/de\/product\/gerookte-namaak-makreel\/","title":{"rendered":"Ger\u00e4ucherte Makrelenimitation"},"content":{"rendered":"<p>Lebensechte ger\u00e4ucherte Kunstmakrele.<\/p>\n<p>Sehr dekorativ und sch\u00f6ne Qualit\u00e4t.<\/p>\n<p>Aus schwerem Material.<\/p>\n<p>Diese ger\u00e4ucherte Makrele ist 26 cm lang und 4 cm hoch.<\/p>\n<p>Ausgestattet mit nat\u00fcrlicher Silberfarbe.<\/p>\n<p>Abgerundet mit braunen Rauchfl\u00e4chen vom R\u00e4uchern oder Grillen.<\/p>\n<p>Wundersch\u00f6n in Kombination mit anderen BBQ-Kunstfleisch- und Kunstfischprodukten.<\/p>\n<p>Die k\u00fcnstliche Makrele ist auch in Kombination mit verschiedenen wundersch\u00f6n <span style=\"color: #008000;\"><strong>k\u00fcnstliches Gem\u00fcse<\/strong><\/span>.<\/p>","protected":false},"excerpt":{"rendered":"<p>Levensechte Gerookte Namaak Makreel. Zeer decoratief en fraaie kwaliteit. Gemaakt van zwaar materiaal. Deze gerookte nepmakreel is wel 26cm lang en 4cm hoog. Voorzien van natuurlijke zilverkleur. Afgewerkt met bruine rookvlakken van het roken of de bbq. Fraai in combinatie met andere bbq nepvlees en nepvis producten. De kunst makreel is ook fraai in combinatie [&hellip;]<\/p>\n","protected":false},"featured_media":10685,"template":"","meta":{"_acf_changed":false,"_genesis_hide_title":false,"_genesis_hide_breadcrumbs":false,"_genesis_hide_singular_image":false,"_genesis_hide_footer_widgets":false,"_genesis_custom_body_class":"","_genesis_custom_post_class":"","_genesis_layout":""},"product_brand":[],"product_cat":[50],"product_tag":[],"class_list":{"0":"post-10684","1":"product","2":"type-product","3":"status-publish","4":"has-post-thumbnail","6":"product_cat-namaak-vis-en-vlees","7":"entry","8":"wpx-has-gallery","10":"first","11":"instock","12":"taxable","13":"shipping-taxable","14":"purchasable","15":"product-type-simple"},"acf":[],"yoast_head":"<!-- This site is optimized with the Yoast SEO Premium plugin v27.4 (Yoast SEO v27.4) - https:\/\/yoast.com\/product\/yoast-seo-premium-wordpress\/ -->\n<title>Gerookte Namaak Makreel - Decofoodshop<\/title>\n<meta name=\"description\" content=\"Gerookte Namaak Makreel en meer nepvlees en nepvis bbq producten bij Decofoodshop.nl de levernacier van voedseldummy&#039;s voor bedrijf en particulier.\" \/>\n<meta name=\"robots\" content=\"index, follow, max-snippet:-1, max-image-preview:large, max-video-preview:-1\" \/>\n<link rel=\"canonical\" href=\"https:\/\/decofoodshop.nl\/de\/produkt\/geraucherte-makrelenimitation\/\" \/>\n<meta property=\"og:locale\" content=\"de_DE\" \/>\n<meta property=\"og:type\" content=\"article\" \/>\n<meta property=\"og:title\" content=\"Gerookte Namaak Makreel\" \/>\n<meta property=\"og:description\" content=\"Gerookte Namaak Makreel en meer nepvlees en nepvis bbq producten bij Decofoodshop.nl de levernacier van voedseldummy&#039;s voor bedrijf en particulier.\" \/>\n<meta property=\"og:url\" content=\"https:\/\/decofoodshop.nl\/de\/produkt\/geraucherte-makrelenimitation\/\" \/>\n<meta property=\"og:site_name\" content=\"Decofoodshop\" \/>\n<meta property=\"article:modified_time\" content=\"2026-03-02T10:54:05+00:00\" \/>\n<meta property=\"og:image\" content=\"https:\/\/decofoodshop.nl\/wp-content\/uploads\/2024\/07\/Gerookte-Namaak-Makreel_02.jpg\" \/>\n\t<meta property=\"og:image:width\" content=\"1500\" \/>\n\t<meta property=\"og:image:height\" content=\"1500\" \/>\n\t<meta property=\"og:image:type\" content=\"image\/jpeg\" \/>\n<meta name=\"twitter:card\" content=\"summary_large_image\" \/>\n<meta name=\"twitter:label1\" content=\"Gesch\u00e4tzte Lesezeit\" \/>\n\t<meta name=\"twitter:data1\" content=\"1\u00a0Minute\" \/>\n<script type=\"application\/ld+json\" class=\"yoast-schema-graph\">{\"@context\":\"https:\\\/\\\/schema.org\",\"@graph\":[{\"@type\":\"WebPage\",\"@id\":\"https:\\\/\\\/decofoodshop.nl\\\/product\\\/gerookte-namaak-makreel\\\/\",\"url\":\"https:\\\/\\\/decofoodshop.nl\\\/product\\\/gerookte-namaak-makreel\\\/\",\"name\":\"Gerookte Namaak Makreel - Decofoodshop\",\"isPartOf\":{\"@id\":\"https:\\\/\\\/decofoodshop.nl\\\/#website\"},\"primaryImageOfPage\":{\"@id\":\"https:\\\/\\\/decofoodshop.nl\\\/product\\\/gerookte-namaak-makreel\\\/#primaryimage\"},\"image\":{\"@id\":\"https:\\\/\\\/decofoodshop.nl\\\/product\\\/gerookte-namaak-makreel\\\/#primaryimage\"},\"thumbnailUrl\":\"https:\\\/\\\/decofoodshop.nl\\\/wp-content\\\/uploads\\\/2024\\\/07\\\/Gerookte-Namaak-Makreel_02.jpg\",\"datePublished\":\"2024-07-09T13:25:18+00:00\",\"dateModified\":\"2026-03-02T10:54:05+00:00\",\"description\":\"Gerookte Namaak Makreel en meer nepvlees en nepvis bbq producten bij Decofoodshop.nl de levernacier van voedseldummy's voor bedrijf en particulier.\",\"breadcrumb\":{\"@id\":\"https:\\\/\\\/decofoodshop.nl\\\/product\\\/gerookte-namaak-makreel\\\/#breadcrumb\"},\"inLanguage\":\"de\",\"potentialAction\":[{\"@type\":\"ReadAction\",\"target\":[\"https:\\\/\\\/decofoodshop.nl\\\/product\\\/gerookte-namaak-makreel\\\/\"]}]},{\"@type\":\"ImageObject\",\"inLanguage\":\"de\",\"@id\":\"https:\\\/\\\/decofoodshop.nl\\\/product\\\/gerookte-namaak-makreel\\\/#primaryimage\",\"url\":\"https:\\\/\\\/decofoodshop.nl\\\/wp-content\\\/uploads\\\/2024\\\/07\\\/Gerookte-Namaak-Makreel_02.jpg\",\"contentUrl\":\"https:\\\/\\\/decofoodshop.nl\\\/wp-content\\\/uploads\\\/2024\\\/07\\\/Gerookte-Namaak-Makreel_02.jpg\",\"width\":1500,\"height\":1500,\"caption\":\"Gerookte Namaak Makreel\"},{\"@type\":\"BreadcrumbList\",\"@id\":\"https:\\\/\\\/decofoodshop.nl\\\/product\\\/gerookte-namaak-makreel\\\/#breadcrumb\",\"itemListElement\":[{\"@type\":\"ListItem\",\"position\":1,\"name\":\"Home\",\"item\":\"https:\\\/\\\/decofoodshop.nl\\\/\"},{\"@type\":\"ListItem\",\"position\":2,\"name\":\"Winkel\",\"item\":\"https:\\\/\\\/decofoodshop.nl\\\/winkel\\\/\"},{\"@type\":\"ListItem\",\"position\":3,\"name\":\"Gerookte Namaak Makreel\"}]},{\"@type\":\"WebSite\",\"@id\":\"https:\\\/\\\/decofoodshop.nl\\\/#website\",\"url\":\"https:\\\/\\\/decofoodshop.nl\\\/\",\"name\":\"Decofoodshop\",\"description\":\"\",\"potentialAction\":[{\"@type\":\"SearchAction\",\"target\":{\"@type\":\"EntryPoint\",\"urlTemplate\":\"https:\\\/\\\/decofoodshop.nl\\\/?s={search_term_string}\"},\"query-input\":{\"@type\":\"PropertyValueSpecification\",\"valueRequired\":true,\"valueName\":\"search_term_string\"}}],\"inLanguage\":\"de\"}]}<\/script>\n<!-- \/ Yoast SEO Premium plugin. -->","yoast_head_json":{"title":"Ger\u00e4ucherte Makrelenimitation - Decofoodshop","description":"Ger\u00e4ucherte k\u00fcnstliche Makrelen und weitere gef\u00e4lschte Fleisch- und Fisch-BBQ-Produkte bei Decofoodshop.nl, dem Anbieter von Lebensmittelattrappen f\u00fcr Unternehmen und Privatpersonen.","robots":{"index":"index","follow":"follow","max-snippet":"max-snippet:-1","max-image-preview":"max-image-preview:large","max-video-preview":"max-video-preview:-1"},"canonical":"https:\/\/decofoodshop.nl\/de\/produkt\/geraucherte-makrelenimitation\/","og_locale":"de_DE","og_type":"article","og_title":"Gerookte Namaak Makreel","og_description":"Gerookte Namaak Makreel en meer nepvlees en nepvis bbq producten bij Decofoodshop.nl de levernacier van voedseldummy's voor bedrijf en particulier.","og_url":"https:\/\/decofoodshop.nl\/de\/produkt\/geraucherte-makrelenimitation\/","og_site_name":"Decofoodshop","article_modified_time":"2026-03-02T10:54:05+00:00","og_image":[{"width":1500,"height":1500,"url":"https:\/\/decofoodshop.nl\/wp-content\/uploads\/2024\/07\/Gerookte-Namaak-Makreel_02.jpg","type":"image\/jpeg"}],"twitter_card":"summary_large_image","twitter_misc":{"Gesch\u00e4tzte Lesezeit":"1\u00a0Minute"},"schema":{"@context":"https:\/\/schema.org","@graph":[{"@type":"WebPage","@id":"https:\/\/decofoodshop.nl\/product\/gerookte-namaak-makreel\/","url":"https:\/\/decofoodshop.nl\/product\/gerookte-namaak-makreel\/","name":"Ger\u00e4ucherte Makrelenimitation - Decofoodshop","isPartOf":{"@id":"https:\/\/decofoodshop.nl\/#website"},"primaryImageOfPage":{"@id":"https:\/\/decofoodshop.nl\/product\/gerookte-namaak-makreel\/#primaryimage"},"image":{"@id":"https:\/\/decofoodshop.nl\/product\/gerookte-namaak-makreel\/#primaryimage"},"thumbnailUrl":"https:\/\/decofoodshop.nl\/wp-content\/uploads\/2024\/07\/Gerookte-Namaak-Makreel_02.jpg","datePublished":"2024-07-09T13:25:18+00:00","dateModified":"2026-03-02T10:54:05+00:00","description":"Ger\u00e4ucherte k\u00fcnstliche Makrelen und weitere gef\u00e4lschte Fleisch- und Fisch-BBQ-Produkte bei Decofoodshop.nl, dem Anbieter von Lebensmittelattrappen f\u00fcr Unternehmen und Privatpersonen.","breadcrumb":{"@id":"https:\/\/decofoodshop.nl\/product\/gerookte-namaak-makreel\/#breadcrumb"},"inLanguage":"de","potentialAction":[{"@type":"ReadAction","target":["https:\/\/decofoodshop.nl\/product\/gerookte-namaak-makreel\/"]}]},{"@type":"ImageObject","inLanguage":"de","@id":"https:\/\/decofoodshop.nl\/product\/gerookte-namaak-makreel\/#primaryimage","url":"https:\/\/decofoodshop.nl\/wp-content\/uploads\/2024\/07\/Gerookte-Namaak-Makreel_02.jpg","contentUrl":"https:\/\/decofoodshop.nl\/wp-content\/uploads\/2024\/07\/Gerookte-Namaak-Makreel_02.jpg","width":1500,"height":1500,"caption":"Gerookte Namaak Makreel"},{"@type":"BreadcrumbList","@id":"https:\/\/decofoodshop.nl\/product\/gerookte-namaak-makreel\/#breadcrumb","itemListElement":[{"@type":"ListItem","position":1,"name":"Home","item":"https:\/\/decofoodshop.nl\/"},{"@type":"ListItem","position":2,"name":"Winkel","item":"https:\/\/decofoodshop.nl\/winkel\/"},{"@type":"ListItem","position":3,"name":"Gerookte Namaak Makreel"}]},{"@type":"WebSite","@id":"https:\/\/decofoodshop.nl\/#website","url":"https:\/\/decofoodshop.nl\/","name":"Dekofoodshop","description":"","potentialAction":[{"@type":"SearchAction","target":{"@type":"EntryPoint","urlTemplate":"https:\/\/decofoodshop.nl\/?s={search_term_string}"},"query-input":{"@type":"PropertyValueSpecification","valueRequired":true,"valueName":"search_term_string"}}],"inLanguage":"de"}]}},"_links":{"self":[{"href":"https:\/\/decofoodshop.nl\/de\/wp-json\/wp\/v2\/product\/10684","targetHints":{"allow":["GET"]}}],"collection":[{"href":"https:\/\/decofoodshop.nl\/de\/wp-json\/wp\/v2\/product"}],"about":[{"href":"https:\/\/decofoodshop.nl\/de\/wp-json\/wp\/v2\/types\/product"}],"wp:featuredmedia":[{"embeddable":true,"href":"https:\/\/decofoodshop.nl\/de\/wp-json\/wp\/v2\/media\/10685"}],"wp:attachment":[{"href":"https:\/\/decofoodshop.nl\/de\/wp-json\/wp\/v2\/media?parent=10684"}],"wp:term":[{"taxonomy":"product_brand","embeddable":true,"href":"https:\/\/decofoodshop.nl\/de\/wp-json\/wp\/v2\/product_brand?post=10684"},{"taxonomy":"product_cat","embeddable":true,"href":"https:\/\/decofoodshop.nl\/de\/wp-json\/wp\/v2\/product_cat?post=10684"},{"taxonomy":"product_tag","embeddable":true,"href":"https:\/\/decofoodshop.nl\/de\/wp-json\/wp\/v2\/product_tag?post=10684"}],"curies":[{"name":"wp","href":"https:\/\/api.w.org\/{rel}","templated":true}]}}