{"id":10702,"date":"2024-07-11T14:31:47","date_gmt":"2024-07-11T12:31:47","guid":{"rendered":"https:\/\/decofoodshop.nl\/?post_type=product&#038;p=10702"},"modified":"2026-03-02T11:52:31","modified_gmt":"2026-03-02T10:52:31","slug":"gefalschter-taco","status":"publish","type":"product","link":"https:\/\/decofoodshop.nl\/de\/product\/neptaco\/","title":{"rendered":"Falscher Taco"},"content":{"rendered":"<p>&nbsp;<\/p>\n<p>Dieser gef\u00e4lschte Taco ist super dekorativ und genau wie ein echter.<\/p>\n<p>Der gef\u00e4lschte Taco ist 11 cm lang und 6 cm breit.<\/p>\n<p>Gef\u00fcllt mit k\u00fcnstlichem Salat, k\u00fcnstlicher Gurke, k\u00fcnstlicher Tomate, k\u00fcnstlicher Karotte und k\u00fcnstlicher Mayonnaise.<\/p>\n<p>Die Form des Taco-Dummys ist etwas unregelm\u00e4\u00dfig und halbrund, wie ein echter Tac0.<\/p>\n<p>Die Farbe ist auch echt wie echt. Ausgestattet mit braunen \u201eBackflecken\u201c.<\/p>\n<p>Aus leicht flexiblem und superstabilem Material.<\/p>\n<p>Ein praktischer und auff\u00e4lliger, hochwertiger Lebensmitteldummy.<\/p>\n<p>Weitere dekorative Lebensmittelimitationen finden Sie in unserer Serie <a href=\"https:\/\/decofoodshop.nl\/de\/produktkategorie-2\/kunstliche-fruchte\/\"><strong><span style=\"color: green;\">k\u00fcnstliche Fr\u00fcchte<\/span><\/strong><\/a>.<\/p>","protected":false},"excerpt":{"rendered":"<p>&nbsp; Deze Neptaco is super decoratief en net echt. De namaak taco is 11cm lang 6cm breed. Gevuld met nepsla, nepkomkommer, neptomaat, nepwortel en nepmayo. De vorm van de tacodummy is wat grillig en half rond zoials een echte tac0. De kleur is eveneens net echt. Voorzien van bruine &#8220;bak&#8221; vlekjes. Gemaakt van iets flexibel [&hellip;]<\/p>\n","protected":false},"featured_media":10706,"template":"","meta":{"_acf_changed":false,"_genesis_hide_title":false,"_genesis_hide_breadcrumbs":false,"_genesis_hide_singular_image":false,"_genesis_hide_footer_widgets":false,"_genesis_custom_body_class":"","_genesis_custom_post_class":"","_genesis_layout":""},"product_brand":[],"product_cat":[46,51],"product_tag":[],"class_list":{"0":"post-10702","1":"product","2":"type-product","3":"status-publish","4":"has-post-thumbnail","6":"product_cat-broodengebak","7":"product_cat-overige","8":"entry","9":"wpx-has-gallery","11":"first","12":"instock","13":"taxable","14":"shipping-taxable","15":"purchasable","16":"product-type-simple"},"acf":[],"yoast_head":"<!-- This site is optimized with the Yoast SEO Premium plugin v27.3 (Yoast SEO v27.3) - https:\/\/yoast.com\/product\/yoast-seo-premium-wordpress\/ -->\n<title>Neptaco - Decofoodshop<\/title>\n<meta name=\"description\" content=\"Neptaco of ander namaak voedsel bestellen. Makkelijke n direct bezorgd door de leverancier van voedseldummy&#039;s in Europa. Decofoodshop.nl\" \/>\n<meta name=\"robots\" content=\"index, follow, max-snippet:-1, max-image-preview:large, max-video-preview:-1\" \/>\n<link rel=\"canonical\" href=\"https:\/\/decofoodshop.nl\/de\/produktkategorie-2\/brotkuchen\/\" \/>\n<meta property=\"og:locale\" content=\"de_DE\" \/>\n<meta property=\"og:type\" content=\"article\" \/>\n<meta property=\"og:title\" content=\"Neptaco\" \/>\n<meta property=\"og:description\" content=\"Neptaco of ander namaak voedsel bestellen. Makkelijke n direct bezorgd door de leverancier van voedseldummy&#039;s in Europa. Decofoodshop.nl\" \/>\n<meta property=\"og:url\" content=\"https:\/\/decofoodshop.nl\/de\/produktkategorie-2\/brotkuchen\/\" \/>\n<meta property=\"og:site_name\" content=\"Decofoodshop\" \/>\n<meta property=\"article:modified_time\" content=\"2026-03-02T10:52:31+00:00\" \/>\n<meta property=\"og:image\" content=\"https:\/\/decofoodshop.nl\/wp-content\/uploads\/2024\/07\/Neptaco.jpg\" \/>\n\t<meta property=\"og:image:width\" content=\"1500\" \/>\n\t<meta property=\"og:image:height\" content=\"1500\" \/>\n\t<meta property=\"og:image:type\" content=\"image\/jpeg\" \/>\n<meta name=\"twitter:card\" content=\"summary_large_image\" \/>\n<meta name=\"twitter:label1\" content=\"Gesch\u00e4tzte Lesezeit\" \/>\n\t<meta name=\"twitter:data1\" content=\"1\u00a0Minute\" \/>\n<script type=\"application\/ld+json\" class=\"yoast-schema-graph\">{\"@context\":\"https:\\\/\\\/schema.org\",\"@graph\":[{\"@type\":\"WebPage\",\"@id\":\"https:\\\/\\\/decofoodshop.nl\\\/product\\\/neptaco\\\/\",\"url\":\"https:\\\/\\\/decofoodshop.nl\\\/product-categorie\\\/broodengebak\\\/\",\"name\":\"Neptaco - Decofoodshop\",\"isPartOf\":{\"@id\":\"https:\\\/\\\/decofoodshop.nl\\\/#website\"},\"primaryImageOfPage\":{\"@id\":\"https:\\\/\\\/decofoodshop.nl\\\/product-categorie\\\/broodengebak\\\/#primaryimage\"},\"image\":{\"@id\":\"https:\\\/\\\/decofoodshop.nl\\\/product-categorie\\\/broodengebak\\\/#primaryimage\"},\"thumbnailUrl\":\"https:\\\/\\\/decofoodshop.nl\\\/wp-content\\\/uploads\\\/2024\\\/07\\\/Neptaco.jpg\",\"datePublished\":\"2024-07-11T12:31:47+00:00\",\"dateModified\":\"2026-03-02T10:52:31+00:00\",\"description\":\"Neptaco of ander namaak voedsel bestellen. Makkelijke n direct bezorgd door de leverancier van voedseldummy's in Europa. Decofoodshop.nl\",\"breadcrumb\":{\"@id\":\"https:\\\/\\\/decofoodshop.nl\\\/product-categorie\\\/broodengebak\\\/#breadcrumb\"},\"inLanguage\":\"de\",\"potentialAction\":[{\"@type\":\"ReadAction\",\"target\":[\"https:\\\/\\\/decofoodshop.nl\\\/product-categorie\\\/broodengebak\\\/\"]}]},{\"@type\":\"ImageObject\",\"inLanguage\":\"de\",\"@id\":\"https:\\\/\\\/decofoodshop.nl\\\/product-categorie\\\/broodengebak\\\/#primaryimage\",\"url\":\"https:\\\/\\\/decofoodshop.nl\\\/wp-content\\\/uploads\\\/2024\\\/07\\\/Neptaco.jpg\",\"contentUrl\":\"https:\\\/\\\/decofoodshop.nl\\\/wp-content\\\/uploads\\\/2024\\\/07\\\/Neptaco.jpg\",\"width\":1500,\"height\":1500,\"caption\":\"Neptaco van Decofoodshop.nl\"},{\"@type\":\"BreadcrumbList\",\"@id\":\"https:\\\/\\\/decofoodshop.nl\\\/product-categorie\\\/broodengebak\\\/#breadcrumb\",\"itemListElement\":[{\"@type\":\"ListItem\",\"position\":1,\"name\":\"Home\",\"item\":\"https:\\\/\\\/decofoodshop.nl\\\/\"},{\"@type\":\"ListItem\",\"position\":2,\"name\":\"Winkel\",\"item\":\"https:\\\/\\\/decofoodshop.nl\\\/winkel\\\/\"},{\"@type\":\"ListItem\",\"position\":3,\"name\":\"Neptaco\"}]},{\"@type\":\"WebSite\",\"@id\":\"https:\\\/\\\/decofoodshop.nl\\\/#website\",\"url\":\"https:\\\/\\\/decofoodshop.nl\\\/\",\"name\":\"Decofoodshop\",\"description\":\"\",\"potentialAction\":[{\"@type\":\"SearchAction\",\"target\":{\"@type\":\"EntryPoint\",\"urlTemplate\":\"https:\\\/\\\/decofoodshop.nl\\\/?s={search_term_string}\"},\"query-input\":{\"@type\":\"PropertyValueSpecification\",\"valueRequired\":true,\"valueName\":\"search_term_string\"}}],\"inLanguage\":\"de\"}]}<\/script>\n<!-- \/ Yoast SEO Premium plugin. -->","yoast_head_json":{"title":"Neptaco - Decofoodshop","description":"Bestellen Sie gef\u00e4lschte Tacos oder anderes gef\u00e4lschtes Essen. Einfache und direkte Lieferung vom Lieferanten f\u00fcr Lebensmittelattrappen in Europa. Decofoodshop.nl","robots":{"index":"index","follow":"follow","max-snippet":"max-snippet:-1","max-image-preview":"max-image-preview:large","max-video-preview":"max-video-preview:-1"},"canonical":"https:\/\/decofoodshop.nl\/de\/produktkategorie-2\/brotkuchen\/","og_locale":"de_DE","og_type":"article","og_title":"Neptaco","og_description":"Neptaco of ander namaak voedsel bestellen. Makkelijke n direct bezorgd door de leverancier van voedseldummy's in Europa. Decofoodshop.nl","og_url":"https:\/\/decofoodshop.nl\/de\/produktkategorie-2\/brotkuchen\/","og_site_name":"Decofoodshop","article_modified_time":"2026-03-02T10:52:31+00:00","og_image":[{"width":1500,"height":1500,"url":"https:\/\/decofoodshop.nl\/wp-content\/uploads\/2024\/07\/Neptaco.jpg","type":"image\/jpeg"}],"twitter_card":"summary_large_image","twitter_misc":{"Gesch\u00e4tzte Lesezeit":"1\u00a0Minute"},"schema":{"@context":"https:\/\/schema.org","@graph":[{"@type":"WebPage","@id":"https:\/\/decofoodshop.nl\/product\/neptaco\/","url":"https:\/\/decofoodshop.nl\/product-categorie\/broodengebak\/","name":"Neptaco - Decofoodshop","isPartOf":{"@id":"https:\/\/decofoodshop.nl\/#website"},"primaryImageOfPage":{"@id":"https:\/\/decofoodshop.nl\/product-categorie\/broodengebak\/#primaryimage"},"image":{"@id":"https:\/\/decofoodshop.nl\/product-categorie\/broodengebak\/#primaryimage"},"thumbnailUrl":"https:\/\/decofoodshop.nl\/wp-content\/uploads\/2024\/07\/Neptaco.jpg","datePublished":"2024-07-11T12:31:47+00:00","dateModified":"2026-03-02T10:52:31+00:00","description":"Bestellen Sie gef\u00e4lschte Tacos oder anderes gef\u00e4lschtes Essen. Einfache und direkte Lieferung vom Lieferanten f\u00fcr Lebensmittelattrappen in Europa. Decofoodshop.nl","breadcrumb":{"@id":"https:\/\/decofoodshop.nl\/product-categorie\/broodengebak\/#breadcrumb"},"inLanguage":"de","potentialAction":[{"@type":"ReadAction","target":["https:\/\/decofoodshop.nl\/product-categorie\/broodengebak\/"]}]},{"@type":"ImageObject","inLanguage":"de","@id":"https:\/\/decofoodshop.nl\/product-categorie\/broodengebak\/#primaryimage","url":"https:\/\/decofoodshop.nl\/wp-content\/uploads\/2024\/07\/Neptaco.jpg","contentUrl":"https:\/\/decofoodshop.nl\/wp-content\/uploads\/2024\/07\/Neptaco.jpg","width":1500,"height":1500,"caption":"Neptaco van Decofoodshop.nl"},{"@type":"BreadcrumbList","@id":"https:\/\/decofoodshop.nl\/product-categorie\/broodengebak\/#breadcrumb","itemListElement":[{"@type":"ListItem","position":1,"name":"Home","item":"https:\/\/decofoodshop.nl\/"},{"@type":"ListItem","position":2,"name":"Winkel","item":"https:\/\/decofoodshop.nl\/winkel\/"},{"@type":"ListItem","position":3,"name":"Neptaco"}]},{"@type":"WebSite","@id":"https:\/\/decofoodshop.nl\/#website","url":"https:\/\/decofoodshop.nl\/","name":"Dekofoodshop","description":"","potentialAction":[{"@type":"SearchAction","target":{"@type":"EntryPoint","urlTemplate":"https:\/\/decofoodshop.nl\/?s={search_term_string}"},"query-input":{"@type":"PropertyValueSpecification","valueRequired":true,"valueName":"search_term_string"}}],"inLanguage":"de"}]}},"_links":{"self":[{"href":"https:\/\/decofoodshop.nl\/de\/wp-json\/wp\/v2\/product\/10702","targetHints":{"allow":["GET"]}}],"collection":[{"href":"https:\/\/decofoodshop.nl\/de\/wp-json\/wp\/v2\/product"}],"about":[{"href":"https:\/\/decofoodshop.nl\/de\/wp-json\/wp\/v2\/types\/product"}],"wp:featuredmedia":[{"embeddable":true,"href":"https:\/\/decofoodshop.nl\/de\/wp-json\/wp\/v2\/media\/10706"}],"wp:attachment":[{"href":"https:\/\/decofoodshop.nl\/de\/wp-json\/wp\/v2\/media?parent=10702"}],"wp:term":[{"taxonomy":"product_brand","embeddable":true,"href":"https:\/\/decofoodshop.nl\/de\/wp-json\/wp\/v2\/product_brand?post=10702"},{"taxonomy":"product_cat","embeddable":true,"href":"https:\/\/decofoodshop.nl\/de\/wp-json\/wp\/v2\/product_cat?post=10702"},{"taxonomy":"product_tag","embeddable":true,"href":"https:\/\/decofoodshop.nl\/de\/wp-json\/wp\/v2\/product_tag?post=10702"}],"curies":[{"name":"wp","href":"https:\/\/api.w.org\/{rel}","templated":true}]}}