{"id":10725,"date":"2024-07-14T22:40:07","date_gmt":"2024-07-14T20:40:07","guid":{"rendered":"https:\/\/decofoodshop.nl\/?post_type=product&#038;p=10725"},"modified":"2026-03-02T11:52:08","modified_gmt":"2026-03-02T10:52:08","slug":"kunstbrot-packung-5-stuck","status":"publish","type":"product","link":"https:\/\/decofoodshop.nl\/de\/product\/kunstbrood-pakket-5-stuks\/","title":{"rendered":"Kunstbrot Packung 5 St\u00fcck"},"content":{"rendered":"<p>Dekoratives und abwechslungsreiches Kunstbrot Paket 5 St\u00fcck.<\/p>\n<p>Bestehend aus f\u00fcnf St\u00fccken verschiedener Kunstbrotsorten.<\/p>\n<p>Alle f\u00fcnf dieser k\u00fcnstlichen Brote sind kurze und hohe Modelle.<\/p>\n<p>L\u00e4nge x H\u00f6he x Breite = 13 cm x 12 cm x 12 cm.<\/p>\n<p>Also lebensechte Formate.<\/p>\n<p>Leicht und super, sehr robust.<\/p>\n<p>Bestehend aus Brotimitaten mit Vollkornk\u00f6rnern, Sesamk\u00f6rnern,<\/p>\n<p>Mehlbrot, Wei\u00dfbrot und Sauerteigbrot.<\/p>\n<p>Alle f\u00fcnf dieser k\u00fcnstlichen Brote haben eine nat\u00fcrliche Brotform.<\/p>\n<p>Hochwertige Verarbeitung.<\/p>\n<p>Geeignet f\u00fcr private und gesch\u00e4ftliche Anwendungen.<\/p>\n<p>Weitere dekorative Lebensmittel finden Sie in der Kategorie mit <span style=\"color: #008000;\"><strong><a style=\"color: #008000;\" href=\"https:\/\/decofoodshop.nl\/de\/produktkategorie-2\/andere\/\">andere Produkte<\/a><\/strong><\/span>.<\/p>","protected":false},"excerpt":{"rendered":"<p>Decoratief en afwisselend Kunstbrood Pakket 5 stuks. Bestaand uit vijf stuks verschillende soorten nepbroden. Alle vijf deze kunstbroden betreft korte en hoge modellen. Lengte x hoogte x breedte = 13cm x 12cm x 12cm. Dus levensechte formaten. Licht van gewicht en super zeer stevig. Bestaande uit namaak broden met volkorenzaad, sesamzaad, meelbrood, witbrood en desembrood. [&hellip;]<\/p>\n","protected":false},"featured_media":10728,"template":"","meta":{"_acf_changed":false,"_genesis_hide_title":false,"_genesis_hide_breadcrumbs":false,"_genesis_hide_singular_image":false,"_genesis_hide_footer_widgets":false,"_genesis_custom_body_class":"","_genesis_custom_post_class":"","_genesis_layout":""},"product_brand":[],"product_cat":[46,49],"product_tag":[],"class_list":{"0":"post-10725","1":"product","2":"type-product","3":"status-publish","4":"has-post-thumbnail","6":"product_cat-broodengebak","7":"product_cat-pakketten","8":"entry","9":"wpx-has-gallery","11":"first","12":"instock","13":"taxable","14":"shipping-taxable","15":"purchasable","16":"product-type-simple"},"acf":[],"yoast_head":"<!-- This site is optimized with the Yoast SEO Premium plugin v27.3 (Yoast SEO v27.3) - https:\/\/yoast.com\/product\/yoast-seo-premium-wordpress\/ -->\n<title>Kunstbrood Pakket 5 stuks - Decofoodshop<\/title>\n<meta name=\"description\" content=\"Kunstbrood Pakket 5 stuks en veel meer soorten kunstbroden en brooddummy&#039;s bij Decofoodshop.nl Heel veel keuze, hoge kwaliteit en direct bezorgd.\" \/>\n<meta name=\"robots\" content=\"index, follow, max-snippet:-1, max-image-preview:large, max-video-preview:-1\" \/>\n<link rel=\"canonical\" href=\"https:\/\/decofoodshop.nl\/de\/produktkategorie-2\/brotkuchen\/\" \/>\n<meta property=\"og:locale\" content=\"de_DE\" \/>\n<meta property=\"og:type\" content=\"article\" \/>\n<meta property=\"og:title\" content=\"Kunstbrood Pakket 5 stuks\" \/>\n<meta property=\"og:description\" content=\"Kunstbrood Pakket 5 stuks en veel meer soorten kunstbroden en brooddummy&#039;s bij Decofoodshop.nl Heel veel keuze, hoge kwaliteit en direct bezorgd.\" \/>\n<meta property=\"og:url\" content=\"https:\/\/decofoodshop.nl\/de\/produktkategorie-2\/brotkuchen\/\" \/>\n<meta property=\"og:site_name\" content=\"Decofoodshop\" \/>\n<meta property=\"article:modified_time\" content=\"2026-03-02T10:52:08+00:00\" \/>\n<meta property=\"og:image\" content=\"https:\/\/decofoodshop.nl\/wp-content\/uploads\/2024\/07\/Kunstbrood-Pakket-5-stuks-foto-1.jpg\" \/>\n\t<meta property=\"og:image:width\" content=\"2000\" \/>\n\t<meta property=\"og:image:height\" content=\"2000\" \/>\n\t<meta property=\"og:image:type\" content=\"image\/jpeg\" \/>\n<meta name=\"twitter:card\" content=\"summary_large_image\" \/>\n<meta name=\"twitter:label1\" content=\"Gesch\u00e4tzte Lesezeit\" \/>\n\t<meta name=\"twitter:data1\" content=\"1\u00a0Minute\" \/>\n<script type=\"application\/ld+json\" class=\"yoast-schema-graph\">{\"@context\":\"https:\\\/\\\/schema.org\",\"@graph\":[{\"@type\":\"WebPage\",\"@id\":\"https:\\\/\\\/decofoodshop.nl\\\/product\\\/kunstbrood-pakket-5-stuks\\\/\",\"url\":\"https:\\\/\\\/decofoodshop.nl\\\/product-categorie\\\/broodengebak\\\/\",\"name\":\"Kunstbrood Pakket 5 stuks - Decofoodshop\",\"isPartOf\":{\"@id\":\"https:\\\/\\\/decofoodshop.nl\\\/#website\"},\"primaryImageOfPage\":{\"@id\":\"https:\\\/\\\/decofoodshop.nl\\\/product-categorie\\\/broodengebak\\\/#primaryimage\"},\"image\":{\"@id\":\"https:\\\/\\\/decofoodshop.nl\\\/product-categorie\\\/broodengebak\\\/#primaryimage\"},\"thumbnailUrl\":\"https:\\\/\\\/decofoodshop.nl\\\/wp-content\\\/uploads\\\/2024\\\/07\\\/Kunstbrood-Pakket-5-stuks-foto-1.jpg\",\"datePublished\":\"2024-07-14T20:40:07+00:00\",\"dateModified\":\"2026-03-02T10:52:08+00:00\",\"description\":\"Kunstbrood Pakket 5 stuks en veel meer soorten kunstbroden en brooddummy's bij Decofoodshop.nl Heel veel keuze, hoge kwaliteit en direct bezorgd.\",\"breadcrumb\":{\"@id\":\"https:\\\/\\\/decofoodshop.nl\\\/product-categorie\\\/broodengebak\\\/#breadcrumb\"},\"inLanguage\":\"de\",\"potentialAction\":[{\"@type\":\"ReadAction\",\"target\":[\"https:\\\/\\\/decofoodshop.nl\\\/product-categorie\\\/broodengebak\\\/\"]}]},{\"@type\":\"ImageObject\",\"inLanguage\":\"de\",\"@id\":\"https:\\\/\\\/decofoodshop.nl\\\/product-categorie\\\/broodengebak\\\/#primaryimage\",\"url\":\"https:\\\/\\\/decofoodshop.nl\\\/wp-content\\\/uploads\\\/2024\\\/07\\\/Kunstbrood-Pakket-5-stuks-foto-1.jpg\",\"contentUrl\":\"https:\\\/\\\/decofoodshop.nl\\\/wp-content\\\/uploads\\\/2024\\\/07\\\/Kunstbrood-Pakket-5-stuks-foto-1.jpg\",\"width\":2000,\"height\":2000,\"caption\":\"Kunstbrood Pakket 5 stuks\"},{\"@type\":\"BreadcrumbList\",\"@id\":\"https:\\\/\\\/decofoodshop.nl\\\/product-categorie\\\/broodengebak\\\/#breadcrumb\",\"itemListElement\":[{\"@type\":\"ListItem\",\"position\":1,\"name\":\"Home\",\"item\":\"https:\\\/\\\/decofoodshop.nl\\\/\"},{\"@type\":\"ListItem\",\"position\":2,\"name\":\"Winkel\",\"item\":\"https:\\\/\\\/decofoodshop.nl\\\/winkel\\\/\"},{\"@type\":\"ListItem\",\"position\":3,\"name\":\"Kunstbrood Pakket 5 stuks\"}]},{\"@type\":\"WebSite\",\"@id\":\"https:\\\/\\\/decofoodshop.nl\\\/#website\",\"url\":\"https:\\\/\\\/decofoodshop.nl\\\/\",\"name\":\"Decofoodshop\",\"description\":\"\",\"potentialAction\":[{\"@type\":\"SearchAction\",\"target\":{\"@type\":\"EntryPoint\",\"urlTemplate\":\"https:\\\/\\\/decofoodshop.nl\\\/?s={search_term_string}\"},\"query-input\":{\"@type\":\"PropertyValueSpecification\",\"valueRequired\":true,\"valueName\":\"search_term_string\"}}],\"inLanguage\":\"de\"}]}<\/script>\n<!-- \/ Yoast SEO Premium plugin. -->","yoast_head_json":{"title":"Kunstbrot-Paket 5 St\u00fcck - Decofoodshop","description":"Kunstbrot-Paket 5 St\u00fcck und viele weitere Arten von Kunstbroten und Brotattrappen bei Decofoodshop.nl. Gro\u00dfe Auswahl, hohe Qualit\u00e4t und sofort geliefert.","robots":{"index":"index","follow":"follow","max-snippet":"max-snippet:-1","max-image-preview":"max-image-preview:large","max-video-preview":"max-video-preview:-1"},"canonical":"https:\/\/decofoodshop.nl\/de\/produktkategorie-2\/brotkuchen\/","og_locale":"de_DE","og_type":"article","og_title":"Kunstbrood Pakket 5 stuks","og_description":"Kunstbrood Pakket 5 stuks en veel meer soorten kunstbroden en brooddummy's bij Decofoodshop.nl Heel veel keuze, hoge kwaliteit en direct bezorgd.","og_url":"https:\/\/decofoodshop.nl\/de\/produktkategorie-2\/brotkuchen\/","og_site_name":"Decofoodshop","article_modified_time":"2026-03-02T10:52:08+00:00","og_image":[{"width":2000,"height":2000,"url":"https:\/\/decofoodshop.nl\/wp-content\/uploads\/2024\/07\/Kunstbrood-Pakket-5-stuks-foto-1.jpg","type":"image\/jpeg"}],"twitter_card":"summary_large_image","twitter_misc":{"Gesch\u00e4tzte Lesezeit":"1\u00a0Minute"},"schema":{"@context":"https:\/\/schema.org","@graph":[{"@type":"WebPage","@id":"https:\/\/decofoodshop.nl\/product\/kunstbrood-pakket-5-stuks\/","url":"https:\/\/decofoodshop.nl\/product-categorie\/broodengebak\/","name":"Kunstbrot-Paket 5 St\u00fcck - Decofoodshop","isPartOf":{"@id":"https:\/\/decofoodshop.nl\/#website"},"primaryImageOfPage":{"@id":"https:\/\/decofoodshop.nl\/product-categorie\/broodengebak\/#primaryimage"},"image":{"@id":"https:\/\/decofoodshop.nl\/product-categorie\/broodengebak\/#primaryimage"},"thumbnailUrl":"https:\/\/decofoodshop.nl\/wp-content\/uploads\/2024\/07\/Kunstbrood-Pakket-5-stuks-foto-1.jpg","datePublished":"2024-07-14T20:40:07+00:00","dateModified":"2026-03-02T10:52:08+00:00","description":"Kunstbrot-Paket 5 St\u00fcck und viele weitere Arten von Kunstbroten und Brotattrappen bei Decofoodshop.nl. Gro\u00dfe Auswahl, hohe Qualit\u00e4t und sofort geliefert.","breadcrumb":{"@id":"https:\/\/decofoodshop.nl\/product-categorie\/broodengebak\/#breadcrumb"},"inLanguage":"de","potentialAction":[{"@type":"ReadAction","target":["https:\/\/decofoodshop.nl\/product-categorie\/broodengebak\/"]}]},{"@type":"ImageObject","inLanguage":"de","@id":"https:\/\/decofoodshop.nl\/product-categorie\/broodengebak\/#primaryimage","url":"https:\/\/decofoodshop.nl\/wp-content\/uploads\/2024\/07\/Kunstbrood-Pakket-5-stuks-foto-1.jpg","contentUrl":"https:\/\/decofoodshop.nl\/wp-content\/uploads\/2024\/07\/Kunstbrood-Pakket-5-stuks-foto-1.jpg","width":2000,"height":2000,"caption":"Kunstbrood Pakket 5 stuks"},{"@type":"BreadcrumbList","@id":"https:\/\/decofoodshop.nl\/product-categorie\/broodengebak\/#breadcrumb","itemListElement":[{"@type":"ListItem","position":1,"name":"Home","item":"https:\/\/decofoodshop.nl\/"},{"@type":"ListItem","position":2,"name":"Winkel","item":"https:\/\/decofoodshop.nl\/winkel\/"},{"@type":"ListItem","position":3,"name":"Kunstbrood Pakket 5 stuks"}]},{"@type":"WebSite","@id":"https:\/\/decofoodshop.nl\/#website","url":"https:\/\/decofoodshop.nl\/","name":"Dekofoodshop","description":"","potentialAction":[{"@type":"SearchAction","target":{"@type":"EntryPoint","urlTemplate":"https:\/\/decofoodshop.nl\/?s={search_term_string}"},"query-input":{"@type":"PropertyValueSpecification","valueRequired":true,"valueName":"search_term_string"}}],"inLanguage":"de"}]}},"_links":{"self":[{"href":"https:\/\/decofoodshop.nl\/de\/wp-json\/wp\/v2\/product\/10725","targetHints":{"allow":["GET"]}}],"collection":[{"href":"https:\/\/decofoodshop.nl\/de\/wp-json\/wp\/v2\/product"}],"about":[{"href":"https:\/\/decofoodshop.nl\/de\/wp-json\/wp\/v2\/types\/product"}],"wp:featuredmedia":[{"embeddable":true,"href":"https:\/\/decofoodshop.nl\/de\/wp-json\/wp\/v2\/media\/10728"}],"wp:attachment":[{"href":"https:\/\/decofoodshop.nl\/de\/wp-json\/wp\/v2\/media?parent=10725"}],"wp:term":[{"taxonomy":"product_brand","embeddable":true,"href":"https:\/\/decofoodshop.nl\/de\/wp-json\/wp\/v2\/product_brand?post=10725"},{"taxonomy":"product_cat","embeddable":true,"href":"https:\/\/decofoodshop.nl\/de\/wp-json\/wp\/v2\/product_cat?post=10725"},{"taxonomy":"product_tag","embeddable":true,"href":"https:\/\/decofoodshop.nl\/de\/wp-json\/wp\/v2\/product_tag?post=10725"}],"curies":[{"name":"wp","href":"https:\/\/api.w.org\/{rel}","templated":true}]}}