{"id":1075,"date":"2019-10-09T08:03:36","date_gmt":"2019-10-09T08:03:36","guid":{"rendered":"https:\/\/decofoodshop.nl\/?post_type=product&#038;p=1075"},"modified":"2026-03-03T20:58:06","modified_gmt":"2026-03-03T19:58:06","slug":"orange-fake-paprika","status":"publish","type":"product","link":"https:\/\/decofoodshop.nl\/de\/product\/oranje-namaak-paprika\/","title":{"rendered":"Oranger gef\u00e4lschter Pfeffer"},"content":{"rendered":"<p>Wundersch\u00f6ne, naturgetreue Orangenpaprika-F\u00e4lschung.<\/p>\n<p>Die k\u00fcnstliche Paprika hat einen gr\u00fcnen, harten Plastikstiel von 3 cm L\u00e4nge.<\/p>\n<p>Aufgrund der Details und Farb\u00fcberg\u00e4nge sieht diese Paprika wie das Original aus.<\/p>\n<p>Die Oberfl\u00e4che der orangefarbenen Paprikaschote ist leicht gl\u00e4nzend.<\/p>\n<p>Auch in gr\u00fcn, gelb und rot erh\u00e4ltlich.<\/p>\n<p>F\u00fcr mehr k\u00fcnstliches Gem\u00fcse klicken Sie auf<span style=\"color: #008000;\"> <a style=\"color: #008000;\" href=\"https:\/\/decofoodshop.nl\/de\/produktkategorie-2\/kunstliches-gemuse\/\">&#039;hier&#039;<\/a><\/span><\/p>\n<p>&nbsp;<\/p>","protected":false},"excerpt":{"rendered":"<p>Wundersch\u00f6ne, naturgetreue orangefarbene gef\u00e4lschte Paprika. Die k\u00fcnstliche Paprika hat einen gr\u00fcnen, 3 cm langen Stiel aus Hartplastik. Aufgrund der Details und Farb\u00fcberg\u00e4nge sieht diese Paprika wie das Original aus. Die Oberfl\u00e4che des orangefarbenen Kunstpaprika ist leicht gl\u00e4nzend. Auch in den Farben Gr\u00fcn, Gelb und Rot erh\u00e4ltlich. F\u00fcr mehr k\u00fcnstliches Gem\u00fcse klicken Sie \u201ehier\u201c &nbsp;<\/p>","protected":false},"featured_media":1173,"template":"","meta":{"_acf_changed":false,"_genesis_hide_title":false,"_genesis_hide_breadcrumbs":false,"_genesis_hide_singular_image":false,"_genesis_hide_footer_widgets":false,"_genesis_custom_body_class":"","_genesis_custom_post_class":"","_genesis_layout":""},"product_brand":[],"product_cat":[48],"product_tag":[],"class_list":{"0":"post-1075","1":"product","2":"type-product","3":"status-publish","4":"has-post-thumbnail","6":"product_cat-kunstgroenten","7":"entry","8":"wpx-has-gallery","10":"first","11":"instock","12":"taxable","13":"shipping-taxable","14":"purchasable","15":"product-type-simple"},"acf":[],"yoast_head":"<!-- This site is optimized with the Yoast SEO Premium plugin v27.3 (Yoast SEO v27.3) - https:\/\/yoast.com\/product\/yoast-seo-premium-wordpress\/ -->\n<title>Oranje Namaak Paprika verkrijgnaar bij - Decofoodshop<\/title>\n<meta name=\"description\" content=\"Prachtige oranje namaak paprika verkrijgbaar op Decofoodshop. Ook groene, rode en gele namaak paprika&#039;s zijn op onze website te koop.\" \/>\n<meta name=\"robots\" content=\"index, follow, max-snippet:-1, max-image-preview:large, max-video-preview:-1\" \/>\n<link rel=\"canonical\" href=\"https:\/\/decofoodshop.nl\/de\/produkt\/orange-fake-paprika\/\" \/>\n<meta property=\"og:locale\" content=\"de_DE\" \/>\n<meta property=\"og:type\" content=\"article\" \/>\n<meta property=\"og:title\" content=\"Oranje Namaak Paprika\" \/>\n<meta property=\"og:description\" content=\"Prachtige oranje namaak paprika verkrijgbaar op Decofoodshop. Ook groene, rode en gele namaak paprika&#039;s zijn op onze website te koop.\" \/>\n<meta property=\"og:url\" content=\"https:\/\/decofoodshop.nl\/de\/produkt\/orange-fake-paprika\/\" \/>\n<meta property=\"og:site_name\" content=\"Decofoodshop\" \/>\n<meta property=\"article:modified_time\" content=\"2026-03-03T19:58:06+00:00\" \/>\n<meta property=\"og:image\" content=\"https:\/\/decofoodshop.nl\/wp-content\/uploads\/2019\/10\/20191010_145810.jpg\" \/>\n\t<meta property=\"og:image:width\" content=\"963\" \/>\n\t<meta property=\"og:image:height\" content=\"1088\" \/>\n\t<meta property=\"og:image:type\" content=\"image\/jpeg\" \/>\n<meta name=\"twitter:card\" content=\"summary_large_image\" \/>\n<meta name=\"twitter:label1\" content=\"Gesch\u00e4tzte Lesezeit\" \/>\n\t<meta name=\"twitter:data1\" content=\"1\u00a0Minute\" \/>\n<script type=\"application\/ld+json\" class=\"yoast-schema-graph\">{\"@context\":\"https:\\\/\\\/schema.org\",\"@graph\":[{\"@type\":\"WebPage\",\"@id\":\"https:\\\/\\\/decofoodshop.nl\\\/product\\\/oranje-namaak-paprika\\\/\",\"url\":\"https:\\\/\\\/decofoodshop.nl\\\/product\\\/oranje-namaak-paprika\\\/\",\"name\":\"Oranje Namaak Paprika verkrijgnaar bij - Decofoodshop\",\"isPartOf\":{\"@id\":\"https:\\\/\\\/decofoodshop.nl\\\/#website\"},\"primaryImageOfPage\":{\"@id\":\"https:\\\/\\\/decofoodshop.nl\\\/product\\\/oranje-namaak-paprika\\\/#primaryimage\"},\"image\":{\"@id\":\"https:\\\/\\\/decofoodshop.nl\\\/product\\\/oranje-namaak-paprika\\\/#primaryimage\"},\"thumbnailUrl\":\"https:\\\/\\\/decofoodshop.nl\\\/wp-content\\\/uploads\\\/2019\\\/10\\\/20191010_145810.jpg\",\"datePublished\":\"2019-10-09T08:03:36+00:00\",\"dateModified\":\"2026-03-03T19:58:06+00:00\",\"description\":\"Prachtige oranje namaak paprika verkrijgbaar op Decofoodshop. Ook groene, rode en gele namaak paprika's zijn op onze website te koop.\",\"breadcrumb\":{\"@id\":\"https:\\\/\\\/decofoodshop.nl\\\/product\\\/oranje-namaak-paprika\\\/#breadcrumb\"},\"inLanguage\":\"de\",\"potentialAction\":[{\"@type\":\"ReadAction\",\"target\":[\"https:\\\/\\\/decofoodshop.nl\\\/product\\\/oranje-namaak-paprika\\\/\"]}]},{\"@type\":\"ImageObject\",\"inLanguage\":\"de\",\"@id\":\"https:\\\/\\\/decofoodshop.nl\\\/product\\\/oranje-namaak-paprika\\\/#primaryimage\",\"url\":\"https:\\\/\\\/decofoodshop.nl\\\/wp-content\\\/uploads\\\/2019\\\/10\\\/20191010_145810.jpg\",\"contentUrl\":\"https:\\\/\\\/decofoodshop.nl\\\/wp-content\\\/uploads\\\/2019\\\/10\\\/20191010_145810.jpg\",\"width\":963,\"height\":1088},{\"@type\":\"BreadcrumbList\",\"@id\":\"https:\\\/\\\/decofoodshop.nl\\\/product\\\/oranje-namaak-paprika\\\/#breadcrumb\",\"itemListElement\":[{\"@type\":\"ListItem\",\"position\":1,\"name\":\"Home\",\"item\":\"https:\\\/\\\/decofoodshop.nl\\\/\"},{\"@type\":\"ListItem\",\"position\":2,\"name\":\"Winkel\",\"item\":\"https:\\\/\\\/decofoodshop.nl\\\/winkel\\\/\"},{\"@type\":\"ListItem\",\"position\":3,\"name\":\"Oranje Namaak Paprika\"}]},{\"@type\":\"WebSite\",\"@id\":\"https:\\\/\\\/decofoodshop.nl\\\/#website\",\"url\":\"https:\\\/\\\/decofoodshop.nl\\\/\",\"name\":\"Decofoodshop\",\"description\":\"\",\"potentialAction\":[{\"@type\":\"SearchAction\",\"target\":{\"@type\":\"EntryPoint\",\"urlTemplate\":\"https:\\\/\\\/decofoodshop.nl\\\/?s={search_term_string}\"},\"query-input\":{\"@type\":\"PropertyValueSpecification\",\"valueRequired\":true,\"valueName\":\"search_term_string\"}}],\"inLanguage\":\"de\"}]}<\/script>\n<!-- \/ Yoast SEO Premium plugin. -->","yoast_head_json":{"title":"Orange Fake Paprika erh\u00e4ltlich bei - Decofoodshop","description":"Sch\u00f6ne orangefarbene gef\u00e4lschte Paprika, erh\u00e4ltlich bei Decofoodshop. Auf unserer Website k\u00f6nnen Sie auch gr\u00fcne, rote und gelbe gef\u00e4lschte Paprika kaufen.","robots":{"index":"index","follow":"follow","max-snippet":"max-snippet:-1","max-image-preview":"max-image-preview:large","max-video-preview":"max-video-preview:-1"},"canonical":"https:\/\/decofoodshop.nl\/de\/produkt\/orange-fake-paprika\/","og_locale":"de_DE","og_type":"article","og_title":"Oranje Namaak Paprika","og_description":"Prachtige oranje namaak paprika verkrijgbaar op Decofoodshop. Ook groene, rode en gele namaak paprika's zijn op onze website te koop.","og_url":"https:\/\/decofoodshop.nl\/de\/produkt\/orange-fake-paprika\/","og_site_name":"Decofoodshop","article_modified_time":"2026-03-03T19:58:06+00:00","og_image":[{"width":963,"height":1088,"url":"https:\/\/decofoodshop.nl\/wp-content\/uploads\/2019\/10\/20191010_145810.jpg","type":"image\/jpeg"}],"twitter_card":"summary_large_image","twitter_misc":{"Gesch\u00e4tzte Lesezeit":"1\u00a0Minute"},"schema":{"@context":"https:\/\/schema.org","@graph":[{"@type":"WebPage","@id":"https:\/\/decofoodshop.nl\/product\/oranje-namaak-paprika\/","url":"https:\/\/decofoodshop.nl\/product\/oranje-namaak-paprika\/","name":"Orange Fake Paprika erh\u00e4ltlich bei - Decofoodshop","isPartOf":{"@id":"https:\/\/decofoodshop.nl\/#website"},"primaryImageOfPage":{"@id":"https:\/\/decofoodshop.nl\/product\/oranje-namaak-paprika\/#primaryimage"},"image":{"@id":"https:\/\/decofoodshop.nl\/product\/oranje-namaak-paprika\/#primaryimage"},"thumbnailUrl":"https:\/\/decofoodshop.nl\/wp-content\/uploads\/2019\/10\/20191010_145810.jpg","datePublished":"2019-10-09T08:03:36+00:00","dateModified":"2026-03-03T19:58:06+00:00","description":"Sch\u00f6ne orangefarbene gef\u00e4lschte Paprika, erh\u00e4ltlich bei Decofoodshop. Auf unserer Website k\u00f6nnen Sie auch gr\u00fcne, rote und gelbe gef\u00e4lschte Paprika kaufen.","breadcrumb":{"@id":"https:\/\/decofoodshop.nl\/product\/oranje-namaak-paprika\/#breadcrumb"},"inLanguage":"de","potentialAction":[{"@type":"ReadAction","target":["https:\/\/decofoodshop.nl\/product\/oranje-namaak-paprika\/"]}]},{"@type":"ImageObject","inLanguage":"de","@id":"https:\/\/decofoodshop.nl\/product\/oranje-namaak-paprika\/#primaryimage","url":"https:\/\/decofoodshop.nl\/wp-content\/uploads\/2019\/10\/20191010_145810.jpg","contentUrl":"https:\/\/decofoodshop.nl\/wp-content\/uploads\/2019\/10\/20191010_145810.jpg","width":963,"height":1088},{"@type":"BreadcrumbList","@id":"https:\/\/decofoodshop.nl\/product\/oranje-namaak-paprika\/#breadcrumb","itemListElement":[{"@type":"ListItem","position":1,"name":"Home","item":"https:\/\/decofoodshop.nl\/"},{"@type":"ListItem","position":2,"name":"Winkel","item":"https:\/\/decofoodshop.nl\/winkel\/"},{"@type":"ListItem","position":3,"name":"Oranje Namaak Paprika"}]},{"@type":"WebSite","@id":"https:\/\/decofoodshop.nl\/#website","url":"https:\/\/decofoodshop.nl\/","name":"Dekofoodshop","description":"","potentialAction":[{"@type":"SearchAction","target":{"@type":"EntryPoint","urlTemplate":"https:\/\/decofoodshop.nl\/?s={search_term_string}"},"query-input":{"@type":"PropertyValueSpecification","valueRequired":true,"valueName":"search_term_string"}}],"inLanguage":"de"}]}},"_links":{"self":[{"href":"https:\/\/decofoodshop.nl\/de\/wp-json\/wp\/v2\/product\/1075","targetHints":{"allow":["GET"]}}],"collection":[{"href":"https:\/\/decofoodshop.nl\/de\/wp-json\/wp\/v2\/product"}],"about":[{"href":"https:\/\/decofoodshop.nl\/de\/wp-json\/wp\/v2\/types\/product"}],"wp:featuredmedia":[{"embeddable":true,"href":"https:\/\/decofoodshop.nl\/de\/wp-json\/wp\/v2\/media\/1173"}],"wp:attachment":[{"href":"https:\/\/decofoodshop.nl\/de\/wp-json\/wp\/v2\/media?parent=1075"}],"wp:term":[{"taxonomy":"product_brand","embeddable":true,"href":"https:\/\/decofoodshop.nl\/de\/wp-json\/wp\/v2\/product_brand?post=1075"},{"taxonomy":"product_cat","embeddable":true,"href":"https:\/\/decofoodshop.nl\/de\/wp-json\/wp\/v2\/product_cat?post=1075"},{"taxonomy":"product_tag","embeddable":true,"href":"https:\/\/decofoodshop.nl\/de\/wp-json\/wp\/v2\/product_tag?post=1075"}],"curies":[{"name":"wp","href":"https:\/\/api.w.org\/{rel}","templated":true}]}}