{"id":1089,"date":"2019-10-09T08:52:19","date_gmt":"2019-10-09T08:52:19","guid":{"rendered":"https:\/\/decofoodshop.nl\/?post_type=product&#038;p=1089"},"modified":"2026-04-07T16:09:57","modified_gmt":"2026-04-07T14:09:57","slug":"gelber-falscher-pfeffer","status":"publish","type":"product","link":"https:\/\/decofoodshop.nl\/de\/product\/gele-namaak-paprika\/","title":{"rendered":"Gelbe gef\u00e4lschte Paprika"},"content":{"rendered":"<p>Sch\u00f6ne gelbe falsche Paprika mit gr\u00fcnem Stiel.<\/p>\n<p>Die Details lassen die k\u00fcnstliche Paprika nat\u00fcrlich aussehen.<\/p>\n<p>Die Farbe ist genau die gleiche wie eine echte gelbe Paprika.<\/p>\n<p>Die Ma\u00dfe entsprechen zudem einer echten Paprika, wodurch sie sich ideal zur Dekoration eignet.<\/p>\n<p>Klicken Sie hier f\u00fcr k\u00fcnstliche Gem\u00fcseverpackungen<span style=\"color: #008000;\"> <strong><a style=\"color: #008000;\" href=\"https:\/\/decofoodshop.nl\/de\/produktkategorie-2\/pakete\/\">hier<\/a><\/strong><\/span><\/p>\n<p>&nbsp;<\/p>","protected":false},"excerpt":{"rendered":"<p>Wundersch\u00f6ne gelbe k\u00fcnstliche Paprika mit gr\u00fcnem Stiel. Die Details lassen die k\u00fcnstliche Paprika nat\u00fcrlich aussehen. Die Farbe entspricht genau der einer echten gelben Paprika. Auch die Ma\u00dfe entsprechen einer echten Paprika und eignen sich daher hervorragend zur Dekoration. F\u00fcr k\u00fcnstliche Gem\u00fcseverpackungen klicken Sie hier &nbsp;<\/p>","protected":false},"featured_media":1170,"template":"","meta":{"_acf_changed":false,"_genesis_hide_title":false,"_genesis_hide_breadcrumbs":false,"_genesis_hide_singular_image":false,"_genesis_hide_footer_widgets":false,"_genesis_custom_body_class":"","_genesis_custom_post_class":"","_genesis_layout":""},"product_brand":[],"product_cat":[48],"product_tag":[],"class_list":{"0":"post-1089","1":"product","2":"type-product","3":"status-publish","4":"has-post-thumbnail","6":"product_cat-kunstgroenten","7":"entry","8":"wpx-has-gallery","10":"first","11":"instock","12":"taxable","13":"shipping-taxable","14":"purchasable","15":"product-type-simple"},"acf":[],"yoast_head":"<!-- This site is optimized with the Yoast SEO Premium plugin v27.3 (Yoast SEO v27.4) - https:\/\/yoast.com\/product\/yoast-seo-premium-wordpress\/ -->\n<title>Gele Namaak Paprika verkrijgbaar bij - Decofoodshop<\/title>\n<meta name=\"description\" content=\"Voor deze mooie gele namaak paprika en andere soorten kunst groenten en ook kunstgroenten pakketten kunt u terecht bij Decofoodshop.\" \/>\n<meta name=\"robots\" content=\"index, follow, max-snippet:-1, max-image-preview:large, max-video-preview:-1\" \/>\n<link rel=\"canonical\" href=\"https:\/\/decofoodshop.nl\/de\/produkt\/gelber-falscher-pfeffer\/\" \/>\n<meta property=\"og:locale\" content=\"de_DE\" \/>\n<meta property=\"og:type\" content=\"article\" \/>\n<meta property=\"og:title\" content=\"Gele Namaak Paprika\" \/>\n<meta property=\"og:description\" content=\"Voor deze mooie gele namaak paprika en andere soorten kunst groenten en ook kunstgroenten pakketten kunt u terecht bij Decofoodshop.\" \/>\n<meta property=\"og:url\" content=\"https:\/\/decofoodshop.nl\/de\/produkt\/gelber-falscher-pfeffer\/\" \/>\n<meta property=\"og:site_name\" content=\"Decofoodshop\" \/>\n<meta property=\"article:modified_time\" content=\"2026-04-07T14:09:57+00:00\" \/>\n<meta property=\"og:image\" content=\"https:\/\/decofoodshop.nl\/wp-content\/uploads\/2019\/10\/20191010_145810-kopie.jpg\" \/>\n\t<meta property=\"og:image:width\" content=\"919\" \/>\n\t<meta property=\"og:image:height\" content=\"1365\" \/>\n\t<meta property=\"og:image:type\" content=\"image\/jpeg\" \/>\n<meta name=\"twitter:card\" content=\"summary_large_image\" \/>\n<meta name=\"twitter:label1\" content=\"Gesch\u00e4tzte Lesezeit\" \/>\n\t<meta name=\"twitter:data1\" content=\"1\u00a0Minute\" \/>\n<script type=\"application\/ld+json\" class=\"yoast-schema-graph\">{\"@context\":\"https:\\\/\\\/schema.org\",\"@graph\":[{\"@type\":\"WebPage\",\"@id\":\"https:\\\/\\\/decofoodshop.nl\\\/product\\\/gele-namaak-paprika\\\/\",\"url\":\"https:\\\/\\\/decofoodshop.nl\\\/product\\\/gele-namaak-paprika\\\/\",\"name\":\"Gele Namaak Paprika verkrijgbaar bij - Decofoodshop\",\"isPartOf\":{\"@id\":\"https:\\\/\\\/decofoodshop.nl\\\/#website\"},\"primaryImageOfPage\":{\"@id\":\"https:\\\/\\\/decofoodshop.nl\\\/product\\\/gele-namaak-paprika\\\/#primaryimage\"},\"image\":{\"@id\":\"https:\\\/\\\/decofoodshop.nl\\\/product\\\/gele-namaak-paprika\\\/#primaryimage\"},\"thumbnailUrl\":\"https:\\\/\\\/decofoodshop.nl\\\/wp-content\\\/uploads\\\/2019\\\/10\\\/20191010_145810-kopie.jpg\",\"datePublished\":\"2019-10-09T08:52:19+00:00\",\"dateModified\":\"2026-04-07T14:09:57+00:00\",\"description\":\"Voor deze mooie gele namaak paprika en andere soorten kunst groenten en ook kunstgroenten pakketten kunt u terecht bij Decofoodshop.\",\"breadcrumb\":{\"@id\":\"https:\\\/\\\/decofoodshop.nl\\\/product\\\/gele-namaak-paprika\\\/#breadcrumb\"},\"inLanguage\":\"de\",\"potentialAction\":[{\"@type\":\"ReadAction\",\"target\":[\"https:\\\/\\\/decofoodshop.nl\\\/product\\\/gele-namaak-paprika\\\/\"]}]},{\"@type\":\"ImageObject\",\"inLanguage\":\"de\",\"@id\":\"https:\\\/\\\/decofoodshop.nl\\\/product\\\/gele-namaak-paprika\\\/#primaryimage\",\"url\":\"https:\\\/\\\/decofoodshop.nl\\\/wp-content\\\/uploads\\\/2019\\\/10\\\/20191010_145810-kopie.jpg\",\"contentUrl\":\"https:\\\/\\\/decofoodshop.nl\\\/wp-content\\\/uploads\\\/2019\\\/10\\\/20191010_145810-kopie.jpg\",\"width\":919,\"height\":1365,\"caption\":\"20191010_145810 - kopie\"},{\"@type\":\"BreadcrumbList\",\"@id\":\"https:\\\/\\\/decofoodshop.nl\\\/product\\\/gele-namaak-paprika\\\/#breadcrumb\",\"itemListElement\":[{\"@type\":\"ListItem\",\"position\":1,\"name\":\"Home\",\"item\":\"https:\\\/\\\/decofoodshop.nl\\\/\"},{\"@type\":\"ListItem\",\"position\":2,\"name\":\"Winkel\",\"item\":\"https:\\\/\\\/decofoodshop.nl\\\/winkel\\\/\"},{\"@type\":\"ListItem\",\"position\":3,\"name\":\"Gele Namaak Paprika\"}]},{\"@type\":\"WebSite\",\"@id\":\"https:\\\/\\\/decofoodshop.nl\\\/#website\",\"url\":\"https:\\\/\\\/decofoodshop.nl\\\/\",\"name\":\"Decofoodshop\",\"description\":\"\",\"potentialAction\":[{\"@type\":\"SearchAction\",\"target\":{\"@type\":\"EntryPoint\",\"urlTemplate\":\"https:\\\/\\\/decofoodshop.nl\\\/?s={search_term_string}\"},\"query-input\":{\"@type\":\"PropertyValueSpecification\",\"valueRequired\":true,\"valueName\":\"search_term_string\"}}],\"inLanguage\":\"de\"}]}<\/script>\n<!-- \/ Yoast SEO Premium plugin. -->","yoast_head_json":{"title":"Gelber Fake-Paprika erh\u00e4ltlich bei - Decofoodshop","description":"F\u00fcr diese sch\u00f6ne gelbe gef\u00e4lschte Paprika und andere Arten von k\u00fcnstlichem Gem\u00fcse und auch k\u00fcnstliche Gem\u00fcseverpackungen k\u00f6nnen Sie zu Decofoodshop gehen.","robots":{"index":"index","follow":"follow","max-snippet":"max-snippet:-1","max-image-preview":"max-image-preview:large","max-video-preview":"max-video-preview:-1"},"canonical":"https:\/\/decofoodshop.nl\/de\/produkt\/gelber-falscher-pfeffer\/","og_locale":"de_DE","og_type":"article","og_title":"Gele Namaak Paprika","og_description":"Voor deze mooie gele namaak paprika en andere soorten kunst groenten en ook kunstgroenten pakketten kunt u terecht bij Decofoodshop.","og_url":"https:\/\/decofoodshop.nl\/de\/produkt\/gelber-falscher-pfeffer\/","og_site_name":"Decofoodshop","article_modified_time":"2026-04-07T14:09:57+00:00","og_image":[{"width":919,"height":1365,"url":"https:\/\/decofoodshop.nl\/wp-content\/uploads\/2019\/10\/20191010_145810-kopie.jpg","type":"image\/jpeg"}],"twitter_card":"summary_large_image","twitter_misc":{"Gesch\u00e4tzte Lesezeit":"1\u00a0Minute"},"schema":{"@context":"https:\/\/schema.org","@graph":[{"@type":"WebPage","@id":"https:\/\/decofoodshop.nl\/product\/gele-namaak-paprika\/","url":"https:\/\/decofoodshop.nl\/product\/gele-namaak-paprika\/","name":"Gelber Fake-Paprika erh\u00e4ltlich bei - Decofoodshop","isPartOf":{"@id":"https:\/\/decofoodshop.nl\/#website"},"primaryImageOfPage":{"@id":"https:\/\/decofoodshop.nl\/product\/gele-namaak-paprika\/#primaryimage"},"image":{"@id":"https:\/\/decofoodshop.nl\/product\/gele-namaak-paprika\/#primaryimage"},"thumbnailUrl":"https:\/\/decofoodshop.nl\/wp-content\/uploads\/2019\/10\/20191010_145810-kopie.jpg","datePublished":"2019-10-09T08:52:19+00:00","dateModified":"2026-04-07T14:09:57+00:00","description":"F\u00fcr diese sch\u00f6ne gelbe gef\u00e4lschte Paprika und andere Arten von k\u00fcnstlichem Gem\u00fcse und auch k\u00fcnstliche Gem\u00fcseverpackungen k\u00f6nnen Sie zu Decofoodshop gehen.","breadcrumb":{"@id":"https:\/\/decofoodshop.nl\/product\/gele-namaak-paprika\/#breadcrumb"},"inLanguage":"de","potentialAction":[{"@type":"ReadAction","target":["https:\/\/decofoodshop.nl\/product\/gele-namaak-paprika\/"]}]},{"@type":"ImageObject","inLanguage":"de","@id":"https:\/\/decofoodshop.nl\/product\/gele-namaak-paprika\/#primaryimage","url":"https:\/\/decofoodshop.nl\/wp-content\/uploads\/2019\/10\/20191010_145810-kopie.jpg","contentUrl":"https:\/\/decofoodshop.nl\/wp-content\/uploads\/2019\/10\/20191010_145810-kopie.jpg","width":919,"height":1365,"caption":"20191010_145810 - kopie"},{"@type":"BreadcrumbList","@id":"https:\/\/decofoodshop.nl\/product\/gele-namaak-paprika\/#breadcrumb","itemListElement":[{"@type":"ListItem","position":1,"name":"Home","item":"https:\/\/decofoodshop.nl\/"},{"@type":"ListItem","position":2,"name":"Winkel","item":"https:\/\/decofoodshop.nl\/winkel\/"},{"@type":"ListItem","position":3,"name":"Gele Namaak Paprika"}]},{"@type":"WebSite","@id":"https:\/\/decofoodshop.nl\/#website","url":"https:\/\/decofoodshop.nl\/","name":"Dekofoodshop","description":"","potentialAction":[{"@type":"SearchAction","target":{"@type":"EntryPoint","urlTemplate":"https:\/\/decofoodshop.nl\/?s={search_term_string}"},"query-input":{"@type":"PropertyValueSpecification","valueRequired":true,"valueName":"search_term_string"}}],"inLanguage":"de"}]}},"_links":{"self":[{"href":"https:\/\/decofoodshop.nl\/de\/wp-json\/wp\/v2\/product\/1089","targetHints":{"allow":["GET"]}}],"collection":[{"href":"https:\/\/decofoodshop.nl\/de\/wp-json\/wp\/v2\/product"}],"about":[{"href":"https:\/\/decofoodshop.nl\/de\/wp-json\/wp\/v2\/types\/product"}],"wp:featuredmedia":[{"embeddable":true,"href":"https:\/\/decofoodshop.nl\/de\/wp-json\/wp\/v2\/media\/1170"}],"wp:attachment":[{"href":"https:\/\/decofoodshop.nl\/de\/wp-json\/wp\/v2\/media?parent=1089"}],"wp:term":[{"taxonomy":"product_brand","embeddable":true,"href":"https:\/\/decofoodshop.nl\/de\/wp-json\/wp\/v2\/product_brand?post=1089"},{"taxonomy":"product_cat","embeddable":true,"href":"https:\/\/decofoodshop.nl\/de\/wp-json\/wp\/v2\/product_cat?post=1089"},{"taxonomy":"product_tag","embeddable":true,"href":"https:\/\/decofoodshop.nl\/de\/wp-json\/wp\/v2\/product_tag?post=1089"}],"curies":[{"name":"wp","href":"https:\/\/api.w.org\/{rel}","templated":true}]}}