{"id":1096,"date":"2019-10-09T09:41:33","date_gmt":"2019-10-09T07:41:33","guid":{"rendered":"https:\/\/decofoodshop.nl\/?post_type=product&#038;p=1096"},"modified":"2026-03-27T13:25:37","modified_gmt":"2026-03-27T12:25:37","slug":"gruner-gefalschter-pfeffer","status":"publish","type":"product","link":"https:\/\/decofoodshop.nl\/de\/product\/groene-namaak-paprika\/","title":{"rendered":"Gr\u00fcner gef\u00e4lschter Pfeffer"},"content":{"rendered":"<p>Der Farb\u00fcbergang dieses wundersch\u00f6nen gr\u00fcnen Pfefferimitats erzeugt ein unglaublich echtes Aussehen.<\/p>\n<p>Ausgestattet mit einem gr\u00fcnen Stiel aus Hartplastik.<\/p>\n<p>Es ist robust und liegt gut in der Hand.<\/p>\n<p>Der Kunstpfeffer hat lebensechte Details.<\/p>\n<p>F\u00fcr mehr k\u00fcnstliches Gem\u00fcse klicken Sie auf<span style=\"color: #008000;\"> <strong><a style=\"color: #008000;\" href=\"https:\/\/decofoodshop.nl\/de\/produktkategorie-2\/kunstliches-gemuse\/\">Hier.<\/a><\/strong><\/span><\/p>\n<p>&nbsp;<\/p>","protected":false},"excerpt":{"rendered":"<p>Der Farb\u00fcbergang dieses wundersch\u00f6nen gr\u00fcnen Pfefferimitats erzeugt ein unglaublich echtes Aussehen. Ausgestattet mit einem gr\u00fcnen Stiel aus Hartplastik. Es ist robust und liegt gut in der Hand. Der Kunstpfeffer hat lebensechte Details. F\u00fcr mehr k\u00fcnstliches Gem\u00fcse klicken Sie hier. &nbsp;<\/p>","protected":false},"featured_media":1188,"template":"","meta":{"_acf_changed":false,"_genesis_hide_title":false,"_genesis_hide_breadcrumbs":false,"_genesis_hide_singular_image":false,"_genesis_hide_footer_widgets":false,"_genesis_custom_body_class":"","_genesis_custom_post_class":"","_genesis_layout":""},"product_brand":[],"product_cat":[48],"product_tag":[],"class_list":{"0":"post-1096","1":"product","2":"type-product","3":"status-publish","4":"has-post-thumbnail","6":"product_cat-kunstgroenten","7":"entry","8":"wpx-has-gallery","10":"first","11":"instock","12":"taxable","13":"shipping-taxable","14":"purchasable","15":"product-type-simple"},"acf":[],"yoast_head":"<!-- This site is optimized with the Yoast SEO Premium plugin v27.3 (Yoast SEO v27.4) - https:\/\/yoast.com\/product\/yoast-seo-premium-wordpress\/ -->\n<title>Groene Namaak Paprika en andere kunstgroenten bij- Decofoodshop<\/title>\n<meta name=\"description\" content=\"Prachtige groene namaak paprika! Ook gele rode en oranje kunst paprika&#039;s en nog veel meer soorten nep groente bij Decofoodshop.\" \/>\n<meta name=\"robots\" content=\"index, follow, max-snippet:-1, max-image-preview:large, max-video-preview:-1\" \/>\n<link rel=\"canonical\" href=\"https:\/\/decofoodshop.nl\/de\/produkt\/gruner-gefalschter-pfeffer\/\" \/>\n<meta property=\"og:locale\" content=\"de_DE\" \/>\n<meta property=\"og:type\" content=\"article\" \/>\n<meta property=\"og:title\" content=\"Groene Namaak Paprika\" \/>\n<meta property=\"og:description\" content=\"Prachtige groene namaak paprika! Ook gele rode en oranje kunst paprika&#039;s en nog veel meer soorten nep groente bij Decofoodshop.\" \/>\n<meta property=\"og:url\" content=\"https:\/\/decofoodshop.nl\/de\/produkt\/gruner-gefalschter-pfeffer\/\" \/>\n<meta property=\"og:site_name\" content=\"Decofoodshop\" \/>\n<meta property=\"article:modified_time\" content=\"2026-03-27T12:25:37+00:00\" \/>\n<meta property=\"og:image\" content=\"https:\/\/decofoodshop.nl\/wp-content\/uploads\/2019\/10\/Groene-Namaak-Paprika-10cm-4.jpg\" \/>\n\t<meta property=\"og:image:width\" content=\"884\" \/>\n\t<meta property=\"og:image:height\" content=\"986\" \/>\n\t<meta property=\"og:image:type\" content=\"image\/jpeg\" \/>\n<meta name=\"twitter:card\" content=\"summary_large_image\" \/>\n<meta name=\"twitter:label1\" content=\"Gesch\u00e4tzte Lesezeit\" \/>\n\t<meta name=\"twitter:data1\" content=\"1\u00a0Minute\" \/>\n<script type=\"application\/ld+json\" class=\"yoast-schema-graph\">{\"@context\":\"https:\\\/\\\/schema.org\",\"@graph\":[{\"@type\":\"WebPage\",\"@id\":\"https:\\\/\\\/decofoodshop.nl\\\/product\\\/groene-namaak-paprika\\\/\",\"url\":\"https:\\\/\\\/decofoodshop.nl\\\/product\\\/groene-namaak-paprika\\\/\",\"name\":\"Groene Namaak Paprika en andere kunstgroenten bij- Decofoodshop\",\"isPartOf\":{\"@id\":\"https:\\\/\\\/decofoodshop.nl\\\/#website\"},\"primaryImageOfPage\":{\"@id\":\"https:\\\/\\\/decofoodshop.nl\\\/product\\\/groene-namaak-paprika\\\/#primaryimage\"},\"image\":{\"@id\":\"https:\\\/\\\/decofoodshop.nl\\\/product\\\/groene-namaak-paprika\\\/#primaryimage\"},\"thumbnailUrl\":\"https:\\\/\\\/decofoodshop.nl\\\/wp-content\\\/uploads\\\/2019\\\/10\\\/Groene-Namaak-Paprika-10cm-4.jpg\",\"datePublished\":\"2019-10-09T07:41:33+00:00\",\"dateModified\":\"2026-03-27T12:25:37+00:00\",\"description\":\"Prachtige groene namaak paprika! Ook gele rode en oranje kunst paprika's en nog veel meer soorten nep groente bij Decofoodshop.\",\"breadcrumb\":{\"@id\":\"https:\\\/\\\/decofoodshop.nl\\\/product\\\/groene-namaak-paprika\\\/#breadcrumb\"},\"inLanguage\":\"de\",\"potentialAction\":[{\"@type\":\"ReadAction\",\"target\":[\"https:\\\/\\\/decofoodshop.nl\\\/product\\\/groene-namaak-paprika\\\/\"]}]},{\"@type\":\"ImageObject\",\"inLanguage\":\"de\",\"@id\":\"https:\\\/\\\/decofoodshop.nl\\\/product\\\/groene-namaak-paprika\\\/#primaryimage\",\"url\":\"https:\\\/\\\/decofoodshop.nl\\\/wp-content\\\/uploads\\\/2019\\\/10\\\/Groene-Namaak-Paprika-10cm-4.jpg\",\"contentUrl\":\"https:\\\/\\\/decofoodshop.nl\\\/wp-content\\\/uploads\\\/2019\\\/10\\\/Groene-Namaak-Paprika-10cm-4.jpg\",\"width\":884,\"height\":986,\"caption\":\"Groene Namaak Paprika 10cm\"},{\"@type\":\"BreadcrumbList\",\"@id\":\"https:\\\/\\\/decofoodshop.nl\\\/product\\\/groene-namaak-paprika\\\/#breadcrumb\",\"itemListElement\":[{\"@type\":\"ListItem\",\"position\":1,\"name\":\"Home\",\"item\":\"https:\\\/\\\/decofoodshop.nl\\\/\"},{\"@type\":\"ListItem\",\"position\":2,\"name\":\"Winkel\",\"item\":\"https:\\\/\\\/decofoodshop.nl\\\/winkel\\\/\"},{\"@type\":\"ListItem\",\"position\":3,\"name\":\"Groene Namaak Paprika\"}]},{\"@type\":\"WebSite\",\"@id\":\"https:\\\/\\\/decofoodshop.nl\\\/#website\",\"url\":\"https:\\\/\\\/decofoodshop.nl\\\/\",\"name\":\"Decofoodshop\",\"description\":\"\",\"potentialAction\":[{\"@type\":\"SearchAction\",\"target\":{\"@type\":\"EntryPoint\",\"urlTemplate\":\"https:\\\/\\\/decofoodshop.nl\\\/?s={search_term_string}\"},\"query-input\":{\"@type\":\"PropertyValueSpecification\",\"valueRequired\":true,\"valueName\":\"search_term_string\"}}],\"inLanguage\":\"de\"}]}<\/script>\n<!-- \/ Yoast SEO Premium plugin. -->","yoast_head_json":{"title":"Green Fake Paprika und anderes Kunstgem\u00fcse bei Decofoodshop","description":"Sch\u00f6ne gr\u00fcne falsche Paprika! Auch gelbe, rote und orangefarbene k\u00fcnstliche Paprika und viele weitere k\u00fcnstliche Gem\u00fcsesorten bei Decofoodshop.","robots":{"index":"index","follow":"follow","max-snippet":"max-snippet:-1","max-image-preview":"max-image-preview:large","max-video-preview":"max-video-preview:-1"},"canonical":"https:\/\/decofoodshop.nl\/de\/produkt\/gruner-gefalschter-pfeffer\/","og_locale":"de_DE","og_type":"article","og_title":"Groene Namaak Paprika","og_description":"Prachtige groene namaak paprika! Ook gele rode en oranje kunst paprika's en nog veel meer soorten nep groente bij Decofoodshop.","og_url":"https:\/\/decofoodshop.nl\/de\/produkt\/gruner-gefalschter-pfeffer\/","og_site_name":"Decofoodshop","article_modified_time":"2026-03-27T12:25:37+00:00","og_image":[{"width":884,"height":986,"url":"https:\/\/decofoodshop.nl\/wp-content\/uploads\/2019\/10\/Groene-Namaak-Paprika-10cm-4.jpg","type":"image\/jpeg"}],"twitter_card":"summary_large_image","twitter_misc":{"Gesch\u00e4tzte Lesezeit":"1\u00a0Minute"},"schema":{"@context":"https:\/\/schema.org","@graph":[{"@type":"WebPage","@id":"https:\/\/decofoodshop.nl\/product\/groene-namaak-paprika\/","url":"https:\/\/decofoodshop.nl\/product\/groene-namaak-paprika\/","name":"Green Fake Paprika und anderes Kunstgem\u00fcse bei Decofoodshop","isPartOf":{"@id":"https:\/\/decofoodshop.nl\/#website"},"primaryImageOfPage":{"@id":"https:\/\/decofoodshop.nl\/product\/groene-namaak-paprika\/#primaryimage"},"image":{"@id":"https:\/\/decofoodshop.nl\/product\/groene-namaak-paprika\/#primaryimage"},"thumbnailUrl":"https:\/\/decofoodshop.nl\/wp-content\/uploads\/2019\/10\/Groene-Namaak-Paprika-10cm-4.jpg","datePublished":"2019-10-09T07:41:33+00:00","dateModified":"2026-03-27T12:25:37+00:00","description":"Sch\u00f6ne gr\u00fcne falsche Paprika! Auch gelbe, rote und orangefarbene k\u00fcnstliche Paprika und viele weitere k\u00fcnstliche Gem\u00fcsesorten bei Decofoodshop.","breadcrumb":{"@id":"https:\/\/decofoodshop.nl\/product\/groene-namaak-paprika\/#breadcrumb"},"inLanguage":"de","potentialAction":[{"@type":"ReadAction","target":["https:\/\/decofoodshop.nl\/product\/groene-namaak-paprika\/"]}]},{"@type":"ImageObject","inLanguage":"de","@id":"https:\/\/decofoodshop.nl\/product\/groene-namaak-paprika\/#primaryimage","url":"https:\/\/decofoodshop.nl\/wp-content\/uploads\/2019\/10\/Groene-Namaak-Paprika-10cm-4.jpg","contentUrl":"https:\/\/decofoodshop.nl\/wp-content\/uploads\/2019\/10\/Groene-Namaak-Paprika-10cm-4.jpg","width":884,"height":986,"caption":"Groene Namaak Paprika 10cm"},{"@type":"BreadcrumbList","@id":"https:\/\/decofoodshop.nl\/product\/groene-namaak-paprika\/#breadcrumb","itemListElement":[{"@type":"ListItem","position":1,"name":"Home","item":"https:\/\/decofoodshop.nl\/"},{"@type":"ListItem","position":2,"name":"Winkel","item":"https:\/\/decofoodshop.nl\/winkel\/"},{"@type":"ListItem","position":3,"name":"Groene Namaak Paprika"}]},{"@type":"WebSite","@id":"https:\/\/decofoodshop.nl\/#website","url":"https:\/\/decofoodshop.nl\/","name":"Dekofoodshop","description":"","potentialAction":[{"@type":"SearchAction","target":{"@type":"EntryPoint","urlTemplate":"https:\/\/decofoodshop.nl\/?s={search_term_string}"},"query-input":{"@type":"PropertyValueSpecification","valueRequired":true,"valueName":"search_term_string"}}],"inLanguage":"de"}]}},"_links":{"self":[{"href":"https:\/\/decofoodshop.nl\/de\/wp-json\/wp\/v2\/product\/1096","targetHints":{"allow":["GET"]}}],"collection":[{"href":"https:\/\/decofoodshop.nl\/de\/wp-json\/wp\/v2\/product"}],"about":[{"href":"https:\/\/decofoodshop.nl\/de\/wp-json\/wp\/v2\/types\/product"}],"wp:featuredmedia":[{"embeddable":true,"href":"https:\/\/decofoodshop.nl\/de\/wp-json\/wp\/v2\/media\/1188"}],"wp:attachment":[{"href":"https:\/\/decofoodshop.nl\/de\/wp-json\/wp\/v2\/media?parent=1096"}],"wp:term":[{"taxonomy":"product_brand","embeddable":true,"href":"https:\/\/decofoodshop.nl\/de\/wp-json\/wp\/v2\/product_brand?post=1096"},{"taxonomy":"product_cat","embeddable":true,"href":"https:\/\/decofoodshop.nl\/de\/wp-json\/wp\/v2\/product_cat?post=1096"},{"taxonomy":"product_tag","embeddable":true,"href":"https:\/\/decofoodshop.nl\/de\/wp-json\/wp\/v2\/product_tag?post=1096"}],"curies":[{"name":"wp","href":"https:\/\/api.w.org\/{rel}","templated":true}]}}