{"id":1106,"date":"2019-10-09T10:02:07","date_gmt":"2019-10-09T08:02:07","guid":{"rendered":"https:\/\/decofoodshop.nl\/?post_type=product&#038;p=1106"},"modified":"2026-03-27T13:25:37","modified_gmt":"2026-03-27T12:25:37","slug":"roter-gefalschter-pfeffer","status":"publish","type":"product","link":"https:\/\/decofoodshop.nl\/de\/product\/rode-namaak-paprika\/","title":{"rendered":"Roter gef\u00e4lschter Pfeffer"},"content":{"rendered":"<p><span style=\"color: #000000;\">Wundersch\u00f6n sch\u00f6ner roter gef\u00e4lschter Paprika. <\/span><\/p>\n<p><span style=\"color: #000000;\">Ausgestattet mit einem gr\u00fcnen Kunststoffstiel.<\/span><\/p>\n<p>Leicht gl\u00e4nzend mit einigen Unvollkommenheiten, um es so realistisch wie m\u00f6glich zu machen.<\/p>\n<p>Auch die Farbe tr\u00e4gt zu einem echten Look bei.<\/p>\n<p>Der rote Zierpaprika ist vom echten nicht zu unterscheiden!<\/p>\n<p>Sie k\u00f6nnen uns auch f\u00fcr Gem\u00fcsepakete kontaktieren, klicken Sie<strong><span style=\"color: #008000;\"> <a style=\"color: #008000;\" href=\"https:\/\/decofoodshop.nl\/de\/produktkategorie-2\/pakete\/\">&#039;hier&#039;<\/a>.<\/span><\/strong><\/p>\n<p>&nbsp;<\/p>\n<p>&nbsp;<\/p>\n<p>&nbsp;<\/p>","protected":false},"excerpt":{"rendered":"<p>Wundersch\u00f6n sch\u00f6ner roter Kunstpfeffer. Ausgestattet mit einem gr\u00fcnen Kunststoffstiel. Leicht gl\u00e4nzend mit einigen Unvollkommenheiten, um es so realistisch wie m\u00f6glich zu machen. Auch die Farbe tr\u00e4gt zu einem echten Erscheinungsbild bei. Der rote Zierpaprika ist vom Echten nicht zu unterscheiden! Sie k\u00f6nnen uns auch f\u00fcr Gem\u00fcsepakete kontaktieren, klicken Sie \u201ehier\u201c. &nbsp; &nbsp; &nbsp;<\/p>","protected":false},"featured_media":1194,"template":"","meta":{"_acf_changed":false,"_genesis_hide_title":false,"_genesis_hide_breadcrumbs":false,"_genesis_hide_singular_image":false,"_genesis_hide_footer_widgets":false,"_genesis_custom_body_class":"","_genesis_custom_post_class":"","_genesis_layout":""},"product_brand":[],"product_cat":[48],"product_tag":[],"class_list":{"0":"post-1106","1":"product","2":"type-product","3":"status-publish","4":"has-post-thumbnail","6":"product_cat-kunstgroenten","7":"entry","8":"wpx-has-gallery","10":"first","11":"instock","12":"taxable","13":"shipping-taxable","14":"purchasable","15":"product-type-simple"},"acf":[],"yoast_head":"<!-- This site is optimized with the Yoast SEO Premium plugin v27.3 (Yoast SEO v27.3) - https:\/\/yoast.com\/product\/yoast-seo-premium-wordpress\/ -->\n<title>Rode Namaak Paprika en ook andere groenten bij - Decofoodshop<\/title>\n<meta name=\"description\" content=\"Voor deze prachtige rode namaak paprika en voor nog veel meer kunstgroenten en fruit kunt u terecht op onze veelzeidige webshop: Decofoodshop.\" \/>\n<meta name=\"robots\" content=\"index, follow, max-snippet:-1, max-image-preview:large, max-video-preview:-1\" \/>\n<link rel=\"canonical\" href=\"https:\/\/decofoodshop.nl\/de\/produkt\/roter-gefalschter-pfeffer\/\" \/>\n<meta property=\"og:locale\" content=\"de_DE\" \/>\n<meta property=\"og:type\" content=\"article\" \/>\n<meta property=\"og:title\" content=\"Rode Namaak Paprika\" \/>\n<meta property=\"og:description\" content=\"Voor deze prachtige rode namaak paprika en voor nog veel meer kunstgroenten en fruit kunt u terecht op onze veelzeidige webshop: Decofoodshop.\" \/>\n<meta property=\"og:url\" content=\"https:\/\/decofoodshop.nl\/de\/produkt\/roter-gefalschter-pfeffer\/\" \/>\n<meta property=\"og:site_name\" content=\"Decofoodshop\" \/>\n<meta property=\"article:modified_time\" content=\"2026-03-27T12:25:37+00:00\" \/>\n<meta property=\"og:image\" content=\"https:\/\/decofoodshop.nl\/wp-content\/uploads\/2019\/10\/Rode-Namaak-Paprika-10cm-3.jpg\" \/>\n\t<meta property=\"og:image:width\" content=\"932\" \/>\n\t<meta property=\"og:image:height\" content=\"936\" \/>\n\t<meta property=\"og:image:type\" content=\"image\/jpeg\" \/>\n<meta name=\"twitter:card\" content=\"summary_large_image\" \/>\n<meta name=\"twitter:label1\" content=\"Gesch\u00e4tzte Lesezeit\" \/>\n\t<meta name=\"twitter:data1\" content=\"1\u00a0Minute\" \/>\n<script type=\"application\/ld+json\" class=\"yoast-schema-graph\">{\"@context\":\"https:\\\/\\\/schema.org\",\"@graph\":[{\"@type\":\"WebPage\",\"@id\":\"https:\\\/\\\/decofoodshop.nl\\\/product\\\/rode-namaak-paprika\\\/\",\"url\":\"https:\\\/\\\/decofoodshop.nl\\\/product\\\/rode-namaak-paprika\\\/\",\"name\":\"Rode Namaak Paprika en ook andere groenten bij - Decofoodshop\",\"isPartOf\":{\"@id\":\"https:\\\/\\\/decofoodshop.nl\\\/#website\"},\"primaryImageOfPage\":{\"@id\":\"https:\\\/\\\/decofoodshop.nl\\\/product\\\/rode-namaak-paprika\\\/#primaryimage\"},\"image\":{\"@id\":\"https:\\\/\\\/decofoodshop.nl\\\/product\\\/rode-namaak-paprika\\\/#primaryimage\"},\"thumbnailUrl\":\"https:\\\/\\\/decofoodshop.nl\\\/wp-content\\\/uploads\\\/2019\\\/10\\\/Rode-Namaak-Paprika-10cm-3.jpg\",\"datePublished\":\"2019-10-09T08:02:07+00:00\",\"dateModified\":\"2026-03-27T12:25:37+00:00\",\"description\":\"Voor deze prachtige rode namaak paprika en voor nog veel meer kunstgroenten en fruit kunt u terecht op onze veelzeidige webshop: Decofoodshop.\",\"breadcrumb\":{\"@id\":\"https:\\\/\\\/decofoodshop.nl\\\/product\\\/rode-namaak-paprika\\\/#breadcrumb\"},\"inLanguage\":\"de\",\"potentialAction\":[{\"@type\":\"ReadAction\",\"target\":[\"https:\\\/\\\/decofoodshop.nl\\\/product\\\/rode-namaak-paprika\\\/\"]}]},{\"@type\":\"ImageObject\",\"inLanguage\":\"de\",\"@id\":\"https:\\\/\\\/decofoodshop.nl\\\/product\\\/rode-namaak-paprika\\\/#primaryimage\",\"url\":\"https:\\\/\\\/decofoodshop.nl\\\/wp-content\\\/uploads\\\/2019\\\/10\\\/Rode-Namaak-Paprika-10cm-3.jpg\",\"contentUrl\":\"https:\\\/\\\/decofoodshop.nl\\\/wp-content\\\/uploads\\\/2019\\\/10\\\/Rode-Namaak-Paprika-10cm-3.jpg\",\"width\":932,\"height\":936,\"caption\":\"Rode Namaak Paprika 10cm\"},{\"@type\":\"BreadcrumbList\",\"@id\":\"https:\\\/\\\/decofoodshop.nl\\\/product\\\/rode-namaak-paprika\\\/#breadcrumb\",\"itemListElement\":[{\"@type\":\"ListItem\",\"position\":1,\"name\":\"Home\",\"item\":\"https:\\\/\\\/decofoodshop.nl\\\/\"},{\"@type\":\"ListItem\",\"position\":2,\"name\":\"Winkel\",\"item\":\"https:\\\/\\\/decofoodshop.nl\\\/winkel\\\/\"},{\"@type\":\"ListItem\",\"position\":3,\"name\":\"Rode Namaak Paprika\"}]},{\"@type\":\"WebSite\",\"@id\":\"https:\\\/\\\/decofoodshop.nl\\\/#website\",\"url\":\"https:\\\/\\\/decofoodshop.nl\\\/\",\"name\":\"Decofoodshop\",\"description\":\"\",\"potentialAction\":[{\"@type\":\"SearchAction\",\"target\":{\"@type\":\"EntryPoint\",\"urlTemplate\":\"https:\\\/\\\/decofoodshop.nl\\\/?s={search_term_string}\"},\"query-input\":{\"@type\":\"PropertyValueSpecification\",\"valueRequired\":true,\"valueName\":\"search_term_string\"}}],\"inLanguage\":\"de\"}]}<\/script>\n<!-- \/ Yoast SEO Premium plugin. -->","yoast_head_json":{"title":"Red Fake Paprika und anderes Gem\u00fcse bei - Decofoodshop","description":"Besuchen Sie f\u00fcr diese sch\u00f6ne rote gef\u00e4lschte Paprika und f\u00fcr viele weitere k\u00fcnstliche Gem\u00fcse- und Obstsorten unseren vielseitigen Webshop: Decofoodshop.","robots":{"index":"index","follow":"follow","max-snippet":"max-snippet:-1","max-image-preview":"max-image-preview:large","max-video-preview":"max-video-preview:-1"},"canonical":"https:\/\/decofoodshop.nl\/de\/produkt\/roter-gefalschter-pfeffer\/","og_locale":"de_DE","og_type":"article","og_title":"Rode Namaak Paprika","og_description":"Voor deze prachtige rode namaak paprika en voor nog veel meer kunstgroenten en fruit kunt u terecht op onze veelzeidige webshop: Decofoodshop.","og_url":"https:\/\/decofoodshop.nl\/de\/produkt\/roter-gefalschter-pfeffer\/","og_site_name":"Decofoodshop","article_modified_time":"2026-03-27T12:25:37+00:00","og_image":[{"width":932,"height":936,"url":"https:\/\/decofoodshop.nl\/wp-content\/uploads\/2019\/10\/Rode-Namaak-Paprika-10cm-3.jpg","type":"image\/jpeg"}],"twitter_card":"summary_large_image","twitter_misc":{"Gesch\u00e4tzte Lesezeit":"1\u00a0Minute"},"schema":{"@context":"https:\/\/schema.org","@graph":[{"@type":"WebPage","@id":"https:\/\/decofoodshop.nl\/product\/rode-namaak-paprika\/","url":"https:\/\/decofoodshop.nl\/product\/rode-namaak-paprika\/","name":"Red Fake Paprika und anderes Gem\u00fcse bei - Decofoodshop","isPartOf":{"@id":"https:\/\/decofoodshop.nl\/#website"},"primaryImageOfPage":{"@id":"https:\/\/decofoodshop.nl\/product\/rode-namaak-paprika\/#primaryimage"},"image":{"@id":"https:\/\/decofoodshop.nl\/product\/rode-namaak-paprika\/#primaryimage"},"thumbnailUrl":"https:\/\/decofoodshop.nl\/wp-content\/uploads\/2019\/10\/Rode-Namaak-Paprika-10cm-3.jpg","datePublished":"2019-10-09T08:02:07+00:00","dateModified":"2026-03-27T12:25:37+00:00","description":"Besuchen Sie f\u00fcr diese sch\u00f6ne rote gef\u00e4lschte Paprika und f\u00fcr viele weitere k\u00fcnstliche Gem\u00fcse- und Obstsorten unseren vielseitigen Webshop: Decofoodshop.","breadcrumb":{"@id":"https:\/\/decofoodshop.nl\/product\/rode-namaak-paprika\/#breadcrumb"},"inLanguage":"de","potentialAction":[{"@type":"ReadAction","target":["https:\/\/decofoodshop.nl\/product\/rode-namaak-paprika\/"]}]},{"@type":"ImageObject","inLanguage":"de","@id":"https:\/\/decofoodshop.nl\/product\/rode-namaak-paprika\/#primaryimage","url":"https:\/\/decofoodshop.nl\/wp-content\/uploads\/2019\/10\/Rode-Namaak-Paprika-10cm-3.jpg","contentUrl":"https:\/\/decofoodshop.nl\/wp-content\/uploads\/2019\/10\/Rode-Namaak-Paprika-10cm-3.jpg","width":932,"height":936,"caption":"Rode Namaak Paprika 10cm"},{"@type":"BreadcrumbList","@id":"https:\/\/decofoodshop.nl\/product\/rode-namaak-paprika\/#breadcrumb","itemListElement":[{"@type":"ListItem","position":1,"name":"Home","item":"https:\/\/decofoodshop.nl\/"},{"@type":"ListItem","position":2,"name":"Winkel","item":"https:\/\/decofoodshop.nl\/winkel\/"},{"@type":"ListItem","position":3,"name":"Rode Namaak Paprika"}]},{"@type":"WebSite","@id":"https:\/\/decofoodshop.nl\/#website","url":"https:\/\/decofoodshop.nl\/","name":"Dekofoodshop","description":"","potentialAction":[{"@type":"SearchAction","target":{"@type":"EntryPoint","urlTemplate":"https:\/\/decofoodshop.nl\/?s={search_term_string}"},"query-input":{"@type":"PropertyValueSpecification","valueRequired":true,"valueName":"search_term_string"}}],"inLanguage":"de"}]}},"_links":{"self":[{"href":"https:\/\/decofoodshop.nl\/de\/wp-json\/wp\/v2\/product\/1106","targetHints":{"allow":["GET"]}}],"collection":[{"href":"https:\/\/decofoodshop.nl\/de\/wp-json\/wp\/v2\/product"}],"about":[{"href":"https:\/\/decofoodshop.nl\/de\/wp-json\/wp\/v2\/types\/product"}],"wp:featuredmedia":[{"embeddable":true,"href":"https:\/\/decofoodshop.nl\/de\/wp-json\/wp\/v2\/media\/1194"}],"wp:attachment":[{"href":"https:\/\/decofoodshop.nl\/de\/wp-json\/wp\/v2\/media?parent=1106"}],"wp:term":[{"taxonomy":"product_brand","embeddable":true,"href":"https:\/\/decofoodshop.nl\/de\/wp-json\/wp\/v2\/product_brand?post=1106"},{"taxonomy":"product_cat","embeddable":true,"href":"https:\/\/decofoodshop.nl\/de\/wp-json\/wp\/v2\/product_cat?post=1106"},{"taxonomy":"product_tag","embeddable":true,"href":"https:\/\/decofoodshop.nl\/de\/wp-json\/wp\/v2\/product_tag?post=1106"}],"curies":[{"name":"wp","href":"https:\/\/api.w.org\/{rel}","templated":true}]}}