{"id":1113,"date":"2019-10-09T10:37:31","date_gmt":"2019-10-09T10:37:31","guid":{"rendered":"https:\/\/decofoodshop.nl\/?post_type=product&#038;p=1113"},"modified":"2026-03-02T14:59:22","modified_gmt":"2026-03-02T13:59:22","slug":"big-fake-chili-pfeffer-grun","status":"publish","type":"product","link":"https:\/\/decofoodshop.nl\/de\/product\/grote-namaak-spaanse-peper-groen\/","title":{"rendered":"Gro\u00dfe gef\u00e4lschte Chilischote gr\u00fcn"},"content":{"rendered":"<p><span style=\"color: #000000;\">Dieses gro\u00dfe k\u00fcnstliche Chiligr\u00fcn ist 14 cm lang und 4,5 cm breit.<\/span><\/p>\n<p>Ausgestattet mit Hartplastikgriff.<\/p>\n<p><span style=\"color: #000000;\">Seine realistische Form macht es ideal f\u00fcr die Dekoration.<\/span><\/p>\n<p><span style=\"color: #000000;\">Die Farbe und die realistische Haptik machen diese dekorative Chilischote einfach echt.<\/span><\/p>\n<p><span style=\"color: #000000;\">Klicken Sie f\u00fcr mehr Kunstgem\u00fcse <span style=\"color: #008000;\"><a style=\"color: #008000;\" href=\"https:\/\/decofoodshop.nl\/de\/produktkategorie-2\/kunstliches-gemuse\/\">&#8216;<strong>hier<\/strong>&#8216;<\/a>.<\/span><\/span><\/p>\n<p>&nbsp;<\/p>","protected":false},"excerpt":{"rendered":"<p>Dieses gro\u00dfe k\u00fcnstliche Chiligr\u00fcn ist 14 cm lang und 4,5 cm breit. Ausgestattet mit Hartplastikgriff. Durch seine realistische Form eignet es sich ideal zur Dekoration. Die Farbe und der realistische Touch machen diese dekorative Chilischote einfach echt. F\u00fcr mehr Kunstgem\u00fcse klicken Sie \u201ehier\u201c. &nbsp;<\/p>","protected":false},"featured_media":1421,"template":"","meta":{"_acf_changed":false,"_genesis_hide_title":false,"_genesis_hide_breadcrumbs":false,"_genesis_hide_singular_image":false,"_genesis_hide_footer_widgets":false,"_genesis_custom_body_class":"","_genesis_custom_post_class":"","_genesis_layout":""},"product_brand":[],"product_cat":[48],"product_tag":[],"class_list":{"0":"post-1113","1":"product","2":"type-product","3":"status-publish","4":"has-post-thumbnail","6":"product_cat-kunstgroenten","7":"entry","8":"wpx-has-gallery","10":"first","11":"instock","12":"taxable","13":"shipping-taxable","14":"purchasable","15":"product-type-simple"},"acf":[],"yoast_head":"<!-- This site is optimized with the Yoast SEO Premium plugin v27.4 (Yoast SEO v27.4) - https:\/\/yoast.com\/product\/yoast-seo-premium-wordpress\/ -->\n<title>Grote Namaak Spaanse Peper Groen - Decofoodshop<\/title>\n<meta name=\"description\" content=\"Realistische grote namaak spaanse peper groen verkijgbaar bij Decofoodshop. Ook voor kunstgroenten pakketten kunt u bij ons terecht.\" \/>\n<meta name=\"robots\" content=\"index, follow, max-snippet:-1, max-image-preview:large, max-video-preview:-1\" \/>\n<link rel=\"canonical\" href=\"https:\/\/decofoodshop.nl\/de\/produkt\/big-fake-chili-pfeffer-grun\/\" \/>\n<meta property=\"og:locale\" content=\"de_DE\" \/>\n<meta property=\"og:type\" content=\"article\" \/>\n<meta property=\"og:title\" content=\"Grote Namaak Spaanse Peper Groen\" \/>\n<meta property=\"og:description\" content=\"Realistische grote namaak spaanse peper groen verkijgbaar bij Decofoodshop. Ook voor kunstgroenten pakketten kunt u bij ons terecht.\" \/>\n<meta property=\"og:url\" content=\"https:\/\/decofoodshop.nl\/de\/produkt\/big-fake-chili-pfeffer-grun\/\" \/>\n<meta property=\"og:site_name\" content=\"Decofoodshop\" \/>\n<meta property=\"article:modified_time\" content=\"2026-03-02T13:59:22+00:00\" \/>\n<meta property=\"og:image\" content=\"https:\/\/decofoodshop.nl\/wp-content\/uploads\/2019\/10\/Grote-Namaak-Spaanse-Peper-Groen-14cm-2-2-e1573130897847.jpg\" \/>\n\t<meta property=\"og:image:width\" content=\"652\" \/>\n\t<meta property=\"og:image:height\" content=\"650\" \/>\n\t<meta property=\"og:image:type\" content=\"image\/jpeg\" \/>\n<meta name=\"twitter:card\" content=\"summary_large_image\" \/>\n<meta name=\"twitter:label1\" content=\"Gesch\u00e4tzte Lesezeit\" \/>\n\t<meta name=\"twitter:data1\" content=\"1\u00a0Minute\" \/>\n<script type=\"application\/ld+json\" class=\"yoast-schema-graph\">{\"@context\":\"https:\\\/\\\/schema.org\",\"@graph\":[{\"@type\":\"WebPage\",\"@id\":\"https:\\\/\\\/decofoodshop.nl\\\/product\\\/grote-namaak-spaanse-peper-groen\\\/\",\"url\":\"https:\\\/\\\/decofoodshop.nl\\\/product\\\/grote-namaak-spaanse-peper-groen\\\/\",\"name\":\"Grote Namaak Spaanse Peper Groen - Decofoodshop\",\"isPartOf\":{\"@id\":\"https:\\\/\\\/decofoodshop.nl\\\/#website\"},\"primaryImageOfPage\":{\"@id\":\"https:\\\/\\\/decofoodshop.nl\\\/product\\\/grote-namaak-spaanse-peper-groen\\\/#primaryimage\"},\"image\":{\"@id\":\"https:\\\/\\\/decofoodshop.nl\\\/product\\\/grote-namaak-spaanse-peper-groen\\\/#primaryimage\"},\"thumbnailUrl\":\"https:\\\/\\\/decofoodshop.nl\\\/wp-content\\\/uploads\\\/2019\\\/10\\\/Grote-Namaak-Spaanse-Peper-Groen-14cm-2-2-e1573130897847.jpg\",\"datePublished\":\"2019-10-09T10:37:31+00:00\",\"dateModified\":\"2026-03-02T13:59:22+00:00\",\"description\":\"Realistische grote namaak spaanse peper groen verkijgbaar bij Decofoodshop. Ook voor kunstgroenten pakketten kunt u bij ons terecht.\",\"breadcrumb\":{\"@id\":\"https:\\\/\\\/decofoodshop.nl\\\/product\\\/grote-namaak-spaanse-peper-groen\\\/#breadcrumb\"},\"inLanguage\":\"de\",\"potentialAction\":[{\"@type\":\"ReadAction\",\"target\":[\"https:\\\/\\\/decofoodshop.nl\\\/product\\\/grote-namaak-spaanse-peper-groen\\\/\"]}]},{\"@type\":\"ImageObject\",\"inLanguage\":\"de\",\"@id\":\"https:\\\/\\\/decofoodshop.nl\\\/product\\\/grote-namaak-spaanse-peper-groen\\\/#primaryimage\",\"url\":\"https:\\\/\\\/decofoodshop.nl\\\/wp-content\\\/uploads\\\/2019\\\/10\\\/Grote-Namaak-Spaanse-Peper-Groen-14cm-2-2-e1573130897847.jpg\",\"contentUrl\":\"https:\\\/\\\/decofoodshop.nl\\\/wp-content\\\/uploads\\\/2019\\\/10\\\/Grote-Namaak-Spaanse-Peper-Groen-14cm-2-2-e1573130897847.jpg\",\"width\":652,\"height\":650,\"caption\":\"Grote Namaak Spaanse Peper Groen 14cm\"},{\"@type\":\"BreadcrumbList\",\"@id\":\"https:\\\/\\\/decofoodshop.nl\\\/product\\\/grote-namaak-spaanse-peper-groen\\\/#breadcrumb\",\"itemListElement\":[{\"@type\":\"ListItem\",\"position\":1,\"name\":\"Home\",\"item\":\"https:\\\/\\\/decofoodshop.nl\\\/\"},{\"@type\":\"ListItem\",\"position\":2,\"name\":\"Winkel\",\"item\":\"https:\\\/\\\/decofoodshop.nl\\\/winkel\\\/\"},{\"@type\":\"ListItem\",\"position\":3,\"name\":\"Grote Namaak Spaanse Peper Groen\"}]},{\"@type\":\"WebSite\",\"@id\":\"https:\\\/\\\/decofoodshop.nl\\\/#website\",\"url\":\"https:\\\/\\\/decofoodshop.nl\\\/\",\"name\":\"Decofoodshop\",\"description\":\"\",\"potentialAction\":[{\"@type\":\"SearchAction\",\"target\":{\"@type\":\"EntryPoint\",\"urlTemplate\":\"https:\\\/\\\/decofoodshop.nl\\\/?s={search_term_string}\"},\"query-input\":{\"@type\":\"PropertyValueSpecification\",\"valueRequired\":true,\"valueName\":\"search_term_string\"}}],\"inLanguage\":\"de\"}]}<\/script>\n<!-- \/ Yoast SEO Premium plugin. -->","yoast_head_json":{"title":"Gro\u00dfe gef\u00e4lschte Chilischote gr\u00fcn - Decofoodshop","description":"Realistisches gro\u00dfes gef\u00e4lschtes Chiligr\u00fcn, erh\u00e4ltlich bei Decofoodshop. Sie k\u00f6nnen uns auch f\u00fcr k\u00fcnstliche Gem\u00fcseverpackungen kontaktieren.","robots":{"index":"index","follow":"follow","max-snippet":"max-snippet:-1","max-image-preview":"max-image-preview:large","max-video-preview":"max-video-preview:-1"},"canonical":"https:\/\/decofoodshop.nl\/de\/produkt\/big-fake-chili-pfeffer-grun\/","og_locale":"de_DE","og_type":"article","og_title":"Grote Namaak Spaanse Peper Groen","og_description":"Realistische grote namaak spaanse peper groen verkijgbaar bij Decofoodshop. Ook voor kunstgroenten pakketten kunt u bij ons terecht.","og_url":"https:\/\/decofoodshop.nl\/de\/produkt\/big-fake-chili-pfeffer-grun\/","og_site_name":"Decofoodshop","article_modified_time":"2026-03-02T13:59:22+00:00","og_image":[{"width":652,"height":650,"url":"https:\/\/decofoodshop.nl\/wp-content\/uploads\/2019\/10\/Grote-Namaak-Spaanse-Peper-Groen-14cm-2-2-e1573130897847.jpg","type":"image\/jpeg"}],"twitter_card":"summary_large_image","twitter_misc":{"Gesch\u00e4tzte Lesezeit":"1\u00a0Minute"},"schema":{"@context":"https:\/\/schema.org","@graph":[{"@type":"WebPage","@id":"https:\/\/decofoodshop.nl\/product\/grote-namaak-spaanse-peper-groen\/","url":"https:\/\/decofoodshop.nl\/product\/grote-namaak-spaanse-peper-groen\/","name":"Gro\u00dfe gef\u00e4lschte Chilischote gr\u00fcn - Decofoodshop","isPartOf":{"@id":"https:\/\/decofoodshop.nl\/#website"},"primaryImageOfPage":{"@id":"https:\/\/decofoodshop.nl\/product\/grote-namaak-spaanse-peper-groen\/#primaryimage"},"image":{"@id":"https:\/\/decofoodshop.nl\/product\/grote-namaak-spaanse-peper-groen\/#primaryimage"},"thumbnailUrl":"https:\/\/decofoodshop.nl\/wp-content\/uploads\/2019\/10\/Grote-Namaak-Spaanse-Peper-Groen-14cm-2-2-e1573130897847.jpg","datePublished":"2019-10-09T10:37:31+00:00","dateModified":"2026-03-02T13:59:22+00:00","description":"Realistisches gro\u00dfes gef\u00e4lschtes Chiligr\u00fcn, erh\u00e4ltlich bei Decofoodshop. Sie k\u00f6nnen uns auch f\u00fcr k\u00fcnstliche Gem\u00fcseverpackungen kontaktieren.","breadcrumb":{"@id":"https:\/\/decofoodshop.nl\/product\/grote-namaak-spaanse-peper-groen\/#breadcrumb"},"inLanguage":"de","potentialAction":[{"@type":"ReadAction","target":["https:\/\/decofoodshop.nl\/product\/grote-namaak-spaanse-peper-groen\/"]}]},{"@type":"ImageObject","inLanguage":"de","@id":"https:\/\/decofoodshop.nl\/product\/grote-namaak-spaanse-peper-groen\/#primaryimage","url":"https:\/\/decofoodshop.nl\/wp-content\/uploads\/2019\/10\/Grote-Namaak-Spaanse-Peper-Groen-14cm-2-2-e1573130897847.jpg","contentUrl":"https:\/\/decofoodshop.nl\/wp-content\/uploads\/2019\/10\/Grote-Namaak-Spaanse-Peper-Groen-14cm-2-2-e1573130897847.jpg","width":652,"height":650,"caption":"Grote Namaak Spaanse Peper Groen 14cm"},{"@type":"BreadcrumbList","@id":"https:\/\/decofoodshop.nl\/product\/grote-namaak-spaanse-peper-groen\/#breadcrumb","itemListElement":[{"@type":"ListItem","position":1,"name":"Home","item":"https:\/\/decofoodshop.nl\/"},{"@type":"ListItem","position":2,"name":"Winkel","item":"https:\/\/decofoodshop.nl\/winkel\/"},{"@type":"ListItem","position":3,"name":"Grote Namaak Spaanse Peper Groen"}]},{"@type":"WebSite","@id":"https:\/\/decofoodshop.nl\/#website","url":"https:\/\/decofoodshop.nl\/","name":"Dekofoodshop","description":"","potentialAction":[{"@type":"SearchAction","target":{"@type":"EntryPoint","urlTemplate":"https:\/\/decofoodshop.nl\/?s={search_term_string}"},"query-input":{"@type":"PropertyValueSpecification","valueRequired":true,"valueName":"search_term_string"}}],"inLanguage":"de"}]}},"_links":{"self":[{"href":"https:\/\/decofoodshop.nl\/de\/wp-json\/wp\/v2\/product\/1113","targetHints":{"allow":["GET"]}}],"collection":[{"href":"https:\/\/decofoodshop.nl\/de\/wp-json\/wp\/v2\/product"}],"about":[{"href":"https:\/\/decofoodshop.nl\/de\/wp-json\/wp\/v2\/types\/product"}],"wp:featuredmedia":[{"embeddable":true,"href":"https:\/\/decofoodshop.nl\/de\/wp-json\/wp\/v2\/media\/1421"}],"wp:attachment":[{"href":"https:\/\/decofoodshop.nl\/de\/wp-json\/wp\/v2\/media?parent=1113"}],"wp:term":[{"taxonomy":"product_brand","embeddable":true,"href":"https:\/\/decofoodshop.nl\/de\/wp-json\/wp\/v2\/product_brand?post=1113"},{"taxonomy":"product_cat","embeddable":true,"href":"https:\/\/decofoodshop.nl\/de\/wp-json\/wp\/v2\/product_cat?post=1113"},{"taxonomy":"product_tag","embeddable":true,"href":"https:\/\/decofoodshop.nl\/de\/wp-json\/wp\/v2\/product_tag?post=1113"}],"curies":[{"name":"wp","href":"https:\/\/api.w.org\/{rel}","templated":true}]}}