{"id":1130,"date":"2019-10-14T07:51:30","date_gmt":"2019-10-14T07:51:30","guid":{"rendered":"https:\/\/decofoodshop.nl\/?post_type=product&#038;p=1130"},"modified":"2026-03-23T10:06:16","modified_gmt":"2026-03-23T09:06:16","slug":"big-fake-chili-rot","status":"publish","type":"product","link":"https:\/\/decofoodshop.nl\/de\/product\/grote-namaak-spaanse-peper-rood\/","title":{"rendered":"Gro\u00dfe gef\u00e4lschte rote Paprika rot"},"content":{"rendered":"<p>Sch\u00f6ne realistische gro\u00dfe gef\u00e4lschte Chilischote rot.<\/p>\n<p>Ausgestattet mit Hartplastikgriff von 2,5 cm.<\/p>\n<p>Aufgrund seiner detaillierten Form und Farbe eignet es sich hervorragend f\u00fcr dekorative Zwecke.<\/p>\n<p>Von der Realit\u00e4t nicht zu unterscheiden!<\/p>\n<p>Das k\u00fcnstliche Chili ist leicht.<\/p>\n<p>Sehen Sie sich auch unsere verschiedenen Pakete an!<\/p>\n<p>Klicken<span style=\"color: #008000;\"> <a style=\"color: #008000;\" href=\"https:\/\/decofoodshop.nl\/de\/produktkategorie-2\/pakete\/\">&#8216;<strong>Hier<\/strong>&#8216;<\/a> <\/span>f\u00fcr Pakete.<\/p>\n<p>&nbsp;<\/p>\n<p>&nbsp;<\/p>","protected":false},"excerpt":{"rendered":"<p>Sch\u00f6ne realistische gro\u00dfe gef\u00e4lschte Chilischote rot. Ausgestattet mit Hartplastikgriff von 2,5 cm. Aufgrund seiner detaillierten Form und Farbe eignet es sich hervorragend f\u00fcr dekorative Zwecke. Von der Realit\u00e4t nicht zu unterscheiden! Das k\u00fcnstliche Chili ist leicht. Schauen Sie sich auch unsere verschiedenen Pakete an! Klicken Sie &#039;hier&#039; f\u00fcr Pakete. &nbsp; &nbsp;<\/p>","protected":false},"featured_media":1418,"template":"","meta":{"_acf_changed":false,"_genesis_hide_title":false,"_genesis_hide_breadcrumbs":false,"_genesis_hide_singular_image":false,"_genesis_hide_footer_widgets":false,"_genesis_custom_body_class":"","_genesis_custom_post_class":"","_genesis_layout":""},"product_brand":[],"product_cat":[48],"product_tag":[],"class_list":{"0":"post-1130","1":"product","2":"type-product","3":"status-publish","4":"has-post-thumbnail","6":"product_cat-kunstgroenten","7":"entry","8":"wpx-has-gallery","10":"first","11":"instock","12":"taxable","13":"shipping-taxable","14":"purchasable","15":"product-type-simple"},"acf":[],"yoast_head":"<!-- This site is optimized with the Yoast SEO Premium plugin v27.3 (Yoast SEO v27.4) - https:\/\/yoast.com\/product\/yoast-seo-premium-wordpress\/ -->\n<title>Grote Namaak Spaanse Peper Rood - Decofoodshop<\/title>\n<meta name=\"description\" content=\"Natuurgetrouwe Grote Namaak Spaanse Peper Rood verkijgbaar bij Deofoodshop. Ook voor meer soorten nep groenten kunt u bij ons terecht!\" \/>\n<meta name=\"robots\" content=\"index, follow, max-snippet:-1, max-image-preview:large, max-video-preview:-1\" \/>\n<link rel=\"canonical\" href=\"https:\/\/decofoodshop.nl\/de\/produkt\/big-fake-chili-rot\/\" \/>\n<meta property=\"og:locale\" content=\"de_DE\" \/>\n<meta property=\"og:type\" content=\"article\" \/>\n<meta property=\"og:title\" content=\"Grote Namaak Spaanse Peper Rood\" \/>\n<meta property=\"og:description\" content=\"Natuurgetrouwe Grote Namaak Spaanse Peper Rood verkijgbaar bij Deofoodshop. Ook voor meer soorten nep groenten kunt u bij ons terecht!\" \/>\n<meta property=\"og:url\" content=\"https:\/\/decofoodshop.nl\/de\/produkt\/big-fake-chili-rot\/\" \/>\n<meta property=\"og:site_name\" content=\"Decofoodshop\" \/>\n<meta property=\"article:modified_time\" content=\"2026-03-23T09:06:16+00:00\" \/>\n<meta property=\"og:image\" content=\"https:\/\/decofoodshop.nl\/wp-content\/uploads\/2019\/10\/Grote-Namaak-Spaanse-Peper-Rood-14cm-1.jpg\" \/>\n\t<meta property=\"og:image:width\" content=\"605\" \/>\n\t<meta property=\"og:image:height\" content=\"602\" \/>\n\t<meta property=\"og:image:type\" content=\"image\/jpeg\" \/>\n<meta name=\"twitter:card\" content=\"summary_large_image\" \/>\n<meta name=\"twitter:label1\" content=\"Gesch\u00e4tzte Lesezeit\" \/>\n\t<meta name=\"twitter:data1\" content=\"1\u00a0Minute\" \/>\n<script type=\"application\/ld+json\" class=\"yoast-schema-graph\">{\"@context\":\"https:\\\/\\\/schema.org\",\"@graph\":[{\"@type\":\"WebPage\",\"@id\":\"https:\\\/\\\/decofoodshop.nl\\\/product\\\/grote-namaak-spaanse-peper-rood\\\/\",\"url\":\"https:\\\/\\\/decofoodshop.nl\\\/product\\\/grote-namaak-spaanse-peper-rood\\\/\",\"name\":\"Grote Namaak Spaanse Peper Rood - Decofoodshop\",\"isPartOf\":{\"@id\":\"https:\\\/\\\/decofoodshop.nl\\\/#website\"},\"primaryImageOfPage\":{\"@id\":\"https:\\\/\\\/decofoodshop.nl\\\/product\\\/grote-namaak-spaanse-peper-rood\\\/#primaryimage\"},\"image\":{\"@id\":\"https:\\\/\\\/decofoodshop.nl\\\/product\\\/grote-namaak-spaanse-peper-rood\\\/#primaryimage\"},\"thumbnailUrl\":\"https:\\\/\\\/decofoodshop.nl\\\/wp-content\\\/uploads\\\/2019\\\/10\\\/Grote-Namaak-Spaanse-Peper-Rood-14cm-1.jpg\",\"datePublished\":\"2019-10-14T07:51:30+00:00\",\"dateModified\":\"2026-03-23T09:06:16+00:00\",\"description\":\"Natuurgetrouwe Grote Namaak Spaanse Peper Rood verkijgbaar bij Deofoodshop. Ook voor meer soorten nep groenten kunt u bij ons terecht!\",\"breadcrumb\":{\"@id\":\"https:\\\/\\\/decofoodshop.nl\\\/product\\\/grote-namaak-spaanse-peper-rood\\\/#breadcrumb\"},\"inLanguage\":\"de\",\"potentialAction\":[{\"@type\":\"ReadAction\",\"target\":[\"https:\\\/\\\/decofoodshop.nl\\\/product\\\/grote-namaak-spaanse-peper-rood\\\/\"]}]},{\"@type\":\"ImageObject\",\"inLanguage\":\"de\",\"@id\":\"https:\\\/\\\/decofoodshop.nl\\\/product\\\/grote-namaak-spaanse-peper-rood\\\/#primaryimage\",\"url\":\"https:\\\/\\\/decofoodshop.nl\\\/wp-content\\\/uploads\\\/2019\\\/10\\\/Grote-Namaak-Spaanse-Peper-Rood-14cm-1.jpg\",\"contentUrl\":\"https:\\\/\\\/decofoodshop.nl\\\/wp-content\\\/uploads\\\/2019\\\/10\\\/Grote-Namaak-Spaanse-Peper-Rood-14cm-1.jpg\",\"width\":605,\"height\":602,\"caption\":\"grote namaak spaanse peper rood\"},{\"@type\":\"BreadcrumbList\",\"@id\":\"https:\\\/\\\/decofoodshop.nl\\\/product\\\/grote-namaak-spaanse-peper-rood\\\/#breadcrumb\",\"itemListElement\":[{\"@type\":\"ListItem\",\"position\":1,\"name\":\"Home\",\"item\":\"https:\\\/\\\/decofoodshop.nl\\\/\"},{\"@type\":\"ListItem\",\"position\":2,\"name\":\"Winkel\",\"item\":\"https:\\\/\\\/decofoodshop.nl\\\/winkel\\\/\"},{\"@type\":\"ListItem\",\"position\":3,\"name\":\"Grote Namaak Spaanse Peper Rood\"}]},{\"@type\":\"WebSite\",\"@id\":\"https:\\\/\\\/decofoodshop.nl\\\/#website\",\"url\":\"https:\\\/\\\/decofoodshop.nl\\\/\",\"name\":\"Decofoodshop\",\"description\":\"\",\"potentialAction\":[{\"@type\":\"SearchAction\",\"target\":{\"@type\":\"EntryPoint\",\"urlTemplate\":\"https:\\\/\\\/decofoodshop.nl\\\/?s={search_term_string}\"},\"query-input\":{\"@type\":\"PropertyValueSpecification\",\"valueRequired\":true,\"valueName\":\"search_term_string\"}}],\"inLanguage\":\"de\"}]}<\/script>\n<!-- \/ Yoast SEO Premium plugin. -->","yoast_head_json":{"title":"Gro\u00dfe F\u00e4lschung Chili Red - Decofoodshop","description":"Naturgetreue gro\u00dfe gef\u00e4lschte Chilischote rot im Deofoodshop erh\u00e4ltlich. Sie k\u00f6nnen uns auch f\u00fcr weitere Arten von gef\u00e4lschtem Gem\u00fcse kontaktieren!","robots":{"index":"index","follow":"follow","max-snippet":"max-snippet:-1","max-image-preview":"max-image-preview:large","max-video-preview":"max-video-preview:-1"},"canonical":"https:\/\/decofoodshop.nl\/de\/produkt\/big-fake-chili-rot\/","og_locale":"de_DE","og_type":"article","og_title":"Grote Namaak Spaanse Peper Rood","og_description":"Natuurgetrouwe Grote Namaak Spaanse Peper Rood verkijgbaar bij Deofoodshop. Ook voor meer soorten nep groenten kunt u bij ons terecht!","og_url":"https:\/\/decofoodshop.nl\/de\/produkt\/big-fake-chili-rot\/","og_site_name":"Decofoodshop","article_modified_time":"2026-03-23T09:06:16+00:00","og_image":[{"width":605,"height":602,"url":"https:\/\/decofoodshop.nl\/wp-content\/uploads\/2019\/10\/Grote-Namaak-Spaanse-Peper-Rood-14cm-1.jpg","type":"image\/jpeg"}],"twitter_card":"summary_large_image","twitter_misc":{"Gesch\u00e4tzte Lesezeit":"1\u00a0Minute"},"schema":{"@context":"https:\/\/schema.org","@graph":[{"@type":"WebPage","@id":"https:\/\/decofoodshop.nl\/product\/grote-namaak-spaanse-peper-rood\/","url":"https:\/\/decofoodshop.nl\/product\/grote-namaak-spaanse-peper-rood\/","name":"Gro\u00dfe F\u00e4lschung Chili Red - Decofoodshop","isPartOf":{"@id":"https:\/\/decofoodshop.nl\/#website"},"primaryImageOfPage":{"@id":"https:\/\/decofoodshop.nl\/product\/grote-namaak-spaanse-peper-rood\/#primaryimage"},"image":{"@id":"https:\/\/decofoodshop.nl\/product\/grote-namaak-spaanse-peper-rood\/#primaryimage"},"thumbnailUrl":"https:\/\/decofoodshop.nl\/wp-content\/uploads\/2019\/10\/Grote-Namaak-Spaanse-Peper-Rood-14cm-1.jpg","datePublished":"2019-10-14T07:51:30+00:00","dateModified":"2026-03-23T09:06:16+00:00","description":"Naturgetreue gro\u00dfe gef\u00e4lschte Chilischote rot im Deofoodshop erh\u00e4ltlich. Sie k\u00f6nnen uns auch f\u00fcr weitere Arten von gef\u00e4lschtem Gem\u00fcse kontaktieren!","breadcrumb":{"@id":"https:\/\/decofoodshop.nl\/product\/grote-namaak-spaanse-peper-rood\/#breadcrumb"},"inLanguage":"de","potentialAction":[{"@type":"ReadAction","target":["https:\/\/decofoodshop.nl\/product\/grote-namaak-spaanse-peper-rood\/"]}]},{"@type":"ImageObject","inLanguage":"de","@id":"https:\/\/decofoodshop.nl\/product\/grote-namaak-spaanse-peper-rood\/#primaryimage","url":"https:\/\/decofoodshop.nl\/wp-content\/uploads\/2019\/10\/Grote-Namaak-Spaanse-Peper-Rood-14cm-1.jpg","contentUrl":"https:\/\/decofoodshop.nl\/wp-content\/uploads\/2019\/10\/Grote-Namaak-Spaanse-Peper-Rood-14cm-1.jpg","width":605,"height":602,"caption":"grote namaak spaanse peper rood"},{"@type":"BreadcrumbList","@id":"https:\/\/decofoodshop.nl\/product\/grote-namaak-spaanse-peper-rood\/#breadcrumb","itemListElement":[{"@type":"ListItem","position":1,"name":"Home","item":"https:\/\/decofoodshop.nl\/"},{"@type":"ListItem","position":2,"name":"Winkel","item":"https:\/\/decofoodshop.nl\/winkel\/"},{"@type":"ListItem","position":3,"name":"Grote Namaak Spaanse Peper Rood"}]},{"@type":"WebSite","@id":"https:\/\/decofoodshop.nl\/#website","url":"https:\/\/decofoodshop.nl\/","name":"Dekofoodshop","description":"","potentialAction":[{"@type":"SearchAction","target":{"@type":"EntryPoint","urlTemplate":"https:\/\/decofoodshop.nl\/?s={search_term_string}"},"query-input":{"@type":"PropertyValueSpecification","valueRequired":true,"valueName":"search_term_string"}}],"inLanguage":"de"}]}},"_links":{"self":[{"href":"https:\/\/decofoodshop.nl\/de\/wp-json\/wp\/v2\/product\/1130","targetHints":{"allow":["GET"]}}],"collection":[{"href":"https:\/\/decofoodshop.nl\/de\/wp-json\/wp\/v2\/product"}],"about":[{"href":"https:\/\/decofoodshop.nl\/de\/wp-json\/wp\/v2\/types\/product"}],"wp:featuredmedia":[{"embeddable":true,"href":"https:\/\/decofoodshop.nl\/de\/wp-json\/wp\/v2\/media\/1418"}],"wp:attachment":[{"href":"https:\/\/decofoodshop.nl\/de\/wp-json\/wp\/v2\/media?parent=1130"}],"wp:term":[{"taxonomy":"product_brand","embeddable":true,"href":"https:\/\/decofoodshop.nl\/de\/wp-json\/wp\/v2\/product_brand?post=1130"},{"taxonomy":"product_cat","embeddable":true,"href":"https:\/\/decofoodshop.nl\/de\/wp-json\/wp\/v2\/product_cat?post=1130"},{"taxonomy":"product_tag","embeddable":true,"href":"https:\/\/decofoodshop.nl\/de\/wp-json\/wp\/v2\/product_tag?post=1130"}],"curies":[{"name":"wp","href":"https:\/\/api.w.org\/{rel}","templated":true}]}}