{"id":1137,"date":"2019-10-14T08:35:13","date_gmt":"2019-10-14T08:35:13","guid":{"rendered":"https:\/\/decofoodshop.nl\/?post_type=product&#038;p=1137"},"modified":"2026-03-02T14:58:19","modified_gmt":"2026-03-02T13:58:19","slug":"big-faux-chili-pfeffer-gelb","status":"publish","type":"product","link":"https:\/\/decofoodshop.nl\/de\/product\/grote-namaak-spaanse-peper-geel\/","title":{"rendered":"Gro\u00dfe gef\u00e4lschte Chilischote gelb"},"content":{"rendered":"<p><span style=\"color: #000000;\">Sch\u00f6ne gro\u00dfe gef\u00e4lschte rote Paprika gelb.<\/span><\/p>\n<p>Leicht gl\u00e4nzend mit halbweichem Griff.<\/p>\n<p>Hervorragend geeignet f\u00fcr dekorative Zwecke.<\/p>\n<p>Auch in gr\u00fcn und rot erh\u00e4ltlich.<\/p>\n<p>Dieser spanische Zierpfeffer ist vom echten nicht zu unterscheiden!<\/p>\n<p>Weitere k\u00fcnstliche Gem\u00fcsesorten finden Sie unter<span style=\"color: #008000;\"><a style=\"color: #008000;\" href=\"https:\/\/decofoodshop.nl\/de\/produktkategorie-2\/kunstliches-gemuse\/\">\u00a0&#8216;<strong>k\u00fcnstliches Gem\u00fcse<\/strong>.&#8217;<\/a><\/span><\/p>","protected":false},"excerpt":{"rendered":"<p>Wundersch\u00f6nes gro\u00dfes gef\u00e4lschtes Chili-Gelb. Leicht gl\u00e4nzend mit halbweichem Griff. Hervorragend geeignet f\u00fcr dekorative Zwecke. Auch in Gr\u00fcn und Rot erh\u00e4ltlich. Dieser spanische Zierpaprika ist vom Original nicht zu unterscheiden! Weitere k\u00fcnstliche Gem\u00fcsesorten finden Sie unter \u201eKunstgem\u00fcse\u201c.<\/p>","protected":false},"featured_media":1415,"template":"","meta":{"_acf_changed":false,"_genesis_hide_title":false,"_genesis_hide_breadcrumbs":false,"_genesis_hide_singular_image":false,"_genesis_hide_footer_widgets":false,"_genesis_custom_body_class":"","_genesis_custom_post_class":"","_genesis_layout":""},"product_brand":[],"product_cat":[48],"product_tag":[],"class_list":{"0":"post-1137","1":"product","2":"type-product","3":"status-publish","4":"has-post-thumbnail","6":"product_cat-kunstgroenten","7":"entry","8":"wpx-has-gallery","10":"first","11":"instock","12":"taxable","13":"shipping-taxable","14":"purchasable","15":"product-type-simple"},"acf":[],"yoast_head":"<!-- This site is optimized with the Yoast SEO Premium plugin v27.3 (Yoast SEO v27.3) - https:\/\/yoast.com\/product\/yoast-seo-premium-wordpress\/ -->\n<title>Grote Namaak Spaanse Peper Geel - Decofoodshop<\/title>\n<meta name=\"description\" content=\"Prachtige grote namaak spaanse peper geel. Ook in groen en rood verkrijgbaar. Meer kunstgroenten bij onze Decofoodshop.nl\" \/>\n<meta name=\"robots\" content=\"index, follow, max-snippet:-1, max-image-preview:large, max-video-preview:-1\" \/>\n<link rel=\"canonical\" href=\"https:\/\/decofoodshop.nl\/de\/produkt\/big-faux-chili-pfeffer-gelb\/\" \/>\n<meta property=\"og:locale\" content=\"de_DE\" \/>\n<meta property=\"og:type\" content=\"article\" \/>\n<meta property=\"og:title\" content=\"Grote Namaak Spaanse Peper Geel\" \/>\n<meta property=\"og:description\" content=\"Prachtige grote namaak spaanse peper geel. Ook in groen en rood verkrijgbaar. Meer kunstgroenten bij onze Decofoodshop.nl\" \/>\n<meta property=\"og:url\" content=\"https:\/\/decofoodshop.nl\/de\/produkt\/big-faux-chili-pfeffer-gelb\/\" \/>\n<meta property=\"og:site_name\" content=\"Decofoodshop\" \/>\n<meta property=\"article:modified_time\" content=\"2026-03-02T13:58:19+00:00\" \/>\n<meta property=\"og:image\" content=\"https:\/\/decofoodshop.nl\/wp-content\/uploads\/2019\/10\/Grote-Namaak-Spaanse-Peper-Geel-14cm-1.jpg\" \/>\n\t<meta property=\"og:image:width\" content=\"657\" \/>\n\t<meta property=\"og:image:height\" content=\"656\" \/>\n\t<meta property=\"og:image:type\" content=\"image\/jpeg\" \/>\n<meta name=\"twitter:card\" content=\"summary_large_image\" \/>\n<meta name=\"twitter:label1\" content=\"Gesch\u00e4tzte Lesezeit\" \/>\n\t<meta name=\"twitter:data1\" content=\"1\u00a0Minute\" \/>\n<script type=\"application\/ld+json\" class=\"yoast-schema-graph\">{\"@context\":\"https:\\\/\\\/schema.org\",\"@graph\":[{\"@type\":\"WebPage\",\"@id\":\"https:\\\/\\\/decofoodshop.nl\\\/product\\\/grote-namaak-spaanse-peper-geel\\\/\",\"url\":\"https:\\\/\\\/decofoodshop.nl\\\/product\\\/grote-namaak-spaanse-peper-geel\\\/\",\"name\":\"Grote Namaak Spaanse Peper Geel - Decofoodshop\",\"isPartOf\":{\"@id\":\"https:\\\/\\\/decofoodshop.nl\\\/#website\"},\"primaryImageOfPage\":{\"@id\":\"https:\\\/\\\/decofoodshop.nl\\\/product\\\/grote-namaak-spaanse-peper-geel\\\/#primaryimage\"},\"image\":{\"@id\":\"https:\\\/\\\/decofoodshop.nl\\\/product\\\/grote-namaak-spaanse-peper-geel\\\/#primaryimage\"},\"thumbnailUrl\":\"https:\\\/\\\/decofoodshop.nl\\\/wp-content\\\/uploads\\\/2019\\\/10\\\/Grote-Namaak-Spaanse-Peper-Geel-14cm-1.jpg\",\"datePublished\":\"2019-10-14T08:35:13+00:00\",\"dateModified\":\"2026-03-02T13:58:19+00:00\",\"description\":\"Prachtige grote namaak spaanse peper geel. Ook in groen en rood verkrijgbaar. Meer kunstgroenten bij onze Decofoodshop.nl\",\"breadcrumb\":{\"@id\":\"https:\\\/\\\/decofoodshop.nl\\\/product\\\/grote-namaak-spaanse-peper-geel\\\/#breadcrumb\"},\"inLanguage\":\"de\",\"potentialAction\":[{\"@type\":\"ReadAction\",\"target\":[\"https:\\\/\\\/decofoodshop.nl\\\/product\\\/grote-namaak-spaanse-peper-geel\\\/\"]}]},{\"@type\":\"ImageObject\",\"inLanguage\":\"de\",\"@id\":\"https:\\\/\\\/decofoodshop.nl\\\/product\\\/grote-namaak-spaanse-peper-geel\\\/#primaryimage\",\"url\":\"https:\\\/\\\/decofoodshop.nl\\\/wp-content\\\/uploads\\\/2019\\\/10\\\/Grote-Namaak-Spaanse-Peper-Geel-14cm-1.jpg\",\"contentUrl\":\"https:\\\/\\\/decofoodshop.nl\\\/wp-content\\\/uploads\\\/2019\\\/10\\\/Grote-Namaak-Spaanse-Peper-Geel-14cm-1.jpg\",\"width\":657,\"height\":656,\"caption\":\"grote namaak spaanse peper geel\"},{\"@type\":\"BreadcrumbList\",\"@id\":\"https:\\\/\\\/decofoodshop.nl\\\/product\\\/grote-namaak-spaanse-peper-geel\\\/#breadcrumb\",\"itemListElement\":[{\"@type\":\"ListItem\",\"position\":1,\"name\":\"Home\",\"item\":\"https:\\\/\\\/decofoodshop.nl\\\/\"},{\"@type\":\"ListItem\",\"position\":2,\"name\":\"Winkel\",\"item\":\"https:\\\/\\\/decofoodshop.nl\\\/winkel\\\/\"},{\"@type\":\"ListItem\",\"position\":3,\"name\":\"Grote Namaak Spaanse Peper Geel\"}]},{\"@type\":\"WebSite\",\"@id\":\"https:\\\/\\\/decofoodshop.nl\\\/#website\",\"url\":\"https:\\\/\\\/decofoodshop.nl\\\/\",\"name\":\"Decofoodshop\",\"description\":\"\",\"potentialAction\":[{\"@type\":\"SearchAction\",\"target\":{\"@type\":\"EntryPoint\",\"urlTemplate\":\"https:\\\/\\\/decofoodshop.nl\\\/?s={search_term_string}\"},\"query-input\":{\"@type\":\"PropertyValueSpecification\",\"valueRequired\":true,\"valueName\":\"search_term_string\"}}],\"inLanguage\":\"de\"}]}<\/script>\n<!-- \/ Yoast SEO Premium plugin. -->","yoast_head_json":{"title":"Gro\u00dfe gef\u00e4lschte Chilischote gelb - Decofoodshop","description":"Sch\u00f6ner gro\u00dfer falscher spanischer Pfeffer gelb. Auch in gr\u00fcn und rot erh\u00e4ltlich. Mehr k\u00fcnstliches Gem\u00fcse in unserem Decofoodshop.nl","robots":{"index":"index","follow":"follow","max-snippet":"max-snippet:-1","max-image-preview":"max-image-preview:large","max-video-preview":"max-video-preview:-1"},"canonical":"https:\/\/decofoodshop.nl\/de\/produkt\/big-faux-chili-pfeffer-gelb\/","og_locale":"de_DE","og_type":"article","og_title":"Grote Namaak Spaanse Peper Geel","og_description":"Prachtige grote namaak spaanse peper geel. Ook in groen en rood verkrijgbaar. Meer kunstgroenten bij onze Decofoodshop.nl","og_url":"https:\/\/decofoodshop.nl\/de\/produkt\/big-faux-chili-pfeffer-gelb\/","og_site_name":"Decofoodshop","article_modified_time":"2026-03-02T13:58:19+00:00","og_image":[{"width":657,"height":656,"url":"https:\/\/decofoodshop.nl\/wp-content\/uploads\/2019\/10\/Grote-Namaak-Spaanse-Peper-Geel-14cm-1.jpg","type":"image\/jpeg"}],"twitter_card":"summary_large_image","twitter_misc":{"Gesch\u00e4tzte Lesezeit":"1\u00a0Minute"},"schema":{"@context":"https:\/\/schema.org","@graph":[{"@type":"WebPage","@id":"https:\/\/decofoodshop.nl\/product\/grote-namaak-spaanse-peper-geel\/","url":"https:\/\/decofoodshop.nl\/product\/grote-namaak-spaanse-peper-geel\/","name":"Gro\u00dfe gef\u00e4lschte Chilischote gelb - Decofoodshop","isPartOf":{"@id":"https:\/\/decofoodshop.nl\/#website"},"primaryImageOfPage":{"@id":"https:\/\/decofoodshop.nl\/product\/grote-namaak-spaanse-peper-geel\/#primaryimage"},"image":{"@id":"https:\/\/decofoodshop.nl\/product\/grote-namaak-spaanse-peper-geel\/#primaryimage"},"thumbnailUrl":"https:\/\/decofoodshop.nl\/wp-content\/uploads\/2019\/10\/Grote-Namaak-Spaanse-Peper-Geel-14cm-1.jpg","datePublished":"2019-10-14T08:35:13+00:00","dateModified":"2026-03-02T13:58:19+00:00","description":"Sch\u00f6ner gro\u00dfer falscher spanischer Pfeffer gelb. Auch in gr\u00fcn und rot erh\u00e4ltlich. Mehr k\u00fcnstliches Gem\u00fcse in unserem Decofoodshop.nl","breadcrumb":{"@id":"https:\/\/decofoodshop.nl\/product\/grote-namaak-spaanse-peper-geel\/#breadcrumb"},"inLanguage":"de","potentialAction":[{"@type":"ReadAction","target":["https:\/\/decofoodshop.nl\/product\/grote-namaak-spaanse-peper-geel\/"]}]},{"@type":"ImageObject","inLanguage":"de","@id":"https:\/\/decofoodshop.nl\/product\/grote-namaak-spaanse-peper-geel\/#primaryimage","url":"https:\/\/decofoodshop.nl\/wp-content\/uploads\/2019\/10\/Grote-Namaak-Spaanse-Peper-Geel-14cm-1.jpg","contentUrl":"https:\/\/decofoodshop.nl\/wp-content\/uploads\/2019\/10\/Grote-Namaak-Spaanse-Peper-Geel-14cm-1.jpg","width":657,"height":656,"caption":"grote namaak spaanse peper geel"},{"@type":"BreadcrumbList","@id":"https:\/\/decofoodshop.nl\/product\/grote-namaak-spaanse-peper-geel\/#breadcrumb","itemListElement":[{"@type":"ListItem","position":1,"name":"Home","item":"https:\/\/decofoodshop.nl\/"},{"@type":"ListItem","position":2,"name":"Winkel","item":"https:\/\/decofoodshop.nl\/winkel\/"},{"@type":"ListItem","position":3,"name":"Grote Namaak Spaanse Peper Geel"}]},{"@type":"WebSite","@id":"https:\/\/decofoodshop.nl\/#website","url":"https:\/\/decofoodshop.nl\/","name":"Dekofoodshop","description":"","potentialAction":[{"@type":"SearchAction","target":{"@type":"EntryPoint","urlTemplate":"https:\/\/decofoodshop.nl\/?s={search_term_string}"},"query-input":{"@type":"PropertyValueSpecification","valueRequired":true,"valueName":"search_term_string"}}],"inLanguage":"de"}]}},"_links":{"self":[{"href":"https:\/\/decofoodshop.nl\/de\/wp-json\/wp\/v2\/product\/1137","targetHints":{"allow":["GET"]}}],"collection":[{"href":"https:\/\/decofoodshop.nl\/de\/wp-json\/wp\/v2\/product"}],"about":[{"href":"https:\/\/decofoodshop.nl\/de\/wp-json\/wp\/v2\/types\/product"}],"wp:featuredmedia":[{"embeddable":true,"href":"https:\/\/decofoodshop.nl\/de\/wp-json\/wp\/v2\/media\/1415"}],"wp:attachment":[{"href":"https:\/\/decofoodshop.nl\/de\/wp-json\/wp\/v2\/media?parent=1137"}],"wp:term":[{"taxonomy":"product_brand","embeddable":true,"href":"https:\/\/decofoodshop.nl\/de\/wp-json\/wp\/v2\/product_brand?post=1137"},{"taxonomy":"product_cat","embeddable":true,"href":"https:\/\/decofoodshop.nl\/de\/wp-json\/wp\/v2\/product_cat?post=1137"},{"taxonomy":"product_tag","embeddable":true,"href":"https:\/\/decofoodshop.nl\/de\/wp-json\/wp\/v2\/product_tag?post=1137"}],"curies":[{"name":"wp","href":"https:\/\/api.w.org\/{rel}","templated":true}]}}