{"id":1150,"date":"2019-10-14T09:13:19","date_gmt":"2019-10-14T09:13:19","guid":{"rendered":"https:\/\/decofoodshop.nl\/?post_type=product&#038;p=1150"},"modified":"2026-04-02T09:55:28","modified_gmt":"2026-04-02T07:55:28","slug":"tomaten-imitat-set","status":"publish","type":"product","link":"https:\/\/decofoodshop.nl\/de\/product\/imitatie-tomaten-set\/","title":{"rendered":"Tomatenimitat-Set"},"content":{"rendered":"<p>Sch\u00f6nes Set Kunsttomaten!<\/p>\n<p>Dieses Set dekorativer Tomaten ist wundersch\u00f6n und von der echten nicht zu unterscheiden.<\/p>\n<p>Die k\u00fcnstlichen Tomaten sind mit einem biegsamen Kunststoffstiel verbunden, der lebensecht aussieht.<\/p>\n<p>Durch ein leicht komprimierbares Material f\u00fchlt sich das k\u00fcnstliche Tomatenset realistisch an.<\/p>\n<p>F\u00fcr noch mehr k\u00fcnstliches Gem\u00fcse siehe: <span style=\"color: #008000;\"><strong><a style=\"color: #008000;\" href=\"https:\/\/decofoodshop.nl\/de\/produktkategorie-2\/kunstliches-gemuse\/\">\u201eK\u00fcnstliches Gem\u00fcse\u201c<\/a><\/strong><\/span>.<\/p>","protected":false},"excerpt":{"rendered":"<p>Sch\u00f6nes Set k\u00fcnstlicher Tomaten! Dieses Set dekorativer Tomaten ist wundersch\u00f6n und von der echten nicht zu unterscheiden. Die k\u00fcnstlichen Tomaten sind mit einem biegsamen Kunststoffstiel verbunden, der lebensecht aussieht. Das k\u00fcnstliche Tomatenset f\u00fchlt sich durch ein leicht komprimierbares Material realistisch an. Noch mehr Kunstgem\u00fcse finden Sie unter: &#039;K\u00fcnstliches Gem\u00fcse&#039;.<\/p>","protected":false},"featured_media":1412,"template":"","meta":{"_acf_changed":false,"_genesis_hide_title":false,"_genesis_hide_breadcrumbs":false,"_genesis_hide_singular_image":false,"_genesis_hide_footer_widgets":false,"_genesis_custom_body_class":"","_genesis_custom_post_class":"","_genesis_layout":""},"product_brand":[],"product_cat":[48],"product_tag":[],"class_list":{"0":"post-1150","1":"product","2":"type-product","3":"status-publish","4":"has-post-thumbnail","6":"product_cat-kunstgroenten","7":"entry","8":"wpx-has-gallery","10":"first","11":"instock","12":"taxable","13":"shipping-taxable","14":"purchasable","15":"product-type-simple"},"acf":[],"yoast_head":"<!-- This site is optimized with the Yoast SEO Premium plugin v27.3 (Yoast SEO v27.3) - https:\/\/yoast.com\/product\/yoast-seo-premium-wordpress\/ -->\n<title>Imitatie Tomaten Set geschikt als decoratie bij - Decofoodshop<\/title>\n<meta name=\"description\" content=\"Prachtige Set van 2 Imitatie Tomaten. Nog veel meer kunstgroenten, waaronder nep tros tomaten, verkijgbaar bij Decofoodshop.\" \/>\n<meta name=\"robots\" content=\"index, follow, max-snippet:-1, max-image-preview:large, max-video-preview:-1\" \/>\n<link rel=\"canonical\" href=\"https:\/\/decofoodshop.nl\/de\/produkt\/tomaten-imitat-set\/\" \/>\n<meta property=\"og:locale\" content=\"de_DE\" \/>\n<meta property=\"og:type\" content=\"article\" \/>\n<meta property=\"og:title\" content=\"Imitatie Tomaten Set\" \/>\n<meta property=\"og:description\" content=\"Prachtige Set van 2 Imitatie Tomaten. Nog veel meer kunstgroenten, waaronder nep tros tomaten, verkijgbaar bij Decofoodshop.\" \/>\n<meta property=\"og:url\" content=\"https:\/\/decofoodshop.nl\/de\/produkt\/tomaten-imitat-set\/\" \/>\n<meta property=\"og:site_name\" content=\"Decofoodshop\" \/>\n<meta property=\"article:modified_time\" content=\"2026-04-02T07:55:28+00:00\" \/>\n<meta property=\"og:image\" content=\"https:\/\/decofoodshop.nl\/wp-content\/uploads\/2019\/10\/Imitatie-Tomaten-Set-1.jpg\" \/>\n\t<meta property=\"og:image:width\" content=\"1244\" \/>\n\t<meta property=\"og:image:height\" content=\"1244\" \/>\n\t<meta property=\"og:image:type\" content=\"image\/jpeg\" \/>\n<meta name=\"twitter:card\" content=\"summary_large_image\" \/>\n<meta name=\"twitter:label1\" content=\"Gesch\u00e4tzte Lesezeit\" \/>\n\t<meta name=\"twitter:data1\" content=\"1\u00a0Minute\" \/>\n<script type=\"application\/ld+json\" class=\"yoast-schema-graph\">{\"@context\":\"https:\\\/\\\/schema.org\",\"@graph\":[{\"@type\":\"WebPage\",\"@id\":\"https:\\\/\\\/decofoodshop.nl\\\/product\\\/imitatie-tomaten-set\\\/\",\"url\":\"https:\\\/\\\/decofoodshop.nl\\\/product\\\/imitatie-tomaten-set\\\/\",\"name\":\"Imitatie Tomaten Set geschikt als decoratie bij - Decofoodshop\",\"isPartOf\":{\"@id\":\"https:\\\/\\\/decofoodshop.nl\\\/#website\"},\"primaryImageOfPage\":{\"@id\":\"https:\\\/\\\/decofoodshop.nl\\\/product\\\/imitatie-tomaten-set\\\/#primaryimage\"},\"image\":{\"@id\":\"https:\\\/\\\/decofoodshop.nl\\\/product\\\/imitatie-tomaten-set\\\/#primaryimage\"},\"thumbnailUrl\":\"https:\\\/\\\/decofoodshop.nl\\\/wp-content\\\/uploads\\\/2019\\\/10\\\/Imitatie-Tomaten-Set-1.jpg\",\"datePublished\":\"2019-10-14T09:13:19+00:00\",\"dateModified\":\"2026-04-02T07:55:28+00:00\",\"description\":\"Prachtige Set van 2 Imitatie Tomaten. Nog veel meer kunstgroenten, waaronder nep tros tomaten, verkijgbaar bij Decofoodshop.\",\"breadcrumb\":{\"@id\":\"https:\\\/\\\/decofoodshop.nl\\\/product\\\/imitatie-tomaten-set\\\/#breadcrumb\"},\"inLanguage\":\"de\",\"potentialAction\":[{\"@type\":\"ReadAction\",\"target\":[\"https:\\\/\\\/decofoodshop.nl\\\/product\\\/imitatie-tomaten-set\\\/\"]}]},{\"@type\":\"ImageObject\",\"inLanguage\":\"de\",\"@id\":\"https:\\\/\\\/decofoodshop.nl\\\/product\\\/imitatie-tomaten-set\\\/#primaryimage\",\"url\":\"https:\\\/\\\/decofoodshop.nl\\\/wp-content\\\/uploads\\\/2019\\\/10\\\/Imitatie-Tomaten-Set-1.jpg\",\"contentUrl\":\"https:\\\/\\\/decofoodshop.nl\\\/wp-content\\\/uploads\\\/2019\\\/10\\\/Imitatie-Tomaten-Set-1.jpg\",\"width\":1244,\"height\":1244,\"caption\":\"imitatie tomaten set\"},{\"@type\":\"BreadcrumbList\",\"@id\":\"https:\\\/\\\/decofoodshop.nl\\\/product\\\/imitatie-tomaten-set\\\/#breadcrumb\",\"itemListElement\":[{\"@type\":\"ListItem\",\"position\":1,\"name\":\"Home\",\"item\":\"https:\\\/\\\/decofoodshop.nl\\\/\"},{\"@type\":\"ListItem\",\"position\":2,\"name\":\"Winkel\",\"item\":\"https:\\\/\\\/decofoodshop.nl\\\/winkel\\\/\"},{\"@type\":\"ListItem\",\"position\":3,\"name\":\"Imitatie Tomaten Set\"}]},{\"@type\":\"WebSite\",\"@id\":\"https:\\\/\\\/decofoodshop.nl\\\/#website\",\"url\":\"https:\\\/\\\/decofoodshop.nl\\\/\",\"name\":\"Decofoodshop\",\"description\":\"\",\"potentialAction\":[{\"@type\":\"SearchAction\",\"target\":{\"@type\":\"EntryPoint\",\"urlTemplate\":\"https:\\\/\\\/decofoodshop.nl\\\/?s={search_term_string}\"},\"query-input\":{\"@type\":\"PropertyValueSpecification\",\"valueRequired\":true,\"valueName\":\"search_term_string\"}}],\"inLanguage\":\"de\"}]}<\/script>\n<!-- \/ Yoast SEO Premium plugin. -->","yoast_head_json":{"title":"Imitation Tomato Set geeignet als Dekoration bei - Decofoodshop","description":"Wundersch\u00f6nes Set mit 2 Imitationstomaten. Viele weitere Kunstgem\u00fcsesorten, darunter k\u00fcnstliche Tomatenstr\u00e4ucher, sind bei Decofoodshop erh\u00e4ltlich.","robots":{"index":"index","follow":"follow","max-snippet":"max-snippet:-1","max-image-preview":"max-image-preview:large","max-video-preview":"max-video-preview:-1"},"canonical":"https:\/\/decofoodshop.nl\/de\/produkt\/tomaten-imitat-set\/","og_locale":"de_DE","og_type":"article","og_title":"Imitatie Tomaten Set","og_description":"Prachtige Set van 2 Imitatie Tomaten. Nog veel meer kunstgroenten, waaronder nep tros tomaten, verkijgbaar bij Decofoodshop.","og_url":"https:\/\/decofoodshop.nl\/de\/produkt\/tomaten-imitat-set\/","og_site_name":"Decofoodshop","article_modified_time":"2026-04-02T07:55:28+00:00","og_image":[{"width":1244,"height":1244,"url":"https:\/\/decofoodshop.nl\/wp-content\/uploads\/2019\/10\/Imitatie-Tomaten-Set-1.jpg","type":"image\/jpeg"}],"twitter_card":"summary_large_image","twitter_misc":{"Gesch\u00e4tzte Lesezeit":"1\u00a0Minute"},"schema":{"@context":"https:\/\/schema.org","@graph":[{"@type":"WebPage","@id":"https:\/\/decofoodshop.nl\/product\/imitatie-tomaten-set\/","url":"https:\/\/decofoodshop.nl\/product\/imitatie-tomaten-set\/","name":"Imitation Tomato Set geeignet als Dekoration bei - Decofoodshop","isPartOf":{"@id":"https:\/\/decofoodshop.nl\/#website"},"primaryImageOfPage":{"@id":"https:\/\/decofoodshop.nl\/product\/imitatie-tomaten-set\/#primaryimage"},"image":{"@id":"https:\/\/decofoodshop.nl\/product\/imitatie-tomaten-set\/#primaryimage"},"thumbnailUrl":"https:\/\/decofoodshop.nl\/wp-content\/uploads\/2019\/10\/Imitatie-Tomaten-Set-1.jpg","datePublished":"2019-10-14T09:13:19+00:00","dateModified":"2026-04-02T07:55:28+00:00","description":"Wundersch\u00f6nes Set mit 2 Imitationstomaten. Viele weitere Kunstgem\u00fcsesorten, darunter k\u00fcnstliche Tomatenstr\u00e4ucher, sind bei Decofoodshop erh\u00e4ltlich.","breadcrumb":{"@id":"https:\/\/decofoodshop.nl\/product\/imitatie-tomaten-set\/#breadcrumb"},"inLanguage":"de","potentialAction":[{"@type":"ReadAction","target":["https:\/\/decofoodshop.nl\/product\/imitatie-tomaten-set\/"]}]},{"@type":"ImageObject","inLanguage":"de","@id":"https:\/\/decofoodshop.nl\/product\/imitatie-tomaten-set\/#primaryimage","url":"https:\/\/decofoodshop.nl\/wp-content\/uploads\/2019\/10\/Imitatie-Tomaten-Set-1.jpg","contentUrl":"https:\/\/decofoodshop.nl\/wp-content\/uploads\/2019\/10\/Imitatie-Tomaten-Set-1.jpg","width":1244,"height":1244,"caption":"imitatie tomaten set"},{"@type":"BreadcrumbList","@id":"https:\/\/decofoodshop.nl\/product\/imitatie-tomaten-set\/#breadcrumb","itemListElement":[{"@type":"ListItem","position":1,"name":"Home","item":"https:\/\/decofoodshop.nl\/"},{"@type":"ListItem","position":2,"name":"Winkel","item":"https:\/\/decofoodshop.nl\/winkel\/"},{"@type":"ListItem","position":3,"name":"Imitatie Tomaten Set"}]},{"@type":"WebSite","@id":"https:\/\/decofoodshop.nl\/#website","url":"https:\/\/decofoodshop.nl\/","name":"Dekofoodshop","description":"","potentialAction":[{"@type":"SearchAction","target":{"@type":"EntryPoint","urlTemplate":"https:\/\/decofoodshop.nl\/?s={search_term_string}"},"query-input":{"@type":"PropertyValueSpecification","valueRequired":true,"valueName":"search_term_string"}}],"inLanguage":"de"}]}},"_links":{"self":[{"href":"https:\/\/decofoodshop.nl\/de\/wp-json\/wp\/v2\/product\/1150","targetHints":{"allow":["GET"]}}],"collection":[{"href":"https:\/\/decofoodshop.nl\/de\/wp-json\/wp\/v2\/product"}],"about":[{"href":"https:\/\/decofoodshop.nl\/de\/wp-json\/wp\/v2\/types\/product"}],"wp:featuredmedia":[{"embeddable":true,"href":"https:\/\/decofoodshop.nl\/de\/wp-json\/wp\/v2\/media\/1412"}],"wp:attachment":[{"href":"https:\/\/decofoodshop.nl\/de\/wp-json\/wp\/v2\/media?parent=1150"}],"wp:term":[{"taxonomy":"product_brand","embeddable":true,"href":"https:\/\/decofoodshop.nl\/de\/wp-json\/wp\/v2\/product_brand?post=1150"},{"taxonomy":"product_cat","embeddable":true,"href":"https:\/\/decofoodshop.nl\/de\/wp-json\/wp\/v2\/product_cat?post=1150"},{"taxonomy":"product_tag","embeddable":true,"href":"https:\/\/decofoodshop.nl\/de\/wp-json\/wp\/v2\/product_tag?post=1150"}],"curies":[{"name":"wp","href":"https:\/\/api.w.org\/{rel}","templated":true}]}}