{"id":1157,"date":"2019-10-14T10:27:42","date_gmt":"2019-10-14T10:27:42","guid":{"rendered":"https:\/\/decofoodshop.nl\/?post_type=product&#038;p=1157"},"modified":"2026-04-02T09:55:28","modified_gmt":"2026-04-02T07:55:28","slug":"imitation-truss-tomato-string","status":"publish","type":"product","link":"https:\/\/decofoodshop.nl\/de\/product\/imitatie-tros-tomaten-streng\/","title":{"rendered":"Nachgemachte Strauchtomaten-Schnur"},"content":{"rendered":"<p>Dieses sch\u00f6ne Tomatenimitat ist \u00e4u\u00dferst dekorativ.<\/p>\n<p>Jeder k\u00fcnstliche Tomatenstrang enth\u00e4lt 9 Tomaten.<\/p>\n<p>Die Ziertomaten haben einen Durchmesser von 4 cm. pro Einheit.<\/p>\n<p>Die k\u00fcnstlichen Tomaten sind mit einem sch\u00f6nen langen Stiel verbunden.<\/p>\n<p>Sehr aufwendig detailliert, wodurch ein nat\u00fcrliches Erscheinungsbild entsteht.<\/p>\n<p>Sie k\u00f6nnen auch nach k\u00fcnstlichen Fr\u00fcchten suchen<span style=\"color: #008000;\"> <a style=\"color: #008000;\" href=\"https:\/\/decofoodshop.nl\/de\/produktkategorie-2\/kunstliche-fruchte\/\">&#8216;<strong>k\u00fcnstliche Fr\u00fcchte<\/strong>&#8216;<\/a>.<\/span><\/p>","protected":false},"excerpt":{"rendered":"<p>Deze prachtige imitatie tros tomaten streng is uiterst decoratief. Elke kunst tomaten streng bevat 9 tomaatjes. De siertomaten hebben een diameter van 4 cm. per stuk. De nep tomaatjes zijn verbonden met een mooie lange steel. Zeer uitgebreid gedetailleerd waardoor er een natuurlijk uiterlijk ontstaat. Ook voor kunstfruit kunt kijken bij &#8216;Kunstfruit&#8216;.<\/p>","protected":false},"featured_media":1409,"template":"","meta":{"_acf_changed":false,"_genesis_hide_title":false,"_genesis_hide_breadcrumbs":false,"_genesis_hide_singular_image":false,"_genesis_hide_footer_widgets":false,"_genesis_custom_body_class":"","_genesis_custom_post_class":"","_genesis_layout":""},"product_brand":[],"product_cat":[48],"product_tag":[],"class_list":{"0":"post-1157","1":"product","2":"type-product","3":"status-publish","4":"has-post-thumbnail","6":"product_cat-kunstgroenten","7":"entry","8":"wpx-has-gallery","10":"first","11":"instock","12":"taxable","13":"shipping-taxable","14":"purchasable","15":"product-type-simple"},"acf":[],"yoast_head":"<!-- This site is optimized with the Yoast SEO Premium plugin v27.3 (Yoast SEO v27.3) - https:\/\/yoast.com\/product\/yoast-seo-premium-wordpress\/ -->\n<title>Imitatie Tros Tomaten Streng verkrijgbaar bij - Decofoodshop<\/title>\n<meta name=\"description\" content=\"Deze prachtige Imitatie Tros Tomaten Streng is 1 van de vele prachtige namaak kunstgroenten verkrijgbaar bij Decofoodshop\" \/>\n<meta name=\"robots\" content=\"index, follow, max-snippet:-1, max-image-preview:large, max-video-preview:-1\" \/>\n<link rel=\"canonical\" href=\"https:\/\/decofoodshop.nl\/de\/produkt\/imitation-truss-tomato-string\/\" \/>\n<meta property=\"og:locale\" content=\"de_DE\" \/>\n<meta property=\"og:type\" content=\"article\" \/>\n<meta property=\"og:title\" content=\"Imitatie Tros Tomaten Streng\" \/>\n<meta property=\"og:description\" content=\"Deze prachtige Imitatie Tros Tomaten Streng is 1 van de vele prachtige namaak kunstgroenten verkrijgbaar bij Decofoodshop\" \/>\n<meta property=\"og:url\" content=\"https:\/\/decofoodshop.nl\/de\/produkt\/imitation-truss-tomato-string\/\" \/>\n<meta property=\"og:site_name\" content=\"Decofoodshop\" \/>\n<meta property=\"article:modified_time\" content=\"2026-04-02T07:55:28+00:00\" \/>\n<meta property=\"og:image\" content=\"https:\/\/decofoodshop.nl\/wp-content\/uploads\/2019\/10\/Imitatie-Tros-Tomaten-Streng-20cm-1.jpg\" \/>\n\t<meta property=\"og:image:width\" content=\"1444\" \/>\n\t<meta property=\"og:image:height\" content=\"1442\" \/>\n\t<meta property=\"og:image:type\" content=\"image\/jpeg\" \/>\n<meta name=\"twitter:card\" content=\"summary_large_image\" \/>\n<meta name=\"twitter:label1\" content=\"Gesch\u00e4tzte Lesezeit\" \/>\n\t<meta name=\"twitter:data1\" content=\"1\u00a0Minute\" \/>\n<script type=\"application\/ld+json\" class=\"yoast-schema-graph\">{\"@context\":\"https:\\\/\\\/schema.org\",\"@graph\":[{\"@type\":\"WebPage\",\"@id\":\"https:\\\/\\\/decofoodshop.nl\\\/product\\\/imitatie-tros-tomaten-streng\\\/\",\"url\":\"https:\\\/\\\/decofoodshop.nl\\\/product\\\/imitatie-tros-tomaten-streng\\\/\",\"name\":\"Imitatie Tros Tomaten Streng verkrijgbaar bij - Decofoodshop\",\"isPartOf\":{\"@id\":\"https:\\\/\\\/decofoodshop.nl\\\/#website\"},\"primaryImageOfPage\":{\"@id\":\"https:\\\/\\\/decofoodshop.nl\\\/product\\\/imitatie-tros-tomaten-streng\\\/#primaryimage\"},\"image\":{\"@id\":\"https:\\\/\\\/decofoodshop.nl\\\/product\\\/imitatie-tros-tomaten-streng\\\/#primaryimage\"},\"thumbnailUrl\":\"https:\\\/\\\/decofoodshop.nl\\\/wp-content\\\/uploads\\\/2019\\\/10\\\/Imitatie-Tros-Tomaten-Streng-20cm-1.jpg\",\"datePublished\":\"2019-10-14T10:27:42+00:00\",\"dateModified\":\"2026-04-02T07:55:28+00:00\",\"description\":\"Deze prachtige Imitatie Tros Tomaten Streng is 1 van de vele prachtige namaak kunstgroenten verkrijgbaar bij Decofoodshop\",\"breadcrumb\":{\"@id\":\"https:\\\/\\\/decofoodshop.nl\\\/product\\\/imitatie-tros-tomaten-streng\\\/#breadcrumb\"},\"inLanguage\":\"de\",\"potentialAction\":[{\"@type\":\"ReadAction\",\"target\":[\"https:\\\/\\\/decofoodshop.nl\\\/product\\\/imitatie-tros-tomaten-streng\\\/\"]}]},{\"@type\":\"ImageObject\",\"inLanguage\":\"de\",\"@id\":\"https:\\\/\\\/decofoodshop.nl\\\/product\\\/imitatie-tros-tomaten-streng\\\/#primaryimage\",\"url\":\"https:\\\/\\\/decofoodshop.nl\\\/wp-content\\\/uploads\\\/2019\\\/10\\\/Imitatie-Tros-Tomaten-Streng-20cm-1.jpg\",\"contentUrl\":\"https:\\\/\\\/decofoodshop.nl\\\/wp-content\\\/uploads\\\/2019\\\/10\\\/Imitatie-Tros-Tomaten-Streng-20cm-1.jpg\",\"width\":1444,\"height\":1442,\"caption\":\"imitatie tros tomaten streng 20cm\"},{\"@type\":\"BreadcrumbList\",\"@id\":\"https:\\\/\\\/decofoodshop.nl\\\/product\\\/imitatie-tros-tomaten-streng\\\/#breadcrumb\",\"itemListElement\":[{\"@type\":\"ListItem\",\"position\":1,\"name\":\"Home\",\"item\":\"https:\\\/\\\/decofoodshop.nl\\\/\"},{\"@type\":\"ListItem\",\"position\":2,\"name\":\"Winkel\",\"item\":\"https:\\\/\\\/decofoodshop.nl\\\/winkel\\\/\"},{\"@type\":\"ListItem\",\"position\":3,\"name\":\"Imitatie Tros Tomaten Streng\"}]},{\"@type\":\"WebSite\",\"@id\":\"https:\\\/\\\/decofoodshop.nl\\\/#website\",\"url\":\"https:\\\/\\\/decofoodshop.nl\\\/\",\"name\":\"Decofoodshop\",\"description\":\"\",\"potentialAction\":[{\"@type\":\"SearchAction\",\"target\":{\"@type\":\"EntryPoint\",\"urlTemplate\":\"https:\\\/\\\/decofoodshop.nl\\\/?s={search_term_string}\"},\"query-input\":{\"@type\":\"PropertyValueSpecification\",\"valueRequired\":true,\"valueName\":\"search_term_string\"}}],\"inLanguage\":\"de\"}]}<\/script>\n<!-- \/ Yoast SEO Premium plugin. -->","yoast_head_json":{"title":"Nachgemachte Strauchtomatenschnur erh\u00e4ltlich bei - Decofoodshop","description":"Diese sch\u00f6ne Imitation Truss Tomato String ist eines der vielen sch\u00f6nen k\u00fcnstlichen Gem\u00fcsegem\u00fcse, die bei Decofoodshop erh\u00e4ltlich sind","robots":{"index":"index","follow":"follow","max-snippet":"max-snippet:-1","max-image-preview":"max-image-preview:large","max-video-preview":"max-video-preview:-1"},"canonical":"https:\/\/decofoodshop.nl\/de\/produkt\/imitation-truss-tomato-string\/","og_locale":"de_DE","og_type":"article","og_title":"Imitatie Tros Tomaten Streng","og_description":"Deze prachtige Imitatie Tros Tomaten Streng is 1 van de vele prachtige namaak kunstgroenten verkrijgbaar bij Decofoodshop","og_url":"https:\/\/decofoodshop.nl\/de\/produkt\/imitation-truss-tomato-string\/","og_site_name":"Decofoodshop","article_modified_time":"2026-04-02T07:55:28+00:00","og_image":[{"width":1444,"height":1442,"url":"https:\/\/decofoodshop.nl\/wp-content\/uploads\/2019\/10\/Imitatie-Tros-Tomaten-Streng-20cm-1.jpg","type":"image\/jpeg"}],"twitter_card":"summary_large_image","twitter_misc":{"Gesch\u00e4tzte Lesezeit":"1\u00a0Minute"},"schema":{"@context":"https:\/\/schema.org","@graph":[{"@type":"WebPage","@id":"https:\/\/decofoodshop.nl\/product\/imitatie-tros-tomaten-streng\/","url":"https:\/\/decofoodshop.nl\/product\/imitatie-tros-tomaten-streng\/","name":"Nachgemachte Strauchtomatenschnur erh\u00e4ltlich bei - Decofoodshop","isPartOf":{"@id":"https:\/\/decofoodshop.nl\/#website"},"primaryImageOfPage":{"@id":"https:\/\/decofoodshop.nl\/product\/imitatie-tros-tomaten-streng\/#primaryimage"},"image":{"@id":"https:\/\/decofoodshop.nl\/product\/imitatie-tros-tomaten-streng\/#primaryimage"},"thumbnailUrl":"https:\/\/decofoodshop.nl\/wp-content\/uploads\/2019\/10\/Imitatie-Tros-Tomaten-Streng-20cm-1.jpg","datePublished":"2019-10-14T10:27:42+00:00","dateModified":"2026-04-02T07:55:28+00:00","description":"Diese sch\u00f6ne Imitation Truss Tomato String ist eines der vielen sch\u00f6nen k\u00fcnstlichen Gem\u00fcsegem\u00fcse, die bei Decofoodshop erh\u00e4ltlich sind","breadcrumb":{"@id":"https:\/\/decofoodshop.nl\/product\/imitatie-tros-tomaten-streng\/#breadcrumb"},"inLanguage":"de","potentialAction":[{"@type":"ReadAction","target":["https:\/\/decofoodshop.nl\/product\/imitatie-tros-tomaten-streng\/"]}]},{"@type":"ImageObject","inLanguage":"de","@id":"https:\/\/decofoodshop.nl\/product\/imitatie-tros-tomaten-streng\/#primaryimage","url":"https:\/\/decofoodshop.nl\/wp-content\/uploads\/2019\/10\/Imitatie-Tros-Tomaten-Streng-20cm-1.jpg","contentUrl":"https:\/\/decofoodshop.nl\/wp-content\/uploads\/2019\/10\/Imitatie-Tros-Tomaten-Streng-20cm-1.jpg","width":1444,"height":1442,"caption":"imitatie tros tomaten streng 20cm"},{"@type":"BreadcrumbList","@id":"https:\/\/decofoodshop.nl\/product\/imitatie-tros-tomaten-streng\/#breadcrumb","itemListElement":[{"@type":"ListItem","position":1,"name":"Home","item":"https:\/\/decofoodshop.nl\/"},{"@type":"ListItem","position":2,"name":"Winkel","item":"https:\/\/decofoodshop.nl\/winkel\/"},{"@type":"ListItem","position":3,"name":"Imitatie Tros Tomaten Streng"}]},{"@type":"WebSite","@id":"https:\/\/decofoodshop.nl\/#website","url":"https:\/\/decofoodshop.nl\/","name":"Dekofoodshop","description":"","potentialAction":[{"@type":"SearchAction","target":{"@type":"EntryPoint","urlTemplate":"https:\/\/decofoodshop.nl\/?s={search_term_string}"},"query-input":{"@type":"PropertyValueSpecification","valueRequired":true,"valueName":"search_term_string"}}],"inLanguage":"de"}]}},"_links":{"self":[{"href":"https:\/\/decofoodshop.nl\/de\/wp-json\/wp\/v2\/product\/1157","targetHints":{"allow":["GET"]}}],"collection":[{"href":"https:\/\/decofoodshop.nl\/de\/wp-json\/wp\/v2\/product"}],"about":[{"href":"https:\/\/decofoodshop.nl\/de\/wp-json\/wp\/v2\/types\/product"}],"wp:featuredmedia":[{"embeddable":true,"href":"https:\/\/decofoodshop.nl\/de\/wp-json\/wp\/v2\/media\/1409"}],"wp:attachment":[{"href":"https:\/\/decofoodshop.nl\/de\/wp-json\/wp\/v2\/media?parent=1157"}],"wp:term":[{"taxonomy":"product_brand","embeddable":true,"href":"https:\/\/decofoodshop.nl\/de\/wp-json\/wp\/v2\/product_brand?post=1157"},{"taxonomy":"product_cat","embeddable":true,"href":"https:\/\/decofoodshop.nl\/de\/wp-json\/wp\/v2\/product_cat?post=1157"},{"taxonomy":"product_tag","embeddable":true,"href":"https:\/\/decofoodshop.nl\/de\/wp-json\/wp\/v2\/product_tag?post=1157"}],"curies":[{"name":"wp","href":"https:\/\/api.w.org\/{rel}","templated":true}]}}