{"id":1219,"date":"2019-10-23T07:42:50","date_gmt":"2019-10-23T07:42:50","guid":{"rendered":"https:\/\/decofoodshop.nl\/?post_type=product&#038;p=1219"},"modified":"2026-03-27T17:36:00","modified_gmt":"2026-03-27T16:36:00","slug":"gefalschte-rube","status":"publish","type":"product","link":"https:\/\/decofoodshop.nl\/de\/product\/namaak-biet\/","title":{"rendered":"Gef\u00e4lschte R\u00fcbe"},"content":{"rendered":"<p><span style=\"color: #000000;\">Diese sch\u00f6ne gef\u00e4lschte R\u00fcbe ist \u00e4u\u00dferst dekorativ.<\/span><\/p>\n<p>Die Bl\u00e4tter haben eine sch\u00f6ne, hellgr\u00fcne Maserung f\u00fcr ein nat\u00fcrliches Aussehen.<\/p>\n<p>Mit vielen Details versehen, sowohl am unteren als auch am oberen Rand der gef\u00e4lschten R\u00fcbe.<\/p>\n<p>Die Farb\u00fcberg\u00e4nge von Pink zu Rot sorgen f\u00fcr ein realistisches Aussehen.<\/p>\n<p>Schauen Sie sich auch unsere an<span style=\"color: #008000;\"> <a style=\"color: #008000;\" href=\"https:\/\/decofoodshop.nl\/de\/produktkategorie-2\/pakete\/\">&#8216;<strong>Pakete<\/strong>&#8216;<\/a> <\/span>f\u00fcr eine breite Palette verschiedener gef\u00e4lschter Lebensmittel.<\/p>","protected":false},"excerpt":{"rendered":"<p>Deze prachtige namaak biet is uiterst decoratief. De bladeren hebben een prachtige, licht groene nerf voor een natuurgetrouwe uitstraling. Voorzien van veel detail, zowel aan de onderkant als aan de bovenkant van de nepbiet. De kleur loopt over van roze naar rood voor een realistische uitstraling. Kijk ook bij onze &#8216;Pakketten&#8216; voor een breed aanbod [&hellip;]<\/p>\n","protected":false},"featured_media":1292,"template":"","meta":{"_acf_changed":false,"_genesis_hide_title":false,"_genesis_hide_breadcrumbs":false,"_genesis_hide_singular_image":false,"_genesis_hide_footer_widgets":false,"_genesis_custom_body_class":"","_genesis_custom_post_class":"","_genesis_layout":""},"product_brand":[],"product_cat":[48],"product_tag":[],"class_list":{"0":"post-1219","1":"product","2":"type-product","3":"status-publish","4":"has-post-thumbnail","6":"product_cat-kunstgroenten","7":"entry","8":"wpx-has-gallery","10":"first","11":"instock","12":"taxable","13":"shipping-taxable","14":"purchasable","15":"product-type-simple"},"acf":[],"yoast_head":"<!-- This site is optimized with the Yoast SEO Premium plugin v27.3 (Yoast SEO v27.3) - https:\/\/yoast.com\/product\/yoast-seo-premium-wordpress\/ -->\n<title>Realistische Namaak Biet Verkrijgbaar bij - Decofoodshop<\/title>\n<meta name=\"description\" content=\"Prachtige namaak biet en nog veel meer kunst fruit, namak groente en nep vis verkijgbaar bij onze veelzeidige webwinkel: Decofoodshop.\" \/>\n<meta name=\"robots\" content=\"index, follow, max-snippet:-1, max-image-preview:large, max-video-preview:-1\" \/>\n<link rel=\"canonical\" href=\"https:\/\/decofoodshop.nl\/de\/produkt\/gefalschte-rube\/\" \/>\n<meta property=\"og:locale\" content=\"de_DE\" \/>\n<meta property=\"og:type\" content=\"article\" \/>\n<meta property=\"og:title\" content=\"Namaak Biet\" \/>\n<meta property=\"og:description\" content=\"Prachtige namaak biet en nog veel meer kunst fruit, namak groente en nep vis verkijgbaar bij onze veelzeidige webwinkel: Decofoodshop.\" \/>\n<meta property=\"og:url\" content=\"https:\/\/decofoodshop.nl\/de\/produkt\/gefalschte-rube\/\" \/>\n<meta property=\"og:site_name\" content=\"Decofoodshop\" \/>\n<meta property=\"article:modified_time\" content=\"2026-03-27T16:36:00+00:00\" \/>\n<meta property=\"og:image\" content=\"https:\/\/decofoodshop.nl\/wp-content\/uploads\/2019\/10\/Namaak-Biet.jpg\" \/>\n\t<meta property=\"og:image:width\" content=\"999\" \/>\n\t<meta property=\"og:image:height\" content=\"999\" \/>\n\t<meta property=\"og:image:type\" content=\"image\/jpeg\" \/>\n<meta name=\"twitter:card\" content=\"summary_large_image\" \/>\n<meta name=\"twitter:label1\" content=\"Gesch\u00e4tzte Lesezeit\" \/>\n\t<meta name=\"twitter:data1\" content=\"1\u00a0Minute\" \/>\n<script type=\"application\/ld+json\" class=\"yoast-schema-graph\">{\"@context\":\"https:\\\/\\\/schema.org\",\"@graph\":[{\"@type\":\"WebPage\",\"@id\":\"https:\\\/\\\/decofoodshop.nl\\\/product\\\/namaak-biet\\\/\",\"url\":\"https:\\\/\\\/decofoodshop.nl\\\/product\\\/namaak-biet\\\/\",\"name\":\"Realistische Namaak Biet Verkrijgbaar bij - Decofoodshop\",\"isPartOf\":{\"@id\":\"https:\\\/\\\/decofoodshop.nl\\\/#website\"},\"primaryImageOfPage\":{\"@id\":\"https:\\\/\\\/decofoodshop.nl\\\/product\\\/namaak-biet\\\/#primaryimage\"},\"image\":{\"@id\":\"https:\\\/\\\/decofoodshop.nl\\\/product\\\/namaak-biet\\\/#primaryimage\"},\"thumbnailUrl\":\"https:\\\/\\\/decofoodshop.nl\\\/wp-content\\\/uploads\\\/2019\\\/10\\\/Namaak-Biet.jpg\",\"datePublished\":\"2019-10-23T07:42:50+00:00\",\"dateModified\":\"2026-03-27T16:36:00+00:00\",\"description\":\"Prachtige namaak biet en nog veel meer kunst fruit, namak groente en nep vis verkijgbaar bij onze veelzeidige webwinkel: Decofoodshop.\",\"breadcrumb\":{\"@id\":\"https:\\\/\\\/decofoodshop.nl\\\/product\\\/namaak-biet\\\/#breadcrumb\"},\"inLanguage\":\"de\",\"potentialAction\":[{\"@type\":\"ReadAction\",\"target\":[\"https:\\\/\\\/decofoodshop.nl\\\/product\\\/namaak-biet\\\/\"]}]},{\"@type\":\"ImageObject\",\"inLanguage\":\"de\",\"@id\":\"https:\\\/\\\/decofoodshop.nl\\\/product\\\/namaak-biet\\\/#primaryimage\",\"url\":\"https:\\\/\\\/decofoodshop.nl\\\/wp-content\\\/uploads\\\/2019\\\/10\\\/Namaak-Biet.jpg\",\"contentUrl\":\"https:\\\/\\\/decofoodshop.nl\\\/wp-content\\\/uploads\\\/2019\\\/10\\\/Namaak-Biet.jpg\",\"width\":999,\"height\":999,\"caption\":\"Namaak Biet\"},{\"@type\":\"BreadcrumbList\",\"@id\":\"https:\\\/\\\/decofoodshop.nl\\\/product\\\/namaak-biet\\\/#breadcrumb\",\"itemListElement\":[{\"@type\":\"ListItem\",\"position\":1,\"name\":\"Home\",\"item\":\"https:\\\/\\\/decofoodshop.nl\\\/\"},{\"@type\":\"ListItem\",\"position\":2,\"name\":\"Winkel\",\"item\":\"https:\\\/\\\/decofoodshop.nl\\\/winkel\\\/\"},{\"@type\":\"ListItem\",\"position\":3,\"name\":\"Namaak Biet\"}]},{\"@type\":\"WebSite\",\"@id\":\"https:\\\/\\\/decofoodshop.nl\\\/#website\",\"url\":\"https:\\\/\\\/decofoodshop.nl\\\/\",\"name\":\"Decofoodshop\",\"description\":\"\",\"potentialAction\":[{\"@type\":\"SearchAction\",\"target\":{\"@type\":\"EntryPoint\",\"urlTemplate\":\"https:\\\/\\\/decofoodshop.nl\\\/?s={search_term_string}\"},\"query-input\":{\"@type\":\"PropertyValueSpecification\",\"valueRequired\":true,\"valueName\":\"search_term_string\"}}],\"inLanguage\":\"de\"}]}<\/script>\n<!-- \/ Yoast SEO Premium plugin. -->","yoast_head_json":{"title":"Realistische gef\u00e4lschte R\u00fcben Erh\u00e4ltlich bei - Decofoodshop","description":"Sch\u00f6ne k\u00fcnstliche Rote Bete und viel mehr k\u00fcnstliches Obst, k\u00fcnstliches Gem\u00fcse und gef\u00e4lschter Fisch sind in unserem vielseitigen Webshop erh\u00e4ltlich: Decofoodshop.","robots":{"index":"index","follow":"follow","max-snippet":"max-snippet:-1","max-image-preview":"max-image-preview:large","max-video-preview":"max-video-preview:-1"},"canonical":"https:\/\/decofoodshop.nl\/de\/produkt\/gefalschte-rube\/","og_locale":"de_DE","og_type":"article","og_title":"Namaak Biet","og_description":"Prachtige namaak biet en nog veel meer kunst fruit, namak groente en nep vis verkijgbaar bij onze veelzeidige webwinkel: Decofoodshop.","og_url":"https:\/\/decofoodshop.nl\/de\/produkt\/gefalschte-rube\/","og_site_name":"Decofoodshop","article_modified_time":"2026-03-27T16:36:00+00:00","og_image":[{"width":999,"height":999,"url":"https:\/\/decofoodshop.nl\/wp-content\/uploads\/2019\/10\/Namaak-Biet.jpg","type":"image\/jpeg"}],"twitter_card":"summary_large_image","twitter_misc":{"Gesch\u00e4tzte Lesezeit":"1\u00a0Minute"},"schema":{"@context":"https:\/\/schema.org","@graph":[{"@type":"WebPage","@id":"https:\/\/decofoodshop.nl\/product\/namaak-biet\/","url":"https:\/\/decofoodshop.nl\/product\/namaak-biet\/","name":"Realistische gef\u00e4lschte R\u00fcben Erh\u00e4ltlich bei - Decofoodshop","isPartOf":{"@id":"https:\/\/decofoodshop.nl\/#website"},"primaryImageOfPage":{"@id":"https:\/\/decofoodshop.nl\/product\/namaak-biet\/#primaryimage"},"image":{"@id":"https:\/\/decofoodshop.nl\/product\/namaak-biet\/#primaryimage"},"thumbnailUrl":"https:\/\/decofoodshop.nl\/wp-content\/uploads\/2019\/10\/Namaak-Biet.jpg","datePublished":"2019-10-23T07:42:50+00:00","dateModified":"2026-03-27T16:36:00+00:00","description":"Sch\u00f6ne k\u00fcnstliche Rote Bete und viel mehr k\u00fcnstliches Obst, k\u00fcnstliches Gem\u00fcse und gef\u00e4lschter Fisch sind in unserem vielseitigen Webshop erh\u00e4ltlich: Decofoodshop.","breadcrumb":{"@id":"https:\/\/decofoodshop.nl\/product\/namaak-biet\/#breadcrumb"},"inLanguage":"de","potentialAction":[{"@type":"ReadAction","target":["https:\/\/decofoodshop.nl\/product\/namaak-biet\/"]}]},{"@type":"ImageObject","inLanguage":"de","@id":"https:\/\/decofoodshop.nl\/product\/namaak-biet\/#primaryimage","url":"https:\/\/decofoodshop.nl\/wp-content\/uploads\/2019\/10\/Namaak-Biet.jpg","contentUrl":"https:\/\/decofoodshop.nl\/wp-content\/uploads\/2019\/10\/Namaak-Biet.jpg","width":999,"height":999,"caption":"Namaak Biet"},{"@type":"BreadcrumbList","@id":"https:\/\/decofoodshop.nl\/product\/namaak-biet\/#breadcrumb","itemListElement":[{"@type":"ListItem","position":1,"name":"Home","item":"https:\/\/decofoodshop.nl\/"},{"@type":"ListItem","position":2,"name":"Winkel","item":"https:\/\/decofoodshop.nl\/winkel\/"},{"@type":"ListItem","position":3,"name":"Namaak Biet"}]},{"@type":"WebSite","@id":"https:\/\/decofoodshop.nl\/#website","url":"https:\/\/decofoodshop.nl\/","name":"Dekofoodshop","description":"","potentialAction":[{"@type":"SearchAction","target":{"@type":"EntryPoint","urlTemplate":"https:\/\/decofoodshop.nl\/?s={search_term_string}"},"query-input":{"@type":"PropertyValueSpecification","valueRequired":true,"valueName":"search_term_string"}}],"inLanguage":"de"}]}},"_links":{"self":[{"href":"https:\/\/decofoodshop.nl\/de\/wp-json\/wp\/v2\/product\/1219","targetHints":{"allow":["GET"]}}],"collection":[{"href":"https:\/\/decofoodshop.nl\/de\/wp-json\/wp\/v2\/product"}],"about":[{"href":"https:\/\/decofoodshop.nl\/de\/wp-json\/wp\/v2\/types\/product"}],"wp:featuredmedia":[{"embeddable":true,"href":"https:\/\/decofoodshop.nl\/de\/wp-json\/wp\/v2\/media\/1292"}],"wp:attachment":[{"href":"https:\/\/decofoodshop.nl\/de\/wp-json\/wp\/v2\/media?parent=1219"}],"wp:term":[{"taxonomy":"product_brand","embeddable":true,"href":"https:\/\/decofoodshop.nl\/de\/wp-json\/wp\/v2\/product_brand?post=1219"},{"taxonomy":"product_cat","embeddable":true,"href":"https:\/\/decofoodshop.nl\/de\/wp-json\/wp\/v2\/product_cat?post=1219"},{"taxonomy":"product_tag","embeddable":true,"href":"https:\/\/decofoodshop.nl\/de\/wp-json\/wp\/v2\/product_tag?post=1219"}],"curies":[{"name":"wp","href":"https:\/\/api.w.org\/{rel}","templated":true}]}}