{"id":1226,"date":"2019-10-23T08:08:37","date_gmt":"2019-10-23T08:08:37","guid":{"rendered":"https:\/\/decofoodshop.nl\/?post_type=product&#038;p=1226"},"modified":"2026-04-09T14:21:02","modified_gmt":"2026-04-09T12:21:02","slug":"gefalschter-sellerie","status":"publish","type":"product","link":"https:\/\/decofoodshop.nl\/de\/product\/namaak-bleekselderij\/","title":{"rendered":"Falscher Sellerie"},"content":{"rendered":"<p>Unglaublich detaillierter gef\u00e4lschter Sellerie.<\/p>\n<p>Schwer im Gewicht, flexibel und ein sch\u00f6ner \u00dcbergang von Wei\u00df zu Hellgr\u00fcn.<\/p>\n<p>Die Bl\u00e4tter dieses Ziersellerie sind sehr naturgetreu und haben zudem eine sch\u00f6n detaillierte Maserung.<\/p>\n<p>Ein Gesamtbild einer sehr realistischen Selleriekunst.<\/p>\n<p>Auch anschauen<span style=\"color: #008000;\"> <a style=\"color: #008000;\" href=\"https:\/\/decofoodshop.nl\/de\/produktkategorie-2\/kunstliches-gemuse\/\">&#8216;<strong>k\u00fcnstliches Gem\u00fcse<\/strong><\/a> <\/span>f\u00fcr realistischeres k\u00fcnstliches Gem\u00fcse.<\/p>\n<p>&nbsp;<\/p>","protected":false},"excerpt":{"rendered":"<p>Unglaublich detaillierter gef\u00e4lschter Sellerie. Schwer im Gewicht, flexibel und ein sch\u00f6ner \u00dcbergang von Wei\u00df zu Hellgr\u00fcn. Die Bl\u00e4tter dieses Ziersellerie sind sehr realistisch und haben auch eine sch\u00f6n detaillierte Maserung. Ein Gesamtbild einer sehr realistischen Selleriekunst. Sehen Sie sich auch \u201eK\u00fcnstliches Gem\u00fcse\u201c an, um realistischeres gef\u00e4lschtes Gem\u00fcse zu finden. &nbsp;<\/p>","protected":false},"featured_media":1406,"template":"","meta":{"_acf_changed":false,"_genesis_hide_title":false,"_genesis_hide_breadcrumbs":false,"_genesis_hide_singular_image":false,"_genesis_hide_footer_widgets":false,"_genesis_custom_body_class":"","_genesis_custom_post_class":"","_genesis_layout":""},"product_brand":[],"product_cat":[48],"product_tag":[],"class_list":{"0":"post-1226","1":"product","2":"type-product","3":"status-publish","4":"has-post-thumbnail","6":"product_cat-kunstgroenten","7":"entry","8":"wpx-has-gallery","10":"first","11":"instock","12":"taxable","13":"shipping-taxable","14":"purchasable","15":"product-type-simple"},"acf":[],"yoast_head":"<!-- This site is optimized with the Yoast SEO Premium plugin v27.4 (Yoast SEO v27.4) - https:\/\/yoast.com\/product\/yoast-seo-premium-wordpress\/ -->\n<title>Namaak Bleekselderij Verkrijgbaar bij - Decofoodshop<\/title>\n<meta name=\"description\" content=\"Super realistische namaak bleekselderij! Uiterst decoratief. Op zoek naar kunstgroenten en kunstfruit? Kijk eens bij Decofoodshop.\" \/>\n<meta name=\"robots\" content=\"index, follow, max-snippet:-1, max-image-preview:large, max-video-preview:-1\" \/>\n<link rel=\"canonical\" href=\"https:\/\/decofoodshop.nl\/de\/produkt\/gefalschter-sellerie\/\" \/>\n<meta property=\"og:locale\" content=\"de_DE\" \/>\n<meta property=\"og:type\" content=\"article\" \/>\n<meta property=\"og:title\" content=\"Namaak Bleekselderij\" \/>\n<meta property=\"og:description\" content=\"Super realistische namaak bleekselderij! Uiterst decoratief. Op zoek naar kunstgroenten en kunstfruit? Kijk eens bij Decofoodshop.\" \/>\n<meta property=\"og:url\" content=\"https:\/\/decofoodshop.nl\/de\/produkt\/gefalschter-sellerie\/\" \/>\n<meta property=\"og:site_name\" content=\"Decofoodshop\" \/>\n<meta property=\"article:modified_time\" content=\"2026-04-09T12:21:02+00:00\" \/>\n<meta property=\"og:image\" content=\"https:\/\/decofoodshop.nl\/wp-content\/uploads\/2019\/10\/Namaak-Bleekselderij-30cm-test-1.jpg\" \/>\n\t<meta property=\"og:image:width\" content=\"836\" \/>\n\t<meta property=\"og:image:height\" content=\"837\" \/>\n\t<meta property=\"og:image:type\" content=\"image\/jpeg\" \/>\n<meta name=\"twitter:card\" content=\"summary_large_image\" \/>\n<meta name=\"twitter:label1\" content=\"Gesch\u00e4tzte Lesezeit\" \/>\n\t<meta name=\"twitter:data1\" content=\"1\u00a0Minute\" \/>\n<script type=\"application\/ld+json\" class=\"yoast-schema-graph\">{\"@context\":\"https:\\\/\\\/schema.org\",\"@graph\":[{\"@type\":\"WebPage\",\"@id\":\"https:\\\/\\\/decofoodshop.nl\\\/product\\\/namaak-bleekselderij\\\/\",\"url\":\"https:\\\/\\\/decofoodshop.nl\\\/product\\\/namaak-bleekselderij\\\/\",\"name\":\"Namaak Bleekselderij Verkrijgbaar bij - Decofoodshop\",\"isPartOf\":{\"@id\":\"https:\\\/\\\/decofoodshop.nl\\\/#website\"},\"primaryImageOfPage\":{\"@id\":\"https:\\\/\\\/decofoodshop.nl\\\/product\\\/namaak-bleekselderij\\\/#primaryimage\"},\"image\":{\"@id\":\"https:\\\/\\\/decofoodshop.nl\\\/product\\\/namaak-bleekselderij\\\/#primaryimage\"},\"thumbnailUrl\":\"https:\\\/\\\/decofoodshop.nl\\\/wp-content\\\/uploads\\\/2019\\\/10\\\/Namaak-Bleekselderij-30cm-test-1.jpg\",\"datePublished\":\"2019-10-23T08:08:37+00:00\",\"dateModified\":\"2026-04-09T12:21:02+00:00\",\"description\":\"Super realistische namaak bleekselderij! Uiterst decoratief. Op zoek naar kunstgroenten en kunstfruit? Kijk eens bij Decofoodshop.\",\"breadcrumb\":{\"@id\":\"https:\\\/\\\/decofoodshop.nl\\\/product\\\/namaak-bleekselderij\\\/#breadcrumb\"},\"inLanguage\":\"de\",\"potentialAction\":[{\"@type\":\"ReadAction\",\"target\":[\"https:\\\/\\\/decofoodshop.nl\\\/product\\\/namaak-bleekselderij\\\/\"]}]},{\"@type\":\"ImageObject\",\"inLanguage\":\"de\",\"@id\":\"https:\\\/\\\/decofoodshop.nl\\\/product\\\/namaak-bleekselderij\\\/#primaryimage\",\"url\":\"https:\\\/\\\/decofoodshop.nl\\\/wp-content\\\/uploads\\\/2019\\\/10\\\/Namaak-Bleekselderij-30cm-test-1.jpg\",\"contentUrl\":\"https:\\\/\\\/decofoodshop.nl\\\/wp-content\\\/uploads\\\/2019\\\/10\\\/Namaak-Bleekselderij-30cm-test-1.jpg\",\"width\":836,\"height\":837,\"caption\":\"namaak bleekselderij 30cm\"},{\"@type\":\"BreadcrumbList\",\"@id\":\"https:\\\/\\\/decofoodshop.nl\\\/product\\\/namaak-bleekselderij\\\/#breadcrumb\",\"itemListElement\":[{\"@type\":\"ListItem\",\"position\":1,\"name\":\"Home\",\"item\":\"https:\\\/\\\/decofoodshop.nl\\\/\"},{\"@type\":\"ListItem\",\"position\":2,\"name\":\"Winkel\",\"item\":\"https:\\\/\\\/decofoodshop.nl\\\/winkel\\\/\"},{\"@type\":\"ListItem\",\"position\":3,\"name\":\"Namaak Bleekselderij\"}]},{\"@type\":\"WebSite\",\"@id\":\"https:\\\/\\\/decofoodshop.nl\\\/#website\",\"url\":\"https:\\\/\\\/decofoodshop.nl\\\/\",\"name\":\"Decofoodshop\",\"description\":\"\",\"potentialAction\":[{\"@type\":\"SearchAction\",\"target\":{\"@type\":\"EntryPoint\",\"urlTemplate\":\"https:\\\/\\\/decofoodshop.nl\\\/?s={search_term_string}\"},\"query-input\":{\"@type\":\"PropertyValueSpecification\",\"valueRequired\":true,\"valueName\":\"search_term_string\"}}],\"inLanguage\":\"de\"}]}<\/script>\n<!-- \/ Yoast SEO Premium plugin. -->","yoast_head_json":{"title":"Gef\u00e4lschter Sellerie Erh\u00e4ltlich bei - Decofoodshop","description":"Super realistischer gef\u00e4lschter Sellerie! \u00c4u\u00dferst dekorativ. Auf der Suche nach k\u00fcnstlichem Gem\u00fcse und Obst? Schauen Sie mal bei Decofoodshop vorbei.","robots":{"index":"index","follow":"follow","max-snippet":"max-snippet:-1","max-image-preview":"max-image-preview:large","max-video-preview":"max-video-preview:-1"},"canonical":"https:\/\/decofoodshop.nl\/de\/produkt\/gefalschter-sellerie\/","og_locale":"de_DE","og_type":"article","og_title":"Namaak Bleekselderij","og_description":"Super realistische namaak bleekselderij! Uiterst decoratief. Op zoek naar kunstgroenten en kunstfruit? Kijk eens bij Decofoodshop.","og_url":"https:\/\/decofoodshop.nl\/de\/produkt\/gefalschter-sellerie\/","og_site_name":"Decofoodshop","article_modified_time":"2026-04-09T12:21:02+00:00","og_image":[{"width":836,"height":837,"url":"https:\/\/decofoodshop.nl\/wp-content\/uploads\/2019\/10\/Namaak-Bleekselderij-30cm-test-1.jpg","type":"image\/jpeg"}],"twitter_card":"summary_large_image","twitter_misc":{"Gesch\u00e4tzte Lesezeit":"1\u00a0Minute"},"schema":{"@context":"https:\/\/schema.org","@graph":[{"@type":"WebPage","@id":"https:\/\/decofoodshop.nl\/product\/namaak-bleekselderij\/","url":"https:\/\/decofoodshop.nl\/product\/namaak-bleekselderij\/","name":"Gef\u00e4lschter Sellerie Erh\u00e4ltlich bei - Decofoodshop","isPartOf":{"@id":"https:\/\/decofoodshop.nl\/#website"},"primaryImageOfPage":{"@id":"https:\/\/decofoodshop.nl\/product\/namaak-bleekselderij\/#primaryimage"},"image":{"@id":"https:\/\/decofoodshop.nl\/product\/namaak-bleekselderij\/#primaryimage"},"thumbnailUrl":"https:\/\/decofoodshop.nl\/wp-content\/uploads\/2019\/10\/Namaak-Bleekselderij-30cm-test-1.jpg","datePublished":"2019-10-23T08:08:37+00:00","dateModified":"2026-04-09T12:21:02+00:00","description":"Super realistischer gef\u00e4lschter Sellerie! \u00c4u\u00dferst dekorativ. Auf der Suche nach k\u00fcnstlichem Gem\u00fcse und Obst? Schauen Sie mal bei Decofoodshop vorbei.","breadcrumb":{"@id":"https:\/\/decofoodshop.nl\/product\/namaak-bleekselderij\/#breadcrumb"},"inLanguage":"de","potentialAction":[{"@type":"ReadAction","target":["https:\/\/decofoodshop.nl\/product\/namaak-bleekselderij\/"]}]},{"@type":"ImageObject","inLanguage":"de","@id":"https:\/\/decofoodshop.nl\/product\/namaak-bleekselderij\/#primaryimage","url":"https:\/\/decofoodshop.nl\/wp-content\/uploads\/2019\/10\/Namaak-Bleekselderij-30cm-test-1.jpg","contentUrl":"https:\/\/decofoodshop.nl\/wp-content\/uploads\/2019\/10\/Namaak-Bleekselderij-30cm-test-1.jpg","width":836,"height":837,"caption":"namaak bleekselderij 30cm"},{"@type":"BreadcrumbList","@id":"https:\/\/decofoodshop.nl\/product\/namaak-bleekselderij\/#breadcrumb","itemListElement":[{"@type":"ListItem","position":1,"name":"Home","item":"https:\/\/decofoodshop.nl\/"},{"@type":"ListItem","position":2,"name":"Winkel","item":"https:\/\/decofoodshop.nl\/winkel\/"},{"@type":"ListItem","position":3,"name":"Namaak Bleekselderij"}]},{"@type":"WebSite","@id":"https:\/\/decofoodshop.nl\/#website","url":"https:\/\/decofoodshop.nl\/","name":"Dekofoodshop","description":"","potentialAction":[{"@type":"SearchAction","target":{"@type":"EntryPoint","urlTemplate":"https:\/\/decofoodshop.nl\/?s={search_term_string}"},"query-input":{"@type":"PropertyValueSpecification","valueRequired":true,"valueName":"search_term_string"}}],"inLanguage":"de"}]}},"_links":{"self":[{"href":"https:\/\/decofoodshop.nl\/de\/wp-json\/wp\/v2\/product\/1226","targetHints":{"allow":["GET"]}}],"collection":[{"href":"https:\/\/decofoodshop.nl\/de\/wp-json\/wp\/v2\/product"}],"about":[{"href":"https:\/\/decofoodshop.nl\/de\/wp-json\/wp\/v2\/types\/product"}],"wp:featuredmedia":[{"embeddable":true,"href":"https:\/\/decofoodshop.nl\/de\/wp-json\/wp\/v2\/media\/1406"}],"wp:attachment":[{"href":"https:\/\/decofoodshop.nl\/de\/wp-json\/wp\/v2\/media?parent=1226"}],"wp:term":[{"taxonomy":"product_brand","embeddable":true,"href":"https:\/\/decofoodshop.nl\/de\/wp-json\/wp\/v2\/product_brand?post=1226"},{"taxonomy":"product_cat","embeddable":true,"href":"https:\/\/decofoodshop.nl\/de\/wp-json\/wp\/v2\/product_cat?post=1226"},{"taxonomy":"product_tag","embeddable":true,"href":"https:\/\/decofoodshop.nl\/de\/wp-json\/wp\/v2\/product_tag?post=1226"}],"curies":[{"name":"wp","href":"https:\/\/api.w.org\/{rel}","templated":true}]}}