{"id":1234,"date":"2019-10-23T08:40:41","date_gmt":"2019-10-23T08:40:41","guid":{"rendered":"https:\/\/decofoodshop.nl\/?post_type=product&#038;p=1234"},"modified":"2026-03-24T08:53:12","modified_gmt":"2026-03-24T07:53:12","slug":"langer-weiser-rettich","status":"publish","type":"product","link":"https:\/\/decofoodshop.nl\/de\/product\/lange-witte-namaak-radijs\/","title":{"rendered":"Langer wei\u00dfer gef\u00e4lschter Rettich"},"content":{"rendered":"<p>Sch\u00f6ner langer wei\u00dfer Rettich mit dunkelgr\u00fcnem Laub.<\/p>\n<p>Die 3 Bl\u00e4tter sind sch\u00f6n detailliert.<\/p>\n<p>Die Klinge hat auch eine realistische Maserung.<\/p>\n<p>Dieser lange k\u00fcnstliche Rettich hat auch einen realistischen Boden.<\/p>\n<p>Hervorragend geeignet f\u00fcr dekorative Zwecke.<\/p>\n<p>Klicken <span style=\"color: #008000;\"><a style=\"color: #008000;\" href=\"https:\/\/decofoodshop.nl\/de\/produktkategorie-2\/kunstliches-gemuse\/\">&#8216;<strong>Hier<\/strong>&#8216;<\/a><\/span> f\u00fcr unser breites Angebot an Kunstgem\u00fcse.<\/p>","protected":false},"excerpt":{"rendered":"<p>Prachtige lange witte namaak radijs met donker groen loof. De 3 blaadjes zijn mooi gedetailleerd. Ook is het blad voorzien van realistische nerf. Deze lange kunstradijs is ook voorzien van realistische onderkant. Uiterst geschikt voor decoratieve doeleinden. Klik &#8216;Hier&#8216; voor ons brede aanbod aan kunstgroenten.<\/p>","protected":false},"featured_media":1403,"template":"","meta":{"_acf_changed":false,"_genesis_hide_title":false,"_genesis_hide_breadcrumbs":false,"_genesis_hide_singular_image":false,"_genesis_hide_footer_widgets":false,"_genesis_custom_body_class":"","_genesis_custom_post_class":"","_genesis_layout":""},"product_brand":[],"product_cat":[48],"product_tag":[],"class_list":{"0":"post-1234","1":"product","2":"type-product","3":"status-publish","4":"has-post-thumbnail","6":"product_cat-kunstgroenten","7":"entry","8":"wpx-has-gallery","10":"first","11":"instock","12":"taxable","13":"shipping-taxable","14":"purchasable","15":"product-type-simple"},"acf":[],"yoast_head":"<!-- This site is optimized with the Yoast SEO Premium plugin v27.3 (Yoast SEO v27.3) - https:\/\/yoast.com\/product\/yoast-seo-premium-wordpress\/ -->\n<title>Lange Witte Namaak Radijs Verkrijgbaar bij - Decofoodshop<\/title>\n<meta name=\"description\" content=\"Prachtige lange witte namaak radijs en nog veel meer realistische kunstgroenten en kunstgroente pakketten verkijgbaar bij: Decofoodshop.\" \/>\n<meta name=\"robots\" content=\"index, follow, max-snippet:-1, max-image-preview:large, max-video-preview:-1\" \/>\n<link rel=\"canonical\" href=\"https:\/\/decofoodshop.nl\/de\/produkt\/langer-weiser-rettich\/\" \/>\n<meta property=\"og:locale\" content=\"de_DE\" \/>\n<meta property=\"og:type\" content=\"article\" \/>\n<meta property=\"og:title\" content=\"Lange Witte Namaak Radijs\" \/>\n<meta property=\"og:description\" content=\"Prachtige lange witte namaak radijs en nog veel meer realistische kunstgroenten en kunstgroente pakketten verkijgbaar bij: Decofoodshop.\" \/>\n<meta property=\"og:url\" content=\"https:\/\/decofoodshop.nl\/de\/produkt\/langer-weiser-rettich\/\" \/>\n<meta property=\"og:site_name\" content=\"Decofoodshop\" \/>\n<meta property=\"article:modified_time\" content=\"2026-03-24T07:53:12+00:00\" \/>\n<meta property=\"og:image\" content=\"https:\/\/decofoodshop.nl\/wp-content\/uploads\/2019\/10\/Lange-Witte-Namaak-Radijs-12cm-1.jpg\" \/>\n\t<meta property=\"og:image:width\" content=\"1055\" \/>\n\t<meta property=\"og:image:height\" content=\"1055\" \/>\n\t<meta property=\"og:image:type\" content=\"image\/jpeg\" \/>\n<meta name=\"twitter:card\" content=\"summary_large_image\" \/>\n<meta name=\"twitter:label1\" content=\"Gesch\u00e4tzte Lesezeit\" \/>\n\t<meta name=\"twitter:data1\" content=\"1\u00a0Minute\" \/>\n<script type=\"application\/ld+json\" class=\"yoast-schema-graph\">{\"@context\":\"https:\\\/\\\/schema.org\",\"@graph\":[{\"@type\":\"WebPage\",\"@id\":\"https:\\\/\\\/decofoodshop.nl\\\/product\\\/lange-witte-namaak-radijs\\\/\",\"url\":\"https:\\\/\\\/decofoodshop.nl\\\/product\\\/lange-witte-namaak-radijs\\\/\",\"name\":\"Lange Witte Namaak Radijs Verkrijgbaar bij - Decofoodshop\",\"isPartOf\":{\"@id\":\"https:\\\/\\\/decofoodshop.nl\\\/#website\"},\"primaryImageOfPage\":{\"@id\":\"https:\\\/\\\/decofoodshop.nl\\\/product\\\/lange-witte-namaak-radijs\\\/#primaryimage\"},\"image\":{\"@id\":\"https:\\\/\\\/decofoodshop.nl\\\/product\\\/lange-witte-namaak-radijs\\\/#primaryimage\"},\"thumbnailUrl\":\"https:\\\/\\\/decofoodshop.nl\\\/wp-content\\\/uploads\\\/2019\\\/10\\\/Lange-Witte-Namaak-Radijs-12cm-1.jpg\",\"datePublished\":\"2019-10-23T08:40:41+00:00\",\"dateModified\":\"2026-03-24T07:53:12+00:00\",\"description\":\"Prachtige lange witte namaak radijs en nog veel meer realistische kunstgroenten en kunstgroente pakketten verkijgbaar bij: Decofoodshop.\",\"breadcrumb\":{\"@id\":\"https:\\\/\\\/decofoodshop.nl\\\/product\\\/lange-witte-namaak-radijs\\\/#breadcrumb\"},\"inLanguage\":\"de\",\"potentialAction\":[{\"@type\":\"ReadAction\",\"target\":[\"https:\\\/\\\/decofoodshop.nl\\\/product\\\/lange-witte-namaak-radijs\\\/\"]}]},{\"@type\":\"ImageObject\",\"inLanguage\":\"de\",\"@id\":\"https:\\\/\\\/decofoodshop.nl\\\/product\\\/lange-witte-namaak-radijs\\\/#primaryimage\",\"url\":\"https:\\\/\\\/decofoodshop.nl\\\/wp-content\\\/uploads\\\/2019\\\/10\\\/Lange-Witte-Namaak-Radijs-12cm-1.jpg\",\"contentUrl\":\"https:\\\/\\\/decofoodshop.nl\\\/wp-content\\\/uploads\\\/2019\\\/10\\\/Lange-Witte-Namaak-Radijs-12cm-1.jpg\",\"width\":1055,\"height\":1055,\"caption\":\"lange witte namaak radijs 12cm\"},{\"@type\":\"BreadcrumbList\",\"@id\":\"https:\\\/\\\/decofoodshop.nl\\\/product\\\/lange-witte-namaak-radijs\\\/#breadcrumb\",\"itemListElement\":[{\"@type\":\"ListItem\",\"position\":1,\"name\":\"Home\",\"item\":\"https:\\\/\\\/decofoodshop.nl\\\/\"},{\"@type\":\"ListItem\",\"position\":2,\"name\":\"Winkel\",\"item\":\"https:\\\/\\\/decofoodshop.nl\\\/winkel\\\/\"},{\"@type\":\"ListItem\",\"position\":3,\"name\":\"Lange Witte Namaak Radijs\"}]},{\"@type\":\"WebSite\",\"@id\":\"https:\\\/\\\/decofoodshop.nl\\\/#website\",\"url\":\"https:\\\/\\\/decofoodshop.nl\\\/\",\"name\":\"Decofoodshop\",\"description\":\"\",\"potentialAction\":[{\"@type\":\"SearchAction\",\"target\":{\"@type\":\"EntryPoint\",\"urlTemplate\":\"https:\\\/\\\/decofoodshop.nl\\\/?s={search_term_string}\"},\"query-input\":{\"@type\":\"PropertyValueSpecification\",\"valueRequired\":true,\"valueName\":\"search_term_string\"}}],\"inLanguage\":\"de\"}]}<\/script>\n<!-- \/ Yoast SEO Premium plugin. -->","yoast_head_json":{"title":"Langer wei\u00dfer gef\u00e4lschter Rettich Erh\u00e4ltlich bei - Decofoodshop","description":"Sch\u00f6ner langer wei\u00dfer k\u00fcnstlicher Rettich und viele weitere realistische Kunstgem\u00fcse und Kunstgem\u00fcseverpackungen erh\u00e4ltlich bei: Decofoodshop.","robots":{"index":"index","follow":"follow","max-snippet":"max-snippet:-1","max-image-preview":"max-image-preview:large","max-video-preview":"max-video-preview:-1"},"canonical":"https:\/\/decofoodshop.nl\/de\/produkt\/langer-weiser-rettich\/","og_locale":"de_DE","og_type":"article","og_title":"Lange Witte Namaak Radijs","og_description":"Prachtige lange witte namaak radijs en nog veel meer realistische kunstgroenten en kunstgroente pakketten verkijgbaar bij: Decofoodshop.","og_url":"https:\/\/decofoodshop.nl\/de\/produkt\/langer-weiser-rettich\/","og_site_name":"Decofoodshop","article_modified_time":"2026-03-24T07:53:12+00:00","og_image":[{"width":1055,"height":1055,"url":"https:\/\/decofoodshop.nl\/wp-content\/uploads\/2019\/10\/Lange-Witte-Namaak-Radijs-12cm-1.jpg","type":"image\/jpeg"}],"twitter_card":"summary_large_image","twitter_misc":{"Gesch\u00e4tzte Lesezeit":"1\u00a0Minute"},"schema":{"@context":"https:\/\/schema.org","@graph":[{"@type":"WebPage","@id":"https:\/\/decofoodshop.nl\/product\/lange-witte-namaak-radijs\/","url":"https:\/\/decofoodshop.nl\/product\/lange-witte-namaak-radijs\/","name":"Langer wei\u00dfer gef\u00e4lschter Rettich Erh\u00e4ltlich bei - Decofoodshop","isPartOf":{"@id":"https:\/\/decofoodshop.nl\/#website"},"primaryImageOfPage":{"@id":"https:\/\/decofoodshop.nl\/product\/lange-witte-namaak-radijs\/#primaryimage"},"image":{"@id":"https:\/\/decofoodshop.nl\/product\/lange-witte-namaak-radijs\/#primaryimage"},"thumbnailUrl":"https:\/\/decofoodshop.nl\/wp-content\/uploads\/2019\/10\/Lange-Witte-Namaak-Radijs-12cm-1.jpg","datePublished":"2019-10-23T08:40:41+00:00","dateModified":"2026-03-24T07:53:12+00:00","description":"Sch\u00f6ner langer wei\u00dfer k\u00fcnstlicher Rettich und viele weitere realistische Kunstgem\u00fcse und Kunstgem\u00fcseverpackungen erh\u00e4ltlich bei: Decofoodshop.","breadcrumb":{"@id":"https:\/\/decofoodshop.nl\/product\/lange-witte-namaak-radijs\/#breadcrumb"},"inLanguage":"de","potentialAction":[{"@type":"ReadAction","target":["https:\/\/decofoodshop.nl\/product\/lange-witte-namaak-radijs\/"]}]},{"@type":"ImageObject","inLanguage":"de","@id":"https:\/\/decofoodshop.nl\/product\/lange-witte-namaak-radijs\/#primaryimage","url":"https:\/\/decofoodshop.nl\/wp-content\/uploads\/2019\/10\/Lange-Witte-Namaak-Radijs-12cm-1.jpg","contentUrl":"https:\/\/decofoodshop.nl\/wp-content\/uploads\/2019\/10\/Lange-Witte-Namaak-Radijs-12cm-1.jpg","width":1055,"height":1055,"caption":"lange witte namaak radijs 12cm"},{"@type":"BreadcrumbList","@id":"https:\/\/decofoodshop.nl\/product\/lange-witte-namaak-radijs\/#breadcrumb","itemListElement":[{"@type":"ListItem","position":1,"name":"Home","item":"https:\/\/decofoodshop.nl\/"},{"@type":"ListItem","position":2,"name":"Winkel","item":"https:\/\/decofoodshop.nl\/winkel\/"},{"@type":"ListItem","position":3,"name":"Lange Witte Namaak Radijs"}]},{"@type":"WebSite","@id":"https:\/\/decofoodshop.nl\/#website","url":"https:\/\/decofoodshop.nl\/","name":"Dekofoodshop","description":"","potentialAction":[{"@type":"SearchAction","target":{"@type":"EntryPoint","urlTemplate":"https:\/\/decofoodshop.nl\/?s={search_term_string}"},"query-input":{"@type":"PropertyValueSpecification","valueRequired":true,"valueName":"search_term_string"}}],"inLanguage":"de"}]}},"_links":{"self":[{"href":"https:\/\/decofoodshop.nl\/de\/wp-json\/wp\/v2\/product\/1234","targetHints":{"allow":["GET"]}}],"collection":[{"href":"https:\/\/decofoodshop.nl\/de\/wp-json\/wp\/v2\/product"}],"about":[{"href":"https:\/\/decofoodshop.nl\/de\/wp-json\/wp\/v2\/types\/product"}],"wp:featuredmedia":[{"embeddable":true,"href":"https:\/\/decofoodshop.nl\/de\/wp-json\/wp\/v2\/media\/1403"}],"wp:attachment":[{"href":"https:\/\/decofoodshop.nl\/de\/wp-json\/wp\/v2\/media?parent=1234"}],"wp:term":[{"taxonomy":"product_brand","embeddable":true,"href":"https:\/\/decofoodshop.nl\/de\/wp-json\/wp\/v2\/product_brand?post=1234"},{"taxonomy":"product_cat","embeddable":true,"href":"https:\/\/decofoodshop.nl\/de\/wp-json\/wp\/v2\/product_cat?post=1234"},{"taxonomy":"product_tag","embeddable":true,"href":"https:\/\/decofoodshop.nl\/de\/wp-json\/wp\/v2\/product_tag?post=1234"}],"curies":[{"name":"wp","href":"https:\/\/api.w.org\/{rel}","templated":true}]}}