{"id":1243,"date":"2019-10-28T09:55:10","date_gmt":"2019-10-28T09:55:10","guid":{"rendered":"https:\/\/decofoodshop.nl\/?post_type=product&#038;p=1243"},"modified":"2026-03-02T14:47:56","modified_gmt":"2026-03-02T13:47:56","slug":"langer-roter-rettich","status":"publish","type":"product","link":"https:\/\/decofoodshop.nl\/de\/product\/lange-rode-namaak-radijs\/","title":{"rendered":"Langer roter gef\u00e4lschter Rettich"},"content":{"rendered":"<p><span style=\"color: #333333;\">Sch\u00f6ner langer roter Fake-Rettich mit sch\u00f6nen Details.<\/span><\/p>\n<p>Die Bl\u00e4tter sind biegsam und k\u00f6nnen daher nach Belieben modelliert und geformt werden.<\/p>\n<p>Die Bl\u00e4tter sind au\u00dferdem mit Maserung und Unregelm\u00e4\u00dfigkeiten f\u00fcr ein besonders realistisches Aussehen versehen.<\/p>\n<p>Durch seine sch\u00f6ne rote Farbe eignet es sich hervorragend f\u00fcr dekorative Zwecke.<\/p>\n<p>Auch anschauen <span style=\"color: #008000;\"><a style=\"color: #008000;\" href=\"https:\/\/decofoodshop.nl\/de\/produktkategorie-2\/pakete\/\">&#8216;<strong>Pakete<\/strong>&#8216;<\/a><\/span> f\u00fcr verschiedene Arten von k\u00fcnstlichen Gem\u00fcseverpackungen.<\/p>","protected":false},"excerpt":{"rendered":"<p>Prachtige lange rode namaak radijs met mooie details. De blaadjes zijn buigbaar en daardoor kunt u ze naar wens modelleren en vormen. Tevens zijn de blaadjes voorzien van nerf en onregelmatigheden voor een extra realistisch uiterlijk. Door zijn mooie rode kleur is hij uiterstgeschikt voor decoratieve doeleinden. Kijk ook bij &#8216;Pakketten&#8216; voor verschillende soorten kunstgroenten [&hellip;]<\/p>\n","protected":false},"featured_media":1400,"template":"","meta":{"_acf_changed":false,"_genesis_hide_title":false,"_genesis_hide_breadcrumbs":false,"_genesis_hide_singular_image":false,"_genesis_hide_footer_widgets":false,"_genesis_custom_body_class":"","_genesis_custom_post_class":"","_genesis_layout":""},"product_brand":[],"product_cat":[48],"product_tag":[],"class_list":{"0":"post-1243","1":"product","2":"type-product","3":"status-publish","4":"has-post-thumbnail","6":"product_cat-kunstgroenten","7":"entry","8":"wpx-has-gallery","10":"first","11":"instock","12":"taxable","13":"shipping-taxable","14":"purchasable","15":"product-type-simple"},"acf":[],"yoast_head":"<!-- This site is optimized with the Yoast SEO Premium plugin v27.3 (Yoast SEO v27.3) - https:\/\/yoast.com\/product\/yoast-seo-premium-wordpress\/ -->\n<title>Lange Rode Namaak Radijs Verkrijgbaar - Decofoodshop<\/title>\n<meta name=\"description\" content=\"Prachtige lange rode namaak radijs en nog veel meer nepgroenten en fruit kunt u vinden op onze uitgebreide webshop: Decofoodshop.\" \/>\n<meta name=\"robots\" content=\"index, follow, max-snippet:-1, max-image-preview:large, max-video-preview:-1\" \/>\n<link rel=\"canonical\" href=\"https:\/\/decofoodshop.nl\/de\/produkt\/langer-roter-rettich\/\" \/>\n<meta property=\"og:locale\" content=\"de_DE\" \/>\n<meta property=\"og:type\" content=\"article\" \/>\n<meta property=\"og:title\" content=\"Lange Rode Namaak Radijs\" \/>\n<meta property=\"og:description\" content=\"Prachtige lange rode namaak radijs en nog veel meer nepgroenten en fruit kunt u vinden op onze uitgebreide webshop: Decofoodshop.\" \/>\n<meta property=\"og:url\" content=\"https:\/\/decofoodshop.nl\/de\/produkt\/langer-roter-rettich\/\" \/>\n<meta property=\"og:site_name\" content=\"Decofoodshop\" \/>\n<meta property=\"article:modified_time\" content=\"2026-03-02T13:47:56+00:00\" \/>\n<meta property=\"og:image\" content=\"https:\/\/decofoodshop.nl\/wp-content\/uploads\/2019\/10\/Lange-Rode-Namaak-Radijs-12cm-1.jpg\" \/>\n\t<meta property=\"og:image:width\" content=\"1056\" \/>\n\t<meta property=\"og:image:height\" content=\"1056\" \/>\n\t<meta property=\"og:image:type\" content=\"image\/jpeg\" \/>\n<meta name=\"twitter:card\" content=\"summary_large_image\" \/>\n<meta name=\"twitter:label1\" content=\"Gesch\u00e4tzte Lesezeit\" \/>\n\t<meta name=\"twitter:data1\" content=\"1\u00a0Minute\" \/>\n<script type=\"application\/ld+json\" class=\"yoast-schema-graph\">{\"@context\":\"https:\\\/\\\/schema.org\",\"@graph\":[{\"@type\":\"WebPage\",\"@id\":\"https:\\\/\\\/decofoodshop.nl\\\/product\\\/lange-rode-namaak-radijs\\\/\",\"url\":\"https:\\\/\\\/decofoodshop.nl\\\/product\\\/lange-rode-namaak-radijs\\\/\",\"name\":\"Lange Rode Namaak Radijs Verkrijgbaar - Decofoodshop\",\"isPartOf\":{\"@id\":\"https:\\\/\\\/decofoodshop.nl\\\/#website\"},\"primaryImageOfPage\":{\"@id\":\"https:\\\/\\\/decofoodshop.nl\\\/product\\\/lange-rode-namaak-radijs\\\/#primaryimage\"},\"image\":{\"@id\":\"https:\\\/\\\/decofoodshop.nl\\\/product\\\/lange-rode-namaak-radijs\\\/#primaryimage\"},\"thumbnailUrl\":\"https:\\\/\\\/decofoodshop.nl\\\/wp-content\\\/uploads\\\/2019\\\/10\\\/Lange-Rode-Namaak-Radijs-12cm-1.jpg\",\"datePublished\":\"2019-10-28T09:55:10+00:00\",\"dateModified\":\"2026-03-02T13:47:56+00:00\",\"description\":\"Prachtige lange rode namaak radijs en nog veel meer nepgroenten en fruit kunt u vinden op onze uitgebreide webshop: Decofoodshop.\",\"breadcrumb\":{\"@id\":\"https:\\\/\\\/decofoodshop.nl\\\/product\\\/lange-rode-namaak-radijs\\\/#breadcrumb\"},\"inLanguage\":\"de\",\"potentialAction\":[{\"@type\":\"ReadAction\",\"target\":[\"https:\\\/\\\/decofoodshop.nl\\\/product\\\/lange-rode-namaak-radijs\\\/\"]}]},{\"@type\":\"ImageObject\",\"inLanguage\":\"de\",\"@id\":\"https:\\\/\\\/decofoodshop.nl\\\/product\\\/lange-rode-namaak-radijs\\\/#primaryimage\",\"url\":\"https:\\\/\\\/decofoodshop.nl\\\/wp-content\\\/uploads\\\/2019\\\/10\\\/Lange-Rode-Namaak-Radijs-12cm-1.jpg\",\"contentUrl\":\"https:\\\/\\\/decofoodshop.nl\\\/wp-content\\\/uploads\\\/2019\\\/10\\\/Lange-Rode-Namaak-Radijs-12cm-1.jpg\",\"width\":1056,\"height\":1056,\"caption\":\"lange rode namaak radijs 12cm\"},{\"@type\":\"BreadcrumbList\",\"@id\":\"https:\\\/\\\/decofoodshop.nl\\\/product\\\/lange-rode-namaak-radijs\\\/#breadcrumb\",\"itemListElement\":[{\"@type\":\"ListItem\",\"position\":1,\"name\":\"Home\",\"item\":\"https:\\\/\\\/decofoodshop.nl\\\/\"},{\"@type\":\"ListItem\",\"position\":2,\"name\":\"Winkel\",\"item\":\"https:\\\/\\\/decofoodshop.nl\\\/winkel\\\/\"},{\"@type\":\"ListItem\",\"position\":3,\"name\":\"Lange Rode Namaak Radijs\"}]},{\"@type\":\"WebSite\",\"@id\":\"https:\\\/\\\/decofoodshop.nl\\\/#website\",\"url\":\"https:\\\/\\\/decofoodshop.nl\\\/\",\"name\":\"Decofoodshop\",\"description\":\"\",\"potentialAction\":[{\"@type\":\"SearchAction\",\"target\":{\"@type\":\"EntryPoint\",\"urlTemplate\":\"https:\\\/\\\/decofoodshop.nl\\\/?s={search_term_string}\"},\"query-input\":{\"@type\":\"PropertyValueSpecification\",\"valueRequired\":true,\"valueName\":\"search_term_string\"}}],\"inLanguage\":\"de\"}]}<\/script>\n<!-- \/ Yoast SEO Premium plugin. -->","yoast_head_json":{"title":"Langer roter gef\u00e4lschter Rettich erh\u00e4ltlich - Decofoodshop","description":"Sch\u00f6ner langer roter Rettich und viele weitere k\u00fcnstliche Gem\u00fcse- und Obstsorten finden Sie in unserem umfangreichen Webshop: Decofoodshop.","robots":{"index":"index","follow":"follow","max-snippet":"max-snippet:-1","max-image-preview":"max-image-preview:large","max-video-preview":"max-video-preview:-1"},"canonical":"https:\/\/decofoodshop.nl\/de\/produkt\/langer-roter-rettich\/","og_locale":"de_DE","og_type":"article","og_title":"Lange Rode Namaak Radijs","og_description":"Prachtige lange rode namaak radijs en nog veel meer nepgroenten en fruit kunt u vinden op onze uitgebreide webshop: Decofoodshop.","og_url":"https:\/\/decofoodshop.nl\/de\/produkt\/langer-roter-rettich\/","og_site_name":"Decofoodshop","article_modified_time":"2026-03-02T13:47:56+00:00","og_image":[{"width":1056,"height":1056,"url":"https:\/\/decofoodshop.nl\/wp-content\/uploads\/2019\/10\/Lange-Rode-Namaak-Radijs-12cm-1.jpg","type":"image\/jpeg"}],"twitter_card":"summary_large_image","twitter_misc":{"Gesch\u00e4tzte Lesezeit":"1\u00a0Minute"},"schema":{"@context":"https:\/\/schema.org","@graph":[{"@type":"WebPage","@id":"https:\/\/decofoodshop.nl\/product\/lange-rode-namaak-radijs\/","url":"https:\/\/decofoodshop.nl\/product\/lange-rode-namaak-radijs\/","name":"Langer roter gef\u00e4lschter Rettich erh\u00e4ltlich - Decofoodshop","isPartOf":{"@id":"https:\/\/decofoodshop.nl\/#website"},"primaryImageOfPage":{"@id":"https:\/\/decofoodshop.nl\/product\/lange-rode-namaak-radijs\/#primaryimage"},"image":{"@id":"https:\/\/decofoodshop.nl\/product\/lange-rode-namaak-radijs\/#primaryimage"},"thumbnailUrl":"https:\/\/decofoodshop.nl\/wp-content\/uploads\/2019\/10\/Lange-Rode-Namaak-Radijs-12cm-1.jpg","datePublished":"2019-10-28T09:55:10+00:00","dateModified":"2026-03-02T13:47:56+00:00","description":"Sch\u00f6ner langer roter Rettich und viele weitere k\u00fcnstliche Gem\u00fcse- und Obstsorten finden Sie in unserem umfangreichen Webshop: Decofoodshop.","breadcrumb":{"@id":"https:\/\/decofoodshop.nl\/product\/lange-rode-namaak-radijs\/#breadcrumb"},"inLanguage":"de","potentialAction":[{"@type":"ReadAction","target":["https:\/\/decofoodshop.nl\/product\/lange-rode-namaak-radijs\/"]}]},{"@type":"ImageObject","inLanguage":"de","@id":"https:\/\/decofoodshop.nl\/product\/lange-rode-namaak-radijs\/#primaryimage","url":"https:\/\/decofoodshop.nl\/wp-content\/uploads\/2019\/10\/Lange-Rode-Namaak-Radijs-12cm-1.jpg","contentUrl":"https:\/\/decofoodshop.nl\/wp-content\/uploads\/2019\/10\/Lange-Rode-Namaak-Radijs-12cm-1.jpg","width":1056,"height":1056,"caption":"lange rode namaak radijs 12cm"},{"@type":"BreadcrumbList","@id":"https:\/\/decofoodshop.nl\/product\/lange-rode-namaak-radijs\/#breadcrumb","itemListElement":[{"@type":"ListItem","position":1,"name":"Home","item":"https:\/\/decofoodshop.nl\/"},{"@type":"ListItem","position":2,"name":"Winkel","item":"https:\/\/decofoodshop.nl\/winkel\/"},{"@type":"ListItem","position":3,"name":"Lange Rode Namaak Radijs"}]},{"@type":"WebSite","@id":"https:\/\/decofoodshop.nl\/#website","url":"https:\/\/decofoodshop.nl\/","name":"Dekofoodshop","description":"","potentialAction":[{"@type":"SearchAction","target":{"@type":"EntryPoint","urlTemplate":"https:\/\/decofoodshop.nl\/?s={search_term_string}"},"query-input":{"@type":"PropertyValueSpecification","valueRequired":true,"valueName":"search_term_string"}}],"inLanguage":"de"}]}},"_links":{"self":[{"href":"https:\/\/decofoodshop.nl\/de\/wp-json\/wp\/v2\/product\/1243","targetHints":{"allow":["GET"]}}],"collection":[{"href":"https:\/\/decofoodshop.nl\/de\/wp-json\/wp\/v2\/product"}],"about":[{"href":"https:\/\/decofoodshop.nl\/de\/wp-json\/wp\/v2\/types\/product"}],"wp:featuredmedia":[{"embeddable":true,"href":"https:\/\/decofoodshop.nl\/de\/wp-json\/wp\/v2\/media\/1400"}],"wp:attachment":[{"href":"https:\/\/decofoodshop.nl\/de\/wp-json\/wp\/v2\/media?parent=1243"}],"wp:term":[{"taxonomy":"product_brand","embeddable":true,"href":"https:\/\/decofoodshop.nl\/de\/wp-json\/wp\/v2\/product_brand?post=1243"},{"taxonomy":"product_cat","embeddable":true,"href":"https:\/\/decofoodshop.nl\/de\/wp-json\/wp\/v2\/product_cat?post=1243"},{"taxonomy":"product_tag","embeddable":true,"href":"https:\/\/decofoodshop.nl\/de\/wp-json\/wp\/v2\/product_tag?post=1243"}],"curies":[{"name":"wp","href":"https:\/\/api.w.org\/{rel}","templated":true}]}}