{"id":1252,"date":"2019-10-28T11:41:13","date_gmt":"2019-10-28T10:41:13","guid":{"rendered":"https:\/\/decofoodshop.nl\/?post_type=product&#038;p=1252"},"modified":"2026-04-07T16:09:57","modified_gmt":"2026-04-07T14:09:57","slug":"gefalschte-tomate","status":"publish","type":"product","link":"https:\/\/decofoodshop.nl\/de\/product\/namaak-tomaat\/","title":{"rendered":"Gef\u00e4lschte Tomate"},"content":{"rendered":"<p><span style=\"color: #333333;\">Diese sch\u00f6ne gef\u00e4lschte Tomate ist aufgrund der nat\u00fcrlichen Form und Farbe super realistisch.<\/span><\/p>\n<p>Die Ziertomate hat eine dunkelgr\u00fcne Krone.<\/p>\n<p>Die sch\u00f6ne Farbe, die in die verschiedenen Farbt\u00f6ne \u00fcbergeht, erzeugt einen super sch\u00f6nen und realistischen Look.<\/p>\n<p>Auch in Dunkelrot erh\u00e4ltlich.<\/p>\n<p>Sie k\u00f6nnen uns auch f\u00fcr verschiedene F\u00e4lschungen kontaktieren<strong><span style=\"color: #008000;\"> <a style=\"color: #008000;\" href=\"https:\/\/decofoodshop.nl\/de\/produktkategorie-2\/brotkuchen\/\">&#039;Brot &amp; Geb\u00e4ck&#039;<\/a><\/span><\/strong><\/p>\n<p>&nbsp;<\/p>","protected":false},"excerpt":{"rendered":"<p>Deze mooie namaak tomaat is super realistisch door de natuurlijke vorm en kleur. De sier tomaat is voorzien van een donker groen kroontje. De mooie kleur die overgaat in de verschillende tinten zorgt voor een super mooie en realistische uitstraling. Ook verkrijgbaar in donker rood. U kunt ook terecht bij ons voor divers namaak &#8216;Brood [&hellip;]<\/p>\n","protected":false},"featured_media":2204,"template":"","meta":{"_acf_changed":false,"_genesis_hide_title":false,"_genesis_hide_breadcrumbs":false,"_genesis_hide_singular_image":false,"_genesis_hide_footer_widgets":false,"_genesis_custom_body_class":"","_genesis_custom_post_class":"","_genesis_layout":""},"product_brand":[],"product_cat":[48],"product_tag":[],"class_list":{"0":"post-1252","1":"product","2":"type-product","3":"status-publish","4":"has-post-thumbnail","6":"product_cat-kunstgroenten","7":"entry","8":"wpx-has-gallery","10":"first","11":"instock","12":"taxable","13":"shipping-taxable","14":"purchasable","15":"product-type-simple"},"acf":[],"yoast_head":"<!-- This site is optimized with the Yoast SEO Premium plugin v27.3 (Yoast SEO v27.3) - https:\/\/yoast.com\/product\/yoast-seo-premium-wordpress\/ -->\n<title>Namaak Tomaat en meer kunstgroenten verkijgbaar Bij - Decofoodshop<\/title>\n<meta name=\"description\" content=\"Deze mooie namaak tomaat is \u00e9\u00e9n van de vele mooie en realistische kunst groenten die verkijgbaar zijn op onze webshop: Decofoodshop.\" \/>\n<meta name=\"robots\" content=\"index, follow, max-snippet:-1, max-image-preview:large, max-video-preview:-1\" \/>\n<link rel=\"canonical\" href=\"https:\/\/decofoodshop.nl\/de\/produkt\/gefalschte-tomate\/\" \/>\n<meta property=\"og:locale\" content=\"de_DE\" \/>\n<meta property=\"og:type\" content=\"article\" \/>\n<meta property=\"og:title\" content=\"Namaak Tomaat\" \/>\n<meta property=\"og:description\" content=\"Deze mooie namaak tomaat is \u00e9\u00e9n van de vele mooie en realistische kunst groenten die verkijgbaar zijn op onze webshop: Decofoodshop.\" \/>\n<meta property=\"og:url\" content=\"https:\/\/decofoodshop.nl\/de\/produkt\/gefalschte-tomate\/\" \/>\n<meta property=\"og:site_name\" content=\"Decofoodshop\" \/>\n<meta property=\"article:modified_time\" content=\"2026-04-07T14:09:57+00:00\" \/>\n<meta property=\"og:image\" content=\"https:\/\/decofoodshop.nl\/wp-content\/uploads\/2019\/10\/Namaak-Tomaat-7cm2-1.jpg\" \/>\n\t<meta property=\"og:image:width\" content=\"727\" \/>\n\t<meta property=\"og:image:height\" content=\"728\" \/>\n\t<meta property=\"og:image:type\" content=\"image\/jpeg\" \/>\n<meta name=\"twitter:card\" content=\"summary_large_image\" \/>\n<meta name=\"twitter:label1\" content=\"Gesch\u00e4tzte Lesezeit\" \/>\n\t<meta name=\"twitter:data1\" content=\"1\u00a0Minute\" \/>\n<script type=\"application\/ld+json\" class=\"yoast-schema-graph\">{\"@context\":\"https:\\\/\\\/schema.org\",\"@graph\":[{\"@type\":\"WebPage\",\"@id\":\"https:\\\/\\\/decofoodshop.nl\\\/product\\\/namaak-tomaat\\\/\",\"url\":\"https:\\\/\\\/decofoodshop.nl\\\/product\\\/namaak-tomaat\\\/\",\"name\":\"Namaak Tomaat en meer kunstgroenten verkijgbaar Bij - Decofoodshop\",\"isPartOf\":{\"@id\":\"https:\\\/\\\/decofoodshop.nl\\\/#website\"},\"primaryImageOfPage\":{\"@id\":\"https:\\\/\\\/decofoodshop.nl\\\/product\\\/namaak-tomaat\\\/#primaryimage\"},\"image\":{\"@id\":\"https:\\\/\\\/decofoodshop.nl\\\/product\\\/namaak-tomaat\\\/#primaryimage\"},\"thumbnailUrl\":\"https:\\\/\\\/decofoodshop.nl\\\/wp-content\\\/uploads\\\/2019\\\/10\\\/Namaak-Tomaat-7cm2-1.jpg\",\"datePublished\":\"2019-10-28T10:41:13+00:00\",\"dateModified\":\"2026-04-07T14:09:57+00:00\",\"description\":\"Deze mooie namaak tomaat is \u00e9\u00e9n van de vele mooie en realistische kunst groenten die verkijgbaar zijn op onze webshop: Decofoodshop.\",\"breadcrumb\":{\"@id\":\"https:\\\/\\\/decofoodshop.nl\\\/product\\\/namaak-tomaat\\\/#breadcrumb\"},\"inLanguage\":\"de\",\"potentialAction\":[{\"@type\":\"ReadAction\",\"target\":[\"https:\\\/\\\/decofoodshop.nl\\\/product\\\/namaak-tomaat\\\/\"]}]},{\"@type\":\"ImageObject\",\"inLanguage\":\"de\",\"@id\":\"https:\\\/\\\/decofoodshop.nl\\\/product\\\/namaak-tomaat\\\/#primaryimage\",\"url\":\"https:\\\/\\\/decofoodshop.nl\\\/wp-content\\\/uploads\\\/2019\\\/10\\\/Namaak-Tomaat-7cm2-1.jpg\",\"contentUrl\":\"https:\\\/\\\/decofoodshop.nl\\\/wp-content\\\/uploads\\\/2019\\\/10\\\/Namaak-Tomaat-7cm2-1.jpg\",\"width\":727,\"height\":728,\"caption\":\"Namaak Tomaat\"},{\"@type\":\"BreadcrumbList\",\"@id\":\"https:\\\/\\\/decofoodshop.nl\\\/product\\\/namaak-tomaat\\\/#breadcrumb\",\"itemListElement\":[{\"@type\":\"ListItem\",\"position\":1,\"name\":\"Home\",\"item\":\"https:\\\/\\\/decofoodshop.nl\\\/\"},{\"@type\":\"ListItem\",\"position\":2,\"name\":\"Winkel\",\"item\":\"https:\\\/\\\/decofoodshop.nl\\\/winkel\\\/\"},{\"@type\":\"ListItem\",\"position\":3,\"name\":\"Namaak Tomaat\"}]},{\"@type\":\"WebSite\",\"@id\":\"https:\\\/\\\/decofoodshop.nl\\\/#website\",\"url\":\"https:\\\/\\\/decofoodshop.nl\\\/\",\"name\":\"Decofoodshop\",\"description\":\"\",\"potentialAction\":[{\"@type\":\"SearchAction\",\"target\":{\"@type\":\"EntryPoint\",\"urlTemplate\":\"https:\\\/\\\/decofoodshop.nl\\\/?s={search_term_string}\"},\"query-input\":{\"@type\":\"PropertyValueSpecification\",\"valueRequired\":true,\"valueName\":\"search_term_string\"}}],\"inLanguage\":\"de\"}]}<\/script>\n<!-- \/ Yoast SEO Premium plugin. -->","yoast_head_json":{"title":"Gef\u00e4lschte Tomaten und mehr k\u00fcnstliches Gem\u00fcse erh\u00e4ltlich bei - Decofoodshop","description":"Diese sch\u00f6ne gef\u00e4lschte Tomate ist eines der vielen sch\u00f6nen und realistischen k\u00fcnstlichen Gem\u00fcsesorten, die in unserem Webshop erh\u00e4ltlich sind: Decofoodshop.","robots":{"index":"index","follow":"follow","max-snippet":"max-snippet:-1","max-image-preview":"max-image-preview:large","max-video-preview":"max-video-preview:-1"},"canonical":"https:\/\/decofoodshop.nl\/de\/produkt\/gefalschte-tomate\/","og_locale":"de_DE","og_type":"article","og_title":"Namaak Tomaat","og_description":"Deze mooie namaak tomaat is \u00e9\u00e9n van de vele mooie en realistische kunst groenten die verkijgbaar zijn op onze webshop: Decofoodshop.","og_url":"https:\/\/decofoodshop.nl\/de\/produkt\/gefalschte-tomate\/","og_site_name":"Decofoodshop","article_modified_time":"2026-04-07T14:09:57+00:00","og_image":[{"width":727,"height":728,"url":"https:\/\/decofoodshop.nl\/wp-content\/uploads\/2019\/10\/Namaak-Tomaat-7cm2-1.jpg","type":"image\/jpeg"}],"twitter_card":"summary_large_image","twitter_misc":{"Gesch\u00e4tzte Lesezeit":"1\u00a0Minute"},"schema":{"@context":"https:\/\/schema.org","@graph":[{"@type":"WebPage","@id":"https:\/\/decofoodshop.nl\/product\/namaak-tomaat\/","url":"https:\/\/decofoodshop.nl\/product\/namaak-tomaat\/","name":"Gef\u00e4lschte Tomaten und mehr k\u00fcnstliches Gem\u00fcse erh\u00e4ltlich bei - Decofoodshop","isPartOf":{"@id":"https:\/\/decofoodshop.nl\/#website"},"primaryImageOfPage":{"@id":"https:\/\/decofoodshop.nl\/product\/namaak-tomaat\/#primaryimage"},"image":{"@id":"https:\/\/decofoodshop.nl\/product\/namaak-tomaat\/#primaryimage"},"thumbnailUrl":"https:\/\/decofoodshop.nl\/wp-content\/uploads\/2019\/10\/Namaak-Tomaat-7cm2-1.jpg","datePublished":"2019-10-28T10:41:13+00:00","dateModified":"2026-04-07T14:09:57+00:00","description":"Diese sch\u00f6ne gef\u00e4lschte Tomate ist eines der vielen sch\u00f6nen und realistischen k\u00fcnstlichen Gem\u00fcsesorten, die in unserem Webshop erh\u00e4ltlich sind: Decofoodshop.","breadcrumb":{"@id":"https:\/\/decofoodshop.nl\/product\/namaak-tomaat\/#breadcrumb"},"inLanguage":"de","potentialAction":[{"@type":"ReadAction","target":["https:\/\/decofoodshop.nl\/product\/namaak-tomaat\/"]}]},{"@type":"ImageObject","inLanguage":"de","@id":"https:\/\/decofoodshop.nl\/product\/namaak-tomaat\/#primaryimage","url":"https:\/\/decofoodshop.nl\/wp-content\/uploads\/2019\/10\/Namaak-Tomaat-7cm2-1.jpg","contentUrl":"https:\/\/decofoodshop.nl\/wp-content\/uploads\/2019\/10\/Namaak-Tomaat-7cm2-1.jpg","width":727,"height":728,"caption":"Namaak Tomaat"},{"@type":"BreadcrumbList","@id":"https:\/\/decofoodshop.nl\/product\/namaak-tomaat\/#breadcrumb","itemListElement":[{"@type":"ListItem","position":1,"name":"Home","item":"https:\/\/decofoodshop.nl\/"},{"@type":"ListItem","position":2,"name":"Winkel","item":"https:\/\/decofoodshop.nl\/winkel\/"},{"@type":"ListItem","position":3,"name":"Namaak Tomaat"}]},{"@type":"WebSite","@id":"https:\/\/decofoodshop.nl\/#website","url":"https:\/\/decofoodshop.nl\/","name":"Dekofoodshop","description":"","potentialAction":[{"@type":"SearchAction","target":{"@type":"EntryPoint","urlTemplate":"https:\/\/decofoodshop.nl\/?s={search_term_string}"},"query-input":{"@type":"PropertyValueSpecification","valueRequired":true,"valueName":"search_term_string"}}],"inLanguage":"de"}]}},"_links":{"self":[{"href":"https:\/\/decofoodshop.nl\/de\/wp-json\/wp\/v2\/product\/1252","targetHints":{"allow":["GET"]}}],"collection":[{"href":"https:\/\/decofoodshop.nl\/de\/wp-json\/wp\/v2\/product"}],"about":[{"href":"https:\/\/decofoodshop.nl\/de\/wp-json\/wp\/v2\/types\/product"}],"wp:featuredmedia":[{"embeddable":true,"href":"https:\/\/decofoodshop.nl\/de\/wp-json\/wp\/v2\/media\/2204"}],"wp:attachment":[{"href":"https:\/\/decofoodshop.nl\/de\/wp-json\/wp\/v2\/media?parent=1252"}],"wp:term":[{"taxonomy":"product_brand","embeddable":true,"href":"https:\/\/decofoodshop.nl\/de\/wp-json\/wp\/v2\/product_brand?post=1252"},{"taxonomy":"product_cat","embeddable":true,"href":"https:\/\/decofoodshop.nl\/de\/wp-json\/wp\/v2\/product_cat?post=1252"},{"taxonomy":"product_tag","embeddable":true,"href":"https:\/\/decofoodshop.nl\/de\/wp-json\/wp\/v2\/product_tag?post=1252"}],"curies":[{"name":"wp","href":"https:\/\/api.w.org\/{rel}","templated":true}]}}