{"id":1256,"date":"2019-10-28T11:50:12","date_gmt":"2019-10-28T11:50:12","guid":{"rendered":"https:\/\/decofoodshop.nl\/?post_type=product&#038;p=1256"},"modified":"2026-03-21T17:44:01","modified_gmt":"2026-03-21T16:44:01","slug":"dunkelrote-kunstliche-tomate","status":"publish","type":"product","link":"https:\/\/decofoodshop.nl\/de\/product\/donker-rode-kunst-tomaat\/","title":{"rendered":"Dunkelrote Kunsttomate"},"content":{"rendered":"<p>Diese dunkelrote k\u00fcnstliche Tomate sieht aus wie echt.<\/p>\n<p>Die k\u00fcnstliche Tomate hat eine tiefrote Farbe und entspricht einer echten reifen Tomate.<\/p>\n<p>Auch mit einer Krone mit gr\u00fcnen Bl\u00e4ttern ausgestattet.<\/p>\n<p>Die vielen Details in der Farbe lassen die k\u00fcnstliche Tomate noch realistischer wirken.<\/p>\n<p>Kann man sich auch anschauen <span style=\"color: #008000;\"><a style=\"color: #008000;\" href=\"https:\/\/decofoodshop.nl\/de\/produktkategorie-2\/kunstliche-fruchte\/\">&quot;K\u00fcnstliche Frucht&quot;<\/a><\/span> f\u00fcr eine gro\u00dfe Auswahl an k\u00fcnstlichen Fr\u00fcchten.<\/p>","protected":false},"excerpt":{"rendered":"<p>Deze Donker Rode Kunst Tomaat lijkt net echt. De neptomaat is diep rood van kleur en komt overeen met een echte rijpe tomaat. Ook voorzien van kroontje met groene blaadjes. Door de vele details in de kleur komt de kunst tomaat nog realistischer over. U kunt ook kijken bij &#8216;Kunstfruit&#8217; voor een breed assortiment aan [&hellip;]<\/p>\n","protected":false},"featured_media":2207,"template":"","meta":{"_acf_changed":false,"_genesis_hide_title":false,"_genesis_hide_breadcrumbs":false,"_genesis_hide_singular_image":false,"_genesis_hide_footer_widgets":false,"_genesis_custom_body_class":"","_genesis_custom_post_class":"","_genesis_layout":""},"product_brand":[],"product_cat":[48],"product_tag":[],"class_list":{"0":"post-1256","1":"product","2":"type-product","3":"status-publish","4":"has-post-thumbnail","6":"product_cat-kunstgroenten","7":"entry","8":"wpx-has-gallery","10":"first","11":"instock","12":"taxable","13":"shipping-taxable","14":"purchasable","15":"product-type-simple"},"acf":[],"yoast_head":"<!-- This site is optimized with the Yoast SEO Premium plugin v27.3 (Yoast SEO v27.4) - https:\/\/yoast.com\/product\/yoast-seo-premium-wordpress\/ -->\n<title>Donker Rode Kunst Tomaat | Verkrijgbaar bij Decofoodshop<\/title>\n<meta name=\"description\" content=\"Ook deze Donker Rode Kunst Tomaat is niet van echt te onderscheiden. Decofoodshop verkoopt een zeer groot assortiment kunstgroenten.\" \/>\n<meta name=\"robots\" content=\"index, follow, max-snippet:-1, max-image-preview:large, max-video-preview:-1\" \/>\n<link rel=\"canonical\" href=\"https:\/\/decofoodshop.nl\/de\/produkt\/dunkelrote-kunstliche-tomate\/\" \/>\n<meta property=\"og:locale\" content=\"de_DE\" \/>\n<meta property=\"og:type\" content=\"article\" \/>\n<meta property=\"og:title\" content=\"Donker Rode Kunst Tomaat\" \/>\n<meta property=\"og:description\" content=\"Ook deze Donker Rode Kunst Tomaat is niet van echt te onderscheiden. Decofoodshop verkoopt een zeer groot assortiment kunstgroenten.\" \/>\n<meta property=\"og:url\" content=\"https:\/\/decofoodshop.nl\/de\/produkt\/dunkelrote-kunstliche-tomate\/\" \/>\n<meta property=\"og:site_name\" content=\"Decofoodshop\" \/>\n<meta property=\"article:modified_time\" content=\"2026-03-21T16:44:01+00:00\" \/>\n<meta property=\"og:image\" content=\"https:\/\/decofoodshop.nl\/wp-content\/uploads\/2019\/10\/20191104_131641-2.jpg\" \/>\n\t<meta property=\"og:image:width\" content=\"1080\" \/>\n\t<meta property=\"og:image:height\" content=\"1084\" \/>\n\t<meta property=\"og:image:type\" content=\"image\/jpeg\" \/>\n<meta name=\"twitter:card\" content=\"summary_large_image\" \/>\n<meta name=\"twitter:label1\" content=\"Gesch\u00e4tzte Lesezeit\" \/>\n\t<meta name=\"twitter:data1\" content=\"1\u00a0Minute\" \/>\n<script type=\"application\/ld+json\" class=\"yoast-schema-graph\">{\"@context\":\"https:\\\/\\\/schema.org\",\"@graph\":[{\"@type\":\"WebPage\",\"@id\":\"https:\\\/\\\/decofoodshop.nl\\\/product\\\/donker-rode-kunst-tomaat\\\/\",\"url\":\"https:\\\/\\\/decofoodshop.nl\\\/product\\\/donker-rode-kunst-tomaat\\\/\",\"name\":\"Donker Rode Kunst Tomaat | Verkrijgbaar bij Decofoodshop\",\"isPartOf\":{\"@id\":\"https:\\\/\\\/decofoodshop.nl\\\/#website\"},\"primaryImageOfPage\":{\"@id\":\"https:\\\/\\\/decofoodshop.nl\\\/product\\\/donker-rode-kunst-tomaat\\\/#primaryimage\"},\"image\":{\"@id\":\"https:\\\/\\\/decofoodshop.nl\\\/product\\\/donker-rode-kunst-tomaat\\\/#primaryimage\"},\"thumbnailUrl\":\"https:\\\/\\\/decofoodshop.nl\\\/wp-content\\\/uploads\\\/2019\\\/10\\\/20191104_131641-2.jpg\",\"datePublished\":\"2019-10-28T11:50:12+00:00\",\"dateModified\":\"2026-03-21T16:44:01+00:00\",\"description\":\"Ook deze Donker Rode Kunst Tomaat is niet van echt te onderscheiden. Decofoodshop verkoopt een zeer groot assortiment kunstgroenten.\",\"breadcrumb\":{\"@id\":\"https:\\\/\\\/decofoodshop.nl\\\/product\\\/donker-rode-kunst-tomaat\\\/#breadcrumb\"},\"inLanguage\":\"de\",\"potentialAction\":[{\"@type\":\"ReadAction\",\"target\":[\"https:\\\/\\\/decofoodshop.nl\\\/product\\\/donker-rode-kunst-tomaat\\\/\"]}]},{\"@type\":\"ImageObject\",\"inLanguage\":\"de\",\"@id\":\"https:\\\/\\\/decofoodshop.nl\\\/product\\\/donker-rode-kunst-tomaat\\\/#primaryimage\",\"url\":\"https:\\\/\\\/decofoodshop.nl\\\/wp-content\\\/uploads\\\/2019\\\/10\\\/20191104_131641-2.jpg\",\"contentUrl\":\"https:\\\/\\\/decofoodshop.nl\\\/wp-content\\\/uploads\\\/2019\\\/10\\\/20191104_131641-2.jpg\",\"width\":1080,\"height\":1084,\"caption\":\"Donker Rode Kunst Tomaat\"},{\"@type\":\"BreadcrumbList\",\"@id\":\"https:\\\/\\\/decofoodshop.nl\\\/product\\\/donker-rode-kunst-tomaat\\\/#breadcrumb\",\"itemListElement\":[{\"@type\":\"ListItem\",\"position\":1,\"name\":\"Home\",\"item\":\"https:\\\/\\\/decofoodshop.nl\\\/\"},{\"@type\":\"ListItem\",\"position\":2,\"name\":\"Winkel\",\"item\":\"https:\\\/\\\/decofoodshop.nl\\\/winkel\\\/\"},{\"@type\":\"ListItem\",\"position\":3,\"name\":\"Donker Rode Kunst Tomaat\"}]},{\"@type\":\"WebSite\",\"@id\":\"https:\\\/\\\/decofoodshop.nl\\\/#website\",\"url\":\"https:\\\/\\\/decofoodshop.nl\\\/\",\"name\":\"Decofoodshop\",\"description\":\"\",\"potentialAction\":[{\"@type\":\"SearchAction\",\"target\":{\"@type\":\"EntryPoint\",\"urlTemplate\":\"https:\\\/\\\/decofoodshop.nl\\\/?s={search_term_string}\"},\"query-input\":{\"@type\":\"PropertyValueSpecification\",\"valueRequired\":true,\"valueName\":\"search_term_string\"}}],\"inLanguage\":\"de\"}]}<\/script>\n<!-- \/ Yoast SEO Premium plugin. -->","yoast_head_json":{"title":"Dunkelrote k\u00fcnstliche Tomate | Erh\u00e4ltlich bei Decofoodshop","description":"Diese dunkelrote k\u00fcnstliche Tomate ist auch nicht von der echten zu unterscheiden. Decofoodshop verkauft ein sehr gro\u00dfes Sortiment an k\u00fcnstlichem Gem\u00fcse.","robots":{"index":"index","follow":"follow","max-snippet":"max-snippet:-1","max-image-preview":"max-image-preview:large","max-video-preview":"max-video-preview:-1"},"canonical":"https:\/\/decofoodshop.nl\/de\/produkt\/dunkelrote-kunstliche-tomate\/","og_locale":"de_DE","og_type":"article","og_title":"Donker Rode Kunst Tomaat","og_description":"Ook deze Donker Rode Kunst Tomaat is niet van echt te onderscheiden. Decofoodshop verkoopt een zeer groot assortiment kunstgroenten.","og_url":"https:\/\/decofoodshop.nl\/de\/produkt\/dunkelrote-kunstliche-tomate\/","og_site_name":"Decofoodshop","article_modified_time":"2026-03-21T16:44:01+00:00","og_image":[{"width":1080,"height":1084,"url":"https:\/\/decofoodshop.nl\/wp-content\/uploads\/2019\/10\/20191104_131641-2.jpg","type":"image\/jpeg"}],"twitter_card":"summary_large_image","twitter_misc":{"Gesch\u00e4tzte Lesezeit":"1\u00a0Minute"},"schema":{"@context":"https:\/\/schema.org","@graph":[{"@type":"WebPage","@id":"https:\/\/decofoodshop.nl\/product\/donker-rode-kunst-tomaat\/","url":"https:\/\/decofoodshop.nl\/product\/donker-rode-kunst-tomaat\/","name":"Dunkelrote k\u00fcnstliche Tomate | Erh\u00e4ltlich bei Decofoodshop","isPartOf":{"@id":"https:\/\/decofoodshop.nl\/#website"},"primaryImageOfPage":{"@id":"https:\/\/decofoodshop.nl\/product\/donker-rode-kunst-tomaat\/#primaryimage"},"image":{"@id":"https:\/\/decofoodshop.nl\/product\/donker-rode-kunst-tomaat\/#primaryimage"},"thumbnailUrl":"https:\/\/decofoodshop.nl\/wp-content\/uploads\/2019\/10\/20191104_131641-2.jpg","datePublished":"2019-10-28T11:50:12+00:00","dateModified":"2026-03-21T16:44:01+00:00","description":"Diese dunkelrote k\u00fcnstliche Tomate ist auch nicht von der echten zu unterscheiden. Decofoodshop verkauft ein sehr gro\u00dfes Sortiment an k\u00fcnstlichem Gem\u00fcse.","breadcrumb":{"@id":"https:\/\/decofoodshop.nl\/product\/donker-rode-kunst-tomaat\/#breadcrumb"},"inLanguage":"de","potentialAction":[{"@type":"ReadAction","target":["https:\/\/decofoodshop.nl\/product\/donker-rode-kunst-tomaat\/"]}]},{"@type":"ImageObject","inLanguage":"de","@id":"https:\/\/decofoodshop.nl\/product\/donker-rode-kunst-tomaat\/#primaryimage","url":"https:\/\/decofoodshop.nl\/wp-content\/uploads\/2019\/10\/20191104_131641-2.jpg","contentUrl":"https:\/\/decofoodshop.nl\/wp-content\/uploads\/2019\/10\/20191104_131641-2.jpg","width":1080,"height":1084,"caption":"Donker Rode Kunst Tomaat"},{"@type":"BreadcrumbList","@id":"https:\/\/decofoodshop.nl\/product\/donker-rode-kunst-tomaat\/#breadcrumb","itemListElement":[{"@type":"ListItem","position":1,"name":"Home","item":"https:\/\/decofoodshop.nl\/"},{"@type":"ListItem","position":2,"name":"Winkel","item":"https:\/\/decofoodshop.nl\/winkel\/"},{"@type":"ListItem","position":3,"name":"Donker Rode Kunst Tomaat"}]},{"@type":"WebSite","@id":"https:\/\/decofoodshop.nl\/#website","url":"https:\/\/decofoodshop.nl\/","name":"Dekofoodshop","description":"","potentialAction":[{"@type":"SearchAction","target":{"@type":"EntryPoint","urlTemplate":"https:\/\/decofoodshop.nl\/?s={search_term_string}"},"query-input":{"@type":"PropertyValueSpecification","valueRequired":true,"valueName":"search_term_string"}}],"inLanguage":"de"}]}},"_links":{"self":[{"href":"https:\/\/decofoodshop.nl\/de\/wp-json\/wp\/v2\/product\/1256","targetHints":{"allow":["GET"]}}],"collection":[{"href":"https:\/\/decofoodshop.nl\/de\/wp-json\/wp\/v2\/product"}],"about":[{"href":"https:\/\/decofoodshop.nl\/de\/wp-json\/wp\/v2\/types\/product"}],"wp:featuredmedia":[{"embeddable":true,"href":"https:\/\/decofoodshop.nl\/de\/wp-json\/wp\/v2\/media\/2207"}],"wp:attachment":[{"href":"https:\/\/decofoodshop.nl\/de\/wp-json\/wp\/v2\/media?parent=1256"}],"wp:term":[{"taxonomy":"product_brand","embeddable":true,"href":"https:\/\/decofoodshop.nl\/de\/wp-json\/wp\/v2\/product_brand?post=1256"},{"taxonomy":"product_cat","embeddable":true,"href":"https:\/\/decofoodshop.nl\/de\/wp-json\/wp\/v2\/product_cat?post=1256"},{"taxonomy":"product_tag","embeddable":true,"href":"https:\/\/decofoodshop.nl\/de\/wp-json\/wp\/v2\/product_tag?post=1256"}],"curies":[{"name":"wp","href":"https:\/\/api.w.org\/{rel}","templated":true}]}}