{"id":1257,"date":"2019-10-28T12:07:36","date_gmt":"2019-10-28T12:07:36","guid":{"rendered":"https:\/\/decofoodshop.nl\/?post_type=product&#038;p=1257"},"modified":"2026-04-18T10:31:44","modified_gmt":"2026-04-18T08:31:44","slug":"roter-kopfsalat","status":"publish","type":"product","link":"https:\/\/decofoodshop.nl\/de\/product\/rode-namaak-krop-sla\/","title":{"rendered":"Roter Kopfsalat"},"content":{"rendered":"<p><span style=\"color: #333333;\">Dieser vollrote Salatkopfimitat ist von lebensechter Qualit\u00e4t.<\/span><\/p>\n<p>Form, Farbe und Gewicht sind kaum von der Realit\u00e4t zu unterscheiden.<\/p>\n<p>Auch das rote Salatimitat f\u00fchlt sich nat\u00fcrlich an.<\/p>\n<p>Neben diesem roten k\u00fcnstlichen Salat ist auch ein gr\u00fcner k\u00fcnstlicher Salatkopf erh\u00e4ltlich.<\/p>\n<p>Sehen Sie sich auch unser Kunstgem\u00fcse an <span style=\"color: #008000;\"><a style=\"color: #008000;\" href=\"https:\/\/decofoodshop.nl\/de\/produktkategorie-2\/pakete\/\">&#8216;<strong>Pakete<\/strong>&#8216;<\/a>.<\/span><\/p>","protected":false},"excerpt":{"rendered":"<p>Dieser vollrote Salatkopfimitat ist von lebensechter Qualit\u00e4t. Form, Farbe und Gewicht sind kaum von der Realit\u00e4t zu unterscheiden. Auch das rote Salatimitat f\u00fchlt sich nat\u00fcrlich an. Neben diesem roten k\u00fcnstlichen Salat ist auch ein gr\u00fcner k\u00fcnstlicher Salatkopf erh\u00e4ltlich. Sie k\u00f6nnen sich auch unsere k\u00fcnstlichen Gem\u00fcsepakete ansehen.<\/p>","protected":false},"featured_media":1267,"template":"","meta":{"_acf_changed":false,"_genesis_hide_title":false,"_genesis_hide_breadcrumbs":false,"_genesis_hide_singular_image":false,"_genesis_hide_footer_widgets":false,"_genesis_custom_body_class":"","_genesis_custom_post_class":"","_genesis_layout":""},"product_brand":[],"product_cat":[48],"product_tag":[],"class_list":{"0":"post-1257","1":"product","2":"type-product","3":"status-publish","4":"has-post-thumbnail","6":"product_cat-kunstgroenten","7":"entry","8":"wpx-has-gallery","10":"first","11":"instock","12":"taxable","13":"shipping-taxable","14":"purchasable","15":"product-type-simple"},"acf":[],"yoast_head":"<!-- This site is optimized with the Yoast SEO Premium plugin v27.4 (Yoast SEO v27.4) - https:\/\/yoast.com\/product\/yoast-seo-premium-wordpress\/ -->\n<title>Rode Namaak Krop Sla Bestel Je Bij - Decofoodshop<\/title>\n<meta name=\"description\" content=\"Prachtige realistische rode namaak krop sla en ook de groene namaak sla krop zijn verkrijgbaar bij ons en uiterst geschikt voor decoratieve doeleinden.\" \/>\n<meta name=\"robots\" content=\"index, follow, max-snippet:-1, max-image-preview:large, max-video-preview:-1\" \/>\n<link rel=\"canonical\" href=\"https:\/\/decofoodshop.nl\/de\/produkt\/roter-kopfsalat\/\" \/>\n<meta property=\"og:locale\" content=\"de_DE\" \/>\n<meta property=\"og:type\" content=\"article\" \/>\n<meta property=\"og:title\" content=\"Rode Namaak Krop Sla\" \/>\n<meta property=\"og:description\" content=\"Prachtige realistische rode namaak krop sla en ook de groene namaak sla krop zijn verkrijgbaar bij ons en uiterst geschikt voor decoratieve doeleinden.\" \/>\n<meta property=\"og:url\" content=\"https:\/\/decofoodshop.nl\/de\/produkt\/roter-kopfsalat\/\" \/>\n<meta property=\"og:site_name\" content=\"Decofoodshop\" \/>\n<meta property=\"article:modified_time\" content=\"2026-04-18T08:31:44+00:00\" \/>\n<meta property=\"og:image\" content=\"https:\/\/decofoodshop.nl\/wp-content\/uploads\/2019\/10\/Rode-Namaak-Sla-Krop-14cm-side.jpg\" \/>\n\t<meta property=\"og:image:width\" content=\"697\" \/>\n\t<meta property=\"og:image:height\" content=\"719\" \/>\n\t<meta property=\"og:image:type\" content=\"image\/jpeg\" \/>\n<meta name=\"twitter:card\" content=\"summary_large_image\" \/>\n<meta name=\"twitter:label1\" content=\"Gesch\u00e4tzte Lesezeit\" \/>\n\t<meta name=\"twitter:data1\" content=\"1\u00a0Minute\" \/>\n<script type=\"application\/ld+json\" class=\"yoast-schema-graph\">{\"@context\":\"https:\\\/\\\/schema.org\",\"@graph\":[{\"@type\":\"WebPage\",\"@id\":\"https:\\\/\\\/decofoodshop.nl\\\/product\\\/rode-namaak-krop-sla\\\/\",\"url\":\"https:\\\/\\\/decofoodshop.nl\\\/product\\\/rode-namaak-krop-sla\\\/\",\"name\":\"Rode Namaak Krop Sla Bestel Je Bij - Decofoodshop\",\"isPartOf\":{\"@id\":\"https:\\\/\\\/decofoodshop.nl\\\/#website\"},\"primaryImageOfPage\":{\"@id\":\"https:\\\/\\\/decofoodshop.nl\\\/product\\\/rode-namaak-krop-sla\\\/#primaryimage\"},\"image\":{\"@id\":\"https:\\\/\\\/decofoodshop.nl\\\/product\\\/rode-namaak-krop-sla\\\/#primaryimage\"},\"thumbnailUrl\":\"https:\\\/\\\/decofoodshop.nl\\\/wp-content\\\/uploads\\\/2019\\\/10\\\/Rode-Namaak-Sla-Krop-14cm-side.jpg\",\"datePublished\":\"2019-10-28T12:07:36+00:00\",\"dateModified\":\"2026-04-18T08:31:44+00:00\",\"description\":\"Prachtige realistische rode namaak krop sla en ook de groene namaak sla krop zijn verkrijgbaar bij ons en uiterst geschikt voor decoratieve doeleinden.\",\"breadcrumb\":{\"@id\":\"https:\\\/\\\/decofoodshop.nl\\\/product\\\/rode-namaak-krop-sla\\\/#breadcrumb\"},\"inLanguage\":\"de\",\"potentialAction\":[{\"@type\":\"ReadAction\",\"target\":[\"https:\\\/\\\/decofoodshop.nl\\\/product\\\/rode-namaak-krop-sla\\\/\"]}]},{\"@type\":\"ImageObject\",\"inLanguage\":\"de\",\"@id\":\"https:\\\/\\\/decofoodshop.nl\\\/product\\\/rode-namaak-krop-sla\\\/#primaryimage\",\"url\":\"https:\\\/\\\/decofoodshop.nl\\\/wp-content\\\/uploads\\\/2019\\\/10\\\/Rode-Namaak-Sla-Krop-14cm-side.jpg\",\"contentUrl\":\"https:\\\/\\\/decofoodshop.nl\\\/wp-content\\\/uploads\\\/2019\\\/10\\\/Rode-Namaak-Sla-Krop-14cm-side.jpg\",\"width\":697,\"height\":719,\"caption\":\"Rode Namaak Krop Sla\"},{\"@type\":\"BreadcrumbList\",\"@id\":\"https:\\\/\\\/decofoodshop.nl\\\/product\\\/rode-namaak-krop-sla\\\/#breadcrumb\",\"itemListElement\":[{\"@type\":\"ListItem\",\"position\":1,\"name\":\"Home\",\"item\":\"https:\\\/\\\/decofoodshop.nl\\\/\"},{\"@type\":\"ListItem\",\"position\":2,\"name\":\"Winkel\",\"item\":\"https:\\\/\\\/decofoodshop.nl\\\/winkel\\\/\"},{\"@type\":\"ListItem\",\"position\":3,\"name\":\"Rode Namaak Krop Sla\"}]},{\"@type\":\"WebSite\",\"@id\":\"https:\\\/\\\/decofoodshop.nl\\\/#website\",\"url\":\"https:\\\/\\\/decofoodshop.nl\\\/\",\"name\":\"Decofoodshop\",\"description\":\"\",\"potentialAction\":[{\"@type\":\"SearchAction\",\"target\":{\"@type\":\"EntryPoint\",\"urlTemplate\":\"https:\\\/\\\/decofoodshop.nl\\\/?s={search_term_string}\"},\"query-input\":{\"@type\":\"PropertyValueSpecification\",\"valueRequired\":true,\"valueName\":\"search_term_string\"}}],\"inLanguage\":\"de\"}]}<\/script>\n<!-- \/ Yoast SEO Premium plugin. -->","yoast_head_json":{"title":"Roter Kopfsalat bestellen bei - Decofoodshop","description":"Sch\u00f6ne naturgetreue rote Kopfsalatimitate und auch gr\u00fcne Kopfsalatimitate sind bei uns erh\u00e4ltlich und eignen sich hervorragend f\u00fcr Dekorationszwecke.","robots":{"index":"index","follow":"follow","max-snippet":"max-snippet:-1","max-image-preview":"max-image-preview:large","max-video-preview":"max-video-preview:-1"},"canonical":"https:\/\/decofoodshop.nl\/de\/produkt\/roter-kopfsalat\/","og_locale":"de_DE","og_type":"article","og_title":"Rode Namaak Krop Sla","og_description":"Prachtige realistische rode namaak krop sla en ook de groene namaak sla krop zijn verkrijgbaar bij ons en uiterst geschikt voor decoratieve doeleinden.","og_url":"https:\/\/decofoodshop.nl\/de\/produkt\/roter-kopfsalat\/","og_site_name":"Decofoodshop","article_modified_time":"2026-04-18T08:31:44+00:00","og_image":[{"width":697,"height":719,"url":"https:\/\/decofoodshop.nl\/wp-content\/uploads\/2019\/10\/Rode-Namaak-Sla-Krop-14cm-side.jpg","type":"image\/jpeg"}],"twitter_card":"summary_large_image","twitter_misc":{"Gesch\u00e4tzte Lesezeit":"1\u00a0Minute"},"schema":{"@context":"https:\/\/schema.org","@graph":[{"@type":"WebPage","@id":"https:\/\/decofoodshop.nl\/product\/rode-namaak-krop-sla\/","url":"https:\/\/decofoodshop.nl\/product\/rode-namaak-krop-sla\/","name":"Roter Kopfsalat bestellen bei - Decofoodshop","isPartOf":{"@id":"https:\/\/decofoodshop.nl\/#website"},"primaryImageOfPage":{"@id":"https:\/\/decofoodshop.nl\/product\/rode-namaak-krop-sla\/#primaryimage"},"image":{"@id":"https:\/\/decofoodshop.nl\/product\/rode-namaak-krop-sla\/#primaryimage"},"thumbnailUrl":"https:\/\/decofoodshop.nl\/wp-content\/uploads\/2019\/10\/Rode-Namaak-Sla-Krop-14cm-side.jpg","datePublished":"2019-10-28T12:07:36+00:00","dateModified":"2026-04-18T08:31:44+00:00","description":"Sch\u00f6ne naturgetreue rote Kopfsalatimitate und auch gr\u00fcne Kopfsalatimitate sind bei uns erh\u00e4ltlich und eignen sich hervorragend f\u00fcr Dekorationszwecke.","breadcrumb":{"@id":"https:\/\/decofoodshop.nl\/product\/rode-namaak-krop-sla\/#breadcrumb"},"inLanguage":"de","potentialAction":[{"@type":"ReadAction","target":["https:\/\/decofoodshop.nl\/product\/rode-namaak-krop-sla\/"]}]},{"@type":"ImageObject","inLanguage":"de","@id":"https:\/\/decofoodshop.nl\/product\/rode-namaak-krop-sla\/#primaryimage","url":"https:\/\/decofoodshop.nl\/wp-content\/uploads\/2019\/10\/Rode-Namaak-Sla-Krop-14cm-side.jpg","contentUrl":"https:\/\/decofoodshop.nl\/wp-content\/uploads\/2019\/10\/Rode-Namaak-Sla-Krop-14cm-side.jpg","width":697,"height":719,"caption":"Rode Namaak Krop Sla"},{"@type":"BreadcrumbList","@id":"https:\/\/decofoodshop.nl\/product\/rode-namaak-krop-sla\/#breadcrumb","itemListElement":[{"@type":"ListItem","position":1,"name":"Home","item":"https:\/\/decofoodshop.nl\/"},{"@type":"ListItem","position":2,"name":"Winkel","item":"https:\/\/decofoodshop.nl\/winkel\/"},{"@type":"ListItem","position":3,"name":"Rode Namaak Krop Sla"}]},{"@type":"WebSite","@id":"https:\/\/decofoodshop.nl\/#website","url":"https:\/\/decofoodshop.nl\/","name":"Dekofoodshop","description":"","potentialAction":[{"@type":"SearchAction","target":{"@type":"EntryPoint","urlTemplate":"https:\/\/decofoodshop.nl\/?s={search_term_string}"},"query-input":{"@type":"PropertyValueSpecification","valueRequired":true,"valueName":"search_term_string"}}],"inLanguage":"de"}]}},"_links":{"self":[{"href":"https:\/\/decofoodshop.nl\/de\/wp-json\/wp\/v2\/product\/1257","targetHints":{"allow":["GET"]}}],"collection":[{"href":"https:\/\/decofoodshop.nl\/de\/wp-json\/wp\/v2\/product"}],"about":[{"href":"https:\/\/decofoodshop.nl\/de\/wp-json\/wp\/v2\/types\/product"}],"wp:featuredmedia":[{"embeddable":true,"href":"https:\/\/decofoodshop.nl\/de\/wp-json\/wp\/v2\/media\/1267"}],"wp:attachment":[{"href":"https:\/\/decofoodshop.nl\/de\/wp-json\/wp\/v2\/media?parent=1257"}],"wp:term":[{"taxonomy":"product_brand","embeddable":true,"href":"https:\/\/decofoodshop.nl\/de\/wp-json\/wp\/v2\/product_brand?post=1257"},{"taxonomy":"product_cat","embeddable":true,"href":"https:\/\/decofoodshop.nl\/de\/wp-json\/wp\/v2\/product_cat?post=1257"},{"taxonomy":"product_tag","embeddable":true,"href":"https:\/\/decofoodshop.nl\/de\/wp-json\/wp\/v2\/product_tag?post=1257"}],"curies":[{"name":"wp","href":"https:\/\/api.w.org\/{rel}","templated":true}]}}