{"id":1273,"date":"2019-10-28T12:30:31","date_gmt":"2019-10-28T11:30:31","guid":{"rendered":"https:\/\/decofoodshop.nl\/?post_type=product&#038;p=1273"},"modified":"2026-04-18T10:31:44","modified_gmt":"2026-04-18T08:31:44","slug":"gruner-kopfsalat","status":"publish","type":"product","link":"https:\/\/decofoodshop.nl\/de\/product\/groene-namaak-krop-sla\/","title":{"rendered":"Gr\u00fcner gef\u00e4lschter Salatkopf"},"content":{"rendered":"<p><span style=\"color: #333333;\">Sch\u00f6ner nat\u00fcrlicher gr\u00fcner falscher Salatkopf<\/span><span style=\"color: #333333;\">.<\/span><\/p>\n<p>Dieser k\u00fcnstliche Salat wird mit viel Liebe zum Detail hergestellt.<\/p>\n<p>Die gef\u00e4lschten Salatbl\u00e4tter sind in Form, Farbe und Haptik genau wie das Original.<\/p>\n<p>Naturgetreu ist auch das Detail im St\u00e4ngel des Ziersalats.<\/p>\n<p>Sie k\u00f6nnen uns auch f\u00fcr eine breite Palette kontaktieren<span style=\"color: #008000;\"> <a style=\"color: #008000;\" href=\"https:\/\/decofoodshop.nl\/de\/produktkategorie-2\/kunstliche-fruchte\/\">&#8216;<strong>k\u00fcnstliche Fr\u00fcchte<\/strong>&#8216;<\/a>.<\/span><\/p>\n<p>&nbsp;<\/p>","protected":false},"excerpt":{"rendered":"<p>Wundersch\u00f6n nat\u00fcrliches gr\u00fcnes Salatimitat. Dieser k\u00fcnstliche Salat wird mit viel Liebe zum Detail hergestellt. Die imitierten Salatbl\u00e4tter sind in Form, Farbe und Haptik genau wie die echten. Auch die Details im Stiel des Deko-Salats sind naturgetreu. Sie k\u00f6nnen uns auch f\u00fcr eine gro\u00dfe Auswahl an \u201ek\u00fcnstlichen Fr\u00fcchten\u201c kontaktieren. &nbsp;<\/p>","protected":false},"featured_media":2520,"template":"","meta":{"_acf_changed":false,"_genesis_hide_title":false,"_genesis_hide_breadcrumbs":false,"_genesis_hide_singular_image":false,"_genesis_hide_footer_widgets":false,"_genesis_custom_body_class":"","_genesis_custom_post_class":"","_genesis_layout":""},"product_brand":[],"product_cat":[48],"product_tag":[],"class_list":{"0":"post-1273","1":"product","2":"type-product","3":"status-publish","4":"has-post-thumbnail","6":"product_cat-kunstgroenten","7":"entry","8":"wpx-has-gallery","10":"first","11":"instock","12":"taxable","13":"shipping-taxable","14":"purchasable","15":"product-type-simple"},"acf":[],"yoast_head":"<!-- This site is optimized with the Yoast SEO Premium plugin v27.4 (Yoast SEO v27.4) - https:\/\/yoast.com\/product\/yoast-seo-premium-wordpress\/ -->\n<title>Groene Namaak Krop Sla Te Koop Bij - Decofoodshop<\/title>\n<meta name=\"description\" content=\"Deze prachtig realistische groene namaak krop sla is verkrijgbaar bij Decofoodshop. Wij hebben een ontzettend breed assortiment aan namaak voedsel.\" \/>\n<meta name=\"robots\" content=\"index, follow, max-snippet:-1, max-image-preview:large, max-video-preview:-1\" \/>\n<link rel=\"canonical\" href=\"https:\/\/decofoodshop.nl\/de\/produkt\/gruner-kopfsalat\/\" \/>\n<meta property=\"og:locale\" content=\"de_DE\" \/>\n<meta property=\"og:type\" content=\"article\" \/>\n<meta property=\"og:title\" content=\"Groene Namaak Krop Sla\" \/>\n<meta property=\"og:description\" content=\"Deze prachtig realistische groene namaak krop sla is verkrijgbaar bij Decofoodshop. Wij hebben een ontzettend breed assortiment aan namaak voedsel.\" \/>\n<meta property=\"og:url\" content=\"https:\/\/decofoodshop.nl\/de\/produkt\/gruner-kopfsalat\/\" \/>\n<meta property=\"og:site_name\" content=\"Decofoodshop\" \/>\n<meta property=\"article:modified_time\" content=\"2026-04-18T08:31:44+00:00\" \/>\n<meta property=\"og:image\" content=\"https:\/\/decofoodshop.nl\/wp-content\/uploads\/2019\/10\/IMG_7756-1.jpg\" \/>\n\t<meta property=\"og:image:width\" content=\"1200\" \/>\n\t<meta property=\"og:image:height\" content=\"1200\" \/>\n\t<meta property=\"og:image:type\" content=\"image\/jpeg\" \/>\n<meta name=\"twitter:card\" content=\"summary_large_image\" \/>\n<meta name=\"twitter:label1\" content=\"Gesch\u00e4tzte Lesezeit\" \/>\n\t<meta name=\"twitter:data1\" content=\"1\u00a0Minute\" \/>\n<script type=\"application\/ld+json\" class=\"yoast-schema-graph\">{\"@context\":\"https:\\\/\\\/schema.org\",\"@graph\":[{\"@type\":\"WebPage\",\"@id\":\"https:\\\/\\\/decofoodshop.nl\\\/product\\\/groene-namaak-krop-sla\\\/\",\"url\":\"https:\\\/\\\/decofoodshop.nl\\\/product\\\/groene-namaak-krop-sla\\\/\",\"name\":\"Groene Namaak Krop Sla Te Koop Bij - Decofoodshop\",\"isPartOf\":{\"@id\":\"https:\\\/\\\/decofoodshop.nl\\\/#website\"},\"primaryImageOfPage\":{\"@id\":\"https:\\\/\\\/decofoodshop.nl\\\/product\\\/groene-namaak-krop-sla\\\/#primaryimage\"},\"image\":{\"@id\":\"https:\\\/\\\/decofoodshop.nl\\\/product\\\/groene-namaak-krop-sla\\\/#primaryimage\"},\"thumbnailUrl\":\"https:\\\/\\\/decofoodshop.nl\\\/wp-content\\\/uploads\\\/2019\\\/10\\\/IMG_7756-1.jpg\",\"datePublished\":\"2019-10-28T11:30:31+00:00\",\"dateModified\":\"2026-04-18T08:31:44+00:00\",\"description\":\"Deze prachtig realistische groene namaak krop sla is verkrijgbaar bij Decofoodshop. Wij hebben een ontzettend breed assortiment aan namaak voedsel.\",\"breadcrumb\":{\"@id\":\"https:\\\/\\\/decofoodshop.nl\\\/product\\\/groene-namaak-krop-sla\\\/#breadcrumb\"},\"inLanguage\":\"de\",\"potentialAction\":[{\"@type\":\"ReadAction\",\"target\":[\"https:\\\/\\\/decofoodshop.nl\\\/product\\\/groene-namaak-krop-sla\\\/\"]}]},{\"@type\":\"ImageObject\",\"inLanguage\":\"de\",\"@id\":\"https:\\\/\\\/decofoodshop.nl\\\/product\\\/groene-namaak-krop-sla\\\/#primaryimage\",\"url\":\"https:\\\/\\\/decofoodshop.nl\\\/wp-content\\\/uploads\\\/2019\\\/10\\\/IMG_7756-1.jpg\",\"contentUrl\":\"https:\\\/\\\/decofoodshop.nl\\\/wp-content\\\/uploads\\\/2019\\\/10\\\/IMG_7756-1.jpg\",\"width\":1200,\"height\":1200,\"caption\":\"Groene Namaak Krop Sla\"},{\"@type\":\"BreadcrumbList\",\"@id\":\"https:\\\/\\\/decofoodshop.nl\\\/product\\\/groene-namaak-krop-sla\\\/#breadcrumb\",\"itemListElement\":[{\"@type\":\"ListItem\",\"position\":1,\"name\":\"Home\",\"item\":\"https:\\\/\\\/decofoodshop.nl\\\/\"},{\"@type\":\"ListItem\",\"position\":2,\"name\":\"Winkel\",\"item\":\"https:\\\/\\\/decofoodshop.nl\\\/winkel\\\/\"},{\"@type\":\"ListItem\",\"position\":3,\"name\":\"Groene Namaak Krop Sla\"}]},{\"@type\":\"WebSite\",\"@id\":\"https:\\\/\\\/decofoodshop.nl\\\/#website\",\"url\":\"https:\\\/\\\/decofoodshop.nl\\\/\",\"name\":\"Decofoodshop\",\"description\":\"\",\"potentialAction\":[{\"@type\":\"SearchAction\",\"target\":{\"@type\":\"EntryPoint\",\"urlTemplate\":\"https:\\\/\\\/decofoodshop.nl\\\/?s={search_term_string}\"},\"query-input\":{\"@type\":\"PropertyValueSpecification\",\"valueRequired\":true,\"valueName\":\"search_term_string\"}}],\"inLanguage\":\"de\"}]}<\/script>\n<!-- \/ Yoast SEO Premium plugin. -->","yoast_head_json":{"title":"Gr\u00fcner gef\u00e4lschter Salatkopf zum Verkauf bei - Decofoodshop","description":"Dieser wundersch\u00f6n realistische gr\u00fcne Salatkopf ist bei Decofoodshop erh\u00e4ltlich. Wir haben eine unglaublich gro\u00dfe Auswahl an gef\u00e4lschten Lebensmitteln.","robots":{"index":"index","follow":"follow","max-snippet":"max-snippet:-1","max-image-preview":"max-image-preview:large","max-video-preview":"max-video-preview:-1"},"canonical":"https:\/\/decofoodshop.nl\/de\/produkt\/gruner-kopfsalat\/","og_locale":"de_DE","og_type":"article","og_title":"Groene Namaak Krop Sla","og_description":"Deze prachtig realistische groene namaak krop sla is verkrijgbaar bij Decofoodshop. Wij hebben een ontzettend breed assortiment aan namaak voedsel.","og_url":"https:\/\/decofoodshop.nl\/de\/produkt\/gruner-kopfsalat\/","og_site_name":"Decofoodshop","article_modified_time":"2026-04-18T08:31:44+00:00","og_image":[{"width":1200,"height":1200,"url":"https:\/\/decofoodshop.nl\/wp-content\/uploads\/2019\/10\/IMG_7756-1.jpg","type":"image\/jpeg"}],"twitter_card":"summary_large_image","twitter_misc":{"Gesch\u00e4tzte Lesezeit":"1\u00a0Minute"},"schema":{"@context":"https:\/\/schema.org","@graph":[{"@type":"WebPage","@id":"https:\/\/decofoodshop.nl\/product\/groene-namaak-krop-sla\/","url":"https:\/\/decofoodshop.nl\/product\/groene-namaak-krop-sla\/","name":"Gr\u00fcner gef\u00e4lschter Salatkopf zum Verkauf bei - Decofoodshop","isPartOf":{"@id":"https:\/\/decofoodshop.nl\/#website"},"primaryImageOfPage":{"@id":"https:\/\/decofoodshop.nl\/product\/groene-namaak-krop-sla\/#primaryimage"},"image":{"@id":"https:\/\/decofoodshop.nl\/product\/groene-namaak-krop-sla\/#primaryimage"},"thumbnailUrl":"https:\/\/decofoodshop.nl\/wp-content\/uploads\/2019\/10\/IMG_7756-1.jpg","datePublished":"2019-10-28T11:30:31+00:00","dateModified":"2026-04-18T08:31:44+00:00","description":"Dieser wundersch\u00f6n realistische gr\u00fcne Salatkopf ist bei Decofoodshop erh\u00e4ltlich. Wir haben eine unglaublich gro\u00dfe Auswahl an gef\u00e4lschten Lebensmitteln.","breadcrumb":{"@id":"https:\/\/decofoodshop.nl\/product\/groene-namaak-krop-sla\/#breadcrumb"},"inLanguage":"de","potentialAction":[{"@type":"ReadAction","target":["https:\/\/decofoodshop.nl\/product\/groene-namaak-krop-sla\/"]}]},{"@type":"ImageObject","inLanguage":"de","@id":"https:\/\/decofoodshop.nl\/product\/groene-namaak-krop-sla\/#primaryimage","url":"https:\/\/decofoodshop.nl\/wp-content\/uploads\/2019\/10\/IMG_7756-1.jpg","contentUrl":"https:\/\/decofoodshop.nl\/wp-content\/uploads\/2019\/10\/IMG_7756-1.jpg","width":1200,"height":1200,"caption":"Groene Namaak Krop Sla"},{"@type":"BreadcrumbList","@id":"https:\/\/decofoodshop.nl\/product\/groene-namaak-krop-sla\/#breadcrumb","itemListElement":[{"@type":"ListItem","position":1,"name":"Home","item":"https:\/\/decofoodshop.nl\/"},{"@type":"ListItem","position":2,"name":"Winkel","item":"https:\/\/decofoodshop.nl\/winkel\/"},{"@type":"ListItem","position":3,"name":"Groene Namaak Krop Sla"}]},{"@type":"WebSite","@id":"https:\/\/decofoodshop.nl\/#website","url":"https:\/\/decofoodshop.nl\/","name":"Dekofoodshop","description":"","potentialAction":[{"@type":"SearchAction","target":{"@type":"EntryPoint","urlTemplate":"https:\/\/decofoodshop.nl\/?s={search_term_string}"},"query-input":{"@type":"PropertyValueSpecification","valueRequired":true,"valueName":"search_term_string"}}],"inLanguage":"de"}]}},"_links":{"self":[{"href":"https:\/\/decofoodshop.nl\/de\/wp-json\/wp\/v2\/product\/1273","targetHints":{"allow":["GET"]}}],"collection":[{"href":"https:\/\/decofoodshop.nl\/de\/wp-json\/wp\/v2\/product"}],"about":[{"href":"https:\/\/decofoodshop.nl\/de\/wp-json\/wp\/v2\/types\/product"}],"wp:featuredmedia":[{"embeddable":true,"href":"https:\/\/decofoodshop.nl\/de\/wp-json\/wp\/v2\/media\/2520"}],"wp:attachment":[{"href":"https:\/\/decofoodshop.nl\/de\/wp-json\/wp\/v2\/media?parent=1273"}],"wp:term":[{"taxonomy":"product_brand","embeddable":true,"href":"https:\/\/decofoodshop.nl\/de\/wp-json\/wp\/v2\/product_brand?post=1273"},{"taxonomy":"product_cat","embeddable":true,"href":"https:\/\/decofoodshop.nl\/de\/wp-json\/wp\/v2\/product_cat?post=1273"},{"taxonomy":"product_tag","embeddable":true,"href":"https:\/\/decofoodshop.nl\/de\/wp-json\/wp\/v2\/product_tag?post=1273"}],"curies":[{"name":"wp","href":"https:\/\/api.w.org\/{rel}","templated":true}]}}