{"id":1305,"date":"2019-10-31T12:33:20","date_gmt":"2019-10-31T12:33:20","guid":{"rendered":"https:\/\/decofoodshop.nl\/?post_type=product&#038;p=1305"},"modified":"2026-03-02T14:35:46","modified_gmt":"2026-03-02T13:35:46","slug":"falsche-rote-salatblatter-6-stk","status":"publish","type":"product","link":"https:\/\/decofoodshop.nl\/de\/product\/namaak-rode-slabladeren-6-stuks\/","title":{"rendered":"Gef\u00e4lschte rote Salatbl\u00e4tter 6 St\u00fcck"},"content":{"rendered":"<p>Nat\u00fcrliche rote Salatbl\u00e4tter imitiert, verpackt in Sets zu 6 St\u00fcck.<\/p>\n<p>Unglaublich detailliert in Maserung und Finish der Klinge.<\/p>\n<p>Dieses gef\u00e4lschte Salatblatt f\u00fchlt sich genauso an wie das Original und die sorgf\u00e4ltig aufgetragene Farbe macht es nicht vom Original zu unterscheiden.<\/p>\n<p>Werfen Sie auch gerne einen Blick auf unser Angebot an F\u00e4lschungen<strong><span style=\"color: #008000;\"> <a style=\"color: #008000;\" href=\"https:\/\/decofoodshop.nl\/de\/produktkategorie-2\/visenvlees\/\">&#039;Fisch und Fleisch&#039;<\/a>.<\/span><\/strong><\/p>\n<p>&nbsp;<\/p>","protected":false},"excerpt":{"rendered":"<p>Natuurgetrouwe namaak rode slabladeren verpakt in sets van 6 stuks. Ontzettend gedetailleerd in de nerf en afwerking van het blad. Dit nep slablad voelt net echt aan en door de kleur die secuur is aangebracht is hij niet van echt te onderscheiden. Neemt u gerust ook een kijkje bij ons assortiment namaak &#8216;vis en vlees&#8217;. [&hellip;]<\/p>\n","protected":false},"featured_media":1388,"template":"","meta":{"_acf_changed":false,"_genesis_hide_title":false,"_genesis_hide_breadcrumbs":false,"_genesis_hide_singular_image":false,"_genesis_hide_footer_widgets":false,"_genesis_custom_body_class":"","_genesis_custom_post_class":"","_genesis_layout":""},"product_brand":[],"product_cat":[48],"product_tag":[],"class_list":{"0":"post-1305","1":"product","2":"type-product","3":"status-publish","4":"has-post-thumbnail","6":"product_cat-kunstgroenten","7":"entry","8":"wpx-has-gallery","10":"first","11":"instock","12":"taxable","13":"shipping-taxable","14":"purchasable","15":"product-type-simple"},"acf":[],"yoast_head":"<!-- This site is optimized with the Yoast SEO Premium plugin v27.3 (Yoast SEO v27.4) - https:\/\/yoast.com\/product\/yoast-seo-premium-wordpress\/ -->\n<title>Namaak Rode Slabladeren 6 Stuks - Decofoodshop<\/title>\n<meta name=\"description\" content=\"Deze prachtige set namaak rode slabladeren 6 stuks. E\u00e9n van de vele hoge kwaliteit kunstgroenten die verkrijgbaar zijn bij: Decofoodschop.\" \/>\n<meta name=\"robots\" content=\"index, follow, max-snippet:-1, max-image-preview:large, max-video-preview:-1\" \/>\n<link rel=\"canonical\" href=\"https:\/\/decofoodshop.nl\/de\/produkt\/falsche-rote-salatblatter-6-stk\/\" \/>\n<meta property=\"og:locale\" content=\"de_DE\" \/>\n<meta property=\"og:type\" content=\"article\" \/>\n<meta property=\"og:title\" content=\"Namaak Rode Slabladeren 6 Stuks\" \/>\n<meta property=\"og:description\" content=\"Deze prachtige set namaak rode slabladeren 6 stuks. E\u00e9n van de vele hoge kwaliteit kunstgroenten die verkrijgbaar zijn bij: Decofoodschop.\" \/>\n<meta property=\"og:url\" content=\"https:\/\/decofoodshop.nl\/de\/produkt\/falsche-rote-salatblatter-6-stk\/\" \/>\n<meta property=\"og:site_name\" content=\"Decofoodshop\" \/>\n<meta property=\"article:modified_time\" content=\"2026-03-02T13:35:46+00:00\" \/>\n<meta property=\"og:image\" content=\"https:\/\/decofoodshop.nl\/wp-content\/uploads\/2019\/10\/20191104_131417.jpg\" \/>\n\t<meta property=\"og:image:width\" content=\"1904\" \/>\n\t<meta property=\"og:image:height\" content=\"1932\" \/>\n\t<meta property=\"og:image:type\" content=\"image\/jpeg\" \/>\n<meta name=\"twitter:card\" content=\"summary_large_image\" \/>\n<meta name=\"twitter:label1\" content=\"Gesch\u00e4tzte Lesezeit\" \/>\n\t<meta name=\"twitter:data1\" content=\"1\u00a0Minute\" \/>\n<script type=\"application\/ld+json\" class=\"yoast-schema-graph\">{\"@context\":\"https:\\\/\\\/schema.org\",\"@graph\":[{\"@type\":\"WebPage\",\"@id\":\"https:\\\/\\\/decofoodshop.nl\\\/product\\\/namaak-rode-slabladeren-6-stuks\\\/\",\"url\":\"https:\\\/\\\/decofoodshop.nl\\\/product\\\/namaak-rode-slabladeren-6-stuks\\\/\",\"name\":\"Namaak Rode Slabladeren 6 Stuks - Decofoodshop\",\"isPartOf\":{\"@id\":\"https:\\\/\\\/decofoodshop.nl\\\/#website\"},\"primaryImageOfPage\":{\"@id\":\"https:\\\/\\\/decofoodshop.nl\\\/product\\\/namaak-rode-slabladeren-6-stuks\\\/#primaryimage\"},\"image\":{\"@id\":\"https:\\\/\\\/decofoodshop.nl\\\/product\\\/namaak-rode-slabladeren-6-stuks\\\/#primaryimage\"},\"thumbnailUrl\":\"https:\\\/\\\/decofoodshop.nl\\\/wp-content\\\/uploads\\\/2019\\\/10\\\/20191104_131417.jpg\",\"datePublished\":\"2019-10-31T12:33:20+00:00\",\"dateModified\":\"2026-03-02T13:35:46+00:00\",\"description\":\"Deze prachtige set namaak rode slabladeren 6 stuks. E\u00e9n van de vele hoge kwaliteit kunstgroenten die verkrijgbaar zijn bij: Decofoodschop.\",\"breadcrumb\":{\"@id\":\"https:\\\/\\\/decofoodshop.nl\\\/product\\\/namaak-rode-slabladeren-6-stuks\\\/#breadcrumb\"},\"inLanguage\":\"de\",\"potentialAction\":[{\"@type\":\"ReadAction\",\"target\":[\"https:\\\/\\\/decofoodshop.nl\\\/product\\\/namaak-rode-slabladeren-6-stuks\\\/\"]}]},{\"@type\":\"ImageObject\",\"inLanguage\":\"de\",\"@id\":\"https:\\\/\\\/decofoodshop.nl\\\/product\\\/namaak-rode-slabladeren-6-stuks\\\/#primaryimage\",\"url\":\"https:\\\/\\\/decofoodshop.nl\\\/wp-content\\\/uploads\\\/2019\\\/10\\\/20191104_131417.jpg\",\"contentUrl\":\"https:\\\/\\\/decofoodshop.nl\\\/wp-content\\\/uploads\\\/2019\\\/10\\\/20191104_131417.jpg\",\"width\":1904,\"height\":1932,\"caption\":\"namaakrode slabladeren 6 stuks\"},{\"@type\":\"BreadcrumbList\",\"@id\":\"https:\\\/\\\/decofoodshop.nl\\\/product\\\/namaak-rode-slabladeren-6-stuks\\\/#breadcrumb\",\"itemListElement\":[{\"@type\":\"ListItem\",\"position\":1,\"name\":\"Home\",\"item\":\"https:\\\/\\\/decofoodshop.nl\\\/\"},{\"@type\":\"ListItem\",\"position\":2,\"name\":\"Winkel\",\"item\":\"https:\\\/\\\/decofoodshop.nl\\\/winkel\\\/\"},{\"@type\":\"ListItem\",\"position\":3,\"name\":\"Namaak Rode Slabladeren 6 Stuks\"}]},{\"@type\":\"WebSite\",\"@id\":\"https:\\\/\\\/decofoodshop.nl\\\/#website\",\"url\":\"https:\\\/\\\/decofoodshop.nl\\\/\",\"name\":\"Decofoodshop\",\"description\":\"\",\"potentialAction\":[{\"@type\":\"SearchAction\",\"target\":{\"@type\":\"EntryPoint\",\"urlTemplate\":\"https:\\\/\\\/decofoodshop.nl\\\/?s={search_term_string}\"},\"query-input\":{\"@type\":\"PropertyValueSpecification\",\"valueRequired\":true,\"valueName\":\"search_term_string\"}}],\"inLanguage\":\"de\"}]}<\/script>\n<!-- \/ Yoast SEO Premium plugin. -->","yoast_head_json":{"title":"Gef\u00e4lschte rote Salatbl\u00e4tter 6 St\u00fcck - Decofoodshop","description":"Dieses sch\u00f6ne Set aus k\u00fcnstlichen roten Salatbl\u00e4ttern besteht aus 6 St\u00fcck. Eines der vielen hochwertigen k\u00fcnstlichen Gem\u00fcsesorten, die bei Decofoodschop erh\u00e4ltlich sind.","robots":{"index":"index","follow":"follow","max-snippet":"max-snippet:-1","max-image-preview":"max-image-preview:large","max-video-preview":"max-video-preview:-1"},"canonical":"https:\/\/decofoodshop.nl\/de\/produkt\/falsche-rote-salatblatter-6-stk\/","og_locale":"de_DE","og_type":"article","og_title":"Namaak Rode Slabladeren 6 Stuks","og_description":"Deze prachtige set namaak rode slabladeren 6 stuks. E\u00e9n van de vele hoge kwaliteit kunstgroenten die verkrijgbaar zijn bij: Decofoodschop.","og_url":"https:\/\/decofoodshop.nl\/de\/produkt\/falsche-rote-salatblatter-6-stk\/","og_site_name":"Decofoodshop","article_modified_time":"2026-03-02T13:35:46+00:00","og_image":[{"width":1904,"height":1932,"url":"https:\/\/decofoodshop.nl\/wp-content\/uploads\/2019\/10\/20191104_131417.jpg","type":"image\/jpeg"}],"twitter_card":"summary_large_image","twitter_misc":{"Gesch\u00e4tzte Lesezeit":"1\u00a0Minute"},"schema":{"@context":"https:\/\/schema.org","@graph":[{"@type":"WebPage","@id":"https:\/\/decofoodshop.nl\/product\/namaak-rode-slabladeren-6-stuks\/","url":"https:\/\/decofoodshop.nl\/product\/namaak-rode-slabladeren-6-stuks\/","name":"Gef\u00e4lschte rote Salatbl\u00e4tter 6 St\u00fcck - Decofoodshop","isPartOf":{"@id":"https:\/\/decofoodshop.nl\/#website"},"primaryImageOfPage":{"@id":"https:\/\/decofoodshop.nl\/product\/namaak-rode-slabladeren-6-stuks\/#primaryimage"},"image":{"@id":"https:\/\/decofoodshop.nl\/product\/namaak-rode-slabladeren-6-stuks\/#primaryimage"},"thumbnailUrl":"https:\/\/decofoodshop.nl\/wp-content\/uploads\/2019\/10\/20191104_131417.jpg","datePublished":"2019-10-31T12:33:20+00:00","dateModified":"2026-03-02T13:35:46+00:00","description":"Dieses sch\u00f6ne Set aus k\u00fcnstlichen roten Salatbl\u00e4ttern besteht aus 6 St\u00fcck. Eines der vielen hochwertigen k\u00fcnstlichen Gem\u00fcsesorten, die bei Decofoodschop erh\u00e4ltlich sind.","breadcrumb":{"@id":"https:\/\/decofoodshop.nl\/product\/namaak-rode-slabladeren-6-stuks\/#breadcrumb"},"inLanguage":"de","potentialAction":[{"@type":"ReadAction","target":["https:\/\/decofoodshop.nl\/product\/namaak-rode-slabladeren-6-stuks\/"]}]},{"@type":"ImageObject","inLanguage":"de","@id":"https:\/\/decofoodshop.nl\/product\/namaak-rode-slabladeren-6-stuks\/#primaryimage","url":"https:\/\/decofoodshop.nl\/wp-content\/uploads\/2019\/10\/20191104_131417.jpg","contentUrl":"https:\/\/decofoodshop.nl\/wp-content\/uploads\/2019\/10\/20191104_131417.jpg","width":1904,"height":1932,"caption":"namaakrode slabladeren 6 stuks"},{"@type":"BreadcrumbList","@id":"https:\/\/decofoodshop.nl\/product\/namaak-rode-slabladeren-6-stuks\/#breadcrumb","itemListElement":[{"@type":"ListItem","position":1,"name":"Home","item":"https:\/\/decofoodshop.nl\/"},{"@type":"ListItem","position":2,"name":"Winkel","item":"https:\/\/decofoodshop.nl\/winkel\/"},{"@type":"ListItem","position":3,"name":"Namaak Rode Slabladeren 6 Stuks"}]},{"@type":"WebSite","@id":"https:\/\/decofoodshop.nl\/#website","url":"https:\/\/decofoodshop.nl\/","name":"Dekofoodshop","description":"","potentialAction":[{"@type":"SearchAction","target":{"@type":"EntryPoint","urlTemplate":"https:\/\/decofoodshop.nl\/?s={search_term_string}"},"query-input":{"@type":"PropertyValueSpecification","valueRequired":true,"valueName":"search_term_string"}}],"inLanguage":"de"}]}},"_links":{"self":[{"href":"https:\/\/decofoodshop.nl\/de\/wp-json\/wp\/v2\/product\/1305","targetHints":{"allow":["GET"]}}],"collection":[{"href":"https:\/\/decofoodshop.nl\/de\/wp-json\/wp\/v2\/product"}],"about":[{"href":"https:\/\/decofoodshop.nl\/de\/wp-json\/wp\/v2\/types\/product"}],"wp:featuredmedia":[{"embeddable":true,"href":"https:\/\/decofoodshop.nl\/de\/wp-json\/wp\/v2\/media\/1388"}],"wp:attachment":[{"href":"https:\/\/decofoodshop.nl\/de\/wp-json\/wp\/v2\/media?parent=1305"}],"wp:term":[{"taxonomy":"product_brand","embeddable":true,"href":"https:\/\/decofoodshop.nl\/de\/wp-json\/wp\/v2\/product_brand?post=1305"},{"taxonomy":"product_cat","embeddable":true,"href":"https:\/\/decofoodshop.nl\/de\/wp-json\/wp\/v2\/product_cat?post=1305"},{"taxonomy":"product_tag","embeddable":true,"href":"https:\/\/decofoodshop.nl\/de\/wp-json\/wp\/v2\/product_tag?post=1305"}],"curies":[{"name":"wp","href":"https:\/\/api.w.org\/{rel}","templated":true}]}}