{"id":1315,"date":"2019-11-04T09:56:47","date_gmt":"2019-11-04T09:56:47","guid":{"rendered":"https:\/\/decofoodshop.nl\/?post_type=product&#038;p=1315"},"modified":"2026-03-27T17:35:59","modified_gmt":"2026-03-27T16:35:59","slug":"gefalschte-grune-salatblatter-6-stuck","status":"publish","type":"product","link":"https:\/\/decofoodshop.nl\/de\/product\/namaak-groene-slabladeren-6-stuks\/","title":{"rendered":"Gef\u00e4lschte gr\u00fcne Salatbl\u00e4tter 6 St\u00fcck"},"content":{"rendered":"<p><span style=\"color: #333333;\">Unglaublich sch\u00f6ne Imitation von gr\u00fcnen Salatbl\u00e4ttern 6 St\u00fcck.<\/span><\/p>\n<p>Mit einer sch\u00f6nen frischen gr\u00fcnen Farbe sieht es aus, als w\u00e4ren die k\u00fcnstlichen Salatbl\u00e4tter frisch vom Feld.<\/p>\n<p>Unglaublich realistische Maserung und die Form ist wie echt.<\/p>\n<p>Sie sind mit 6 St\u00fcck pro Beutel verpackt.<\/p>\n<p>Schau auch mal rein<span style=\"color: #008000;\"> <a style=\"color: #008000;\" href=\"https:\/\/decofoodshop.nl\/de\/produktkategorie-2\/brotkuchen\/\"><strong>&#039;Brot und Geb\u00e4ck&#039;<\/strong><\/a> <\/span>f\u00fcr eine gro\u00dfe Auswahl an gef\u00e4lschtem Brot und Geb\u00e4ck.<\/p>","protected":false},"excerpt":{"rendered":"<p>Ontzettend mooie Namaak Groene Slabladeren 6 stuks. Met een prachtige frisse groene kleur lijkt het net alsof de kunstmatige slabladeren vers van het veld komen. Ontzettend realistische nerven en de vorm is net echt. Ze zijn verpakt met stuks 6 per zakje. Kijk ook eens bij &#8216;Brood en Gebak&#8217; voor een breed assortiment namaak brood [&hellip;]<\/p>\n","protected":false},"featured_media":1385,"template":"","meta":{"_acf_changed":false,"_genesis_hide_title":false,"_genesis_hide_breadcrumbs":false,"_genesis_hide_singular_image":false,"_genesis_hide_footer_widgets":false,"_genesis_custom_body_class":"","_genesis_custom_post_class":"","_genesis_layout":""},"product_brand":[],"product_cat":[48],"product_tag":[],"class_list":{"0":"post-1315","1":"product","2":"type-product","3":"status-publish","4":"has-post-thumbnail","6":"product_cat-kunstgroenten","7":"entry","8":"wpx-has-gallery","10":"first","11":"instock","12":"taxable","13":"shipping-taxable","14":"purchasable","15":"product-type-simple"},"acf":[],"yoast_head":"<!-- This site is optimized with the Yoast SEO Premium plugin v27.3 (Yoast SEO v27.4) - https:\/\/yoast.com\/product\/yoast-seo-premium-wordpress\/ -->\n<title>Namaak Groene Slabladeren 6 Stuks - Decofoodshop<\/title>\n<meta name=\"description\" content=\"Super natuurlijke namaak groene slabladeren 6 stuks. En nog veel meer kunstgroenten en namaak voedsel bij Decofoodshop.nl\" \/>\n<meta name=\"robots\" content=\"index, follow, max-snippet:-1, max-image-preview:large, max-video-preview:-1\" \/>\n<link rel=\"canonical\" href=\"https:\/\/decofoodshop.nl\/de\/produkt\/gefalschte-grune-salatblatter-6-stuck\/\" \/>\n<meta property=\"og:locale\" content=\"de_DE\" \/>\n<meta property=\"og:type\" content=\"article\" \/>\n<meta property=\"og:title\" content=\"Namaak Groene Slabladeren 6 Stuks\" \/>\n<meta property=\"og:description\" content=\"Super natuurlijke namaak groene slabladeren 6 stuks. En nog veel meer kunstgroenten en namaak voedsel bij Decofoodshop.nl\" \/>\n<meta property=\"og:url\" content=\"https:\/\/decofoodshop.nl\/de\/produkt\/gefalschte-grune-salatblatter-6-stuck\/\" \/>\n<meta property=\"og:site_name\" content=\"Decofoodshop\" \/>\n<meta property=\"article:modified_time\" content=\"2026-03-27T16:35:59+00:00\" \/>\n<meta property=\"og:image\" content=\"https:\/\/decofoodshop.nl\/wp-content\/uploads\/2019\/11\/20191104_131602-kopie.jpg\" \/>\n\t<meta property=\"og:image:width\" content=\"1802\" \/>\n\t<meta property=\"og:image:height\" content=\"1871\" \/>\n\t<meta property=\"og:image:type\" content=\"image\/jpeg\" \/>\n<meta name=\"twitter:card\" content=\"summary_large_image\" \/>\n<meta name=\"twitter:label1\" content=\"Gesch\u00e4tzte Lesezeit\" \/>\n\t<meta name=\"twitter:data1\" content=\"1\u00a0Minute\" \/>\n<script type=\"application\/ld+json\" class=\"yoast-schema-graph\">{\"@context\":\"https:\\\/\\\/schema.org\",\"@graph\":[{\"@type\":\"WebPage\",\"@id\":\"https:\\\/\\\/decofoodshop.nl\\\/product\\\/namaak-groene-slabladeren-6-stuks\\\/\",\"url\":\"https:\\\/\\\/decofoodshop.nl\\\/product\\\/namaak-groene-slabladeren-6-stuks\\\/\",\"name\":\"Namaak Groene Slabladeren 6 Stuks - Decofoodshop\",\"isPartOf\":{\"@id\":\"https:\\\/\\\/decofoodshop.nl\\\/#website\"},\"primaryImageOfPage\":{\"@id\":\"https:\\\/\\\/decofoodshop.nl\\\/product\\\/namaak-groene-slabladeren-6-stuks\\\/#primaryimage\"},\"image\":{\"@id\":\"https:\\\/\\\/decofoodshop.nl\\\/product\\\/namaak-groene-slabladeren-6-stuks\\\/#primaryimage\"},\"thumbnailUrl\":\"https:\\\/\\\/decofoodshop.nl\\\/wp-content\\\/uploads\\\/2019\\\/11\\\/20191104_131602-kopie.jpg\",\"datePublished\":\"2019-11-04T09:56:47+00:00\",\"dateModified\":\"2026-03-27T16:35:59+00:00\",\"description\":\"Super natuurlijke namaak groene slabladeren 6 stuks. En nog veel meer kunstgroenten en namaak voedsel bij Decofoodshop.nl\",\"breadcrumb\":{\"@id\":\"https:\\\/\\\/decofoodshop.nl\\\/product\\\/namaak-groene-slabladeren-6-stuks\\\/#breadcrumb\"},\"inLanguage\":\"de\",\"potentialAction\":[{\"@type\":\"ReadAction\",\"target\":[\"https:\\\/\\\/decofoodshop.nl\\\/product\\\/namaak-groene-slabladeren-6-stuks\\\/\"]}]},{\"@type\":\"ImageObject\",\"inLanguage\":\"de\",\"@id\":\"https:\\\/\\\/decofoodshop.nl\\\/product\\\/namaak-groene-slabladeren-6-stuks\\\/#primaryimage\",\"url\":\"https:\\\/\\\/decofoodshop.nl\\\/wp-content\\\/uploads\\\/2019\\\/11\\\/20191104_131602-kopie.jpg\",\"contentUrl\":\"https:\\\/\\\/decofoodshop.nl\\\/wp-content\\\/uploads\\\/2019\\\/11\\\/20191104_131602-kopie.jpg\",\"width\":1802,\"height\":1871,\"caption\":\"namaak groene slabladeren 6 stuks\"},{\"@type\":\"BreadcrumbList\",\"@id\":\"https:\\\/\\\/decofoodshop.nl\\\/product\\\/namaak-groene-slabladeren-6-stuks\\\/#breadcrumb\",\"itemListElement\":[{\"@type\":\"ListItem\",\"position\":1,\"name\":\"Home\",\"item\":\"https:\\\/\\\/decofoodshop.nl\\\/\"},{\"@type\":\"ListItem\",\"position\":2,\"name\":\"Winkel\",\"item\":\"https:\\\/\\\/decofoodshop.nl\\\/winkel\\\/\"},{\"@type\":\"ListItem\",\"position\":3,\"name\":\"Namaak Groene Slabladeren 6 Stuks\"}]},{\"@type\":\"WebSite\",\"@id\":\"https:\\\/\\\/decofoodshop.nl\\\/#website\",\"url\":\"https:\\\/\\\/decofoodshop.nl\\\/\",\"name\":\"Decofoodshop\",\"description\":\"\",\"potentialAction\":[{\"@type\":\"SearchAction\",\"target\":{\"@type\":\"EntryPoint\",\"urlTemplate\":\"https:\\\/\\\/decofoodshop.nl\\\/?s={search_term_string}\"},\"query-input\":{\"@type\":\"PropertyValueSpecification\",\"valueRequired\":true,\"valueName\":\"search_term_string\"}}],\"inLanguage\":\"de\"}]}<\/script>\n<!-- \/ Yoast SEO Premium plugin. -->","yoast_head_json":{"title":"K\u00fcnstliche gr\u00fcne Salatbl\u00e4tter 6 St\u00fcck - Decofoodshop","description":"Super nat\u00fcrliche k\u00fcnstliche gr\u00fcne Salatbl\u00e4tter 6 Stk. Und noch viel mehr k\u00fcnstliches Gem\u00fcse und gef\u00e4lschte Lebensmittel bei Decofoodshop.nl","robots":{"index":"index","follow":"follow","max-snippet":"max-snippet:-1","max-image-preview":"max-image-preview:large","max-video-preview":"max-video-preview:-1"},"canonical":"https:\/\/decofoodshop.nl\/de\/produkt\/gefalschte-grune-salatblatter-6-stuck\/","og_locale":"de_DE","og_type":"article","og_title":"Namaak Groene Slabladeren 6 Stuks","og_description":"Super natuurlijke namaak groene slabladeren 6 stuks. En nog veel meer kunstgroenten en namaak voedsel bij Decofoodshop.nl","og_url":"https:\/\/decofoodshop.nl\/de\/produkt\/gefalschte-grune-salatblatter-6-stuck\/","og_site_name":"Decofoodshop","article_modified_time":"2026-03-27T16:35:59+00:00","og_image":[{"width":1802,"height":1871,"url":"https:\/\/decofoodshop.nl\/wp-content\/uploads\/2019\/11\/20191104_131602-kopie.jpg","type":"image\/jpeg"}],"twitter_card":"summary_large_image","twitter_misc":{"Gesch\u00e4tzte Lesezeit":"1\u00a0Minute"},"schema":{"@context":"https:\/\/schema.org","@graph":[{"@type":"WebPage","@id":"https:\/\/decofoodshop.nl\/product\/namaak-groene-slabladeren-6-stuks\/","url":"https:\/\/decofoodshop.nl\/product\/namaak-groene-slabladeren-6-stuks\/","name":"K\u00fcnstliche gr\u00fcne Salatbl\u00e4tter 6 St\u00fcck - Decofoodshop","isPartOf":{"@id":"https:\/\/decofoodshop.nl\/#website"},"primaryImageOfPage":{"@id":"https:\/\/decofoodshop.nl\/product\/namaak-groene-slabladeren-6-stuks\/#primaryimage"},"image":{"@id":"https:\/\/decofoodshop.nl\/product\/namaak-groene-slabladeren-6-stuks\/#primaryimage"},"thumbnailUrl":"https:\/\/decofoodshop.nl\/wp-content\/uploads\/2019\/11\/20191104_131602-kopie.jpg","datePublished":"2019-11-04T09:56:47+00:00","dateModified":"2026-03-27T16:35:59+00:00","description":"Super nat\u00fcrliche k\u00fcnstliche gr\u00fcne Salatbl\u00e4tter 6 Stk. Und noch viel mehr k\u00fcnstliches Gem\u00fcse und gef\u00e4lschte Lebensmittel bei Decofoodshop.nl","breadcrumb":{"@id":"https:\/\/decofoodshop.nl\/product\/namaak-groene-slabladeren-6-stuks\/#breadcrumb"},"inLanguage":"de","potentialAction":[{"@type":"ReadAction","target":["https:\/\/decofoodshop.nl\/product\/namaak-groene-slabladeren-6-stuks\/"]}]},{"@type":"ImageObject","inLanguage":"de","@id":"https:\/\/decofoodshop.nl\/product\/namaak-groene-slabladeren-6-stuks\/#primaryimage","url":"https:\/\/decofoodshop.nl\/wp-content\/uploads\/2019\/11\/20191104_131602-kopie.jpg","contentUrl":"https:\/\/decofoodshop.nl\/wp-content\/uploads\/2019\/11\/20191104_131602-kopie.jpg","width":1802,"height":1871,"caption":"namaak groene slabladeren 6 stuks"},{"@type":"BreadcrumbList","@id":"https:\/\/decofoodshop.nl\/product\/namaak-groene-slabladeren-6-stuks\/#breadcrumb","itemListElement":[{"@type":"ListItem","position":1,"name":"Home","item":"https:\/\/decofoodshop.nl\/"},{"@type":"ListItem","position":2,"name":"Winkel","item":"https:\/\/decofoodshop.nl\/winkel\/"},{"@type":"ListItem","position":3,"name":"Namaak Groene Slabladeren 6 Stuks"}]},{"@type":"WebSite","@id":"https:\/\/decofoodshop.nl\/#website","url":"https:\/\/decofoodshop.nl\/","name":"Dekofoodshop","description":"","potentialAction":[{"@type":"SearchAction","target":{"@type":"EntryPoint","urlTemplate":"https:\/\/decofoodshop.nl\/?s={search_term_string}"},"query-input":{"@type":"PropertyValueSpecification","valueRequired":true,"valueName":"search_term_string"}}],"inLanguage":"de"}]}},"_links":{"self":[{"href":"https:\/\/decofoodshop.nl\/de\/wp-json\/wp\/v2\/product\/1315","targetHints":{"allow":["GET"]}}],"collection":[{"href":"https:\/\/decofoodshop.nl\/de\/wp-json\/wp\/v2\/product"}],"about":[{"href":"https:\/\/decofoodshop.nl\/de\/wp-json\/wp\/v2\/types\/product"}],"wp:featuredmedia":[{"embeddable":true,"href":"https:\/\/decofoodshop.nl\/de\/wp-json\/wp\/v2\/media\/1385"}],"wp:attachment":[{"href":"https:\/\/decofoodshop.nl\/de\/wp-json\/wp\/v2\/media?parent=1315"}],"wp:term":[{"taxonomy":"product_brand","embeddable":true,"href":"https:\/\/decofoodshop.nl\/de\/wp-json\/wp\/v2\/product_brand?post=1315"},{"taxonomy":"product_cat","embeddable":true,"href":"https:\/\/decofoodshop.nl\/de\/wp-json\/wp\/v2\/product_cat?post=1315"},{"taxonomy":"product_tag","embeddable":true,"href":"https:\/\/decofoodshop.nl\/de\/wp-json\/wp\/v2\/product_tag?post=1315"}],"curies":[{"name":"wp","href":"https:\/\/api.w.org\/{rel}","templated":true}]}}