{"id":1322,"date":"2019-11-04T11:00:17","date_gmt":"2019-11-04T11:00:17","guid":{"rendered":"https:\/\/decofoodshop.nl\/?post_type=product&#038;p=1322"},"modified":"2026-04-09T11:14:04","modified_gmt":"2026-04-09T09:14:04","slug":"falscher-kopfsalat","status":"publish","type":"product","link":"https:\/\/decofoodshop.nl\/de\/product\/namaak-krop-sla\/","title":{"rendered":"Gef\u00e4lschter Erntesalat"},"content":{"rendered":"<p><span style=\"color: #333333;\">Sch\u00f6ner und realistischer gef\u00e4lschter Salatkopf.<\/span><\/p>\n<p>Ziemlich gro\u00df und biegsam.<\/p>\n<p>Dieser dekorative Salatkopf ist mit seiner frischen gr\u00fcnen Farbe wie echt.<\/p>\n<p>Die Farbe geht von einer wei\u00dfen Unterseite zu einer hellen und dann zu einer dunkelgr\u00fcnen Farbe.<\/p>\n<p>Ausgestattet mit einem kurzen Stumpf an der Unterseite.<\/p>\n<p>Auch anschauen<span style=\"color: #008000;\"><a style=\"color: #008000;\" href=\"https:\/\/decofoodshop.nl\/de\/produktkategorie-2\/pakete\/\"> &#8216;<strong>Pakete<\/strong>&#8216;<\/a><\/span> f\u00fcr sorgf\u00e4ltig zusammengestellte gef\u00e4lschte Lebensmittelverpackungen.<\/p>","protected":false},"excerpt":{"rendered":"<p>Sch\u00f6ner und realistischer gef\u00e4lschter Salatkopf. Ziemlich gro\u00df und flexibel. Dieser dekorative Salatkopf ist mit seiner frischen gr\u00fcnen Farbe dem Original sehr \u00e4hnlich. Die Farbe geht von einem wei\u00dfen Grund zu einem hellen und dann dunkelgr\u00fcnen Farbton \u00fcber. Unten mit einem kurzen Stumpf ausgestattet. Schauen Sie auch unter \u201ePakete\u201c nach sorgf\u00e4ltig zusammengestellten gef\u00e4lschten Lebensmittelverpackungen.<\/p>","protected":false},"featured_media":1391,"template":"","meta":{"_acf_changed":false,"_genesis_hide_title":false,"_genesis_hide_breadcrumbs":false,"_genesis_hide_singular_image":false,"_genesis_hide_footer_widgets":false,"_genesis_custom_body_class":"","_genesis_custom_post_class":"","_genesis_layout":""},"product_brand":[],"product_cat":[48],"product_tag":[],"class_list":{"0":"post-1322","1":"product","2":"type-product","3":"status-publish","4":"has-post-thumbnail","6":"product_cat-kunstgroenten","7":"entry","8":"wpx-has-gallery","10":"first","11":"instock","12":"taxable","13":"shipping-taxable","14":"purchasable","15":"product-type-simple"},"acf":[],"yoast_head":"<!-- This site is optimized with the Yoast SEO Premium plugin v27.4 (Yoast SEO v27.4) - https:\/\/yoast.com\/product\/yoast-seo-premium-wordpress\/ -->\n<title>Namaak Krop Sla En Nog Veel Meer Kunstgroente - Decofoodshop<\/title>\n<meta name=\"description\" content=\"Deze prachtige namaak krop sla is verkrijgbaar bij Decofoodshop.nl. Alles geleverd uit eigen voorraad en hoogstaande kwaliteit.\" \/>\n<meta name=\"robots\" content=\"index, follow, max-snippet:-1, max-image-preview:large, max-video-preview:-1\" \/>\n<link rel=\"canonical\" href=\"https:\/\/decofoodshop.nl\/de\/produkt\/falscher-kopfsalat\/\" \/>\n<meta property=\"og:locale\" content=\"de_DE\" \/>\n<meta property=\"og:type\" content=\"article\" \/>\n<meta property=\"og:title\" content=\"Namaak Krop Sla\" \/>\n<meta property=\"og:description\" content=\"Deze prachtige namaak krop sla is verkrijgbaar bij Decofoodshop.nl. Alles geleverd uit eigen voorraad en hoogstaande kwaliteit.\" \/>\n<meta property=\"og:url\" content=\"https:\/\/decofoodshop.nl\/de\/produkt\/falscher-kopfsalat\/\" \/>\n<meta property=\"og:site_name\" content=\"Decofoodshop\" \/>\n<meta property=\"article:modified_time\" content=\"2026-04-09T09:14:04+00:00\" \/>\n<meta property=\"og:image\" content=\"https:\/\/decofoodshop.nl\/wp-content\/uploads\/2019\/11\/Namaak-Kropsla-17cm-up-1.jpg\" \/>\n\t<meta property=\"og:image:width\" content=\"1314\" \/>\n\t<meta property=\"og:image:height\" content=\"1310\" \/>\n\t<meta property=\"og:image:type\" content=\"image\/jpeg\" \/>\n<meta name=\"twitter:card\" content=\"summary_large_image\" \/>\n<meta name=\"twitter:label1\" content=\"Gesch\u00e4tzte Lesezeit\" \/>\n\t<meta name=\"twitter:data1\" content=\"1\u00a0Minute\" \/>\n<script type=\"application\/ld+json\" class=\"yoast-schema-graph\">{\"@context\":\"https:\\\/\\\/schema.org\",\"@graph\":[{\"@type\":\"WebPage\",\"@id\":\"https:\\\/\\\/decofoodshop.nl\\\/product\\\/namaak-krop-sla\\\/\",\"url\":\"https:\\\/\\\/decofoodshop.nl\\\/product\\\/namaak-krop-sla\\\/\",\"name\":\"Namaak Krop Sla En Nog Veel Meer Kunstgroente - Decofoodshop\",\"isPartOf\":{\"@id\":\"https:\\\/\\\/decofoodshop.nl\\\/#website\"},\"primaryImageOfPage\":{\"@id\":\"https:\\\/\\\/decofoodshop.nl\\\/product\\\/namaak-krop-sla\\\/#primaryimage\"},\"image\":{\"@id\":\"https:\\\/\\\/decofoodshop.nl\\\/product\\\/namaak-krop-sla\\\/#primaryimage\"},\"thumbnailUrl\":\"https:\\\/\\\/decofoodshop.nl\\\/wp-content\\\/uploads\\\/2019\\\/11\\\/Namaak-Kropsla-17cm-up-1.jpg\",\"datePublished\":\"2019-11-04T11:00:17+00:00\",\"dateModified\":\"2026-04-09T09:14:04+00:00\",\"description\":\"Deze prachtige namaak krop sla is verkrijgbaar bij Decofoodshop.nl. Alles geleverd uit eigen voorraad en hoogstaande kwaliteit.\",\"breadcrumb\":{\"@id\":\"https:\\\/\\\/decofoodshop.nl\\\/product\\\/namaak-krop-sla\\\/#breadcrumb\"},\"inLanguage\":\"de\",\"potentialAction\":[{\"@type\":\"ReadAction\",\"target\":[\"https:\\\/\\\/decofoodshop.nl\\\/product\\\/namaak-krop-sla\\\/\"]}]},{\"@type\":\"ImageObject\",\"inLanguage\":\"de\",\"@id\":\"https:\\\/\\\/decofoodshop.nl\\\/product\\\/namaak-krop-sla\\\/#primaryimage\",\"url\":\"https:\\\/\\\/decofoodshop.nl\\\/wp-content\\\/uploads\\\/2019\\\/11\\\/Namaak-Kropsla-17cm-up-1.jpg\",\"contentUrl\":\"https:\\\/\\\/decofoodshop.nl\\\/wp-content\\\/uploads\\\/2019\\\/11\\\/Namaak-Kropsla-17cm-up-1.jpg\",\"width\":1314,\"height\":1310,\"caption\":\"namaak krop sla\"},{\"@type\":\"BreadcrumbList\",\"@id\":\"https:\\\/\\\/decofoodshop.nl\\\/product\\\/namaak-krop-sla\\\/#breadcrumb\",\"itemListElement\":[{\"@type\":\"ListItem\",\"position\":1,\"name\":\"Home\",\"item\":\"https:\\\/\\\/decofoodshop.nl\\\/\"},{\"@type\":\"ListItem\",\"position\":2,\"name\":\"Winkel\",\"item\":\"https:\\\/\\\/decofoodshop.nl\\\/winkel\\\/\"},{\"@type\":\"ListItem\",\"position\":3,\"name\":\"Namaak Krop Sla\"}]},{\"@type\":\"WebSite\",\"@id\":\"https:\\\/\\\/decofoodshop.nl\\\/#website\",\"url\":\"https:\\\/\\\/decofoodshop.nl\\\/\",\"name\":\"Decofoodshop\",\"description\":\"\",\"potentialAction\":[{\"@type\":\"SearchAction\",\"target\":{\"@type\":\"EntryPoint\",\"urlTemplate\":\"https:\\\/\\\/decofoodshop.nl\\\/?s={search_term_string}\"},\"query-input\":{\"@type\":\"PropertyValueSpecification\",\"valueRequired\":true,\"valueName\":\"search_term_string\"}}],\"inLanguage\":\"de\"}]}<\/script>\n<!-- \/ Yoast SEO Premium plugin. -->","yoast_head_json":{"title":"K\u00fcnstlicher Salatkopf und vieles mehr Kunstgem\u00fcse - Decofoodshop","description":"Dieser sch\u00f6ne gef\u00e4lschte Salatkopf ist bei Decofoodshop.nl erh\u00e4ltlich. Alles aus eigenem Lager und in hoher Qualit\u00e4t.","robots":{"index":"index","follow":"follow","max-snippet":"max-snippet:-1","max-image-preview":"max-image-preview:large","max-video-preview":"max-video-preview:-1"},"canonical":"https:\/\/decofoodshop.nl\/de\/produkt\/falscher-kopfsalat\/","og_locale":"de_DE","og_type":"article","og_title":"Namaak Krop Sla","og_description":"Deze prachtige namaak krop sla is verkrijgbaar bij Decofoodshop.nl. Alles geleverd uit eigen voorraad en hoogstaande kwaliteit.","og_url":"https:\/\/decofoodshop.nl\/de\/produkt\/falscher-kopfsalat\/","og_site_name":"Decofoodshop","article_modified_time":"2026-04-09T09:14:04+00:00","og_image":[{"width":1314,"height":1310,"url":"https:\/\/decofoodshop.nl\/wp-content\/uploads\/2019\/11\/Namaak-Kropsla-17cm-up-1.jpg","type":"image\/jpeg"}],"twitter_card":"summary_large_image","twitter_misc":{"Gesch\u00e4tzte Lesezeit":"1\u00a0Minute"},"schema":{"@context":"https:\/\/schema.org","@graph":[{"@type":"WebPage","@id":"https:\/\/decofoodshop.nl\/product\/namaak-krop-sla\/","url":"https:\/\/decofoodshop.nl\/product\/namaak-krop-sla\/","name":"K\u00fcnstlicher Salatkopf und vieles mehr Kunstgem\u00fcse - Decofoodshop","isPartOf":{"@id":"https:\/\/decofoodshop.nl\/#website"},"primaryImageOfPage":{"@id":"https:\/\/decofoodshop.nl\/product\/namaak-krop-sla\/#primaryimage"},"image":{"@id":"https:\/\/decofoodshop.nl\/product\/namaak-krop-sla\/#primaryimage"},"thumbnailUrl":"https:\/\/decofoodshop.nl\/wp-content\/uploads\/2019\/11\/Namaak-Kropsla-17cm-up-1.jpg","datePublished":"2019-11-04T11:00:17+00:00","dateModified":"2026-04-09T09:14:04+00:00","description":"Dieser sch\u00f6ne gef\u00e4lschte Salatkopf ist bei Decofoodshop.nl erh\u00e4ltlich. Alles aus eigenem Lager und in hoher Qualit\u00e4t.","breadcrumb":{"@id":"https:\/\/decofoodshop.nl\/product\/namaak-krop-sla\/#breadcrumb"},"inLanguage":"de","potentialAction":[{"@type":"ReadAction","target":["https:\/\/decofoodshop.nl\/product\/namaak-krop-sla\/"]}]},{"@type":"ImageObject","inLanguage":"de","@id":"https:\/\/decofoodshop.nl\/product\/namaak-krop-sla\/#primaryimage","url":"https:\/\/decofoodshop.nl\/wp-content\/uploads\/2019\/11\/Namaak-Kropsla-17cm-up-1.jpg","contentUrl":"https:\/\/decofoodshop.nl\/wp-content\/uploads\/2019\/11\/Namaak-Kropsla-17cm-up-1.jpg","width":1314,"height":1310,"caption":"namaak krop sla"},{"@type":"BreadcrumbList","@id":"https:\/\/decofoodshop.nl\/product\/namaak-krop-sla\/#breadcrumb","itemListElement":[{"@type":"ListItem","position":1,"name":"Home","item":"https:\/\/decofoodshop.nl\/"},{"@type":"ListItem","position":2,"name":"Winkel","item":"https:\/\/decofoodshop.nl\/winkel\/"},{"@type":"ListItem","position":3,"name":"Namaak Krop Sla"}]},{"@type":"WebSite","@id":"https:\/\/decofoodshop.nl\/#website","url":"https:\/\/decofoodshop.nl\/","name":"Dekofoodshop","description":"","potentialAction":[{"@type":"SearchAction","target":{"@type":"EntryPoint","urlTemplate":"https:\/\/decofoodshop.nl\/?s={search_term_string}"},"query-input":{"@type":"PropertyValueSpecification","valueRequired":true,"valueName":"search_term_string"}}],"inLanguage":"de"}]}},"_links":{"self":[{"href":"https:\/\/decofoodshop.nl\/de\/wp-json\/wp\/v2\/product\/1322","targetHints":{"allow":["GET"]}}],"collection":[{"href":"https:\/\/decofoodshop.nl\/de\/wp-json\/wp\/v2\/product"}],"about":[{"href":"https:\/\/decofoodshop.nl\/de\/wp-json\/wp\/v2\/types\/product"}],"wp:featuredmedia":[{"embeddable":true,"href":"https:\/\/decofoodshop.nl\/de\/wp-json\/wp\/v2\/media\/1391"}],"wp:attachment":[{"href":"https:\/\/decofoodshop.nl\/de\/wp-json\/wp\/v2\/media?parent=1322"}],"wp:term":[{"taxonomy":"product_brand","embeddable":true,"href":"https:\/\/decofoodshop.nl\/de\/wp-json\/wp\/v2\/product_brand?post=1322"},{"taxonomy":"product_cat","embeddable":true,"href":"https:\/\/decofoodshop.nl\/de\/wp-json\/wp\/v2\/product_cat?post=1322"},{"taxonomy":"product_tag","embeddable":true,"href":"https:\/\/decofoodshop.nl\/de\/wp-json\/wp\/v2\/product_tag?post=1322"}],"curies":[{"name":"wp","href":"https:\/\/api.w.org\/{rel}","templated":true}]}}