{"id":1336,"date":"2019-11-04T11:32:20","date_gmt":"2019-11-04T11:32:20","guid":{"rendered":"https:\/\/decofoodshop.nl\/?post_type=product&#038;p=1336"},"modified":"2026-03-02T14:32:31","modified_gmt":"2026-03-02T13:32:31","slug":"falscher-rotkohl","status":"publish","type":"product","link":"https:\/\/decofoodshop.nl\/de\/product\/namaak-rode-kool\/","title":{"rendered":"Gef\u00e4lschter Rotkohl"},"content":{"rendered":"<p>Dieser sch\u00f6ne k\u00fcnstliche Rotkohl ist \u00e4u\u00dferst dekorativ.<\/p>\n<p>Es ist hart und hat viele Details auf der Klinge.<\/p>\n<p>Hat auch einen abgeschnittenen Stumpf an der Unterseite.<\/p>\n<p>Suchen Sie nach noch mehr gef\u00e4lschtem Gem\u00fcse unter<span style=\"color: #008000;\"> <a style=\"color: #008000;\" href=\"https:\/\/decofoodshop.nl\/de\/produktkategorie-2\/kunstliches-gemuse\/\">&#8216;<strong>K\u00fcnstliches Gem\u00fcse<\/strong>&#8216;<\/a>.<\/span><\/p>","protected":false},"excerpt":{"rendered":"<p>Dieser sch\u00f6ne k\u00fcnstliche Rotkohl ist \u00e4u\u00dferst dekorativ. Es ist hart und hat viele Details auf der Klinge. Auch mit einem abgeschnittenen Stumpf an der Unterseite versehen. Suchen Sie nach noch mehr gef\u00e4lschtem Gem\u00fcse unter \u201eK\u00fcnstliches Gem\u00fcse\u201c.<\/p>","protected":false},"featured_media":7197,"template":"","meta":{"_acf_changed":false,"_genesis_hide_title":false,"_genesis_hide_breadcrumbs":false,"_genesis_hide_singular_image":false,"_genesis_hide_footer_widgets":false,"_genesis_custom_body_class":"","_genesis_custom_post_class":"","_genesis_layout":""},"product_brand":[],"product_cat":[48],"product_tag":[],"class_list":{"0":"post-1336","1":"product","2":"type-product","3":"status-publish","4":"has-post-thumbnail","6":"product_cat-kunstgroenten","7":"entry","8":"wpx-has-gallery","10":"first","11":"instock","12":"taxable","13":"shipping-taxable","14":"purchasable","15":"product-type-simple"},"acf":[],"yoast_head":"<!-- This site is optimized with the Yoast SEO Premium plugin v27.3 (Yoast SEO v27.4) - https:\/\/yoast.com\/product\/yoast-seo-premium-wordpress\/ -->\n<title>Namaak Rode Kool En Nog Veel Meer Bij - Decofoodshop<\/title>\n<meta name=\"description\" content=\"Deze prachtige namaak rode kool en nog veel meer kunstgroenten en ook kunstfruit zijn verkrijgbaar bij onze webshop: Decofoodshop.\" \/>\n<meta name=\"robots\" content=\"index, follow, max-snippet:-1, max-image-preview:large, max-video-preview:-1\" \/>\n<link rel=\"canonical\" href=\"https:\/\/decofoodshop.nl\/de\/produkt\/falscher-rotkohl\/\" \/>\n<meta property=\"og:locale\" content=\"de_DE\" \/>\n<meta property=\"og:type\" content=\"article\" \/>\n<meta property=\"og:title\" content=\"Namaak Rode Kool\" \/>\n<meta property=\"og:description\" content=\"Deze prachtige namaak rode kool en nog veel meer kunstgroenten en ook kunstfruit zijn verkrijgbaar bij onze webshop: Decofoodshop.\" \/>\n<meta property=\"og:url\" content=\"https:\/\/decofoodshop.nl\/de\/produkt\/falscher-rotkohl\/\" \/>\n<meta property=\"og:site_name\" content=\"Decofoodshop\" \/>\n<meta property=\"article:modified_time\" content=\"2026-03-02T13:32:31+00:00\" \/>\n<meta property=\"og:image\" content=\"https:\/\/decofoodshop.nl\/wp-content\/uploads\/2019\/11\/Namaak-rode-kool-vooraanzicht.jpg\" \/>\n\t<meta property=\"og:image:width\" content=\"652\" \/>\n\t<meta property=\"og:image:height\" content=\"652\" \/>\n\t<meta property=\"og:image:type\" content=\"image\/jpeg\" \/>\n<meta name=\"twitter:card\" content=\"summary_large_image\" \/>\n<meta name=\"twitter:label1\" content=\"Gesch\u00e4tzte Lesezeit\" \/>\n\t<meta name=\"twitter:data1\" content=\"1\u00a0Minute\" \/>\n<script type=\"application\/ld+json\" class=\"yoast-schema-graph\">{\"@context\":\"https:\\\/\\\/schema.org\",\"@graph\":[{\"@type\":\"WebPage\",\"@id\":\"https:\\\/\\\/decofoodshop.nl\\\/product\\\/namaak-rode-kool\\\/\",\"url\":\"https:\\\/\\\/decofoodshop.nl\\\/product\\\/namaak-rode-kool\\\/\",\"name\":\"Namaak Rode Kool En Nog Veel Meer Bij - Decofoodshop\",\"isPartOf\":{\"@id\":\"https:\\\/\\\/decofoodshop.nl\\\/#website\"},\"primaryImageOfPage\":{\"@id\":\"https:\\\/\\\/decofoodshop.nl\\\/product\\\/namaak-rode-kool\\\/#primaryimage\"},\"image\":{\"@id\":\"https:\\\/\\\/decofoodshop.nl\\\/product\\\/namaak-rode-kool\\\/#primaryimage\"},\"thumbnailUrl\":\"https:\\\/\\\/decofoodshop.nl\\\/wp-content\\\/uploads\\\/2019\\\/11\\\/Namaak-rode-kool-vooraanzicht.jpg\",\"datePublished\":\"2019-11-04T11:32:20+00:00\",\"dateModified\":\"2026-03-02T13:32:31+00:00\",\"description\":\"Deze prachtige namaak rode kool en nog veel meer kunstgroenten en ook kunstfruit zijn verkrijgbaar bij onze webshop: Decofoodshop.\",\"breadcrumb\":{\"@id\":\"https:\\\/\\\/decofoodshop.nl\\\/product\\\/namaak-rode-kool\\\/#breadcrumb\"},\"inLanguage\":\"de\",\"potentialAction\":[{\"@type\":\"ReadAction\",\"target\":[\"https:\\\/\\\/decofoodshop.nl\\\/product\\\/namaak-rode-kool\\\/\"]}]},{\"@type\":\"ImageObject\",\"inLanguage\":\"de\",\"@id\":\"https:\\\/\\\/decofoodshop.nl\\\/product\\\/namaak-rode-kool\\\/#primaryimage\",\"url\":\"https:\\\/\\\/decofoodshop.nl\\\/wp-content\\\/uploads\\\/2019\\\/11\\\/Namaak-rode-kool-vooraanzicht.jpg\",\"contentUrl\":\"https:\\\/\\\/decofoodshop.nl\\\/wp-content\\\/uploads\\\/2019\\\/11\\\/Namaak-rode-kool-vooraanzicht.jpg\",\"width\":652,\"height\":652,\"caption\":\"Namaak rode kool\"},{\"@type\":\"BreadcrumbList\",\"@id\":\"https:\\\/\\\/decofoodshop.nl\\\/product\\\/namaak-rode-kool\\\/#breadcrumb\",\"itemListElement\":[{\"@type\":\"ListItem\",\"position\":1,\"name\":\"Home\",\"item\":\"https:\\\/\\\/decofoodshop.nl\\\/\"},{\"@type\":\"ListItem\",\"position\":2,\"name\":\"Winkel\",\"item\":\"https:\\\/\\\/decofoodshop.nl\\\/winkel\\\/\"},{\"@type\":\"ListItem\",\"position\":3,\"name\":\"Namaak Rode Kool\"}]},{\"@type\":\"WebSite\",\"@id\":\"https:\\\/\\\/decofoodshop.nl\\\/#website\",\"url\":\"https:\\\/\\\/decofoodshop.nl\\\/\",\"name\":\"Decofoodshop\",\"description\":\"\",\"potentialAction\":[{\"@type\":\"SearchAction\",\"target\":{\"@type\":\"EntryPoint\",\"urlTemplate\":\"https:\\\/\\\/decofoodshop.nl\\\/?s={search_term_string}\"},\"query-input\":{\"@type\":\"PropertyValueSpecification\",\"valueRequired\":true,\"valueName\":\"search_term_string\"}}],\"inLanguage\":\"de\"}]}<\/script>\n<!-- \/ Yoast SEO Premium plugin. -->","yoast_head_json":{"title":"K\u00fcnstlicher Rotkohl und vieles mehr - Decofoodshop","description":"Dieser sch\u00f6ne k\u00fcnstliche Rotkohl und viele weitere k\u00fcnstliche Gem\u00fcsesorten und auch k\u00fcnstliche Fr\u00fcchte sind in unserem Webshop erh\u00e4ltlich: Decofoodshop.","robots":{"index":"index","follow":"follow","max-snippet":"max-snippet:-1","max-image-preview":"max-image-preview:large","max-video-preview":"max-video-preview:-1"},"canonical":"https:\/\/decofoodshop.nl\/de\/produkt\/falscher-rotkohl\/","og_locale":"de_DE","og_type":"article","og_title":"Namaak Rode Kool","og_description":"Deze prachtige namaak rode kool en nog veel meer kunstgroenten en ook kunstfruit zijn verkrijgbaar bij onze webshop: Decofoodshop.","og_url":"https:\/\/decofoodshop.nl\/de\/produkt\/falscher-rotkohl\/","og_site_name":"Decofoodshop","article_modified_time":"2026-03-02T13:32:31+00:00","og_image":[{"width":652,"height":652,"url":"https:\/\/decofoodshop.nl\/wp-content\/uploads\/2019\/11\/Namaak-rode-kool-vooraanzicht.jpg","type":"image\/jpeg"}],"twitter_card":"summary_large_image","twitter_misc":{"Gesch\u00e4tzte Lesezeit":"1\u00a0Minute"},"schema":{"@context":"https:\/\/schema.org","@graph":[{"@type":"WebPage","@id":"https:\/\/decofoodshop.nl\/product\/namaak-rode-kool\/","url":"https:\/\/decofoodshop.nl\/product\/namaak-rode-kool\/","name":"K\u00fcnstlicher Rotkohl und vieles mehr - Decofoodshop","isPartOf":{"@id":"https:\/\/decofoodshop.nl\/#website"},"primaryImageOfPage":{"@id":"https:\/\/decofoodshop.nl\/product\/namaak-rode-kool\/#primaryimage"},"image":{"@id":"https:\/\/decofoodshop.nl\/product\/namaak-rode-kool\/#primaryimage"},"thumbnailUrl":"https:\/\/decofoodshop.nl\/wp-content\/uploads\/2019\/11\/Namaak-rode-kool-vooraanzicht.jpg","datePublished":"2019-11-04T11:32:20+00:00","dateModified":"2026-03-02T13:32:31+00:00","description":"Dieser sch\u00f6ne k\u00fcnstliche Rotkohl und viele weitere k\u00fcnstliche Gem\u00fcsesorten und auch k\u00fcnstliche Fr\u00fcchte sind in unserem Webshop erh\u00e4ltlich: Decofoodshop.","breadcrumb":{"@id":"https:\/\/decofoodshop.nl\/product\/namaak-rode-kool\/#breadcrumb"},"inLanguage":"de","potentialAction":[{"@type":"ReadAction","target":["https:\/\/decofoodshop.nl\/product\/namaak-rode-kool\/"]}]},{"@type":"ImageObject","inLanguage":"de","@id":"https:\/\/decofoodshop.nl\/product\/namaak-rode-kool\/#primaryimage","url":"https:\/\/decofoodshop.nl\/wp-content\/uploads\/2019\/11\/Namaak-rode-kool-vooraanzicht.jpg","contentUrl":"https:\/\/decofoodshop.nl\/wp-content\/uploads\/2019\/11\/Namaak-rode-kool-vooraanzicht.jpg","width":652,"height":652,"caption":"Namaak rode kool"},{"@type":"BreadcrumbList","@id":"https:\/\/decofoodshop.nl\/product\/namaak-rode-kool\/#breadcrumb","itemListElement":[{"@type":"ListItem","position":1,"name":"Home","item":"https:\/\/decofoodshop.nl\/"},{"@type":"ListItem","position":2,"name":"Winkel","item":"https:\/\/decofoodshop.nl\/winkel\/"},{"@type":"ListItem","position":3,"name":"Namaak Rode Kool"}]},{"@type":"WebSite","@id":"https:\/\/decofoodshop.nl\/#website","url":"https:\/\/decofoodshop.nl\/","name":"Dekofoodshop","description":"","potentialAction":[{"@type":"SearchAction","target":{"@type":"EntryPoint","urlTemplate":"https:\/\/decofoodshop.nl\/?s={search_term_string}"},"query-input":{"@type":"PropertyValueSpecification","valueRequired":true,"valueName":"search_term_string"}}],"inLanguage":"de"}]}},"_links":{"self":[{"href":"https:\/\/decofoodshop.nl\/de\/wp-json\/wp\/v2\/product\/1336","targetHints":{"allow":["GET"]}}],"collection":[{"href":"https:\/\/decofoodshop.nl\/de\/wp-json\/wp\/v2\/product"}],"about":[{"href":"https:\/\/decofoodshop.nl\/de\/wp-json\/wp\/v2\/types\/product"}],"wp:featuredmedia":[{"embeddable":true,"href":"https:\/\/decofoodshop.nl\/de\/wp-json\/wp\/v2\/media\/7197"}],"wp:attachment":[{"href":"https:\/\/decofoodshop.nl\/de\/wp-json\/wp\/v2\/media?parent=1336"}],"wp:term":[{"taxonomy":"product_brand","embeddable":true,"href":"https:\/\/decofoodshop.nl\/de\/wp-json\/wp\/v2\/product_brand?post=1336"},{"taxonomy":"product_cat","embeddable":true,"href":"https:\/\/decofoodshop.nl\/de\/wp-json\/wp\/v2\/product_cat?post=1336"},{"taxonomy":"product_tag","embeddable":true,"href":"https:\/\/decofoodshop.nl\/de\/wp-json\/wp\/v2\/product_tag?post=1336"}],"curies":[{"name":"wp","href":"https:\/\/api.w.org\/{rel}","templated":true}]}}