{"id":1343,"date":"2019-11-07T10:41:51","date_gmt":"2019-11-07T10:41:51","guid":{"rendered":"https:\/\/decofoodshop.nl\/?post_type=product&#038;p=1343"},"modified":"2026-03-16T16:23:48","modified_gmt":"2026-03-16T15:23:48","slug":"gefalschter-eisbergsalat","status":"publish","type":"product","link":"https:\/\/decofoodshop.nl\/de\/product\/namaak-ijsbergsla\/","title":{"rendered":"Gef\u00e4lschter Eisbergsalat"},"content":{"rendered":"<p>Sch\u00f6ner gef\u00e4lschter Eisbergsalat.<\/p>\n<p>Frische gr\u00fcne Farbe und mit vielen Details im Blatt.<\/p>\n<p>Sch\u00f6ner k\u00fcnstlicher Eisbergsalat mit hartem Kern, aber weichen Bl\u00e4ttern.<\/p>\n<p>Auch mit einem geschnittenen Stumpf versehen.<\/p>\n<p>Sie k\u00f6nnen auch einen Blick auf unser breites Angebot werfen<strong> <span style=\"color: #008000;\"><a style=\"color: #008000;\" href=\"https:\/\/decofoodshop.nl\/de\/produktkategorie-2\/pakete\/\">&#039;Pakete&#039;<\/a>.<\/span><\/strong><\/p>\n<p>&nbsp;<\/p>\n<p>&nbsp;<\/p>","protected":false},"excerpt":{"rendered":"<p>Wundersch\u00f6ner gef\u00e4lschter Eisbergsalat. Frische gr\u00fcne Farbe und mit vielen Details im Blatt. Wundersch\u00f6ner k\u00fcnstlicher Eisbergsalat mit hartem Kern, aber weichen Bl\u00e4ttern. Auch mit einem Schnittstumpf versehen. Schauen Sie sich auch unser umfangreiches Angebot an \u201ePaketen\u201c an. &nbsp; &nbsp;<\/p>","protected":false},"featured_media":7194,"template":"","meta":{"_acf_changed":false,"_genesis_hide_title":false,"_genesis_hide_breadcrumbs":false,"_genesis_hide_singular_image":false,"_genesis_hide_footer_widgets":false,"_genesis_custom_body_class":"","_genesis_custom_post_class":"","_genesis_layout":""},"product_brand":[],"product_cat":[48],"product_tag":[],"class_list":{"0":"post-1343","1":"product","2":"type-product","3":"status-publish","4":"has-post-thumbnail","6":"product_cat-kunstgroenten","7":"entry","8":"wpx-has-gallery","10":"first","11":"instock","12":"taxable","13":"shipping-taxable","14":"purchasable","15":"product-type-simple"},"acf":[],"yoast_head":"<!-- This site is optimized with the Yoast SEO Premium plugin v27.3 (Yoast SEO v27.4) - https:\/\/yoast.com\/product\/yoast-seo-premium-wordpress\/ -->\n<title>Realistische Namaak IJsbergsla - Verkrijgbaar bij Decofoodshop<\/title>\n<meta name=\"description\" content=\"Breed assortiment van namaak groente producten zoals deze Namaak IJsbergsla. Voor al uw kunstfruit, groenten, gebak en vlees: Decofoodshop.nl\" \/>\n<meta name=\"robots\" content=\"index, follow, max-snippet:-1, max-image-preview:large, max-video-preview:-1\" \/>\n<link rel=\"canonical\" href=\"https:\/\/decofoodshop.nl\/de\/produkt\/gefalschter-eisbergsalat\/\" \/>\n<meta property=\"og:locale\" content=\"de_DE\" \/>\n<meta property=\"og:type\" content=\"article\" \/>\n<meta property=\"og:title\" content=\"Namaak IJsbergsla\" \/>\n<meta property=\"og:description\" content=\"Breed assortiment van namaak groente producten zoals deze Namaak IJsbergsla. Voor al uw kunstfruit, groenten, gebak en vlees: Decofoodshop.nl\" \/>\n<meta property=\"og:url\" content=\"https:\/\/decofoodshop.nl\/de\/produkt\/gefalschter-eisbergsalat\/\" \/>\n<meta property=\"og:site_name\" content=\"Decofoodshop\" \/>\n<meta property=\"article:modified_time\" content=\"2026-03-16T15:23:48+00:00\" \/>\n<meta property=\"og:image\" content=\"https:\/\/decofoodshop.nl\/wp-content\/uploads\/2019\/11\/Namaak-ijsbergsla-vooraanzicht-1.jpg\" \/>\n\t<meta property=\"og:image:width\" content=\"1670\" \/>\n\t<meta property=\"og:image:height\" content=\"1670\" \/>\n\t<meta property=\"og:image:type\" content=\"image\/jpeg\" \/>\n<meta name=\"twitter:card\" content=\"summary_large_image\" \/>\n<meta name=\"twitter:label1\" content=\"Gesch\u00e4tzte Lesezeit\" \/>\n\t<meta name=\"twitter:data1\" content=\"1\u00a0Minute\" \/>\n<script type=\"application\/ld+json\" class=\"yoast-schema-graph\">{\"@context\":\"https:\\\/\\\/schema.org\",\"@graph\":[{\"@type\":\"WebPage\",\"@id\":\"https:\\\/\\\/decofoodshop.nl\\\/product\\\/namaak-ijsbergsla\\\/\",\"url\":\"https:\\\/\\\/decofoodshop.nl\\\/product\\\/namaak-ijsbergsla\\\/\",\"name\":\"Realistische Namaak IJsbergsla - Verkrijgbaar bij Decofoodshop\",\"isPartOf\":{\"@id\":\"https:\\\/\\\/decofoodshop.nl\\\/#website\"},\"primaryImageOfPage\":{\"@id\":\"https:\\\/\\\/decofoodshop.nl\\\/product\\\/namaak-ijsbergsla\\\/#primaryimage\"},\"image\":{\"@id\":\"https:\\\/\\\/decofoodshop.nl\\\/product\\\/namaak-ijsbergsla\\\/#primaryimage\"},\"thumbnailUrl\":\"https:\\\/\\\/decofoodshop.nl\\\/wp-content\\\/uploads\\\/2019\\\/11\\\/Namaak-ijsbergsla-vooraanzicht-1.jpg\",\"datePublished\":\"2019-11-07T10:41:51+00:00\",\"dateModified\":\"2026-03-16T15:23:48+00:00\",\"description\":\"Breed assortiment van namaak groente producten zoals deze Namaak IJsbergsla. Voor al uw kunstfruit, groenten, gebak en vlees: Decofoodshop.nl\",\"breadcrumb\":{\"@id\":\"https:\\\/\\\/decofoodshop.nl\\\/product\\\/namaak-ijsbergsla\\\/#breadcrumb\"},\"inLanguage\":\"de\",\"potentialAction\":[{\"@type\":\"ReadAction\",\"target\":[\"https:\\\/\\\/decofoodshop.nl\\\/product\\\/namaak-ijsbergsla\\\/\"]}]},{\"@type\":\"ImageObject\",\"inLanguage\":\"de\",\"@id\":\"https:\\\/\\\/decofoodshop.nl\\\/product\\\/namaak-ijsbergsla\\\/#primaryimage\",\"url\":\"https:\\\/\\\/decofoodshop.nl\\\/wp-content\\\/uploads\\\/2019\\\/11\\\/Namaak-ijsbergsla-vooraanzicht-1.jpg\",\"contentUrl\":\"https:\\\/\\\/decofoodshop.nl\\\/wp-content\\\/uploads\\\/2019\\\/11\\\/Namaak-ijsbergsla-vooraanzicht-1.jpg\",\"width\":1670,\"height\":1670,\"caption\":\"Namaak ijsbergsla\"},{\"@type\":\"BreadcrumbList\",\"@id\":\"https:\\\/\\\/decofoodshop.nl\\\/product\\\/namaak-ijsbergsla\\\/#breadcrumb\",\"itemListElement\":[{\"@type\":\"ListItem\",\"position\":1,\"name\":\"Home\",\"item\":\"https:\\\/\\\/decofoodshop.nl\\\/\"},{\"@type\":\"ListItem\",\"position\":2,\"name\":\"Winkel\",\"item\":\"https:\\\/\\\/decofoodshop.nl\\\/winkel\\\/\"},{\"@type\":\"ListItem\",\"position\":3,\"name\":\"Namaak IJsbergsla\"}]},{\"@type\":\"WebSite\",\"@id\":\"https:\\\/\\\/decofoodshop.nl\\\/#website\",\"url\":\"https:\\\/\\\/decofoodshop.nl\\\/\",\"name\":\"Decofoodshop\",\"description\":\"\",\"potentialAction\":[{\"@type\":\"SearchAction\",\"target\":{\"@type\":\"EntryPoint\",\"urlTemplate\":\"https:\\\/\\\/decofoodshop.nl\\\/?s={search_term_string}\"},\"query-input\":{\"@type\":\"PropertyValueSpecification\",\"valueRequired\":true,\"valueName\":\"search_term_string\"}}],\"inLanguage\":\"de\"}]}<\/script>\n<!-- \/ Yoast SEO Premium plugin. -->","yoast_head_json":{"title":"Realistischer gef\u00e4lschter Eisbergsalat - Erh\u00e4ltlich bei Decofoodshop","description":"Gro\u00dfe Auswahl an gef\u00e4lschten Gem\u00fcseprodukten wie diesem gef\u00e4lschten Eisbergsalat. F\u00fcr all Ihr k\u00fcnstliches Obst, Gem\u00fcse, Geb\u00e4ck und Fleisch: Decofoodshop.nl","robots":{"index":"index","follow":"follow","max-snippet":"max-snippet:-1","max-image-preview":"max-image-preview:large","max-video-preview":"max-video-preview:-1"},"canonical":"https:\/\/decofoodshop.nl\/de\/produkt\/gefalschter-eisbergsalat\/","og_locale":"de_DE","og_type":"article","og_title":"Namaak IJsbergsla","og_description":"Breed assortiment van namaak groente producten zoals deze Namaak IJsbergsla. Voor al uw kunstfruit, groenten, gebak en vlees: Decofoodshop.nl","og_url":"https:\/\/decofoodshop.nl\/de\/produkt\/gefalschter-eisbergsalat\/","og_site_name":"Decofoodshop","article_modified_time":"2026-03-16T15:23:48+00:00","og_image":[{"width":1670,"height":1670,"url":"https:\/\/decofoodshop.nl\/wp-content\/uploads\/2019\/11\/Namaak-ijsbergsla-vooraanzicht-1.jpg","type":"image\/jpeg"}],"twitter_card":"summary_large_image","twitter_misc":{"Gesch\u00e4tzte Lesezeit":"1\u00a0Minute"},"schema":{"@context":"https:\/\/schema.org","@graph":[{"@type":"WebPage","@id":"https:\/\/decofoodshop.nl\/product\/namaak-ijsbergsla\/","url":"https:\/\/decofoodshop.nl\/product\/namaak-ijsbergsla\/","name":"Realistischer gef\u00e4lschter Eisbergsalat - Erh\u00e4ltlich bei Decofoodshop","isPartOf":{"@id":"https:\/\/decofoodshop.nl\/#website"},"primaryImageOfPage":{"@id":"https:\/\/decofoodshop.nl\/product\/namaak-ijsbergsla\/#primaryimage"},"image":{"@id":"https:\/\/decofoodshop.nl\/product\/namaak-ijsbergsla\/#primaryimage"},"thumbnailUrl":"https:\/\/decofoodshop.nl\/wp-content\/uploads\/2019\/11\/Namaak-ijsbergsla-vooraanzicht-1.jpg","datePublished":"2019-11-07T10:41:51+00:00","dateModified":"2026-03-16T15:23:48+00:00","description":"Gro\u00dfe Auswahl an gef\u00e4lschten Gem\u00fcseprodukten wie diesem gef\u00e4lschten Eisbergsalat. F\u00fcr all Ihr k\u00fcnstliches Obst, Gem\u00fcse, Geb\u00e4ck und Fleisch: Decofoodshop.nl","breadcrumb":{"@id":"https:\/\/decofoodshop.nl\/product\/namaak-ijsbergsla\/#breadcrumb"},"inLanguage":"de","potentialAction":[{"@type":"ReadAction","target":["https:\/\/decofoodshop.nl\/product\/namaak-ijsbergsla\/"]}]},{"@type":"ImageObject","inLanguage":"de","@id":"https:\/\/decofoodshop.nl\/product\/namaak-ijsbergsla\/#primaryimage","url":"https:\/\/decofoodshop.nl\/wp-content\/uploads\/2019\/11\/Namaak-ijsbergsla-vooraanzicht-1.jpg","contentUrl":"https:\/\/decofoodshop.nl\/wp-content\/uploads\/2019\/11\/Namaak-ijsbergsla-vooraanzicht-1.jpg","width":1670,"height":1670,"caption":"Namaak ijsbergsla"},{"@type":"BreadcrumbList","@id":"https:\/\/decofoodshop.nl\/product\/namaak-ijsbergsla\/#breadcrumb","itemListElement":[{"@type":"ListItem","position":1,"name":"Home","item":"https:\/\/decofoodshop.nl\/"},{"@type":"ListItem","position":2,"name":"Winkel","item":"https:\/\/decofoodshop.nl\/winkel\/"},{"@type":"ListItem","position":3,"name":"Namaak IJsbergsla"}]},{"@type":"WebSite","@id":"https:\/\/decofoodshop.nl\/#website","url":"https:\/\/decofoodshop.nl\/","name":"Dekofoodshop","description":"","potentialAction":[{"@type":"SearchAction","target":{"@type":"EntryPoint","urlTemplate":"https:\/\/decofoodshop.nl\/?s={search_term_string}"},"query-input":{"@type":"PropertyValueSpecification","valueRequired":true,"valueName":"search_term_string"}}],"inLanguage":"de"}]}},"_links":{"self":[{"href":"https:\/\/decofoodshop.nl\/de\/wp-json\/wp\/v2\/product\/1343","targetHints":{"allow":["GET"]}}],"collection":[{"href":"https:\/\/decofoodshop.nl\/de\/wp-json\/wp\/v2\/product"}],"about":[{"href":"https:\/\/decofoodshop.nl\/de\/wp-json\/wp\/v2\/types\/product"}],"wp:featuredmedia":[{"embeddable":true,"href":"https:\/\/decofoodshop.nl\/de\/wp-json\/wp\/v2\/media\/7194"}],"wp:attachment":[{"href":"https:\/\/decofoodshop.nl\/de\/wp-json\/wp\/v2\/media?parent=1343"}],"wp:term":[{"taxonomy":"product_brand","embeddable":true,"href":"https:\/\/decofoodshop.nl\/de\/wp-json\/wp\/v2\/product_brand?post=1343"},{"taxonomy":"product_cat","embeddable":true,"href":"https:\/\/decofoodshop.nl\/de\/wp-json\/wp\/v2\/product_cat?post=1343"},{"taxonomy":"product_tag","embeddable":true,"href":"https:\/\/decofoodshop.nl\/de\/wp-json\/wp\/v2\/product_tag?post=1343"}],"curies":[{"name":"wp","href":"https:\/\/api.w.org\/{rel}","templated":true}]}}