{"id":1371,"date":"2019-11-07T11:56:36","date_gmt":"2019-11-07T11:56:36","guid":{"rendered":"https:\/\/decofoodshop.nl\/?post_type=product&#038;p=1371"},"modified":"2026-03-03T10:26:02","modified_gmt":"2026-03-03T09:26:02","slug":"gefalschte-artischocke","status":"publish","type":"product","link":"https:\/\/decofoodshop.nl\/de\/product\/namaak-artisjok\/","title":{"rendered":"Gef\u00e4lschte Artischocke"},"content":{"rendered":"<p><span style=\"color: #333333;\">Sehr realistische gef\u00e4lschte Artischocke. <\/span><\/p>\n<p>Es wurde viel dar\u00fcber nachgedacht, die Farbe so realistisch wie m\u00f6glich zu gestalten.<\/p>\n<p>Die Farbe \u00e4ndert sich nat\u00fcrlich von gr\u00fcn nach rot.<\/p>\n<p>Die Bl\u00e4tter, die sich sch\u00f6n \u00f6ffnen, sorgen auch f\u00fcr ein realistisches Aussehen.<\/p>\n<p>Diese naturgetreue k\u00fcnstliche Artischocke ist lebensgro\u00df und eine sch\u00f6ne Dekoration.<\/p>\n<p>Sie k\u00f6nnen uns auch f\u00fcr eine breite Palette von kontaktieren<span style=\"color: #008000;\"> <a style=\"color: #008000;\" href=\"https:\/\/decofoodshop.nl\/de\/produktkategorie-2\/kunstliche-fruchte\/\">&#8216;<strong>k\u00fcnstliche Fr\u00fcchte<\/strong>&#8216;<\/a>.<\/span><\/p>","protected":false},"excerpt":{"rendered":"<p>Zeer realistische Namaak Artisjok. Er is ontzettend veel aandacht gestoken in het zo realistisch mogelijk krijgen van de kleur. De kleur loop natuurlijk over van groen tot rood. Ook de bladeren die zich mooi open vormen zorgen voor een realistisch uiterlijk. Deze natuurgetrouwe kunst artisjok is op ware grootte en is prachtige decoratie. U kunt [&hellip;]<\/p>\n","protected":false},"featured_media":1372,"template":"","meta":{"_acf_changed":false,"_genesis_hide_title":false,"_genesis_hide_breadcrumbs":false,"_genesis_hide_singular_image":false,"_genesis_hide_footer_widgets":false,"_genesis_custom_body_class":"","_genesis_custom_post_class":"","_genesis_layout":""},"product_brand":[],"product_cat":[48],"product_tag":[],"class_list":{"0":"post-1371","1":"product","2":"type-product","3":"status-publish","4":"has-post-thumbnail","6":"product_cat-kunstgroenten","7":"entry","8":"wpx-has-gallery","10":"first","11":"instock","12":"taxable","13":"shipping-taxable","14":"purchasable","15":"product-type-simple"},"acf":[],"yoast_head":"<!-- This site is optimized with the Yoast SEO Premium plugin v27.3 (Yoast SEO v27.3) - https:\/\/yoast.com\/product\/yoast-seo-premium-wordpress\/ -->\n<title>Namaak Artisjok en veel meer nepgroenten bij Decofoodshop .nl<\/title>\n<meta name=\"description\" content=\"Deze Namaak Artisjok is een goed voorbeeld van onze realitische kunstgroenten. Decofoodshop verkoopt een breed aanbod aan Kunstgroenten.\" \/>\n<meta name=\"robots\" content=\"index, follow, max-snippet:-1, max-image-preview:large, max-video-preview:-1\" \/>\n<link rel=\"canonical\" href=\"https:\/\/decofoodshop.nl\/de\/produkt\/gefalschte-artischocke\/\" \/>\n<meta property=\"og:locale\" content=\"de_DE\" \/>\n<meta property=\"og:type\" content=\"article\" \/>\n<meta property=\"og:title\" content=\"Namaak Artisjok\" \/>\n<meta property=\"og:description\" content=\"Deze Namaak Artisjok is een goed voorbeeld van onze realitische kunstgroenten. Decofoodshop verkoopt een breed aanbod aan Kunstgroenten.\" \/>\n<meta property=\"og:url\" content=\"https:\/\/decofoodshop.nl\/de\/produkt\/gefalschte-artischocke\/\" \/>\n<meta property=\"og:site_name\" content=\"Decofoodshop\" \/>\n<meta property=\"article:modified_time\" content=\"2026-03-03T09:26:02+00:00\" \/>\n<meta property=\"og:image\" content=\"https:\/\/decofoodshop.nl\/wp-content\/uploads\/2019\/11\/Namaak-Artisjok-11cm.jpg\" \/>\n\t<meta property=\"og:image:width\" content=\"1201\" \/>\n\t<meta property=\"og:image:height\" content=\"1285\" \/>\n\t<meta property=\"og:image:type\" content=\"image\/jpeg\" \/>\n<meta name=\"twitter:card\" content=\"summary_large_image\" \/>\n<meta name=\"twitter:label1\" content=\"Gesch\u00e4tzte Lesezeit\" \/>\n\t<meta name=\"twitter:data1\" content=\"1\u00a0Minute\" \/>\n<script type=\"application\/ld+json\" class=\"yoast-schema-graph\">{\"@context\":\"https:\\\/\\\/schema.org\",\"@graph\":[{\"@type\":\"WebPage\",\"@id\":\"https:\\\/\\\/decofoodshop.nl\\\/product\\\/namaak-artisjok\\\/\",\"url\":\"https:\\\/\\\/decofoodshop.nl\\\/product\\\/namaak-artisjok\\\/\",\"name\":\"Namaak Artisjok en veel meer nepgroenten bij Decofoodshop .nl\",\"isPartOf\":{\"@id\":\"https:\\\/\\\/decofoodshop.nl\\\/#website\"},\"primaryImageOfPage\":{\"@id\":\"https:\\\/\\\/decofoodshop.nl\\\/product\\\/namaak-artisjok\\\/#primaryimage\"},\"image\":{\"@id\":\"https:\\\/\\\/decofoodshop.nl\\\/product\\\/namaak-artisjok\\\/#primaryimage\"},\"thumbnailUrl\":\"https:\\\/\\\/decofoodshop.nl\\\/wp-content\\\/uploads\\\/2019\\\/11\\\/Namaak-Artisjok-11cm.jpg\",\"datePublished\":\"2019-11-07T11:56:36+00:00\",\"dateModified\":\"2026-03-03T09:26:02+00:00\",\"description\":\"Deze Namaak Artisjok is een goed voorbeeld van onze realitische kunstgroenten. Decofoodshop verkoopt een breed aanbod aan Kunstgroenten.\",\"breadcrumb\":{\"@id\":\"https:\\\/\\\/decofoodshop.nl\\\/product\\\/namaak-artisjok\\\/#breadcrumb\"},\"inLanguage\":\"de\",\"potentialAction\":[{\"@type\":\"ReadAction\",\"target\":[\"https:\\\/\\\/decofoodshop.nl\\\/product\\\/namaak-artisjok\\\/\"]}]},{\"@type\":\"ImageObject\",\"inLanguage\":\"de\",\"@id\":\"https:\\\/\\\/decofoodshop.nl\\\/product\\\/namaak-artisjok\\\/#primaryimage\",\"url\":\"https:\\\/\\\/decofoodshop.nl\\\/wp-content\\\/uploads\\\/2019\\\/11\\\/Namaak-Artisjok-11cm.jpg\",\"contentUrl\":\"https:\\\/\\\/decofoodshop.nl\\\/wp-content\\\/uploads\\\/2019\\\/11\\\/Namaak-Artisjok-11cm.jpg\",\"width\":1201,\"height\":1285,\"caption\":\"Namaak Artisjok\"},{\"@type\":\"BreadcrumbList\",\"@id\":\"https:\\\/\\\/decofoodshop.nl\\\/product\\\/namaak-artisjok\\\/#breadcrumb\",\"itemListElement\":[{\"@type\":\"ListItem\",\"position\":1,\"name\":\"Home\",\"item\":\"https:\\\/\\\/decofoodshop.nl\\\/\"},{\"@type\":\"ListItem\",\"position\":2,\"name\":\"Winkel\",\"item\":\"https:\\\/\\\/decofoodshop.nl\\\/winkel\\\/\"},{\"@type\":\"ListItem\",\"position\":3,\"name\":\"Namaak Artisjok\"}]},{\"@type\":\"WebSite\",\"@id\":\"https:\\\/\\\/decofoodshop.nl\\\/#website\",\"url\":\"https:\\\/\\\/decofoodshop.nl\\\/\",\"name\":\"Decofoodshop\",\"description\":\"\",\"potentialAction\":[{\"@type\":\"SearchAction\",\"target\":{\"@type\":\"EntryPoint\",\"urlTemplate\":\"https:\\\/\\\/decofoodshop.nl\\\/?s={search_term_string}\"},\"query-input\":{\"@type\":\"PropertyValueSpecification\",\"valueRequired\":true,\"valueName\":\"search_term_string\"}}],\"inLanguage\":\"de\"}]}<\/script>\n<!-- \/ Yoast SEO Premium plugin. -->","yoast_head_json":{"title":"Gef\u00e4lschte Artischocke und viele weitere k\u00fcnstliche Gem\u00fcsesorten bei Decofoodshop .nl","description":"Diese k\u00fcnstliche Artischocke ist ein gutes Beispiel f\u00fcr unser realistisches Kunstgem\u00fcse. Decofoodshop verkauft eine gro\u00dfe Auswahl an k\u00fcnstlichem Gem\u00fcse.","robots":{"index":"index","follow":"follow","max-snippet":"max-snippet:-1","max-image-preview":"max-image-preview:large","max-video-preview":"max-video-preview:-1"},"canonical":"https:\/\/decofoodshop.nl\/de\/produkt\/gefalschte-artischocke\/","og_locale":"de_DE","og_type":"article","og_title":"Namaak Artisjok","og_description":"Deze Namaak Artisjok is een goed voorbeeld van onze realitische kunstgroenten. Decofoodshop verkoopt een breed aanbod aan Kunstgroenten.","og_url":"https:\/\/decofoodshop.nl\/de\/produkt\/gefalschte-artischocke\/","og_site_name":"Decofoodshop","article_modified_time":"2026-03-03T09:26:02+00:00","og_image":[{"width":1201,"height":1285,"url":"https:\/\/decofoodshop.nl\/wp-content\/uploads\/2019\/11\/Namaak-Artisjok-11cm.jpg","type":"image\/jpeg"}],"twitter_card":"summary_large_image","twitter_misc":{"Gesch\u00e4tzte Lesezeit":"1\u00a0Minute"},"schema":{"@context":"https:\/\/schema.org","@graph":[{"@type":"WebPage","@id":"https:\/\/decofoodshop.nl\/product\/namaak-artisjok\/","url":"https:\/\/decofoodshop.nl\/product\/namaak-artisjok\/","name":"Gef\u00e4lschte Artischocke und viele weitere k\u00fcnstliche Gem\u00fcsesorten bei Decofoodshop .nl","isPartOf":{"@id":"https:\/\/decofoodshop.nl\/#website"},"primaryImageOfPage":{"@id":"https:\/\/decofoodshop.nl\/product\/namaak-artisjok\/#primaryimage"},"image":{"@id":"https:\/\/decofoodshop.nl\/product\/namaak-artisjok\/#primaryimage"},"thumbnailUrl":"https:\/\/decofoodshop.nl\/wp-content\/uploads\/2019\/11\/Namaak-Artisjok-11cm.jpg","datePublished":"2019-11-07T11:56:36+00:00","dateModified":"2026-03-03T09:26:02+00:00","description":"Diese k\u00fcnstliche Artischocke ist ein gutes Beispiel f\u00fcr unser realistisches Kunstgem\u00fcse. Decofoodshop verkauft eine gro\u00dfe Auswahl an k\u00fcnstlichem Gem\u00fcse.","breadcrumb":{"@id":"https:\/\/decofoodshop.nl\/product\/namaak-artisjok\/#breadcrumb"},"inLanguage":"de","potentialAction":[{"@type":"ReadAction","target":["https:\/\/decofoodshop.nl\/product\/namaak-artisjok\/"]}]},{"@type":"ImageObject","inLanguage":"de","@id":"https:\/\/decofoodshop.nl\/product\/namaak-artisjok\/#primaryimage","url":"https:\/\/decofoodshop.nl\/wp-content\/uploads\/2019\/11\/Namaak-Artisjok-11cm.jpg","contentUrl":"https:\/\/decofoodshop.nl\/wp-content\/uploads\/2019\/11\/Namaak-Artisjok-11cm.jpg","width":1201,"height":1285,"caption":"Namaak Artisjok"},{"@type":"BreadcrumbList","@id":"https:\/\/decofoodshop.nl\/product\/namaak-artisjok\/#breadcrumb","itemListElement":[{"@type":"ListItem","position":1,"name":"Home","item":"https:\/\/decofoodshop.nl\/"},{"@type":"ListItem","position":2,"name":"Winkel","item":"https:\/\/decofoodshop.nl\/winkel\/"},{"@type":"ListItem","position":3,"name":"Namaak Artisjok"}]},{"@type":"WebSite","@id":"https:\/\/decofoodshop.nl\/#website","url":"https:\/\/decofoodshop.nl\/","name":"Dekofoodshop","description":"","potentialAction":[{"@type":"SearchAction","target":{"@type":"EntryPoint","urlTemplate":"https:\/\/decofoodshop.nl\/?s={search_term_string}"},"query-input":{"@type":"PropertyValueSpecification","valueRequired":true,"valueName":"search_term_string"}}],"inLanguage":"de"}]}},"_links":{"self":[{"href":"https:\/\/decofoodshop.nl\/de\/wp-json\/wp\/v2\/product\/1371","targetHints":{"allow":["GET"]}}],"collection":[{"href":"https:\/\/decofoodshop.nl\/de\/wp-json\/wp\/v2\/product"}],"about":[{"href":"https:\/\/decofoodshop.nl\/de\/wp-json\/wp\/v2\/types\/product"}],"wp:featuredmedia":[{"embeddable":true,"href":"https:\/\/decofoodshop.nl\/de\/wp-json\/wp\/v2\/media\/1372"}],"wp:attachment":[{"href":"https:\/\/decofoodshop.nl\/de\/wp-json\/wp\/v2\/media?parent=1371"}],"wp:term":[{"taxonomy":"product_brand","embeddable":true,"href":"https:\/\/decofoodshop.nl\/de\/wp-json\/wp\/v2\/product_brand?post=1371"},{"taxonomy":"product_cat","embeddable":true,"href":"https:\/\/decofoodshop.nl\/de\/wp-json\/wp\/v2\/product_cat?post=1371"},{"taxonomy":"product_tag","embeddable":true,"href":"https:\/\/decofoodshop.nl\/de\/wp-json\/wp\/v2\/product_tag?post=1371"}],"curies":[{"name":"wp","href":"https:\/\/api.w.org\/{rel}","templated":true}]}}