{"id":1378,"date":"2019-11-11T10:19:12","date_gmt":"2019-11-11T09:19:12","guid":{"rendered":"https:\/\/decofoodshop.nl\/?post_type=product&#038;p=1378"},"modified":"2026-03-03T10:26:02","modified_gmt":"2026-03-03T09:26:02","slug":"grune-artischockenimitation","status":"publish","type":"product","link":"https:\/\/decofoodshop.nl\/de\/product\/groene-imitatie-artisjok\/","title":{"rendered":"Gr\u00fcne Artischockenimitation"},"content":{"rendered":"<p>Sch\u00f6ne gr\u00fcne Artischockenimitation.<\/p>\n<p>Diese lebensechte gef\u00e4lschte Artischocke ist \u00e4u\u00dferst detailliert.<\/p>\n<p>Die Bl\u00e4tter bilden sich sch\u00f6n um den Kern herum.<\/p>\n<p>Seine satte Farbe l\u00e4sst es zudem noch realistischer wirken.<\/p>\n<p>Werfen Sie auch einen Blick auf unser umfangreiches Sortiment <span style=\"color: #008000;\"><a style=\"color: #008000;\" href=\"https:\/\/decofoodshop.nl\/de\/produktkategorie-2\/pakete\/\">&#8216;<strong>Pakete<\/strong>&#8216;<\/a>.<\/span><\/p>","protected":false},"excerpt":{"rendered":"<p>Prachtige Groene Imitatie Artisjok. Deze natuurgetrouwe namaak artisjok is uiterst gedetailleerd. De bladeren vormen zich prachtig om de kern heen. Ook door zijn rijke kleur lijkt hij nog realistischer. Kijk ook even bij ons uitgebreide assortiment van &#8216;Pakketten&#8216;.<\/p>","protected":false},"featured_media":1455,"template":"","meta":{"_acf_changed":false,"_genesis_hide_title":false,"_genesis_hide_breadcrumbs":false,"_genesis_hide_singular_image":false,"_genesis_hide_footer_widgets":false,"_genesis_custom_body_class":"","_genesis_custom_post_class":"","_genesis_layout":""},"product_brand":[],"product_cat":[48],"product_tag":[],"class_list":{"0":"post-1378","1":"product","2":"type-product","3":"status-publish","4":"has-post-thumbnail","6":"product_cat-kunstgroenten","7":"entry","8":"wpx-has-gallery","10":"first","11":"instock","12":"taxable","13":"shipping-taxable","14":"purchasable","15":"product-type-simple"},"acf":[],"yoast_head":"<!-- This site is optimized with the Yoast SEO Premium plugin v27.3 (Yoast SEO v27.4) - https:\/\/yoast.com\/product\/yoast-seo-premium-wordpress\/ -->\n<title>Prachtige Groene Imitatie Artisjok - bestellen bij Decofoodshop<\/title>\n<meta name=\"description\" content=\"Natuurgetrouwe Groene Imitatie Artisjok. en veel meer soorten kunstgroente, kunstfruit en kunstvoedsel. Alles direct leverbaar bij Decofoodshop.nl\" \/>\n<meta name=\"robots\" content=\"index, follow, max-snippet:-1, max-image-preview:large, max-video-preview:-1\" \/>\n<link rel=\"canonical\" href=\"https:\/\/decofoodshop.nl\/de\/produkt\/grune-artischockenimitation\/\" \/>\n<meta property=\"og:locale\" content=\"de_DE\" \/>\n<meta property=\"og:type\" content=\"article\" \/>\n<meta property=\"og:title\" content=\"Groene Imitatie Artisjok\" \/>\n<meta property=\"og:description\" content=\"Natuurgetrouwe Groene Imitatie Artisjok. en veel meer soorten kunstgroente, kunstfruit en kunstvoedsel. Alles direct leverbaar bij Decofoodshop.nl\" \/>\n<meta property=\"og:url\" content=\"https:\/\/decofoodshop.nl\/de\/produkt\/grune-artischockenimitation\/\" \/>\n<meta property=\"og:site_name\" content=\"Decofoodshop\" \/>\n<meta property=\"article:modified_time\" content=\"2026-03-03T09:26:02+00:00\" \/>\n<meta property=\"og:image\" content=\"https:\/\/decofoodshop.nl\/wp-content\/uploads\/2019\/11\/Groene-Imitatie-Artisjok-11cm.jpg\" \/>\n\t<meta property=\"og:image:width\" content=\"1000\" \/>\n\t<meta property=\"og:image:height\" content=\"1067\" \/>\n\t<meta property=\"og:image:type\" content=\"image\/jpeg\" \/>\n<meta name=\"twitter:card\" content=\"summary_large_image\" \/>\n<meta name=\"twitter:label1\" content=\"Gesch\u00e4tzte Lesezeit\" \/>\n\t<meta name=\"twitter:data1\" content=\"1\u00a0Minute\" \/>\n<script type=\"application\/ld+json\" class=\"yoast-schema-graph\">{\"@context\":\"https:\\\/\\\/schema.org\",\"@graph\":[{\"@type\":\"WebPage\",\"@id\":\"https:\\\/\\\/decofoodshop.nl\\\/product\\\/groene-imitatie-artisjok\\\/\",\"url\":\"https:\\\/\\\/decofoodshop.nl\\\/product\\\/groene-imitatie-artisjok\\\/\",\"name\":\"Prachtige Groene Imitatie Artisjok - bestellen bij Decofoodshop\",\"isPartOf\":{\"@id\":\"https:\\\/\\\/decofoodshop.nl\\\/#website\"},\"primaryImageOfPage\":{\"@id\":\"https:\\\/\\\/decofoodshop.nl\\\/product\\\/groene-imitatie-artisjok\\\/#primaryimage\"},\"image\":{\"@id\":\"https:\\\/\\\/decofoodshop.nl\\\/product\\\/groene-imitatie-artisjok\\\/#primaryimage\"},\"thumbnailUrl\":\"https:\\\/\\\/decofoodshop.nl\\\/wp-content\\\/uploads\\\/2019\\\/11\\\/Groene-Imitatie-Artisjok-11cm.jpg\",\"datePublished\":\"2019-11-11T09:19:12+00:00\",\"dateModified\":\"2026-03-03T09:26:02+00:00\",\"description\":\"Natuurgetrouwe Groene Imitatie Artisjok. en veel meer soorten kunstgroente, kunstfruit en kunstvoedsel. Alles direct leverbaar bij Decofoodshop.nl\",\"breadcrumb\":{\"@id\":\"https:\\\/\\\/decofoodshop.nl\\\/product\\\/groene-imitatie-artisjok\\\/#breadcrumb\"},\"inLanguage\":\"de\",\"potentialAction\":[{\"@type\":\"ReadAction\",\"target\":[\"https:\\\/\\\/decofoodshop.nl\\\/product\\\/groene-imitatie-artisjok\\\/\"]}]},{\"@type\":\"ImageObject\",\"inLanguage\":\"de\",\"@id\":\"https:\\\/\\\/decofoodshop.nl\\\/product\\\/groene-imitatie-artisjok\\\/#primaryimage\",\"url\":\"https:\\\/\\\/decofoodshop.nl\\\/wp-content\\\/uploads\\\/2019\\\/11\\\/Groene-Imitatie-Artisjok-11cm.jpg\",\"contentUrl\":\"https:\\\/\\\/decofoodshop.nl\\\/wp-content\\\/uploads\\\/2019\\\/11\\\/Groene-Imitatie-Artisjok-11cm.jpg\",\"width\":1000,\"height\":1067,\"caption\":\"Groene Imitatie Artisjok\"},{\"@type\":\"BreadcrumbList\",\"@id\":\"https:\\\/\\\/decofoodshop.nl\\\/product\\\/groene-imitatie-artisjok\\\/#breadcrumb\",\"itemListElement\":[{\"@type\":\"ListItem\",\"position\":1,\"name\":\"Home\",\"item\":\"https:\\\/\\\/decofoodshop.nl\\\/\"},{\"@type\":\"ListItem\",\"position\":2,\"name\":\"Winkel\",\"item\":\"https:\\\/\\\/decofoodshop.nl\\\/winkel\\\/\"},{\"@type\":\"ListItem\",\"position\":3,\"name\":\"Groene Imitatie Artisjok\"}]},{\"@type\":\"WebSite\",\"@id\":\"https:\\\/\\\/decofoodshop.nl\\\/#website\",\"url\":\"https:\\\/\\\/decofoodshop.nl\\\/\",\"name\":\"Decofoodshop\",\"description\":\"\",\"potentialAction\":[{\"@type\":\"SearchAction\",\"target\":{\"@type\":\"EntryPoint\",\"urlTemplate\":\"https:\\\/\\\/decofoodshop.nl\\\/?s={search_term_string}\"},\"query-input\":{\"@type\":\"PropertyValueSpecification\",\"valueRequired\":true,\"valueName\":\"search_term_string\"}}],\"inLanguage\":\"de\"}]}<\/script>\n<!-- \/ Yoast SEO Premium plugin. -->","yoast_head_json":{"title":"Sch\u00f6ne gr\u00fcne Artischockenimitation - bei Decofoodshop bestellen","description":"Nat\u00fcrliche gr\u00fcne Artischockenimitation. und viele weitere Arten von k\u00fcnstlichem Gem\u00fcse, k\u00fcnstlichen Fr\u00fcchten und k\u00fcnstlichen Lebensmitteln. Alles direkt bei Decofoodshop.nl erh\u00e4ltlich","robots":{"index":"index","follow":"follow","max-snippet":"max-snippet:-1","max-image-preview":"max-image-preview:large","max-video-preview":"max-video-preview:-1"},"canonical":"https:\/\/decofoodshop.nl\/de\/produkt\/grune-artischockenimitation\/","og_locale":"de_DE","og_type":"article","og_title":"Groene Imitatie Artisjok","og_description":"Natuurgetrouwe Groene Imitatie Artisjok. en veel meer soorten kunstgroente, kunstfruit en kunstvoedsel. Alles direct leverbaar bij Decofoodshop.nl","og_url":"https:\/\/decofoodshop.nl\/de\/produkt\/grune-artischockenimitation\/","og_site_name":"Decofoodshop","article_modified_time":"2026-03-03T09:26:02+00:00","og_image":[{"width":1000,"height":1067,"url":"https:\/\/decofoodshop.nl\/wp-content\/uploads\/2019\/11\/Groene-Imitatie-Artisjok-11cm.jpg","type":"image\/jpeg"}],"twitter_card":"summary_large_image","twitter_misc":{"Gesch\u00e4tzte Lesezeit":"1\u00a0Minute"},"schema":{"@context":"https:\/\/schema.org","@graph":[{"@type":"WebPage","@id":"https:\/\/decofoodshop.nl\/product\/groene-imitatie-artisjok\/","url":"https:\/\/decofoodshop.nl\/product\/groene-imitatie-artisjok\/","name":"Sch\u00f6ne gr\u00fcne Artischockenimitation - bei Decofoodshop bestellen","isPartOf":{"@id":"https:\/\/decofoodshop.nl\/#website"},"primaryImageOfPage":{"@id":"https:\/\/decofoodshop.nl\/product\/groene-imitatie-artisjok\/#primaryimage"},"image":{"@id":"https:\/\/decofoodshop.nl\/product\/groene-imitatie-artisjok\/#primaryimage"},"thumbnailUrl":"https:\/\/decofoodshop.nl\/wp-content\/uploads\/2019\/11\/Groene-Imitatie-Artisjok-11cm.jpg","datePublished":"2019-11-11T09:19:12+00:00","dateModified":"2026-03-03T09:26:02+00:00","description":"Nat\u00fcrliche gr\u00fcne Artischockenimitation. und viele weitere Arten von k\u00fcnstlichem Gem\u00fcse, k\u00fcnstlichen Fr\u00fcchten und k\u00fcnstlichen Lebensmitteln. Alles direkt bei Decofoodshop.nl erh\u00e4ltlich","breadcrumb":{"@id":"https:\/\/decofoodshop.nl\/product\/groene-imitatie-artisjok\/#breadcrumb"},"inLanguage":"de","potentialAction":[{"@type":"ReadAction","target":["https:\/\/decofoodshop.nl\/product\/groene-imitatie-artisjok\/"]}]},{"@type":"ImageObject","inLanguage":"de","@id":"https:\/\/decofoodshop.nl\/product\/groene-imitatie-artisjok\/#primaryimage","url":"https:\/\/decofoodshop.nl\/wp-content\/uploads\/2019\/11\/Groene-Imitatie-Artisjok-11cm.jpg","contentUrl":"https:\/\/decofoodshop.nl\/wp-content\/uploads\/2019\/11\/Groene-Imitatie-Artisjok-11cm.jpg","width":1000,"height":1067,"caption":"Groene Imitatie Artisjok"},{"@type":"BreadcrumbList","@id":"https:\/\/decofoodshop.nl\/product\/groene-imitatie-artisjok\/#breadcrumb","itemListElement":[{"@type":"ListItem","position":1,"name":"Home","item":"https:\/\/decofoodshop.nl\/"},{"@type":"ListItem","position":2,"name":"Winkel","item":"https:\/\/decofoodshop.nl\/winkel\/"},{"@type":"ListItem","position":3,"name":"Groene Imitatie Artisjok"}]},{"@type":"WebSite","@id":"https:\/\/decofoodshop.nl\/#website","url":"https:\/\/decofoodshop.nl\/","name":"Dekofoodshop","description":"","potentialAction":[{"@type":"SearchAction","target":{"@type":"EntryPoint","urlTemplate":"https:\/\/decofoodshop.nl\/?s={search_term_string}"},"query-input":{"@type":"PropertyValueSpecification","valueRequired":true,"valueName":"search_term_string"}}],"inLanguage":"de"}]}},"_links":{"self":[{"href":"https:\/\/decofoodshop.nl\/de\/wp-json\/wp\/v2\/product\/1378","targetHints":{"allow":["GET"]}}],"collection":[{"href":"https:\/\/decofoodshop.nl\/de\/wp-json\/wp\/v2\/product"}],"about":[{"href":"https:\/\/decofoodshop.nl\/de\/wp-json\/wp\/v2\/types\/product"}],"wp:featuredmedia":[{"embeddable":true,"href":"https:\/\/decofoodshop.nl\/de\/wp-json\/wp\/v2\/media\/1455"}],"wp:attachment":[{"href":"https:\/\/decofoodshop.nl\/de\/wp-json\/wp\/v2\/media?parent=1378"}],"wp:term":[{"taxonomy":"product_brand","embeddable":true,"href":"https:\/\/decofoodshop.nl\/de\/wp-json\/wp\/v2\/product_brand?post=1378"},{"taxonomy":"product_cat","embeddable":true,"href":"https:\/\/decofoodshop.nl\/de\/wp-json\/wp\/v2\/product_cat?post=1378"},{"taxonomy":"product_tag","embeddable":true,"href":"https:\/\/decofoodshop.nl\/de\/wp-json\/wp\/v2\/product_tag?post=1378"}],"curies":[{"name":"wp","href":"https:\/\/api.w.org\/{rel}","templated":true}]}}