{"id":13832,"date":"2025-12-23T15:53:44","date_gmt":"2025-12-23T14:53:44","guid":{"rendered":"https:\/\/decofoodshop.nl\/?post_type=product&#038;p=13832"},"modified":"2026-03-02T10:39:35","modified_gmt":"2026-03-02T09:39:35","slug":"nepvloerbrood-wit","status":"publish","type":"product","link":"https:\/\/decofoodshop.nl\/de\/product\/nepvloerbrood-wit\/","title":{"rendered":"Nepvloerbrood Wit"},"content":{"rendered":"<p>Levensecht groot Nepvloerbrood Wit.<\/p>\n<p>Dit kunstbrood is wel 24cm lang en gemaakt van een stevig hardschuim,<\/p>\n<p>De vorm is \u00e9\u00e9n op \u00e9\u00e9n nagemaakt van een echt vloerbrood.<\/p>\n<p>Aan de bovenkant is een laag kunstmeel aangebracht voor het beste resultaat.<\/p>\n<p>Zowel de vorm als het uiterlijk van dit Nepvloebrood is levensecht.<\/p>\n<p>Het betreft een stevig en hard brood dat goed tegen oppakken, vallen en stoten kan.<\/p>\n<p>De breedte van het kunstbrood bedraagt zo&#8217;n 15cm en de hoogte zo&#8217;n 8cm.<\/p>\n<p>De vorm is organisch en natuurlijk zodat dit goed tot zijn recht komt als brooddecoratie.<\/p>\n<p>Dit Nep Vloerbrood is goed te combineren met alle andere kunstbroden uit ons assortiment.<\/p>\n<p>Kijk voor meer decoratieve kunstvoeding ook eens in de categorie met <a href=\"https:\/\/decofoodshop.nl\/de\/produktkategorie-2\/kunstliche-fruchte\/\"><strong><span style=\"color: #008000;\">k\u00fcnstliche Fr\u00fcchte<\/span><\/strong><\/a>.<\/p>\n<p>Dit nepvloerbrood wit en vele andere kunstbroden zijn direct verkrijgbaar bij Decofoodshop.nl<\/p>\n<p>&nbsp;<\/p>","protected":false},"excerpt":{"rendered":"<p>Levensecht groot Nepvloerbrood Wit. Dit kunstbrood is wel 24cm lang en gemaakt van een stevig hardschuim, De vorm is \u00e9\u00e9n op \u00e9\u00e9n nagemaakt van een echt vloerbrood. Aan de bovenkant is een laag kunstmeel aangebracht voor het beste resultaat. Zowel de vorm als het uiterlijk van dit Nepvloebrood is levensecht. Het betreft een stevig en [&hellip;]<\/p>\n","protected":false},"featured_media":13833,"template":"","meta":{"_acf_changed":false,"_genesis_hide_title":false,"_genesis_hide_breadcrumbs":false,"_genesis_hide_singular_image":false,"_genesis_hide_footer_widgets":false,"_genesis_custom_body_class":"","_genesis_custom_post_class":"","_genesis_layout":""},"product_brand":[],"product_cat":[46],"product_tag":[],"class_list":{"0":"post-13832","1":"product","2":"type-product","3":"status-publish","4":"has-post-thumbnail","6":"product_cat-broodengebak","7":"entry","8":"wpx-has-gallery","10":"first","11":"instock","12":"taxable","13":"shipping-taxable","14":"purchasable","15":"product-type-simple"},"acf":[],"yoast_head":"<!-- This site is optimized with the Yoast SEO Premium plugin v27.3 (Yoast SEO v27.3) - https:\/\/yoast.com\/product\/yoast-seo-premium-wordpress\/ -->\n<title>Nepvloerbrood Wit - Decofoodshop<\/title>\n<meta name=\"description\" content=\"Nepvloerbrood Wit en veel meer kunstbroden ter decoratie vindt je bij Decofoodshop.nl De grootste aanbieder van kunstvoeding en voedsel dummies in Europa.\" \/>\n<meta name=\"robots\" content=\"index, follow, max-snippet:-1, max-image-preview:large, max-video-preview:-1\" \/>\n<link rel=\"canonical\" href=\"https:\/\/decofoodshop.nl\/de\/produkt\/nepvloerbrood-wit\/\" \/>\n<meta property=\"og:locale\" content=\"de_DE\" \/>\n<meta property=\"og:type\" content=\"article\" \/>\n<meta property=\"og:title\" content=\"Nepvloerbrood Wit\" \/>\n<meta property=\"og:description\" content=\"Nepvloerbrood Wit en veel meer kunstbroden ter decoratie vindt je bij Decofoodshop.nl De grootste aanbieder van kunstvoeding en voedsel dummies in Europa.\" \/>\n<meta property=\"og:url\" content=\"https:\/\/decofoodshop.nl\/de\/produkt\/nepvloerbrood-wit\/\" \/>\n<meta property=\"og:site_name\" content=\"Decofoodshop\" \/>\n<meta property=\"article:modified_time\" content=\"2026-03-02T09:39:35+00:00\" \/>\n<meta property=\"og:image\" content=\"https:\/\/decofoodshop.nl\/wp-content\/uploads\/2025\/12\/Nepvloerbrood-Wit.jpg\" \/>\n\t<meta property=\"og:image:width\" content=\"2000\" \/>\n\t<meta property=\"og:image:height\" content=\"2000\" \/>\n\t<meta property=\"og:image:type\" content=\"image\/jpeg\" \/>\n<meta name=\"twitter:card\" content=\"summary_large_image\" \/>\n<meta name=\"twitter:label1\" content=\"Gesch\u00e4tzte Lesezeit\" \/>\n\t<meta name=\"twitter:data1\" content=\"1\u00a0Minute\" \/>\n<script type=\"application\/ld+json\" class=\"yoast-schema-graph\">{\"@context\":\"https:\\\/\\\/schema.org\",\"@graph\":[{\"@type\":\"WebPage\",\"@id\":\"https:\\\/\\\/decofoodshop.nl\\\/product\\\/nepvloerbrood-wit\\\/\",\"url\":\"https:\\\/\\\/decofoodshop.nl\\\/product\\\/nepvloerbrood-wit\\\/\",\"name\":\"Nepvloerbrood Wit - Decofoodshop\",\"isPartOf\":{\"@id\":\"https:\\\/\\\/decofoodshop.nl\\\/#website\"},\"primaryImageOfPage\":{\"@id\":\"https:\\\/\\\/decofoodshop.nl\\\/product\\\/nepvloerbrood-wit\\\/#primaryimage\"},\"image\":{\"@id\":\"https:\\\/\\\/decofoodshop.nl\\\/product\\\/nepvloerbrood-wit\\\/#primaryimage\"},\"thumbnailUrl\":\"https:\\\/\\\/decofoodshop.nl\\\/wp-content\\\/uploads\\\/2025\\\/12\\\/Nepvloerbrood-Wit.jpg\",\"datePublished\":\"2025-12-23T14:53:44+00:00\",\"dateModified\":\"2026-03-02T09:39:35+00:00\",\"description\":\"Nepvloerbrood Wit en veel meer kunstbroden ter decoratie vindt je bij Decofoodshop.nl De grootste aanbieder van kunstvoeding en voedsel dummies in Europa.\",\"breadcrumb\":{\"@id\":\"https:\\\/\\\/decofoodshop.nl\\\/product\\\/nepvloerbrood-wit\\\/#breadcrumb\"},\"inLanguage\":\"de\",\"potentialAction\":[{\"@type\":\"ReadAction\",\"target\":[\"https:\\\/\\\/decofoodshop.nl\\\/product\\\/nepvloerbrood-wit\\\/\"]}]},{\"@type\":\"ImageObject\",\"inLanguage\":\"de\",\"@id\":\"https:\\\/\\\/decofoodshop.nl\\\/product\\\/nepvloerbrood-wit\\\/#primaryimage\",\"url\":\"https:\\\/\\\/decofoodshop.nl\\\/wp-content\\\/uploads\\\/2025\\\/12\\\/Nepvloerbrood-Wit.jpg\",\"contentUrl\":\"https:\\\/\\\/decofoodshop.nl\\\/wp-content\\\/uploads\\\/2025\\\/12\\\/Nepvloerbrood-Wit.jpg\",\"width\":2000,\"height\":2000,\"caption\":\"Levensecht Kunstbrood\"},{\"@type\":\"BreadcrumbList\",\"@id\":\"https:\\\/\\\/decofoodshop.nl\\\/product\\\/nepvloerbrood-wit\\\/#breadcrumb\",\"itemListElement\":[{\"@type\":\"ListItem\",\"position\":1,\"name\":\"Home\",\"item\":\"https:\\\/\\\/decofoodshop.nl\\\/\"},{\"@type\":\"ListItem\",\"position\":2,\"name\":\"Winkel\",\"item\":\"https:\\\/\\\/decofoodshop.nl\\\/winkel\\\/\"},{\"@type\":\"ListItem\",\"position\":3,\"name\":\"Nepvloerbrood Wit\"}]},{\"@type\":\"WebSite\",\"@id\":\"https:\\\/\\\/decofoodshop.nl\\\/#website\",\"url\":\"https:\\\/\\\/decofoodshop.nl\\\/\",\"name\":\"Decofoodshop\",\"description\":\"\",\"potentialAction\":[{\"@type\":\"SearchAction\",\"target\":{\"@type\":\"EntryPoint\",\"urlTemplate\":\"https:\\\/\\\/decofoodshop.nl\\\/?s={search_term_string}\"},\"query-input\":{\"@type\":\"PropertyValueSpecification\",\"valueRequired\":true,\"valueName\":\"search_term_string\"}}],\"inLanguage\":\"de\"}]}<\/script>\n<!-- \/ Yoast SEO Premium plugin. -->","yoast_head_json":{"title":"Nepvloerbrood Wit - Decofoodshop","description":"Nepvloerbrood Wit en veel meer kunstbroden ter decoratie vindt je bij Decofoodshop.nl De grootste aanbieder van kunstvoeding en voedsel dummies in Europa.","robots":{"index":"index","follow":"follow","max-snippet":"max-snippet:-1","max-image-preview":"max-image-preview:large","max-video-preview":"max-video-preview:-1"},"canonical":"https:\/\/decofoodshop.nl\/de\/produkt\/nepvloerbrood-wit\/","og_locale":"de_DE","og_type":"article","og_title":"Nepvloerbrood Wit","og_description":"Nepvloerbrood Wit en veel meer kunstbroden ter decoratie vindt je bij Decofoodshop.nl De grootste aanbieder van kunstvoeding en voedsel dummies in Europa.","og_url":"https:\/\/decofoodshop.nl\/de\/produkt\/nepvloerbrood-wit\/","og_site_name":"Decofoodshop","article_modified_time":"2026-03-02T09:39:35+00:00","og_image":[{"width":2000,"height":2000,"url":"https:\/\/decofoodshop.nl\/wp-content\/uploads\/2025\/12\/Nepvloerbrood-Wit.jpg","type":"image\/jpeg"}],"twitter_card":"summary_large_image","twitter_misc":{"Gesch\u00e4tzte Lesezeit":"1\u00a0Minute"},"schema":{"@context":"https:\/\/schema.org","@graph":[{"@type":"WebPage","@id":"https:\/\/decofoodshop.nl\/product\/nepvloerbrood-wit\/","url":"https:\/\/decofoodshop.nl\/product\/nepvloerbrood-wit\/","name":"Nepvloerbrood Wit - Decofoodshop","isPartOf":{"@id":"https:\/\/decofoodshop.nl\/#website"},"primaryImageOfPage":{"@id":"https:\/\/decofoodshop.nl\/product\/nepvloerbrood-wit\/#primaryimage"},"image":{"@id":"https:\/\/decofoodshop.nl\/product\/nepvloerbrood-wit\/#primaryimage"},"thumbnailUrl":"https:\/\/decofoodshop.nl\/wp-content\/uploads\/2025\/12\/Nepvloerbrood-Wit.jpg","datePublished":"2025-12-23T14:53:44+00:00","dateModified":"2026-03-02T09:39:35+00:00","description":"Nepvloerbrood Wit en veel meer kunstbroden ter decoratie vindt je bij Decofoodshop.nl De grootste aanbieder van kunstvoeding en voedsel dummies in Europa.","breadcrumb":{"@id":"https:\/\/decofoodshop.nl\/product\/nepvloerbrood-wit\/#breadcrumb"},"inLanguage":"de","potentialAction":[{"@type":"ReadAction","target":["https:\/\/decofoodshop.nl\/product\/nepvloerbrood-wit\/"]}]},{"@type":"ImageObject","inLanguage":"de","@id":"https:\/\/decofoodshop.nl\/product\/nepvloerbrood-wit\/#primaryimage","url":"https:\/\/decofoodshop.nl\/wp-content\/uploads\/2025\/12\/Nepvloerbrood-Wit.jpg","contentUrl":"https:\/\/decofoodshop.nl\/wp-content\/uploads\/2025\/12\/Nepvloerbrood-Wit.jpg","width":2000,"height":2000,"caption":"Levensecht Kunstbrood"},{"@type":"BreadcrumbList","@id":"https:\/\/decofoodshop.nl\/product\/nepvloerbrood-wit\/#breadcrumb","itemListElement":[{"@type":"ListItem","position":1,"name":"Home","item":"https:\/\/decofoodshop.nl\/"},{"@type":"ListItem","position":2,"name":"Winkel","item":"https:\/\/decofoodshop.nl\/winkel\/"},{"@type":"ListItem","position":3,"name":"Nepvloerbrood Wit"}]},{"@type":"WebSite","@id":"https:\/\/decofoodshop.nl\/#website","url":"https:\/\/decofoodshop.nl\/","name":"Dekofoodshop","description":"","potentialAction":[{"@type":"SearchAction","target":{"@type":"EntryPoint","urlTemplate":"https:\/\/decofoodshop.nl\/?s={search_term_string}"},"query-input":{"@type":"PropertyValueSpecification","valueRequired":true,"valueName":"search_term_string"}}],"inLanguage":"de"}]}},"_links":{"self":[{"href":"https:\/\/decofoodshop.nl\/de\/wp-json\/wp\/v2\/product\/13832","targetHints":{"allow":["GET"]}}],"collection":[{"href":"https:\/\/decofoodshop.nl\/de\/wp-json\/wp\/v2\/product"}],"about":[{"href":"https:\/\/decofoodshop.nl\/de\/wp-json\/wp\/v2\/types\/product"}],"wp:featuredmedia":[{"embeddable":true,"href":"https:\/\/decofoodshop.nl\/de\/wp-json\/wp\/v2\/media\/13833"}],"wp:attachment":[{"href":"https:\/\/decofoodshop.nl\/de\/wp-json\/wp\/v2\/media?parent=13832"}],"wp:term":[{"taxonomy":"product_brand","embeddable":true,"href":"https:\/\/decofoodshop.nl\/de\/wp-json\/wp\/v2\/product_brand?post=13832"},{"taxonomy":"product_cat","embeddable":true,"href":"https:\/\/decofoodshop.nl\/de\/wp-json\/wp\/v2\/product_cat?post=13832"},{"taxonomy":"product_tag","embeddable":true,"href":"https:\/\/decofoodshop.nl\/de\/wp-json\/wp\/v2\/product_tag?post=13832"}],"curies":[{"name":"wp","href":"https:\/\/api.w.org\/{rel}","templated":true}]}}