{"id":1461,"date":"2019-11-11T10:50:40","date_gmt":"2019-11-11T09:50:40","guid":{"rendered":"https:\/\/decofoodshop.nl\/?post_type=product&#038;p=1461"},"modified":"2026-04-09T14:21:03","modified_gmt":"2026-04-09T12:21:03","slug":"falsche-rote-zwiebel","status":"publish","type":"product","link":"https:\/\/decofoodshop.nl\/de\/product\/namaak-rode-ui\/","title":{"rendered":"Gef\u00e4lschte rote Zwiebel"},"content":{"rendered":"<p><span style=\"color: #333333;\">Sch\u00f6ne gef\u00e4lschte rote Zwiebel mit vielen Details.<\/span><\/p>\n<p>Diese Zierzwiebel ist in voller Gr\u00f6\u00dfe und hat eine etwas unregelm\u00e4\u00dfige Oberfl\u00e4che, um sie so realistisch wie m\u00f6glich aussehen zu lassen.<\/p>\n<p>Die k\u00fcnstliche rote Zwiebel hat eine sch\u00f6ne helle Farbe.<\/p>\n<p>Sie k\u00f6nnen sich auch unsere anderen k\u00fcnstlichen Gem\u00fcsesorten ansehen. Klicken <span style=\"color: #008000;\">&#8216;<strong><a style=\"color: #008000;\" href=\"https:\/\/decofoodshop.nl\/de\/produktkategorie-2\/kunstliches-gemuse\/\">Hier<\/a>&#8216;<\/strong><\/span> f\u00fcr k\u00fcnstliches Gem\u00fcse.<\/p>","protected":false},"excerpt":{"rendered":"<p>Wundersch\u00f6ne k\u00fcnstliche rote Zwiebel mit vielen Details. Diese Zierzwiebel ist lebensgro\u00df und hat eine etwas unregelm\u00e4\u00dfige Oberfl\u00e4che, um ihr ein m\u00f6glichst realistisches Aussehen zu verleihen. Die k\u00fcnstliche rote Zwiebel hat eine sch\u00f6ne helle Farbe. Schauen Sie sich auch unsere anderen Kunstgem\u00fcsesorten an. Klicken Sie auf \u201eHier\u201c f\u00fcr k\u00fcnstliches Gem\u00fcse.<\/p>","protected":false},"featured_media":2201,"template":"","meta":{"_acf_changed":false,"_genesis_hide_title":false,"_genesis_hide_breadcrumbs":false,"_genesis_hide_singular_image":false,"_genesis_hide_footer_widgets":false,"_genesis_custom_body_class":"","_genesis_custom_post_class":"","_genesis_layout":""},"product_brand":[],"product_cat":[48],"product_tag":[],"class_list":{"0":"post-1461","1":"product","2":"type-product","3":"status-publish","4":"has-post-thumbnail","6":"product_cat-kunstgroenten","7":"entry","8":"wpx-has-gallery","10":"first","11":"instock","12":"taxable","13":"shipping-taxable","14":"purchasable","15":"product-type-simple"},"acf":[],"yoast_head":"<!-- This site is optimized with the Yoast SEO Premium plugin v27.3 (Yoast SEO v27.3) - https:\/\/yoast.com\/product\/yoast-seo-premium-wordpress\/ -->\n<title>Prachtig Mooie Namaak Rode Ui Bij - Decofoodshop<\/title>\n<meta name=\"description\" content=\"Deze Namaak Rode Ui is \u00e9\u00e9n van de vele Kunstgroenten verkrijgbaar bij Decofoodshop. Ook bieden wij Kunstfruit, Namaak Brood en Nepgebak aan.\" \/>\n<meta name=\"robots\" content=\"index, follow, max-snippet:-1, max-image-preview:large, max-video-preview:-1\" \/>\n<link rel=\"canonical\" href=\"https:\/\/decofoodshop.nl\/de\/produkt\/falsche-rote-zwiebel\/\" \/>\n<meta property=\"og:locale\" content=\"de_DE\" \/>\n<meta property=\"og:type\" content=\"article\" \/>\n<meta property=\"og:title\" content=\"Namaak Rode Ui\" \/>\n<meta property=\"og:description\" content=\"Deze Namaak Rode Ui is \u00e9\u00e9n van de vele Kunstgroenten verkrijgbaar bij Decofoodshop. Ook bieden wij Kunstfruit, Namaak Brood en Nepgebak aan.\" \/>\n<meta property=\"og:url\" content=\"https:\/\/decofoodshop.nl\/de\/produkt\/falsche-rote-zwiebel\/\" \/>\n<meta property=\"og:site_name\" content=\"Decofoodshop\" \/>\n<meta property=\"article:modified_time\" content=\"2026-04-09T12:21:03+00:00\" \/>\n<meta property=\"og:image\" content=\"https:\/\/decofoodshop.nl\/wp-content\/uploads\/2019\/11\/Namaak-Rode-Ui-7cm-2.jpg\" \/>\n\t<meta property=\"og:image:width\" content=\"1200\" \/>\n\t<meta property=\"og:image:height\" content=\"1200\" \/>\n\t<meta property=\"og:image:type\" content=\"image\/jpeg\" \/>\n<meta name=\"twitter:card\" content=\"summary_large_image\" \/>\n<meta name=\"twitter:label1\" content=\"Gesch\u00e4tzte Lesezeit\" \/>\n\t<meta name=\"twitter:data1\" content=\"1\u00a0Minute\" \/>\n<script type=\"application\/ld+json\" class=\"yoast-schema-graph\">{\"@context\":\"https:\\\/\\\/schema.org\",\"@graph\":[{\"@type\":\"WebPage\",\"@id\":\"https:\\\/\\\/decofoodshop.nl\\\/product\\\/namaak-rode-ui\\\/\",\"url\":\"https:\\\/\\\/decofoodshop.nl\\\/product\\\/namaak-rode-ui\\\/\",\"name\":\"Prachtig Mooie Namaak Rode Ui Bij - Decofoodshop\",\"isPartOf\":{\"@id\":\"https:\\\/\\\/decofoodshop.nl\\\/#website\"},\"primaryImageOfPage\":{\"@id\":\"https:\\\/\\\/decofoodshop.nl\\\/product\\\/namaak-rode-ui\\\/#primaryimage\"},\"image\":{\"@id\":\"https:\\\/\\\/decofoodshop.nl\\\/product\\\/namaak-rode-ui\\\/#primaryimage\"},\"thumbnailUrl\":\"https:\\\/\\\/decofoodshop.nl\\\/wp-content\\\/uploads\\\/2019\\\/11\\\/Namaak-Rode-Ui-7cm-2.jpg\",\"datePublished\":\"2019-11-11T09:50:40+00:00\",\"dateModified\":\"2026-04-09T12:21:03+00:00\",\"description\":\"Deze Namaak Rode Ui is \u00e9\u00e9n van de vele Kunstgroenten verkrijgbaar bij Decofoodshop. Ook bieden wij Kunstfruit, Namaak Brood en Nepgebak aan.\",\"breadcrumb\":{\"@id\":\"https:\\\/\\\/decofoodshop.nl\\\/product\\\/namaak-rode-ui\\\/#breadcrumb\"},\"inLanguage\":\"de\",\"potentialAction\":[{\"@type\":\"ReadAction\",\"target\":[\"https:\\\/\\\/decofoodshop.nl\\\/product\\\/namaak-rode-ui\\\/\"]}]},{\"@type\":\"ImageObject\",\"inLanguage\":\"de\",\"@id\":\"https:\\\/\\\/decofoodshop.nl\\\/product\\\/namaak-rode-ui\\\/#primaryimage\",\"url\":\"https:\\\/\\\/decofoodshop.nl\\\/wp-content\\\/uploads\\\/2019\\\/11\\\/Namaak-Rode-Ui-7cm-2.jpg\",\"contentUrl\":\"https:\\\/\\\/decofoodshop.nl\\\/wp-content\\\/uploads\\\/2019\\\/11\\\/Namaak-Rode-Ui-7cm-2.jpg\",\"width\":1200,\"height\":1200,\"caption\":\"Namaak Rode Ui\"},{\"@type\":\"BreadcrumbList\",\"@id\":\"https:\\\/\\\/decofoodshop.nl\\\/product\\\/namaak-rode-ui\\\/#breadcrumb\",\"itemListElement\":[{\"@type\":\"ListItem\",\"position\":1,\"name\":\"Home\",\"item\":\"https:\\\/\\\/decofoodshop.nl\\\/\"},{\"@type\":\"ListItem\",\"position\":2,\"name\":\"Winkel\",\"item\":\"https:\\\/\\\/decofoodshop.nl\\\/winkel\\\/\"},{\"@type\":\"ListItem\",\"position\":3,\"name\":\"Namaak Rode Ui\"}]},{\"@type\":\"WebSite\",\"@id\":\"https:\\\/\\\/decofoodshop.nl\\\/#website\",\"url\":\"https:\\\/\\\/decofoodshop.nl\\\/\",\"name\":\"Decofoodshop\",\"description\":\"\",\"potentialAction\":[{\"@type\":\"SearchAction\",\"target\":{\"@type\":\"EntryPoint\",\"urlTemplate\":\"https:\\\/\\\/decofoodshop.nl\\\/?s={search_term_string}\"},\"query-input\":{\"@type\":\"PropertyValueSpecification\",\"valueRequired\":true,\"valueName\":\"search_term_string\"}}],\"inLanguage\":\"de\"}]}<\/script>\n<!-- \/ Yoast SEO Premium plugin. -->","yoast_head_json":{"title":"Wundersch\u00f6n sch\u00f6ne rote Zwiebelbiene - Decofoodshop","description":"Diese k\u00fcnstliche rote Zwiebel ist eines der vielen k\u00fcnstlichen Gem\u00fcsesorten, die bei Decofoodshop erh\u00e4ltlich sind. Wir bieten auch Kunstobst, Kunstbrot und Kunstgeb\u00e4ck an.","robots":{"index":"index","follow":"follow","max-snippet":"max-snippet:-1","max-image-preview":"max-image-preview:large","max-video-preview":"max-video-preview:-1"},"canonical":"https:\/\/decofoodshop.nl\/de\/produkt\/falsche-rote-zwiebel\/","og_locale":"de_DE","og_type":"article","og_title":"Namaak Rode Ui","og_description":"Deze Namaak Rode Ui is \u00e9\u00e9n van de vele Kunstgroenten verkrijgbaar bij Decofoodshop. Ook bieden wij Kunstfruit, Namaak Brood en Nepgebak aan.","og_url":"https:\/\/decofoodshop.nl\/de\/produkt\/falsche-rote-zwiebel\/","og_site_name":"Decofoodshop","article_modified_time":"2026-04-09T12:21:03+00:00","og_image":[{"width":1200,"height":1200,"url":"https:\/\/decofoodshop.nl\/wp-content\/uploads\/2019\/11\/Namaak-Rode-Ui-7cm-2.jpg","type":"image\/jpeg"}],"twitter_card":"summary_large_image","twitter_misc":{"Gesch\u00e4tzte Lesezeit":"1\u00a0Minute"},"schema":{"@context":"https:\/\/schema.org","@graph":[{"@type":"WebPage","@id":"https:\/\/decofoodshop.nl\/product\/namaak-rode-ui\/","url":"https:\/\/decofoodshop.nl\/product\/namaak-rode-ui\/","name":"Wundersch\u00f6n sch\u00f6ne rote Zwiebelbiene - Decofoodshop","isPartOf":{"@id":"https:\/\/decofoodshop.nl\/#website"},"primaryImageOfPage":{"@id":"https:\/\/decofoodshop.nl\/product\/namaak-rode-ui\/#primaryimage"},"image":{"@id":"https:\/\/decofoodshop.nl\/product\/namaak-rode-ui\/#primaryimage"},"thumbnailUrl":"https:\/\/decofoodshop.nl\/wp-content\/uploads\/2019\/11\/Namaak-Rode-Ui-7cm-2.jpg","datePublished":"2019-11-11T09:50:40+00:00","dateModified":"2026-04-09T12:21:03+00:00","description":"Diese k\u00fcnstliche rote Zwiebel ist eines der vielen k\u00fcnstlichen Gem\u00fcsesorten, die bei Decofoodshop erh\u00e4ltlich sind. Wir bieten auch Kunstobst, Kunstbrot und Kunstgeb\u00e4ck an.","breadcrumb":{"@id":"https:\/\/decofoodshop.nl\/product\/namaak-rode-ui\/#breadcrumb"},"inLanguage":"de","potentialAction":[{"@type":"ReadAction","target":["https:\/\/decofoodshop.nl\/product\/namaak-rode-ui\/"]}]},{"@type":"ImageObject","inLanguage":"de","@id":"https:\/\/decofoodshop.nl\/product\/namaak-rode-ui\/#primaryimage","url":"https:\/\/decofoodshop.nl\/wp-content\/uploads\/2019\/11\/Namaak-Rode-Ui-7cm-2.jpg","contentUrl":"https:\/\/decofoodshop.nl\/wp-content\/uploads\/2019\/11\/Namaak-Rode-Ui-7cm-2.jpg","width":1200,"height":1200,"caption":"Namaak Rode Ui"},{"@type":"BreadcrumbList","@id":"https:\/\/decofoodshop.nl\/product\/namaak-rode-ui\/#breadcrumb","itemListElement":[{"@type":"ListItem","position":1,"name":"Home","item":"https:\/\/decofoodshop.nl\/"},{"@type":"ListItem","position":2,"name":"Winkel","item":"https:\/\/decofoodshop.nl\/winkel\/"},{"@type":"ListItem","position":3,"name":"Namaak Rode Ui"}]},{"@type":"WebSite","@id":"https:\/\/decofoodshop.nl\/#website","url":"https:\/\/decofoodshop.nl\/","name":"Dekofoodshop","description":"","potentialAction":[{"@type":"SearchAction","target":{"@type":"EntryPoint","urlTemplate":"https:\/\/decofoodshop.nl\/?s={search_term_string}"},"query-input":{"@type":"PropertyValueSpecification","valueRequired":true,"valueName":"search_term_string"}}],"inLanguage":"de"}]}},"_links":{"self":[{"href":"https:\/\/decofoodshop.nl\/de\/wp-json\/wp\/v2\/product\/1461","targetHints":{"allow":["GET"]}}],"collection":[{"href":"https:\/\/decofoodshop.nl\/de\/wp-json\/wp\/v2\/product"}],"about":[{"href":"https:\/\/decofoodshop.nl\/de\/wp-json\/wp\/v2\/types\/product"}],"wp:featuredmedia":[{"embeddable":true,"href":"https:\/\/decofoodshop.nl\/de\/wp-json\/wp\/v2\/media\/2201"}],"wp:attachment":[{"href":"https:\/\/decofoodshop.nl\/de\/wp-json\/wp\/v2\/media?parent=1461"}],"wp:term":[{"taxonomy":"product_brand","embeddable":true,"href":"https:\/\/decofoodshop.nl\/de\/wp-json\/wp\/v2\/product_brand?post=1461"},{"taxonomy":"product_cat","embeddable":true,"href":"https:\/\/decofoodshop.nl\/de\/wp-json\/wp\/v2\/product_cat?post=1461"},{"taxonomy":"product_tag","embeddable":true,"href":"https:\/\/decofoodshop.nl\/de\/wp-json\/wp\/v2\/product_tag?post=1461"}],"curies":[{"name":"wp","href":"https:\/\/api.w.org\/{rel}","templated":true}]}}